{"id":4101,"date":"2018-10-25T18:53:12","date_gmt":"2018-10-25T16:53:12","guid":{"rendered":"http:\/\/serveiseducatius.xtec.cat\/baixebre\/?page_id=4101"},"modified":"2021-02-08T08:53:01","modified_gmt":"2021-02-08T07:53:01","slug":"activitats-de-cicle-mitja","status":"publish","type":"page","link":"https:\/\/serveiseducatius.xtec.cat\/baixebre\/descobreix-la-teua-ciutat\/activitats-i-materials\/activitats-de-cicle-mitja\/","title":{"rendered":"Activitats de cicle mitj\u00e0"},"content":{"rendered":"<p>&nbsp;<\/p>\n<table style=\"border-collapse: collapse; width: 100%; height: 285px;\" border=\"1\">\n<tbody>\n<tr style=\"height: 30px;\">\n<td style=\"width: 25%; height: 135px; text-align: center; border-color: #ffffff; background-color: #ffffff;\" rowspan=\"3\">\u00a0<a href=\"https:\/\/serveiseducatius.xtec.cat\/baixebre\/wp-content\/uploads\/usu624\/2018\/10\/lajuntament-el-govern-de-la-ciutat.jpg\"><img loading=\"lazy\" decoding=\"async\" class=\"alignnone size-large wp-image-4106\" src=\"https:\/\/serveiseducatius.xtec.cat\/baixebre\/wp-content\/uploads\/usu624\/2018\/10\/lajuntament-el-govern-de-la-ciutat.jpg\" alt=\"\" width=\"141\" height=\"200\" \/><\/a><\/td>\n<td style=\"width: 25%; height: 30px; border-color: #ffffff; background-color: #ffffff;\"><b>L\u2019Ajuntament: el govern de la ciutat<\/b><\/td>\n<td style=\"width: 25%; height: 135px; text-align: center; border-color: #ffffff; background-color: #ffffff;\" rowspan=\"3\">\u00a0<a href=\"https:\/\/serveiseducatius.xtec.cat\/baixebre\/wp-content\/uploads\/usu624\/2018\/10\/el-mercat-el-rebost-de-la-ciutat.jpg\"><img loading=\"lazy\" decoding=\"async\" class=\"alignnone size-large wp-image-4105\" src=\"https:\/\/serveiseducatius.xtec.cat\/baixebre\/wp-content\/uploads\/usu624\/2018\/10\/el-mercat-el-rebost-de-la-ciutat.jpg\" alt=\"\" width=\"141\" height=\"200\" \/><\/a><\/td>\n<td style=\"width: 25%; height: 30px; border-color: #ffffff; background-color: #ffffff;\"><b>El mercat: el rebost de la ciutat<\/b><\/td>\n<\/tr>\n<tr style=\"height: 75px;\">\n<td style=\"width: 25%; height: 75px; border-color: #ffffff; background-color: #ffffff;\">Itinerari per diferents depend\u00e8ncies de l&#8217;ajuntament de Tortosa per tal con\u00e8ixer els serveis que aquest ofereix als ciutadans. Tamb\u00e9 pret\u00e9n apropar l&#8217;organitzaci\u00f3 dels govern als xiquets i xiquetes.<\/td>\n<td style=\"width: 25%; height: 75px; border-color: #ffffff; background-color: #ffffff;\">El Camp d&#8217;Aprenentatge de l&#8217;Ebre ha preparat el joc &#8220;El Laberint del Mercat&#8221; mitjan\u00e7ant el qual els alumnes descobriran el mercat com a rebost de la ciutat. Enregistraran dades sobre parades, productes i preus i aprofundiran en la funci\u00f3 del mercat dins de la ciutat.<\/td>\n<\/tr>\n<tr style=\"height: 30px;\">\n<td style=\"width: 25%; height: 30px; border-color: #ffffff; background-color: #ffffff;\"><b><a href=\"https:\/\/drive.google.com\/open?id=198oGiamtfrVCk-6MAFpK4LQzsBoCO7oX\" target=\"_blank\" rel=\"noopener noreferrer\">FITXA T\u00c8CNICA<\/a><a href=\"https:\/\/sites.google.com\/a\/xtec.cat\/descobreix-la-teva-ciutat\/goog_637073022\" rel=\"nofollow\"><br \/>\n<\/a><a href=\"https:\/\/sites.google.com\/a\/xtec.cat\/descobreix-la-teva-ciutat\/DOSSIER_PROFESSORAT_AJUNTAMENT.pdf?attredirects=0\" target=\"_blank\" rel=\"noopener noreferrer\">DOSSIER DEL PROFESSORAT<\/a><a href=\"https:\/\/sites.google.com\/a\/xtec.cat\/descobreix-la-teva-ciutat\/goog_637073022\" rel=\"nofollow\"><br \/>\n<\/a><a href=\"https:\/\/drive.google.com\/open?id=1_ZhlOMP6cFQTXjPR5u4oblZfLl36_Fol\" target=\"_blank\" rel=\"noopener noreferrer\">DOSSIER ALUMNAT<\/a><\/b><\/td>\n<td style=\"width: 25%; height: 30px; border-color: #ffffff; background-color: #ffffff;\"><b><a href=\"https:\/\/drive.google.com\/open?id=1jUYMHe3-mOAViKFbXWBoHxIEbTm0Tni6\" target=\"_blank\" rel=\"noopener noreferrer\">FITXA T\u00c8CNICA<\/a><br \/>\n<a href=\"http:\/\/www.xtec.cat\/cda-delta\/pdf\/tortosa\/prof_mercat.pdf\" rel=\"nofollow\">DOSSIER DEL PROFESSORAT<\/a><br \/>\n<a href=\"http:\/\/www.xtec.cat\/cda-delta\/pdf\/tortosa\/alum_mercat.pdf\" rel=\"nofollow\">DOSSIER ALUMNAT<\/a><\/b><\/td>\n<\/tr>\n<tr style=\"height: 30px;\">\n<td style=\"width: 25%; height: 30px; border-color: #ffffff; background-color: #ffffff;\"><\/td>\n<td style=\"width: 25%; height: 30px; border-color: #ffffff; background-color: #ffffff;\"><\/td>\n<td style=\"width: 25%; height: 30px; border-color: #ffffff; background-color: #ffffff;\"><\/td>\n<td style=\"width: 25%; height: 30px; border-color: #ffffff; background-color: #ffffff;\"><\/td>\n<\/tr>\n<tr style=\"height: 30px;\">\n<td style=\"width: 25%; height: 90px; text-align: center; border-color: #ffffff; background-color: #ffffff;\" rowspan=\"3\">\u00a0<a href=\"https:\/\/serveiseducatius.xtec.cat\/baixebre\/wp-content\/uploads\/usu624\/2018\/10\/coneixer-lebre-illa-dels-bous.jpg\"><img loading=\"lazy\" decoding=\"async\" class=\"alignnone size-large wp-image-4104\" src=\"https:\/\/serveiseducatius.xtec.cat\/baixebre\/wp-content\/uploads\/usu624\/2018\/10\/coneixer-lebre-illa-dels-bous.jpg\" alt=\"\" width=\"140\" height=\"199\" \/><\/a><\/td>\n<td style=\"width: 25%; height: 30px; border-color: #ffffff; background-color: #ffffff;\"><b>Coneix\u00e8r l\u2019Ebre: de Tortosa a l\u2019illa dels Bous<\/b><\/td>\n<td style=\"width: 25%; height: 90px; text-align: center; border-color: #ffffff; background-color: #ffffff;\" rowspan=\"3\">\u00a0<a href=\"https:\/\/serveiseducatius.xtec.cat\/baixebre\/wp-content\/uploads\/usu624\/2018\/10\/casa_musica.png\"><img loading=\"lazy\" decoding=\"async\" class=\"alignnone size-full wp-image-4103\" src=\"https:\/\/serveiseducatius.xtec.cat\/baixebre\/wp-content\/uploads\/usu624\/2018\/10\/casa_musica.png\" alt=\"\" width=\"140\" height=\"200\" \/><\/a><\/td>\n<td style=\"width: 25%; height: 30px; border-color: #ffffff; background-color: #ffffff;\"><b>La casa de la m\u00fasica<\/b><\/td>\n<\/tr>\n<tr style=\"height: 30px;\">\n<td style=\"width: 25%; height: 30px; border-color: #ffffff; background-color: #ffffff;\">Itinerari fluvial per a la descoberta del riu al seu pas per Tortosa, dissenyat pel Camp d&#8217;Aprenentatge de l&#8217;Ebre. Al llarg del trajecte en barca es realitzar\u00e0 un joc de descoberta amb l&#8217;objectiu de copsar i comparar els diferents elements que configuren el paisatge fluvial.<\/td>\n<td style=\"width: 25%; height: 30px; border-color: #ffffff; background-color: #ffffff;\">El professorat de l&#8217;escola municipal de m\u00fasica de Tortosa apropa els infants a l&#8217;univers dels sentits i les emocions a trav\u00e9s de la m\u00fasica. Els m\u00e9s petits podran descobrir els diferents tipus d&#8217;instruments, aix\u00ed com identificar els seus sons i el llenguatge. Aix\u00ed mateix podran descobrir els diferents espais de la casa de la m\u00fasica de Tortosa.<\/td>\n<\/tr>\n<tr style=\"height: 30px;\">\n<td style=\"width: 25%; height: 30px; border-color: #ffffff; background-color: #ffffff;\"><b><a href=\"https:\/\/drive.google.com\/open?id=1GsEGXObm8A4AD-q92gT2B2mjsB-R95ko\" target=\"_blank\" rel=\"noopener noreferrer\">FITXA T\u00c8CNICA<\/a><br \/>\n<a href=\"http:\/\/www.xtec.cat\/cda-delta\/pdf\/tortosa\/prof_illabous.pdf\" target=\"_blank\" rel=\"nofollow noopener noreferrer\">DOSSIER DEL PROFESSORAT<\/a><\/b><br \/>\n<strong><a href=\"https:\/\/drive.google.com\/file\/d\/1T93bOPfXg8_ITk3tkj-pJcfMAap2-QCL\/view?usp=sharing\">DOSSIER ALUMNAT<\/a><\/strong><\/td>\n<td style=\"width: 25%; height: 30px; border-color: #ffffff; background-color: #ffffff;\"><b><a href=\"https:\/\/docs.google.com\/viewer?a=v&amp;pid=explorer&amp;chrome=true&amp;srcid=0B8Jr99TW-c7uYzViMTM1OTUtM2M2Ni00MGYxLWE2ZjktNDU0ZmExNTU1MjY1&amp;hl=ca\">FITXA T\u00c8CNICA<\/a><br \/>\n<a href=\"https:\/\/sites.google.com\/a\/xtec.cat\/descobreix-la-teva-ciutat\/CASA_DE_LA_MUSICA_professorat.pdf?attredirects=0\" target=\"_blank\" rel=\"noopener noreferrer\">DOSSIER DEL PROFESSORAT<\/a><br \/>\n<a href=\"https:\/\/sites.google.com\/a\/xtec.cat\/descobreix-la-teva-ciutat\/CASA_DE_LA_MUSICA_ALUMNAT.pdf?attredirects=0\" target=\"_blank\" rel=\"noopener noreferrer\">DOSSIER ALUMNAT<\/a><\/b><\/td>\n<\/tr>\n<tr style=\"height: 30px;\">\n<td style=\"width: 25%; height: 30px; border-color: #ffffff; background-color: #ffffff;\"><\/td>\n<td style=\"width: 25%; height: 30px; border-color: #ffffff; background-color: #ffffff;\"><\/td>\n<td style=\"width: 25%; height: 30px; border-color: #ffffff; background-color: #ffffff;\"><\/td>\n<td style=\"width: 25%; height: 30px; border-color: #ffffff; background-color: #ffffff;\"><\/td>\n<\/tr>\n<\/tbody>\n<\/table>\n","protected":false},"excerpt":{"rendered":"<p>&nbsp; \u00a0 L\u2019Ajuntament: el govern de la ciutat \u00a0 El mercat: el rebost de la ciutat Itinerari per diferents depend\u00e8ncies [&hellip;]<\/p>\n","protected":false},"author":4,"featured_media":0,"parent":4057,"menu_order":3,"comment_status":"closed","ping_status":"closed","template":"page-templates\/side-menu.php","meta":{"_bbp_topic_count":0,"_bbp_reply_count":0,"_bbp_total_topic_count":0,"_bbp_total_reply_count":0,"_bbp_voice_count":0,"_bbp_anonymous_reply_count":0,"_bbp_topic_count_hidden":0,"_bbp_reply_count_hidden":0,"_bbp_forum_subforum_count":0,"site-sidebar-layout":"default","site-content-layout":"","ast-site-content-layout":"","site-content-style":"default","site-sidebar-style":"default","ast-global-header-display":"","ast-banner-title-visibility":"","ast-main-header-display":"","ast-hfb-above-header-display":"","ast-hfb-below-header-display":"","ast-hfb-mobile-header-display":"","site-post-title":"","ast-breadcrumbs-content":"","ast-featured-img":"","footer-sml-layout":"","theme-transparent-header-meta":"","adv-header-id-meta":"","stick-header-meta":"","header-above-stick-meta":"","header-main-stick-meta":"","header-below-stick-meta":"","astra-migrate-meta-layouts":"default","ast-page-background-enabled":"default","ast-page-background-meta":{"desktop":{"background-color":"var(--ast-global-color-4)","background-image":"","background-repeat":"repeat","background-position":"center center","background-size":"auto","background-attachment":"scroll","background-type":"","background-media":"","overlay-type":"","overlay-color":"","overlay-opacity":"","overlay-gradient":""},"tablet":{"background-color":"","background-image":"","background-repeat":"repeat","background-position":"center center","background-size":"auto","background-attachment":"scroll","background-type":"","background-media":"","overlay-type":"","overlay-color":"","overlay-opacity":"","overlay-gradient":""},"mobile":{"background-color":"","background-image":"","background-repeat":"repeat","background-position":"center center","background-size":"auto","background-attachment":"scroll","background-type":"","background-media":"","overlay-type":"","overlay-color":"","overlay-opacity":"","overlay-gradient":""}},"ast-content-background-meta":{"desktop":{"background-color":"var(--ast-global-color-5)","background-image":"","background-repeat":"repeat","background-position":"center center","background-size":"auto","background-attachment":"scroll","background-type":"","background-media":"","overlay-type":"","overlay-color":"","overlay-opacity":"","overlay-gradient":""},"tablet":{"background-color":"var(--ast-global-color-5)","background-image":"","background-repeat":"repeat","background-position":"center center","background-size":"auto","background-attachment":"scroll","background-type":"","background-media":"","overlay-type":"","overlay-color":"","overlay-opacity":"","overlay-gradient":""},"mobile":{"background-color":"var(--ast-global-color-5)","background-image":"","background-repeat":"repeat","background-position":"center center","background-size":"auto","background-attachment":"scroll","background-type":"","background-media":"","overlay-type":"","overlay-color":"","overlay-opacity":"","overlay-gradient":""}},"footnotes":""},"class_list":["post-4101","page","type-page","status-publish","hentry"],"post_mailing_queue_ids":[],"_links":{"self":[{"href":"https:\/\/serveiseducatius.xtec.cat\/baixebre\/wp-json\/wp\/v2\/pages\/4101","targetHints":{"allow":["GET"]}}],"collection":[{"href":"https:\/\/serveiseducatius.xtec.cat\/baixebre\/wp-json\/wp\/v2\/pages"}],"about":[{"href":"https:\/\/serveiseducatius.xtec.cat\/baixebre\/wp-json\/wp\/v2\/types\/page"}],"author":[{"embeddable":true,"href":"https:\/\/serveiseducatius.xtec.cat\/baixebre\/wp-json\/wp\/v2\/users\/4"}],"replies":[{"embeddable":true,"href":"https:\/\/serveiseducatius.xtec.cat\/baixebre\/wp-json\/wp\/v2\/comments?post=4101"}],"version-history":[{"count":3,"href":"https:\/\/serveiseducatius.xtec.cat\/baixebre\/wp-json\/wp\/v2\/pages\/4101\/revisions"}],"predecessor-version":[{"id":6546,"href":"https:\/\/serveiseducatius.xtec.cat\/baixebre\/wp-json\/wp\/v2\/pages\/4101\/revisions\/6546"}],"up":[{"embeddable":true,"href":"https:\/\/serveiseducatius.xtec.cat\/baixebre\/wp-json\/wp\/v2\/pages\/4057"}],"wp:attachment":[{"href":"https:\/\/serveiseducatius.xtec.cat\/baixebre\/wp-json\/wp\/v2\/media?parent=4101"}],"curies":[{"name":"wp","href":"https:\/\/api.w.org\/{rel}","templated":true}]}}