{"id":4092,"date":"2018-10-25T18:44:12","date_gmt":"2018-10-25T16:44:12","guid":{"rendered":"http:\/\/serveiseducatius.xtec.cat\/baixebre\/?page_id=4092"},"modified":"2019-02-08T09:49:51","modified_gmt":"2019-02-08T08:49:51","slug":"activitats-de-cicle-inicial","status":"publish","type":"page","link":"https:\/\/serveiseducatius.xtec.cat\/baixebre\/descobreix-la-teua-ciutat\/activitats-i-materials\/activitats-de-cicle-inicial\/","title":{"rendered":"Activitats de cicle inicial"},"content":{"rendered":"<table style=\"border-collapse: collapse; width: 100%;\" border=\"1\">\n<tbody>\n<tr style=\"height: 30px;\">\n<td style=\"width: 25%; height: 240px; border-color: #ffffff; background-color: #ffffff;\" rowspan=\"3\"><a href=\"https:\/\/serveiseducatius.xtec.cat\/baixebre\/wp-content\/uploads\/usu624\/2018\/10\/coneix-el-transport-p\u00fablic.jpg\"><img loading=\"lazy\" decoding=\"async\" class=\"size-large wp-image-4095 aligncenter\" src=\"https:\/\/serveiseducatius.xtec.cat\/baixebre\/wp-content\/uploads\/usu624\/2018\/10\/coneix-el-transport-p\u00fablic.jpg\" alt=\"\" width=\"199\" height=\"141\" \/><\/a><\/td>\n<td style=\"width: 25%; height: 30px; border-color: #ffffff; background-color: #ffffff;\"><strong>Coneix el transport p\u00fablic de la teva ciutat<\/strong><\/td>\n<td style=\"width: 25%; height: 240px; border-color: #ffffff; background-color: #ffffff;\" rowspan=\"3\"><a href=\"https:\/\/serveiseducatius.xtec.cat\/baixebre\/wp-content\/uploads\/usu624\/2018\/10\/aprenem-a-reciclar.jpg\"><img loading=\"lazy\" decoding=\"async\" class=\"size-full wp-image-4093 aligncenter\" src=\"https:\/\/serveiseducatius.xtec.cat\/baixebre\/wp-content\/uploads\/usu624\/2018\/10\/aprenem-a-reciclar.jpg\" alt=\"\" width=\"200\" height=\"141\" \/><\/a><\/td>\n<td style=\"width: 25%; height: 30px; border-color: #ffffff; background-color: #ffffff;\"><strong>Aprenem a reciclar<\/strong><\/td>\n<\/tr>\n<tr style=\"height: 135px;\">\n<td style=\"width: 25%; height: 135px; border-color: #ffffff; background-color: #ffffff;\">Activitat dissenyada pel Centre de Recursos Pedag\u00f2gics que proposa la descoberta de la ciutat sota la perspectiva de l&#8217;educaci\u00f3 per a la mobilitat sostenible. Pret\u00e9n fomentar l&#8217;\u00fas de la xarxa de transports p\u00fablics urbans aix\u00ed com descobrir l&#8217;estaci\u00f3 d&#8217;autobusos de la ciutat de Tortosa. El &#8220;Bingo&#8221; de descoberta de la ciutat durant el trajecte en bus afegeix un aspecte m\u00e9s l\u00fadic a l&#8217;activitat.<\/td>\n<td style=\"width: 25%; height: 135px; border-color: #ffffff; background-color: #ffffff;\">Visita educativa a la Deixalleria per visualitzar tots els residus que s&#8217;hi aporten i explicar com es poden convertir en recursos per tancar el cicle dels materials que tots tenim a les nostres llars.<\/td>\n<\/tr>\n<tr style=\"height: 75px;\">\n<td style=\"width: 25%; height: 75px; border-color: #ffffff; background-color: #ffffff;\">\n<div><strong><a href=\"https:\/\/drive.google.com\/open?id=1bzaBdZSEub_gsi9ITrWTRaVkuEIIRSP3\" target=\"_blank\" rel=\"noopener\">FITXA T\u00c8CNICA<\/a><\/strong><\/div>\n<p><strong><span style=\"font-family: arial, sans-serif; font-size: small;\"><a href=\"https:\/\/drive.google.com\/open?id=19TQEkHIv24HLvoEaGNwwrZb8UdqdNrVi\" target=\"_blank\" rel=\"noopener\">DOSSIER DEL PROFESSORAT<\/a><br \/>\n<a href=\"https:\/\/drive.google.com\/open?id=1Re2yKbT5tRcLe1UYJsmQ5BJxv8stzyDp\" target=\"_blank\" rel=\"noopener\">DOSSIER ALUMNAT<\/a><\/span><\/strong><\/p>\n<div><strong><span style=\"font-family: arial, sans-serif; font-size: small;\"><a href=\"https:\/\/drive.google.com\/open?id=1TOMwknpuiNqz5JCfsPV-EbIWOXyRdjUB\" target=\"_blank\" rel=\"noopener\">JOC EDUCATIU<\/a><\/span><\/strong><\/div>\n<\/td>\n<td style=\"width: 25%; height: 75px; border-color: #ffffff; background-color: #ffffff;\"><strong><a href=\"https:\/\/drive.google.com\/open?id=1nBEt5Gebs2HtnmbaavwZyB9ClsmFxzDG\" target=\"_blank\" rel=\"noopener\">FITXA T\u00c8CNICA<\/a><\/strong><br \/>\n<strong><a href=\"https:\/\/drive.google.com\/open?id=1jbtpRFRzdyNe0v35Rpzp5VKbg3rloeBb\" target=\"_blank\" rel=\"noopener\">DOSSIER DEL PROFESSORAT<\/a><\/strong><br \/>\n<strong><a href=\"https:\/\/drive.google.com\/open?id=1gxvKxac-Hekp-AIIeX5hTrvdI_gJy8Iy\" target=\"_blank\" rel=\"noopener\">DOSSIER ALUMNAT<\/a><\/strong><\/td>\n<\/tr>\n<tr style=\"height: 30px;\">\n<td style=\"width: 25%; height: 30px; border-color: #ffffff; background-color: #ffffff;\"><\/td>\n<td style=\"width: 25%; height: 30px; border-color: #ffffff; background-color: #ffffff;\"><\/td>\n<td style=\"width: 25%; height: 30px; border-color: #ffffff; background-color: #ffffff;\"><\/td>\n<td style=\"width: 25%; height: 30px; border-color: #ffffff; background-color: #ffffff;\"><\/td>\n<\/tr>\n<tr style=\"height: 45px;\">\n<td style=\"width: 25%; height: 45px; border-color: #ffffff; background-color: #ffffff;\" rowspan=\"3\"><a href=\"https:\/\/serveiseducatius.xtec.cat\/baixebre\/wp-content\/uploads\/usu624\/2018\/10\/tapa_policia.jpg\"><img loading=\"lazy\" decoding=\"async\" class=\"size-large wp-image-4097 aligncenter\" src=\"https:\/\/serveiseducatius.xtec.cat\/baixebre\/wp-content\/uploads\/usu624\/2018\/10\/tapa_policia.jpg\" alt=\"\" width=\"141\" height=\"199\" \/><\/a><\/td>\n<td style=\"width: 25%; height: 45px; border-color: #ffffff; background-color: #ffffff;\"><strong>Coneix la policia local<\/strong><\/td>\n<td style=\"width: 25%; height: 45px; border-color: #ffffff; background-color: #ffffff;\" rowspan=\"3\"><a href=\"https:\/\/serveiseducatius.xtec.cat\/baixebre\/wp-content\/uploads\/usu624\/2018\/10\/caratula_ci_escola_art.png\"><img loading=\"lazy\" decoding=\"async\" class=\"size-large wp-image-4094 aligncenter\" src=\"https:\/\/serveiseducatius.xtec.cat\/baixebre\/wp-content\/uploads\/usu624\/2018\/10\/caratula_ci_escola_art.png\" alt=\"\" width=\"141\" height=\"200\" \/><\/a><\/td>\n<td style=\"width: 25%; height: 45px; border-color: #ffffff; background-color: #ffffff;\"><strong>Construir amb el collage. L&#8217;univers de l&#8217;obra de Jaume Rocamora<\/strong><\/td>\n<\/tr>\n<tr style=\"height: 105px;\">\n<td style=\"width: 25%; height: 105px; border-color: #ffffff; background-color: #ffffff;\">Visita a la Comissaria de la Policia Local amb l\u2019objectiu de donar a con\u00e8ixer als escolars tant les instal\u00b7lacions com l\u2019organitzaci\u00f3, el funcionament, l\u2019estructura del Cos, i les funcions de la Policia Local com servei al ciutad\u00e0. Tamb\u00e9 pret\u00e9n apropar la Policia Local als xiquets\/es.<\/td>\n<td style=\"width: 25%; height: 105px; border-color: #ffffff; background-color: #ffffff;\">Us proposem un taller de creaci\u00f3 i de coneixement art\u00edstic a partir de l\u2019exposici\u00f3 SUMA<\/p>\n<div>AL QUADRAT d\u2019aquest reconegut artista local.<\/div>\n<\/td>\n<\/tr>\n<tr style=\"height: 75px;\">\n<td style=\"width: 25%; height: 75px; border-color: #ffffff; background-color: #ffffff;\">\n<div><strong><a href=\"https:\/\/drive.google.com\/open?id=1Kcf2hmHE8Y_9-jx97F764vb52TomLBTc\" target=\"_blank\" rel=\"noopener\">FITXA T\u00c8CNICA<\/a><\/strong><\/div>\n<div>\n<div><strong><a href=\"https:\/\/drive.google.com\/open?id=1lzK6PA8YlG-hiTS0V8C9Zsl8_FOv_IvF\" target=\"_blank\" rel=\"noopener\">DOSSIER PROFESSORAT<\/a><\/strong><\/div>\n<\/div>\n<div><strong><a href=\"https:\/\/drive.google.com\/open?id=1t4fEVQTJjS4gc3S9tBQSzilG1YIelJuw\">DOSSIER DE L&#8217;ALUMNAT<\/a><\/strong><\/div>\n<\/td>\n<td style=\"width: 25%; height: 75px; border-color: #ffffff; background-color: #ffffff;\"><strong><a href=\"https:\/\/drive.google.com\/open?id=1H_0ULBtqzggevaQl_T2KdL_TlOpHqwGt\" target=\"_blank\" rel=\"noopener\">FITXA T\u00c8CNICA<\/a><\/strong><\/td>\n<\/tr>\n<tr style=\"height: 30px;\">\n<td style=\"width: 25%; height: 30px; border-color: #ffffff; background-color: #ffffff;\"><\/td>\n<td style=\"width: 25%; height: 30px; border-color: #ffffff; background-color: #ffffff;\"><\/td>\n<td style=\"width: 25%; height: 30px; border-color: #ffffff; background-color: #ffffff;\"><\/td>\n<td style=\"width: 25%; height: 30px; border-color: #ffffff; background-color: #ffffff;\"><\/td>\n<\/tr>\n<tr style=\"height: 30px;\">\n<td style=\"width: 25%; height: 30px; border-color: #ffffff; background-color: #ffffff;\" rowspan=\"3\"><a href=\"https:\/\/serveiseducatius.xtec.cat\/baixebre\/wp-content\/uploads\/usu624\/2018\/10\/espais_EA.png\"><img loading=\"lazy\" decoding=\"async\" class=\"size-large wp-image-4096 aligncenter\" src=\"https:\/\/serveiseducatius.xtec.cat\/baixebre\/wp-content\/uploads\/usu624\/2018\/10\/espais_EA.png\" alt=\"\" width=\"141\" height=\"200\" \/><\/a><\/td>\n<td style=\"width: 25%; height: 30px; border-color: #ffffff; background-color: #ffffff;\">\n<div><strong>Descobreix l&#8217;Escola d&#8217;Art i els seus espais<\/strong><\/div>\n<\/td>\n<td style=\"width: 25%; height: 30px; border-color: #ffffff; background-color: #ffffff;\"><\/td>\n<td style=\"width: 25%; height: 30px; border-color: #ffffff; background-color: #ffffff;\"><\/td>\n<\/tr>\n<tr style=\"height: 30px;\">\n<td style=\"width: 25%; height: 30px; border-color: #ffffff; background-color: #ffffff;\">Us proposem una activitat on els participants hagin d&#8217;observar, recordar, interpretar i imaginar a partir d&#8217;espais i amb l&#8217;eina dels sentits.<\/td>\n<td style=\"width: 25%; height: 30px; border-color: #ffffff; background-color: #ffffff;\"><\/td>\n<td style=\"width: 25%; height: 30px; border-color: #ffffff; background-color: #ffffff;\"><\/td>\n<\/tr>\n<tr>\n<td style=\"width: 25%; border-color: #ffffff; background-color: #ffffff;\"><b><a href=\"https:\/\/drive.google.com\/open?id=1GAMOyaTPnEmW2UeAB-mVfGYCbqTBeHcH\" target=\"_blank\" rel=\"noopener\">FITXA T\u00c8CNICA<\/a><\/b><\/td>\n<td style=\"width: 25%; border-color: #ffffff; background-color: #ffffff;\"><\/td>\n<td style=\"width: 25%; border-color: #ffffff; background-color: #ffffff;\"><\/td>\n<\/tr>\n<\/tbody>\n<\/table>\n","protected":false},"excerpt":{"rendered":"<p>Coneix el transport p\u00fablic de la teva ciutat Aprenem a reciclar Activitat dissenyada pel Centre de Recursos Pedag\u00f2gics que proposa [&hellip;]<\/p>\n","protected":false},"author":4,"featured_media":0,"parent":4057,"menu_order":2,"comment_status":"closed","ping_status":"closed","template":"page-templates\/side-menu.php","meta":{"_bbp_topic_count":0,"_bbp_reply_count":0,"_bbp_total_topic_count":0,"_bbp_total_reply_count":0,"_bbp_voice_count":0,"_bbp_anonymous_reply_count":0,"_bbp_topic_count_hidden":0,"_bbp_reply_count_hidden":0,"_bbp_forum_subforum_count":0,"site-sidebar-layout":"default","site-content-layout":"","ast-site-content-layout":"","site-content-style":"default","site-sidebar-style":"default","ast-global-header-display":"","ast-banner-title-visibility":"","ast-main-header-display":"","ast-hfb-above-header-display":"","ast-hfb-below-header-display":"","ast-hfb-mobile-header-display":"","site-post-title":"","ast-breadcrumbs-content":"","ast-featured-img":"","footer-sml-layout":"","theme-transparent-header-meta":"","adv-header-id-meta":"","stick-header-meta":"","header-above-stick-meta":"","header-main-stick-meta":"","header-below-stick-meta":"","astra-migrate-meta-layouts":"default","ast-page-background-enabled":"default","ast-page-background-meta":{"desktop":{"background-color":"var(--ast-global-color-4)","background-image":"","background-repeat":"repeat","background-position":"center center","background-size":"auto","background-attachment":"scroll","background-type":"","background-media":"","overlay-type":"","overlay-color":"","overlay-opacity":"","overlay-gradient":""},"tablet":{"background-color":"","background-image":"","background-repeat":"repeat","background-position":"center center","background-size":"auto","background-attachment":"scroll","background-type":"","background-media":"","overlay-type":"","overlay-color":"","overlay-opacity":"","overlay-gradient":""},"mobile":{"background-color":"","background-image":"","background-repeat":"repeat","background-position":"center center","background-size":"auto","background-attachment":"scroll","background-type":"","background-media":"","overlay-type":"","overlay-color":"","overlay-opacity":"","overlay-gradient":""}},"ast-content-background-meta":{"desktop":{"background-color":"var(--ast-global-color-5)","background-image":"","background-repeat":"repeat","background-position":"center center","background-size":"auto","background-attachment":"scroll","background-type":"","background-media":"","overlay-type":"","overlay-color":"","overlay-opacity":"","overlay-gradient":""},"tablet":{"background-color":"var(--ast-global-color-5)","background-image":"","background-repeat":"repeat","background-position":"center center","background-size":"auto","background-attachment":"scroll","background-type":"","background-media":"","overlay-type":"","overlay-color":"","overlay-opacity":"","overlay-gradient":""},"mobile":{"background-color":"var(--ast-global-color-5)","background-image":"","background-repeat":"repeat","background-position":"center center","background-size":"auto","background-attachment":"scroll","background-type":"","background-media":"","overlay-type":"","overlay-color":"","overlay-opacity":"","overlay-gradient":""}},"footnotes":""},"class_list":["post-4092","page","type-page","status-publish","hentry"],"post_mailing_queue_ids":[],"_links":{"self":[{"href":"https:\/\/serveiseducatius.xtec.cat\/baixebre\/wp-json\/wp\/v2\/pages\/4092","targetHints":{"allow":["GET"]}}],"collection":[{"href":"https:\/\/serveiseducatius.xtec.cat\/baixebre\/wp-json\/wp\/v2\/pages"}],"about":[{"href":"https:\/\/serveiseducatius.xtec.cat\/baixebre\/wp-json\/wp\/v2\/types\/page"}],"author":[{"embeddable":true,"href":"https:\/\/serveiseducatius.xtec.cat\/baixebre\/wp-json\/wp\/v2\/users\/4"}],"replies":[{"embeddable":true,"href":"https:\/\/serveiseducatius.xtec.cat\/baixebre\/wp-json\/wp\/v2\/comments?post=4092"}],"version-history":[{"count":3,"href":"https:\/\/serveiseducatius.xtec.cat\/baixebre\/wp-json\/wp\/v2\/pages\/4092\/revisions"}],"predecessor-version":[{"id":4432,"href":"https:\/\/serveiseducatius.xtec.cat\/baixebre\/wp-json\/wp\/v2\/pages\/4092\/revisions\/4432"}],"up":[{"embeddable":true,"href":"https:\/\/serveiseducatius.xtec.cat\/baixebre\/wp-json\/wp\/v2\/pages\/4057"}],"wp:attachment":[{"href":"https:\/\/serveiseducatius.xtec.cat\/baixebre\/wp-json\/wp\/v2\/media?parent=4092"}],"curies":[{"name":"wp","href":"https:\/\/api.w.org\/{rel}","templated":true}]}}