{"id":4070,"date":"2018-10-25T18:00:23","date_gmt":"2018-10-25T16:00:23","guid":{"rendered":"http:\/\/serveiseducatius.xtec.cat\/baixebre\/?page_id=4070"},"modified":"2023-03-30T12:37:12","modified_gmt":"2023-03-30T10:37:12","slug":"activitats-educacio-infantil","status":"publish","type":"page","link":"https:\/\/serveiseducatius.xtec.cat\/baixebre\/descobreix-la-teua-ciutat\/activitats-i-materials\/activitats-educacio-infantil\/","title":{"rendered":"Activitats educaci\u00f3 infantil"},"content":{"rendered":"<table style=\"border-collapse: collapse; width: 100%; height: 773px;\" border=\"1\">\n<tbody>\n<tr style=\"height: 30px;\">\n<td style=\"width: 25%; border-color: #ffffff; background-color: #ffffff; height: 214px;\" rowspan=\"3\"><img loading=\"lazy\" decoding=\"async\" class=\"size-large wp-image-4077 aligncenter\" src=\"https:\/\/serveiseducatius.xtec.cat\/baixebre\/wp-content\/uploads\/usu624\/2018\/10\/sentim-el-parc.jpg\" alt=\"\" width=\"141\" height=\"199\" \/><\/td>\n<td style=\"width: 25%; border-color: #ffffff; background-color: #ffffff; height: 30px;\"><strong>Sentim el parc<\/strong><\/td>\n<td style=\"width: 25%; border-color: #ffffff; background-color: #ffffff; height: 214px;\" rowspan=\"3\"><img loading=\"lazy\" decoding=\"async\" class=\"size-large wp-image-4078 aligncenter\" src=\"https:\/\/serveiseducatius.xtec.cat\/baixebre\/wp-content\/uploads\/usu624\/2018\/10\/sentim-la-ciutat.jpg\" alt=\"\" width=\"140\" height=\"198\" \/><\/td>\n<td style=\"width: 25%; border-color: #ffffff; background-color: #ffffff; height: 30px;\"><strong>Sentim la ciutat<\/strong><\/td>\n<\/tr>\n<tr style=\"height: 138px;\">\n<td style=\"width: 25%; border-color: #ffffff; background-color: #ffffff; height: 138px;\">Itinerari sensorial, dissenyat pel CdA de l&#8217;Ebre, que discorre per diferents arbres del Parc Teodoro Gonz\u00e0lez. Tocar, mesurar, olorar, escolar i explorar l&#8217;entorn immediat per tal de discriminar, relacionar i retenir dades sensorials s\u00f3n objectius d&#8217;aquesta activitat.<\/td>\n<td style=\"width: 25%; border-color: #ffffff; background-color: #ffffff; height: 138px;\">Activitat que ens fa rebre diferents impressions de la ciutat mitjan\u00e7ant l\u2019\u00fas dels sentits. A trav\u00e9s del joc es passa de la percepci\u00f3 visual a l\u2019exploraci\u00f3 per l\u2019o\u00efda, el tacte i l\u2019olfacte. Un exercici d\u2019observaci\u00f3 i aprenentatge sensorial que d\u00f3na a con\u00e8ixer diversos elements que conformen el nostre entorn m\u00e9s proper.Lloc de realitzaci\u00f3: pla\u00e7a Auditori Felip Pedrell\/passeig del riu.<\/td>\n<\/tr>\n<tr style=\"height: 46px;\">\n<td style=\"width: 25%; border-color: #ffffff; background-color: #ffffff; height: 46px;\"><strong><a href=\"https:\/\/drive.google.com\/open?id=1UPl6hM-gCKYu2irZMLbMYktVAfcj5NYq\" target=\"_blank\" rel=\"noopener\">FITXA T\u00c8CNICA<\/a><\/strong><br \/>\n<strong> <a href=\"http:\/\/www.xtec.cat\/cda-delta\/pdf\/tortosa\/prof_sentimparc.pdf\" rel=\"nofollow\">DOSSIER DEL PROFESSORAT<\/a><\/strong><\/td>\n<td style=\"width: 25%; border-color: #ffffff; background-color: #ffffff; height: 46px;\"><strong><a href=\"https:\/\/drive.google.com\/file\/d\/1JfW0go1aO7BUvIeXv1A1SPyMhZWACRIT\/view?usp=sharing\" target=\"_blank\" rel=\"noopener\">FITXA T\u00c8CNICA<\/a><\/strong><br \/>\n<strong> <a href=\"https:\/\/drive.google.com\/open?id=1NZUblpMYKGIocdYyHZoScuvvA4pHnWEs\" target=\"_blank\" rel=\"noopener\">DOSSIER ALUMNAT<\/a><\/strong><\/td>\n<\/tr>\n<tr style=\"height: 30px;\">\n<td style=\"width: 25%; border-color: #ffffff; background-color: #ffffff; height: 30px;\"><\/td>\n<td style=\"width: 25%; border-color: #ffffff; background-color: #ffffff; height: 30px;\"><\/td>\n<td style=\"width: 25%; border-color: #ffffff; background-color: #ffffff; height: 30px;\"><\/td>\n<td style=\"width: 25%; border-color: #ffffff; background-color: #ffffff; height: 30px;\"><\/td>\n<\/tr>\n<tr style=\"height: 30px;\">\n<td style=\"width: 25%; border-color: #ffffff; background-color: #ffffff; height: 225px;\" rowspan=\"3\"><img loading=\"lazy\" decoding=\"async\" class=\"size-large wp-image-4075 aligncenter\" src=\"https:\/\/serveiseducatius.xtec.cat\/baixebre\/wp-content\/uploads\/usu624\/2018\/10\/casa_gegants.png\" alt=\"\" width=\"140\" height=\"200\" \/><\/td>\n<td style=\"width: 25%; border-color: #ffffff; background-color: #ffffff; height: 30px;\"><strong>\u00a0La casa dels gegants<\/strong><\/td>\n<td style=\"width: 25%; border-color: #ffffff; background-color: #ffffff; height: 225px;\" rowspan=\"3\"><img loading=\"lazy\" decoding=\"async\" class=\"size-large wp-image-4076 aligncenter\" src=\"https:\/\/serveiseducatius.xtec.cat\/baixebre\/wp-content\/uploads\/usu624\/2018\/10\/invents_artistics.png\" alt=\"\" width=\"141\" height=\"199\" \/><\/td>\n<td style=\"width: 25%; border-color: #ffffff; background-color: #ffffff; height: 30px;\"><strong>Estimulem la creativitat amb invents art\u00edstics\u00a0<\/strong><\/td>\n<\/tr>\n<tr style=\"height: 135px;\">\n<td style=\"width: 25%; border-color: #ffffff; background-color: #ffffff; height: 135px;\">Activitat que ens descobreix el bestiari, gegants, nans i la resta de personatges significatius de la ciutat ubicats a la casa dels gegants a la llotja del Parc. Aquesta activitat est\u00e0 adre\u00e7ada als m\u00e9s petits amb la finalitat d&#8217;identificar i apropar-se a la cultura, tradicions i festes de la nostra ciutat a trav\u00e9s dels diferents personatges que configuren el bestiari tortos\u00ed.<\/td>\n<td style=\"width: 25%; border-color: #ffffff; background-color: #ffffff; height: 135px;\">A l\u2019Escola d\u2019Art farem objectes art\u00edstics! Els inventarem amb materials que manipularem i transformarem, utilitzarem colors que haurem creat i li posarem nom al nostre objecte.<br \/>\nActivitat multidisciplinar dels Tallers de cer\u00e0mica, dibuix i pintura.<\/td>\n<\/tr>\n<tr style=\"height: 60px;\">\n<td style=\"width: 25%; border-color: #ffffff; background-color: #ffffff; height: 60px;\">\n<div><strong><span style=\"font-family: arial, sans-serif; font-size: small;\"><a href=\"https:\/\/drive.google.com\/file\/d\/1Siak13OyvYU_km23MhEQaonnNyU7p0yl\/view?usp=sharing\" target=\"_blank\" rel=\"noopener\">DOSSIER ALUMNAT<\/a><br \/>\n<a href=\"https:\/\/drive.google.com\/file\/d\/1A4whIFHmLwxRYkJtaRsITKI39j6rS3SF\/view?usp=sharing\" target=\"_blank\" rel=\"noopener\">DOSSIER DEL PROFESSORAT<\/a><\/span><\/strong><\/div>\n<div><strong><span style=\"font-family: arial, sans-serif; font-size: small;\"><a href=\"https:\/\/clic.xtec.cat\/projects\/gegants4\/jclic.js\/index.html\" target=\"_blank\" rel=\"nofollow noopener\">JOC EDUCATIU GEGANTS<\/a><\/span><\/strong><\/div>\n<\/td>\n<td style=\"width: 25%; border-color: #ffffff; background-color: #ffffff; height: 60px;\"><strong><a href=\"https:\/\/drive.google.com\/open?id=1_JzXfhEfEJvd420JwQukdFflzMPE4hKc\" target=\"_blank\" rel=\"noopener\">FITXA T\u00c8CNICA<\/a><\/strong><\/td>\n<\/tr>\n<tr style=\"height: 30px;\">\n<td style=\"width: 25%; border-color: #ffffff; background-color: #ffffff; height: 30px;\"><\/td>\n<td style=\"width: 25%; border-color: #ffffff; background-color: #ffffff; height: 30px;\"><\/td>\n<td style=\"width: 25%; border-color: #ffffff; background-color: #ffffff; height: 30px;\"><\/td>\n<td style=\"width: 25%; border-color: #ffffff; background-color: #ffffff; height: 30px;\"><\/td>\n<\/tr>\n<tr style=\"height: 30px;\">\n<td style=\"width: 25%; border-color: #ffffff; background-color: #ffffff; height: 30px;\"><\/td>\n<td style=\"width: 25%; border-color: #ffffff; background-color: #ffffff; height: 30px;\"><strong>Hola Museu<\/strong><\/td>\n<td style=\"width: 25%; border-color: #ffffff; background-color: #ffffff; height: 30px;\"><\/td>\n<td style=\"width: 25%; border-color: #ffffff; background-color: #ffffff; height: 30px;\"><\/td>\n<\/tr>\n<tr style=\"height: 214px;\">\n<td style=\"width: 25%; border-color: #ffffff; background-color: #ffffff; height: 214px;\"><img loading=\"lazy\" decoding=\"async\" class=\"size-full wp-image-4074 aligncenter\" src=\"https:\/\/serveiseducatius.xtec.cat\/baixebre\/wp-content\/uploads\/usu624\/2018\/10\/car\u00e0tula-infantil_museu2.jpg\" alt=\"\" width=\"141\" height=\"199\" \/><\/td>\n<td style=\"width: 25%; border-color: #ffffff; background-color: #ffffff; height: 214px;\">\u00c9s una activitat de descoberta del Museu de Tortosa de 45 minuts de durada. Els alumnes visitaran el museu guiats per una rondallaire que els hi explicar\u00e0 hist\u00f2ries, els plantejar\u00e0 reptes, els engrescar\u00e0 a participar en alguna petita activitat manipulativa, i fins i tot els convidar\u00e0 a vestir-se de romans per finalitzar la visita en un \u201cphotocall\u201d a la romana.<\/td>\n<td style=\"width: 25%; border-color: #ffffff; background-color: #ffffff; height: 214px;\"><\/td>\n<td style=\"width: 25%; border-color: #ffffff; background-color: #ffffff; height: 214px;\"><\/td>\n<\/tr>\n<tr style=\"height: 30px;\">\n<td style=\"width: 25%; border-color: #ffffff; background-color: #ffffff; height: 30px;\"><\/td>\n<td style=\"width: 25%; border-color: #ffffff; background-color: #ffffff; height: 30px;\"><strong><a href=\"https:\/\/drive.google.com\/open?id=1M4Jjl_QD6XKEdnvd2J21D5dsVnQPqCKa\" target=\"_blank\" rel=\"noopener\"><span style=\"font-size: small;\">FITXA T\u00c8CNICA<\/span><\/a><\/strong><\/td>\n<td style=\"width: 25%; border-color: #ffffff; background-color: #ffffff; height: 30px;\"><\/td>\n<td style=\"width: 25%; border-color: #ffffff; background-color: #ffffff; height: 30px;\"><\/td>\n<\/tr>\n<\/tbody>\n<\/table>\n","protected":false},"excerpt":{"rendered":"<p>Sentim el parc Sentim la ciutat Itinerari sensorial, dissenyat pel CdA de l&#8217;Ebre, que discorre per diferents arbres del Parc [&hellip;]<\/p>\n","protected":false},"author":4,"featured_media":0,"parent":4057,"menu_order":1,"comment_status":"closed","ping_status":"closed","template":"page-templates\/side-menu.php","meta":{"_bbp_topic_count":0,"_bbp_reply_count":0,"_bbp_total_topic_count":0,"_bbp_total_reply_count":0,"_bbp_voice_count":0,"_bbp_anonymous_reply_count":0,"_bbp_topic_count_hidden":0,"_bbp_reply_count_hidden":0,"_bbp_forum_subforum_count":0,"site-sidebar-layout":"default","site-content-layout":"","ast-site-content-layout":"","site-content-style":"default","site-sidebar-style":"default","ast-global-header-display":"","ast-banner-title-visibility":"","ast-main-header-display":"","ast-hfb-above-header-display":"","ast-hfb-below-header-display":"","ast-hfb-mobile-header-display":"","site-post-title":"","ast-breadcrumbs-content":"","ast-featured-img":"","footer-sml-layout":"","theme-transparent-header-meta":"","adv-header-id-meta":"","stick-header-meta":"","header-above-stick-meta":"","header-main-stick-meta":"","header-below-stick-meta":"","astra-migrate-meta-layouts":"default","ast-page-background-enabled":"default","ast-page-background-meta":{"desktop":{"background-color":"var(--ast-global-color-4)","background-image":"","background-repeat":"repeat","background-position":"center center","background-size":"auto","background-attachment":"scroll","background-type":"","background-media":"","overlay-type":"","overlay-color":"","overlay-opacity":"","overlay-gradient":""},"tablet":{"background-color":"","background-image":"","background-repeat":"repeat","background-position":"center center","background-size":"auto","background-attachment":"scroll","background-type":"","background-media":"","overlay-type":"","overlay-color":"","overlay-opacity":"","overlay-gradient":""},"mobile":{"background-color":"","background-image":"","background-repeat":"repeat","background-position":"center center","background-size":"auto","background-attachment":"scroll","background-type":"","background-media":"","overlay-type":"","overlay-color":"","overlay-opacity":"","overlay-gradient":""}},"ast-content-background-meta":{"desktop":{"background-color":"var(--ast-global-color-5)","background-image":"","background-repeat":"repeat","background-position":"center center","background-size":"auto","background-attachment":"scroll","background-type":"","background-media":"","overlay-type":"","overlay-color":"","overlay-opacity":"","overlay-gradient":""},"tablet":{"background-color":"var(--ast-global-color-5)","background-image":"","background-repeat":"repeat","background-position":"center center","background-size":"auto","background-attachment":"scroll","background-type":"","background-media":"","overlay-type":"","overlay-color":"","overlay-opacity":"","overlay-gradient":""},"mobile":{"background-color":"var(--ast-global-color-5)","background-image":"","background-repeat":"repeat","background-position":"center center","background-size":"auto","background-attachment":"scroll","background-type":"","background-media":"","overlay-type":"","overlay-color":"","overlay-opacity":"","overlay-gradient":""}},"footnotes":""},"class_list":["post-4070","page","type-page","status-publish","hentry"],"post_mailing_queue_ids":[],"_links":{"self":[{"href":"https:\/\/serveiseducatius.xtec.cat\/baixebre\/wp-json\/wp\/v2\/pages\/4070","targetHints":{"allow":["GET"]}}],"collection":[{"href":"https:\/\/serveiseducatius.xtec.cat\/baixebre\/wp-json\/wp\/v2\/pages"}],"about":[{"href":"https:\/\/serveiseducatius.xtec.cat\/baixebre\/wp-json\/wp\/v2\/types\/page"}],"author":[{"embeddable":true,"href":"https:\/\/serveiseducatius.xtec.cat\/baixebre\/wp-json\/wp\/v2\/users\/4"}],"replies":[{"embeddable":true,"href":"https:\/\/serveiseducatius.xtec.cat\/baixebre\/wp-json\/wp\/v2\/comments?post=4070"}],"version-history":[{"count":4,"href":"https:\/\/serveiseducatius.xtec.cat\/baixebre\/wp-json\/wp\/v2\/pages\/4070\/revisions"}],"predecessor-version":[{"id":8409,"href":"https:\/\/serveiseducatius.xtec.cat\/baixebre\/wp-json\/wp\/v2\/pages\/4070\/revisions\/8409"}],"up":[{"embeddable":true,"href":"https:\/\/serveiseducatius.xtec.cat\/baixebre\/wp-json\/wp\/v2\/pages\/4057"}],"wp:attachment":[{"href":"https:\/\/serveiseducatius.xtec.cat\/baixebre\/wp-json\/wp\/v2\/media?parent=4070"}],"curies":[{"name":"wp","href":"https:\/\/api.w.org\/{rel}","templated":true}]}}