{"id":4057,"date":"2018-10-25T17:21:03","date_gmt":"2018-10-25T15:21:03","guid":{"rendered":"http:\/\/serveiseducatius.xtec.cat\/baixebre\/?page_id=4057"},"modified":"2020-01-08T12:01:55","modified_gmt":"2020-01-08T11:01:55","slug":"activitats-i-materials","status":"publish","type":"page","link":"https:\/\/serveiseducatius.xtec.cat\/baixebre\/descobreix-la-teua-ciutat\/activitats-i-materials\/","title":{"rendered":"ACTIVITATS I MATERIALS"},"content":{"rendered":"<table style=\"height: 73px;\" width=\"764\">\n<tbody>\n<tr>\n<td style=\"width: 234px; border: hidden;\">\n<h4><strong style=\"font-size: 16px; border: hidden;\">EDUCACI\u00d3 INFANTIL<\/strong><\/h4>\n<\/td>\n<td style=\"width: 522px; border: hidden;\"><a href=\"https:\/\/serveiseducatius.xtec.cat\/baixebre\/descobreix-la-teua-ciutat\/activitats-i-materials\/activitats-educacio-infantil\/\"><img loading=\"lazy\" decoding=\"async\" class=\"wp-image-5217 aligncenter\" src=\"https:\/\/serveiseducatius.xtec.cat\/baixebre\/wp-content\/uploads\/usu624\/2019\/12\/EI.jpg\" alt=\"\" width=\"273\" height=\"112\" srcset=\"https:\/\/serveiseducatius.xtec.cat\/baixebre\/wp-content\/uploads\/usu624\/2019\/12\/EI.jpg 660w, https:\/\/serveiseducatius.xtec.cat\/baixebre\/wp-content\/uploads\/usu624\/2019\/12\/EI-300x123.jpg 300w\" sizes=\"auto, (max-width: 273px) 100vw, 273px\" \/><\/a><\/td>\n<\/tr>\n<\/tbody>\n<\/table>\n<table style=\"height: 73px; width: 764px;\" width=\"911\">\n<tbody>\n<tr>\n<td style=\"width: 234px; border: hidden;\">\n<h4><strong><span style=\"font-size: 16px;\">CICLE INICIAL<\/span><\/strong><\/h4>\n<\/td>\n<td style=\"width: 522px; border: hidden;\"><span style=\"font-size: 16px;\"><a href=\"https:\/\/serveiseducatius.xtec.cat\/baixebre\/descobreix-la-teua-ciutat\/activitats-i-materials\/activitats-de-cicle-inicial\/\"><img loading=\"lazy\" decoding=\"async\" class=\"wp-image-5215 aligncenter\" src=\"https:\/\/serveiseducatius.xtec.cat\/baixebre\/wp-content\/uploads\/usu624\/2019\/12\/CI.jpg\" alt=\"\" width=\"273\" height=\"112\" srcset=\"https:\/\/serveiseducatius.xtec.cat\/baixebre\/wp-content\/uploads\/usu624\/2019\/12\/CI.jpg 660w, https:\/\/serveiseducatius.xtec.cat\/baixebre\/wp-content\/uploads\/usu624\/2019\/12\/CI-300x123.jpg 300w\" sizes=\"auto, (max-width: 273px) 100vw, 273px\" \/><\/a><\/span><\/td>\n<\/tr>\n<\/tbody>\n<\/table>\n<table style=\"height: 73px; width: 764px;\" width=\"911\">\n<tbody>\n<tr>\n<td style=\"width: 234px; border: hidden;\">\n<h4><strong><span style=\"font-size: 16px;\">CICLE MITJ\u00c0<\/span><\/strong><\/h4>\n<\/td>\n<td style=\"width: 522px; border: hidden;\"><span style=\"font-size: 16px;\"><a href=\"https:\/\/serveiseducatius.xtec.cat\/baixebre\/descobreix-la-teua-ciutat\/activitats-i-materials\/activitats-de-cicle-mitja\/\"><img loading=\"lazy\" decoding=\"async\" class=\"wp-image-5215 aligncenter\" src=\"https:\/\/serveiseducatius.xtec.cat\/baixebre\/wp-content\/uploads\/usu624\/2019\/12\/CM.jpg\" alt=\"\" width=\"273\" height=\"112\" \/><\/a><\/span><\/td>\n<\/tr>\n<\/tbody>\n<\/table>\n<table style=\"height: 73px; width: 764px;\" width=\"911\">\n<tbody>\n<tr>\n<td style=\"width: 234px; border: hidden;\">\n<h4><strong><span style=\"font-size: 16px;\">CICLE SUPERIOR<\/span><\/strong><\/h4>\n<\/td>\n<td style=\"width: 522px; border: hidden;\"><a href=\"https:\/\/serveiseducatius.xtec.cat\/baixebre\/descobreix-la-teua-ciutat\/activitats-i-materials\/activitats-de-cicle-superior\/\"><img loading=\"lazy\" decoding=\"async\" class=\"aligncenter wp-image-5226 \" src=\"https:\/\/serveiseducatius.xtec.cat\/baixebre\/wp-content\/uploads\/usu624\/2019\/12\/CS-300x122.jpg\" alt=\"\" width=\"273\" height=\"111\" \/><\/a><\/td>\n<\/tr>\n<\/tbody>\n<\/table>\n<table style=\"height: 126px; width: 764px;\" width=\"911\">\n<tbody>\n<tr style=\"height: 126px;\">\n<td style=\"width: 234px; border: hidden; height: 126px;\">\n<h4><strong><span style=\"font-size: 16px;\">EDUCACI\u00d3 SECUND\u00c0RIA<\/span><\/strong><\/h4>\n<\/td>\n<td style=\"width: 522px; border: hidden; height: 126px;\"><a href=\"https:\/\/serveiseducatius.xtec.cat\/baixebre\/descobreix-la-teua-ciutat\/activitats-i-materials\/activitats-deducacio-secundaria\/\"><img loading=\"lazy\" decoding=\"async\" class=\"aligncenter wp-image-5228 size-full\" src=\"https:\/\/serveiseducatius.xtec.cat\/baixebre\/wp-content\/uploads\/usu624\/2019\/12\/ESO-e1578481271639.jpg\" alt=\"\" width=\"273\" height=\"112\" \/><\/a><\/td>\n<\/tr>\n<\/tbody>\n<\/table>\n","protected":false},"excerpt":{"rendered":"<p>EDUCACI\u00d3 INFANTIL CICLE INICIAL CICLE MITJ\u00c0 CICLE SUPERIOR EDUCACI\u00d3 SECUND\u00c0RIA<\/p>\n","protected":false},"author":4,"featured_media":0,"parent":4035,"menu_order":5,"comment_status":"closed","ping_status":"closed","template":"page-templates\/side-menu.php","meta":{"_bbp_topic_count":0,"_bbp_reply_count":0,"_bbp_total_topic_count":0,"_bbp_total_reply_count":0,"_bbp_voice_count":0,"_bbp_anonymous_reply_count":0,"_bbp_topic_count_hidden":0,"_bbp_reply_count_hidden":0,"_bbp_forum_subforum_count":0,"site-sidebar-layout":"default","site-content-layout":"","ast-site-content-layout":"","site-content-style":"default","site-sidebar-style":"default","ast-global-header-display":"","ast-banner-title-visibility":"","ast-main-header-display":"","ast-hfb-above-header-display":"","ast-hfb-below-header-display":"","ast-hfb-mobile-header-display":"","site-post-title":"","ast-breadcrumbs-content":"","ast-featured-img":"","footer-sml-layout":"","theme-transparent-header-meta":"","adv-header-id-meta":"","stick-header-meta":"","header-above-stick-meta":"","header-main-stick-meta":"","header-below-stick-meta":"","astra-migrate-meta-layouts":"default","ast-page-background-enabled":"default","ast-page-background-meta":{"desktop":{"background-color":"var(--ast-global-color-4)","background-image":"","background-repeat":"repeat","background-position":"center center","background-size":"auto","background-attachment":"scroll","background-type":"","background-media":"","overlay-type":"","overlay-color":"","overlay-opacity":"","overlay-gradient":""},"tablet":{"background-color":"","background-image":"","background-repeat":"repeat","background-position":"center center","background-size":"auto","background-attachment":"scroll","background-type":"","background-media":"","overlay-type":"","overlay-color":"","overlay-opacity":"","overlay-gradient":""},"mobile":{"background-color":"","background-image":"","background-repeat":"repeat","background-position":"center center","background-size":"auto","background-attachment":"scroll","background-type":"","background-media":"","overlay-type":"","overlay-color":"","overlay-opacity":"","overlay-gradient":""}},"ast-content-background-meta":{"desktop":{"background-color":"var(--ast-global-color-5)","background-image":"","background-repeat":"repeat","background-position":"center center","background-size":"auto","background-attachment":"scroll","background-type":"","background-media":"","overlay-type":"","overlay-color":"","overlay-opacity":"","overlay-gradient":""},"tablet":{"background-color":"var(--ast-global-color-5)","background-image":"","background-repeat":"repeat","background-position":"center center","background-size":"auto","background-attachment":"scroll","background-type":"","background-media":"","overlay-type":"","overlay-color":"","overlay-opacity":"","overlay-gradient":""},"mobile":{"background-color":"var(--ast-global-color-5)","background-image":"","background-repeat":"repeat","background-position":"center center","background-size":"auto","background-attachment":"scroll","background-type":"","background-media":"","overlay-type":"","overlay-color":"","overlay-opacity":"","overlay-gradient":""}},"footnotes":""},"class_list":["post-4057","page","type-page","status-publish","hentry"],"post_mailing_queue_ids":[],"_links":{"self":[{"href":"https:\/\/serveiseducatius.xtec.cat\/baixebre\/wp-json\/wp\/v2\/pages\/4057","targetHints":{"allow":["GET"]}}],"collection":[{"href":"https:\/\/serveiseducatius.xtec.cat\/baixebre\/wp-json\/wp\/v2\/pages"}],"about":[{"href":"https:\/\/serveiseducatius.xtec.cat\/baixebre\/wp-json\/wp\/v2\/types\/page"}],"author":[{"embeddable":true,"href":"https:\/\/serveiseducatius.xtec.cat\/baixebre\/wp-json\/wp\/v2\/users\/4"}],"replies":[{"embeddable":true,"href":"https:\/\/serveiseducatius.xtec.cat\/baixebre\/wp-json\/wp\/v2\/comments?post=4057"}],"version-history":[{"count":5,"href":"https:\/\/serveiseducatius.xtec.cat\/baixebre\/wp-json\/wp\/v2\/pages\/4057\/revisions"}],"predecessor-version":[{"id":5278,"href":"https:\/\/serveiseducatius.xtec.cat\/baixebre\/wp-json\/wp\/v2\/pages\/4057\/revisions\/5278"}],"up":[{"embeddable":true,"href":"https:\/\/serveiseducatius.xtec.cat\/baixebre\/wp-json\/wp\/v2\/pages\/4035"}],"wp:attachment":[{"href":"https:\/\/serveiseducatius.xtec.cat\/baixebre\/wp-json\/wp\/v2\/media?parent=4057"}],"curies":[{"name":"wp","href":"https:\/\/api.w.org\/{rel}","templated":true}]}}