{"id":4035,"date":"2018-10-25T11:32:55","date_gmt":"2018-10-25T09:32:55","guid":{"rendered":"http:\/\/serveiseducatius.xtec.cat\/baixebre\/?page_id=4035"},"modified":"2020-01-29T12:39:04","modified_gmt":"2020-01-29T11:39:04","slug":"descobreix-la-teua-ciutat","status":"publish","type":"page","link":"https:\/\/serveiseducatius.xtec.cat\/baixebre\/descobreix-la-teua-ciutat\/","title":{"rendered":"Descobreix la teua ciutat"},"content":{"rendered":"<div style=\"text-align: center;\"><b><span style=\"color: #3d85c6; font-size: large;\">PLA D&#8217;ACTIVITATS EDUCATIVES &#8220;DESCOBREIX LA TEUA CIUTAT&#8221;<\/span><\/b><\/div>\n<div>\n<div><\/div>\n<p><a href=\"https:\/\/serveiseducatius.xtec.cat\/baixebre\/wp-content\/uploads\/usu624\/2016\/02\/DtC.jpg\"><img loading=\"lazy\" decoding=\"async\" class=\" wp-image-1769 aligncenter\" src=\"https:\/\/serveiseducatius.xtec.cat\/baixebre\/wp-content\/uploads\/usu624\/2016\/02\/DtC.jpg\" alt=\"\" width=\"304\" height=\"157\" \/><\/a><\/p>\n<\/div>\n<p><span style=\"font-size: medium;\">En el marc d&#8217;una concepci\u00f3 de l&#8217;educaci\u00f3 oberta, que contempla la ciutat com una font de recursos educatius i, a la vegada, en un objecte d&#8217;estudi, la regidoria d&#8217;<b><span style=\"color: #3d85c6;\">Ensenyament de l&#8217;Ajuntament de Tortosa<\/span><\/b>\u00a0i els Serveis Educatius del Departament d&#8217;Educaci\u00f3 &#8211;<b><span style=\"color: #3d85c6;\"><a href=\"http:\/\/serveiseducatius.xtec.cat\/baixebre\/\" target=\"_blank\" rel=\"nofollow noopener noreferrer\">Centre de Recursos Pedag\u00f2gics del Baix Ebre<\/a><\/span><\/b>&#8211; organitzen el Pla d&#8217;Activitats Educatives &#8220;<b><span style=\"color: #3d85c6;\">Descobreix la teua ciutat<\/span><\/b>&#8220;.<br \/>\nEl conjunt d&#8217;activitats programades ha de permetre als i les alumnes dels nivells d&#8217;ensenyament obligatori de la ciutat de Tortosa apropar-se als espais i serveis que els ofereix la seua ciutat. Pretenem tamb\u00e9, ajudar a con\u00e8ixer el funcionament de la ciutat i afavorir la formaci\u00f3 dels i les nostres alumnes vers una ciutat m\u00e9s sostenible.<\/span><\/p>\n<p>&nbsp;<\/p>\n<p>\u200b<\/p>\n<table style=\"border-collapse: collapse; width: 100.29%; height: 174px;\" border=\"0\">\n<tbody>\n<tr style=\"height: 144px;\">\n<td style=\"width: 33.5504%; border-color: #ffffff; background-color: #ffffff; height: 144px;\">\u00a0<img loading=\"lazy\" decoding=\"async\" class=\"wp-image-5333 aligncenter\" style=\"font-size: 16px;\" src=\"https:\/\/serveiseducatius.xtec.cat\/baixebre\/wp-content\/uploads\/usu624\/2020\/01\/logo_CRP_Oficial.jpg\" alt=\"\" width=\"253\" height=\"66\" srcset=\"https:\/\/serveiseducatius.xtec.cat\/baixebre\/wp-content\/uploads\/usu624\/2020\/01\/logo_CRP_Oficial.jpg 394w, https:\/\/serveiseducatius.xtec.cat\/baixebre\/wp-content\/uploads\/usu624\/2020\/01\/logo_CRP_Oficial-300x78.jpg 300w\" sizes=\"auto, (max-width: 253px) 100vw, 253px\" \/><\/td>\n<td style=\"width: 33.1162%; border-color: #ffffff; background-color: #ffffff; height: 144px;\"><a href=\"https:\/\/serveiseducatius.xtec.cat\/baixebre\/wp-content\/uploads\/usu624\/2018\/10\/logo_tortosa_vertical.jpg\"><img loading=\"lazy\" decoding=\"async\" class=\"aligncenter wp-image-4037\" src=\"https:\/\/serveiseducatius.xtec.cat\/baixebre\/wp-content\/uploads\/usu624\/2018\/10\/logo_tortosa_vertical-1024x487.jpg\" alt=\"\" width=\"153\" height=\"73\" srcset=\"https:\/\/serveiseducatius.xtec.cat\/baixebre\/wp-content\/uploads\/usu624\/2018\/10\/logo_tortosa_vertical-1024x487.jpg 1024w, https:\/\/serveiseducatius.xtec.cat\/baixebre\/wp-content\/uploads\/usu624\/2018\/10\/logo_tortosa_vertical-300x143.jpg 300w, https:\/\/serveiseducatius.xtec.cat\/baixebre\/wp-content\/uploads\/usu624\/2018\/10\/logo_tortosa_vertical-768x365.jpg 768w, https:\/\/serveiseducatius.xtec.cat\/baixebre\/wp-content\/uploads\/usu624\/2018\/10\/logo_tortosa_vertical.jpg 1759w\" sizes=\"auto, (max-width: 153px) 100vw, 153px\" \/><\/a><\/td>\n<td style=\"width: 33.3333%; border-color: #ffffff; background-color: #ffffff; height: 144px;\"><a href=\"https:\/\/serveiseducatius.xtec.cat\/baixebre\/wp-content\/uploads\/usu624\/2018\/10\/cda_delta.jpg\"><img loading=\"lazy\" decoding=\"async\" class=\"wp-image-4039 aligncenter\" src=\"https:\/\/serveiseducatius.xtec.cat\/baixebre\/wp-content\/uploads\/usu624\/2018\/10\/cda_delta.jpg\" alt=\"\" width=\"148\" height=\"129\" srcset=\"https:\/\/serveiseducatius.xtec.cat\/baixebre\/wp-content\/uploads\/usu624\/2018\/10\/cda_delta.jpg 389w, https:\/\/serveiseducatius.xtec.cat\/baixebre\/wp-content\/uploads\/usu624\/2018\/10\/cda_delta-300x262.jpg 300w\" sizes=\"auto, (max-width: 148px) 100vw, 148px\" \/><\/a><\/td>\n<\/tr>\n<tr style=\"height: 30px;\">\n<td style=\"width: 33.5504%; text-align: center; border-color: #ffffff; background-color: #ffffff; height: 30px;\">Centre de Recursos Pedag\u00f2gics del Baix Ebre<\/td>\n<td style=\"width: 33.1162%; text-align: center; border-color: #ffffff; background-color: #ffffff; height: 30px;\">Ajuntament de Tortosa<\/td>\n<td style=\"width: 33.3333%; text-align: center; border-color: #ffffff; background-color: #ffffff; height: 30px;\">Camp d&#8217;Aprenentatge del Delta de l&#8217;Ebre<\/td>\n<\/tr>\n<\/tbody>\n<\/table>\n<p>&nbsp;<\/p>\n","protected":false},"excerpt":{"rendered":"<p>PLA D&#8217;ACTIVITATS EDUCATIVES &#8220;DESCOBREIX LA TEUA CIUTAT&#8221; En el marc d&#8217;una concepci\u00f3 de l&#8217;educaci\u00f3 oberta, que contempla la ciutat com [&hellip;]<\/p>\n","protected":false},"author":4,"featured_media":0,"parent":0,"menu_order":1,"comment_status":"closed","ping_status":"closed","template":"page-templates\/side-menu.php","meta":{"_bbp_topic_count":0,"_bbp_reply_count":0,"_bbp_total_topic_count":0,"_bbp_total_reply_count":0,"_bbp_voice_count":0,"_bbp_anonymous_reply_count":0,"_bbp_topic_count_hidden":0,"_bbp_reply_count_hidden":0,"_bbp_forum_subforum_count":0,"site-sidebar-layout":"default","site-content-layout":"","ast-site-content-layout":"","site-content-style":"default","site-sidebar-style":"default","ast-global-header-display":"","ast-banner-title-visibility":"","ast-main-header-display":"","ast-hfb-above-header-display":"","ast-hfb-below-header-display":"","ast-hfb-mobile-header-display":"","site-post-title":"","ast-breadcrumbs-content":"","ast-featured-img":"","footer-sml-layout":"","theme-transparent-header-meta":"","adv-header-id-meta":"","stick-header-meta":"","header-above-stick-meta":"","header-main-stick-meta":"","header-below-stick-meta":"","astra-migrate-meta-layouts":"default","ast-page-background-enabled":"default","ast-page-background-meta":{"desktop":{"background-color":"var(--ast-global-color-4)","background-image":"","background-repeat":"repeat","background-position":"center center","background-size":"auto","background-attachment":"scroll","background-type":"","background-media":"","overlay-type":"","overlay-color":"","overlay-opacity":"","overlay-gradient":""},"tablet":{"background-color":"","background-image":"","background-repeat":"repeat","background-position":"center center","background-size":"auto","background-attachment":"scroll","background-type":"","background-media":"","overlay-type":"","overlay-color":"","overlay-opacity":"","overlay-gradient":""},"mobile":{"background-color":"","background-image":"","background-repeat":"repeat","background-position":"center center","background-size":"auto","background-attachment":"scroll","background-type":"","background-media":"","overlay-type":"","overlay-color":"","overlay-opacity":"","overlay-gradient":""}},"ast-content-background-meta":{"desktop":{"background-color":"var(--ast-global-color-5)","background-image":"","background-repeat":"repeat","background-position":"center center","background-size":"auto","background-attachment":"scroll","background-type":"","background-media":"","overlay-type":"","overlay-color":"","overlay-opacity":"","overlay-gradient":""},"tablet":{"background-color":"var(--ast-global-color-5)","background-image":"","background-repeat":"repeat","background-position":"center center","background-size":"auto","background-attachment":"scroll","background-type":"","background-media":"","overlay-type":"","overlay-color":"","overlay-opacity":"","overlay-gradient":""},"mobile":{"background-color":"var(--ast-global-color-5)","background-image":"","background-repeat":"repeat","background-position":"center center","background-size":"auto","background-attachment":"scroll","background-type":"","background-media":"","overlay-type":"","overlay-color":"","overlay-opacity":"","overlay-gradient":""}},"footnotes":""},"class_list":["post-4035","page","type-page","status-publish","hentry"],"post_mailing_queue_ids":[],"_links":{"self":[{"href":"https:\/\/serveiseducatius.xtec.cat\/baixebre\/wp-json\/wp\/v2\/pages\/4035","targetHints":{"allow":["GET"]}}],"collection":[{"href":"https:\/\/serveiseducatius.xtec.cat\/baixebre\/wp-json\/wp\/v2\/pages"}],"about":[{"href":"https:\/\/serveiseducatius.xtec.cat\/baixebre\/wp-json\/wp\/v2\/types\/page"}],"author":[{"embeddable":true,"href":"https:\/\/serveiseducatius.xtec.cat\/baixebre\/wp-json\/wp\/v2\/users\/4"}],"replies":[{"embeddable":true,"href":"https:\/\/serveiseducatius.xtec.cat\/baixebre\/wp-json\/wp\/v2\/comments?post=4035"}],"version-history":[{"count":3,"href":"https:\/\/serveiseducatius.xtec.cat\/baixebre\/wp-json\/wp\/v2\/pages\/4035\/revisions"}],"predecessor-version":[{"id":5334,"href":"https:\/\/serveiseducatius.xtec.cat\/baixebre\/wp-json\/wp\/v2\/pages\/4035\/revisions\/5334"}],"wp:attachment":[{"href":"https:\/\/serveiseducatius.xtec.cat\/baixebre\/wp-json\/wp\/v2\/media?parent=4035"}],"curies":[{"name":"wp","href":"https:\/\/api.w.org\/{rel}","templated":true}]}}