{"id":2419,"date":"2016-05-23T15:22:44","date_gmt":"2016-05-23T14:22:44","guid":{"rendered":"http:\/\/serveiseducatius.xtec.cat\/baixebre\/?page_id=2419"},"modified":"2016-05-24T11:17:18","modified_gmt":"2016-05-24T10:17:18","slug":"cataleg-batxillerat","status":"publish","type":"page","link":"https:\/\/serveiseducatius.xtec.cat\/baixebre\/recursos\/cataleg-de-recursos-del-crp-baix-ebre-a-merli\/cataleg-batxillerat\/","title":{"rendered":"Batxillerat"},"content":{"rendered":"<ul>\n<li>An\u00e0lisi musical\n<ul>\n<li><a href=\"http:\/\/merli.xtec.cat\/merli\/ServletCerca?unitatCerca=43990103&amp;nivell_educatiu=2234&amp;area_curricular=8593&amp;ordenacio=data&amp;&amp;filtreRecurs=fisic\" target=\"_blank\">Recursos f\u00edsics<\/a><\/li>\n<li><a href=\"http:\/\/merli.xtec.cat\/merli\/ServletCerca?nivell_educatiu=2234&amp;area_curricular=8593&amp;ordenacio=data&amp;filtreRecurs=enlinia\" target=\"_blank\">Recursos en l\u00ednia<\/a><\/li>\n<\/ul>\n<\/li>\n<li>Arts esc\u00e8niques\n<ul>\n<li><a href=\"http:\/\/merli.xtec.cat\/merli\/ServletCerca?unitatCerca=43990103&amp;nivell_educatiu=2234&amp;area_curricular=8598&amp;ordenacio=data&amp;&amp;filtreRecurs=fisic\" target=\"_blank\">Recursos f\u00edsics<\/a><\/li>\n<li><a href=\"http:\/\/merli.xtec.cat\/merli\/ServletCerca?nivell_educatiu=2234&amp;area_curricular=8595&amp;ordenacio=data&amp;filtreRecurs=enlinia\" target=\"_blank\">Recursos en l\u00ednia<\/a><\/li>\n<\/ul>\n<\/li>\n<li>Biologia\n<ul>\n<li><a href=\"http:\/\/merli.xtec.cat\/merli\/ServletCerca?unitatCerca=43990103&amp;nivell_educatiu=2234&amp;area_curricular=6451&amp;ordenacio=data&amp;&amp;filtreRecurs=fisic\" target=\"_blank\">Recursos f\u00edsics<\/a><\/li>\n<li><a href=\"http:\/\/merli.xtec.cat\/merli\/ServletCerca?nivell_educatiu=2234&amp;area_curricular=6451&amp;ordenacio=data&amp;filtreRecurs=enlinia\" target=\"_blank\">Recursos en l\u00ednia<\/a><\/li>\n<\/ul>\n<\/li>\n<li>Ci\u00e8ncies de la terra i del medi ambient\n<ul>\n<li><a href=\"http:\/\/merli.xtec.cat\/merli\/ServletCerca?unitatCerca=43990103&amp;nivell_educatiu=2234&amp;area_curricular=6457&amp;ordenacio=data&amp;&amp;filtreRecurs=fisic\" target=\"_blank\">Recursos f\u00edsics<\/a><\/li>\n<li><a href=\"http:\/\/merli.xtec.cat\/merli\/ServletCerca?nivell_educatiu=2234&amp;area_curricular=6457&amp;ordenacio=data&amp;filtreRecurs=enlinia\" target=\"_blank\">Recursos en l\u00ednia<\/a><\/li>\n<\/ul>\n<\/li>\n<li>Ci\u00e8ncies per al m\u00f3n contemporani\n<ul>\n<li><a href=\"http:\/\/merli.xtec.cat\/merli\/ServletCerca?unitatCerca=43990103&amp;nivell_educatiu=2234&amp;area_curricular=8591&amp;ordenacio=data&amp;&amp;filtreRecurs=fisic\" target=\"_blank\">Recursos f\u00edsics<\/a><\/li>\n<li><a href=\"http:\/\/merli.xtec.cat\/merli\/ServletCerca?nivell_educatiu=2234&amp;area_curricular=8591&amp;ordenacio=data&amp;filtreRecurs=enlinia\" target=\"_blank\">Recursos en l\u00ednia<\/a><\/li>\n<\/ul>\n<\/li>\n<li>Cultura audiovisual\n<ul>\n<li><a href=\"http:\/\/merli.xtec.cat\/merli\/ServletCerca?unitatCerca=43990103&amp;nivell_educatiu=2234&amp;area_curricular=6492&amp;ordenacio=data&amp;&amp;filtreRecurs=fisic\" target=\"_blank\">Recursos f\u00edsics<\/a><\/li>\n<li><a href=\"http:\/\/merli.xtec.cat\/merli\/ServletCerca?nivell_educatiu=2234&amp;area_curricular=6492&amp;ordenacio=data&amp;filtreRecurs=enlinia\" target=\"_blank\">Recursos en l\u00ednia<\/a><\/li>\n<\/ul>\n<\/li>\n<li>Dibuix art\u00edstic\n<ul>\n<li><a href=\"http:\/\/merli.xtec.cat\/merli\/ServletCerca?unitatCerca=43990103&amp;nivell_educatiu=2234&amp;area_curricular=6488&amp;ordenacio=data&amp;&amp;filtreRecurs=fisic\" target=\"_blank\">Recursos f\u00edsics<\/a><\/li>\n<li><a href=\"http:\/\/merli.xtec.cat\/merli\/ServletCerca?nivell_educatiu=2234&amp;area_curricular=6488&amp;ordenacio=data&amp;filtreRecurs=enlinia\" target=\"_blank\">Recursos en l\u00ednia<\/a><\/li>\n<\/ul>\n<\/li>\n<li>Dibuix t\u00e8cnic\n<ul>\n<li><a href=\"http:\/\/merli.xtec.cat\/merli\/ServletCerca?unitatCerca=43990103&amp;nivell_educatiu=2234&amp;area_curricular=6459&amp;ordenacio=data&amp;&amp;filtreRecurs=fisic\" target=\"_blank\">Recursos f\u00edsics<\/a><\/li>\n<li><a href=\"http:\/\/merli.xtec.cat\/merli\/ServletCerca?nivell_educatiu=2234&amp;area_curricular=6459&amp;ordenacio=data&amp;filtreRecurs=enlinia\" target=\"_blank\">Recursos en l\u00ednia<\/a><\/li>\n<\/ul>\n<\/li>\n<li>Disseny\n<ul>\n<li><a href=\"http:\/\/merli.xtec.cat\/merli\/ServletCerca?unitatCerca=43990103&amp;nivell_educatiu=2234&amp;area_curricular=6490&amp;ordenacio=data&amp;&amp;filtreRecurs=fisic\" target=\"_blank\">Recursos f\u00edsics<\/a><\/li>\n<li><a href=\"http:\/\/merli.xtec.cat\/merli\/ServletCerca?nivell_educatiu=2234&amp;area_curricular=6490&amp;ordenacio=data&amp;filtreRecurs=enlinia\" target=\"_blank\">Recursos en l\u00ednia<\/a><\/li>\n<\/ul>\n<\/li>\n<li>Economia\n<ul>\n<li><a href=\"http:\/\/merli.xtec.cat\/merli\/ServletCerca?unitatCerca=43990103&amp;nivell_educatiu=2234&amp;area_curricular=6466&amp;ordenacio=data&amp;&amp;filtreRecurs=fisic\" target=\"_blank\">Recursos f\u00edsics<\/a><\/li>\n<li><a href=\"http:\/\/merli.xtec.cat\/merli\/ServletCerca?nivell_educatiu=2234&amp;area_curricular=6466&amp;ordenacio=data&amp;filtreRecurs=enlinia\" target=\"_blank\">Recursos en l\u00ednia<\/a><\/li>\n<\/ul>\n<\/li>\n<li>Economia de l&#8217;empresa\n<ul>\n<li><a href=\"http:\/\/merli.xtec.cat\/merli\/ServletCerca?unitatCerca=43990103&amp;nivell_educatiu=2234&amp;area_curricular=6464&amp;ordenacio=data&amp;&amp;filtreRecurs=fisic\" target=\"_blank\">Recursos f\u00edsics<\/a><\/li>\n<li><a href=\"http:\/\/merli.xtec.cat\/merli\/ServletCerca?nivell_educatiu=2234&amp;area_curricular=6464&amp;ordenacio=data&amp;filtreRecurs=enlinia\" target=\"_blank\">Recursos en l\u00ednia<\/a><\/li>\n<\/ul>\n<\/li>\n<li>Educaci\u00f3 f\u00edsica\n<ul>\n<li><a href=\"http:\/\/merli.xtec.cat\/merli\/ServletCerca?unitatCerca=43990103&amp;nivell_educatiu=2234&amp;area_curricular=6437&amp;ordenacio=data&amp;&amp;filtreRecurs=fisic\" target=\"_blank\">Recursos f\u00edsics<\/a><\/li>\n<li><a href=\"http:\/\/merli.xtec.cat\/merli\/ServletCerca?nivell_educatiu=2234&amp;area_curricular=6437&amp;ordenacio=data&amp;filtreRecurs=enlinia\" target=\"_blank\">Recursos en l\u00ednia<\/a><\/li>\n<\/ul>\n<\/li>\n<li>Electrot\u00e8cnia\n<ul>\n<li><a href=\"http:\/\/merli.xtec.cat\/merli\/ServletCerca?unitatCerca=43990103&amp;nivell_educatiu=2234&amp;area_curricular=6484&amp;ordenacio=data&amp;&amp;filtreRecurs=fisic\" target=\"_blank\">Recursos f\u00edsics<\/a><\/li>\n<li><a href=\"http:\/\/merli.xtec.cat\/merli\/ServletCerca?nivell_educatiu=2234&amp;area_curricular=6484&amp;ordenacio=data&amp;filtreRecurs=enlinia\" target=\"_blank\">Recursos en l\u00ednia<\/a><\/li>\n<\/ul>\n<\/li>\n<li>Filosofia i ciutadania\n<ul>\n<li><a href=\"http:\/\/merli.xtec.cat\/merli\/ServletCerca?unitatCerca=43990103&amp;nivell_educatiu=2234&amp;area_curricular=6445&amp;ordenacio=data&amp;&amp;filtreRecurs=fisic\" target=\"_blank\">Recursos f\u00edsics<\/a><\/li>\n<li><a href=\"http:\/\/merli.xtec.cat\/merli\/ServletCerca?nivell_educatiu=2234&amp;area_curricular=6445&amp;ordenacio=data&amp;filtreRecurs=enlinia\" target=\"_blank\">Recursos en l\u00ednia<\/a><\/li>\n<\/ul>\n<\/li>\n<li>F\u00edsica\n<ul>\n<li><a href=\"http:\/\/merli.xtec.cat\/merli\/ServletCerca?unitatCerca=43990103&amp;nivell_educatiu=2234&amp;area_curricular=6453&amp;ordenacio=data&amp;&amp;filtreRecurs=fisic\" target=\"_blank\">Recursos f\u00edsics<\/a><\/li>\n<li><a href=\"http:\/\/merli.xtec.cat\/merli\/ServletCerca?nivell_educatiu=2234&amp;area_curricular=6453&amp;ordenacio=data&amp;filtreRecurs=enlinia\" target=\"_blank\">Recursos en l\u00ednia<\/a><\/li>\n<\/ul>\n<\/li>\n<li>Geografia\n<ul>\n<li><a href=\"http:\/\/merli.xtec.cat\/merli\/ServletCerca?unitatCerca=43990103&amp;nivell_educatiu=2234&amp;area_curricular=6468&amp;ordenacio=data&amp;&amp;filtreRecurs=fisic\" target=\"_blank\">Recursos f\u00edsics<\/a><\/li>\n<li><a href=\"http:\/\/merli.xtec.cat\/merli\/ServletCerca?nivell_educatiu=2234&amp;area_curricular=6468&amp;ordenacio=data&amp;filtreRecurs=enlinia\" target=\"_blank\">Recursos en l\u00ednia<\/a><\/li>\n<\/ul>\n<\/li>\n<li>Grec\n<ul>\n<li><a href=\"http:\/\/merli.xtec.cat\/merli\/ServletCerca?unitatCerca=43990103&amp;nivell_educatiu=2234&amp;area_curricular=6470&amp;ordenacio=data&amp;&amp;filtreRecurs=fisic\" target=\"_blank\">Recursos f\u00edsics<\/a><\/li>\n<li><a href=\"http:\/\/merli.xtec.cat\/merli\/ServletCerca?nivell_educatiu=2234&amp;area_curricular=6470&amp;ordenacio=data&amp;filtreRecurs=enlinia\" target=\"_blank\">Recursos en l\u00ednia<\/a><\/li>\n<\/ul>\n<\/li>\n<li>Hist\u00f2ria\n<ul>\n<li><a href=\"http:\/\/merli.xtec.cat\/merli\/ServletCerca?unitatCerca=43990103&amp;nivell_educatiu=2234&amp;area_curricular=6447&amp;ordenacio=data&amp;&amp;filtreRecurs=fisic\" target=\"_blank\">Recursos f\u00edsics<\/a><\/li>\n<li><a href=\"http:\/\/merli.xtec.cat\/merli\/ServletCerca?nivell_educatiu=2234&amp;area_curricular=6447&amp;ordenacio=data&amp;filtreRecurs=enlinia\" target=\"_blank\">Recursos en l\u00ednia<\/a><\/li>\n<\/ul>\n<\/li>\n<li>Hist\u00f2ria de l&#8217;art\n<ul>\n<li><a href=\"http:\/\/merli.xtec.cat\/merli\/ServletCerca?unitatCerca=43990103&amp;nivell_educatiu=2234&amp;area_curricular=6472&amp;ordenacio=data&amp;&amp;filtreRecurs=fisic\" target=\"_blank\">Recursos f\u00edsics<\/a><\/li>\n<li><a href=\"http:\/\/merli.xtec.cat\/merli\/ServletCerca?nivell_educatiu=2234&amp;area_curricular=6472&amp;ordenacio=data&amp;filtreRecurs=enlinia\" target=\"_blank\">Recursos en l\u00ednia<\/a><\/li>\n<\/ul>\n<\/li>\n<li>Hist\u00f2ria del m\u00f3n contemporani\n<ul>\n<li><a href=\"http:\/\/merli.xtec.cat\/merli\/ServletCerca?unitatCerca=43990103&amp;nivell_educatiu=2234&amp;area_curricular=6474&amp;ordenacio=data&amp;&amp;filtreRecurs=fisic\" target=\"_blank\">Recursos f\u00edsics<\/a><\/li>\n<li><a href=\"http:\/\/merli.xtec.cat\/merli\/ServletCerca?nivell_educatiu=2234&amp;area_curricular=6474&amp;ordenacio=data&amp;filtreRecurs=enlinia\" target=\"_blank\">Recursos en l\u00ednia<\/a><\/li>\n<\/ul>\n<\/li>\n<li>Literatura universal\n<ul>\n<li><a href=\"http:\/\/merli.xtec.cat\/merli\/ServletCerca?unitatCerca=43990103&amp;nivell_educatiu=2234&amp;area_curricular=7998&amp;ordenacio=data&amp;&amp;filtreRecurs=fisic\" target=\"_blank\">Recursos f\u00edsics<\/a><\/li>\n<li><a href=\"http:\/\/merli.xtec.cat\/merli\/ServletCerca?nivell_educatiu=2234&amp;area_curricular=7998&amp;ordenacio=data&amp;filtreRecurs=enlinia\" target=\"_blank\">Recursos en l\u00ednia<\/a><\/li>\n<\/ul>\n<\/li>\n<li>Llat\u00ed\n<ul>\n<li><a href=\"http:\/\/merli.xtec.cat\/merli\/ServletCerca?unitatCerca=43990103&amp;nivell_educatiu=2234&amp;area_curricular=7045&amp;ordenacio=data&amp;&amp;filtreRecurs=fisic\" target=\"_blank\">Recursos f\u00edsics<\/a><\/li>\n<li><a href=\"http:\/\/merli.xtec.cat\/merli\/ServletCerca?nivell_educatiu=2234&amp;area_curricular=7045&amp;ordenacio=data&amp;filtreRecurs=enlinia\" target=\"_blank\">Recursos en l\u00ednia<\/a><\/li>\n<\/ul>\n<\/li>\n<li>Llengua castellana i literatura\n<ul>\n<li><a href=\"http:\/\/merli.xtec.cat\/merli\/ServletCerca?unitatCerca=43990103&amp;nivell_educatiu=2234&amp;area_curricular=6441&amp;ordenacio=data&amp;&amp;filtreRecurs=fisic\" target=\"_blank\">Recursos f\u00edsics<\/a><\/li>\n<li><a href=\"http:\/\/merli.xtec.cat\/merli\/ServletCerca?nivell_educatiu=2234&amp;area_curricular=6441&amp;ordenacio=data&amp;filtreRecurs=enlinia\" target=\"_blank\">Recursos en l\u00ednia<\/a><\/li>\n<\/ul>\n<\/li>\n<li>Llengua catalana i literatura\n<ul>\n<li><a href=\"http:\/\/merli.xtec.cat\/merli\/ServletCerca?unitatCerca=43990103&amp;nivell_educatiu=2234&amp;area_curricular=6699&amp;ordenacio=data&amp;&amp;filtreRecurs=fisic\" target=\"_blank\">Recursos f\u00edsics<\/a><\/li>\n<li><a href=\"http:\/\/merli.xtec.cat\/merli\/ServletCerca?nivell_educatiu=2234&amp;area_curricular=6699&amp;ordenacio=data&amp;filtreRecurs=enlinia\" target=\"_blank\">Recursos en l\u00ednia<\/a><\/li>\n<\/ul>\n<\/li>\n<li>Lleng\u00fces estrangeres\n<ul>\n<li><a href=\"http:\/\/merli.xtec.cat\/merli\/ServletCerca?unitatCerca=43990103&amp;nivell_educatiu=2234&amp;area_curricular=6443&amp;ordenacio=data&amp;&amp;filtreRecurs=fisic\" target=\"_blank\">Recursos f\u00edsics<\/a><\/li>\n<li><a href=\"http:\/\/merli.xtec.cat\/merli\/ServletCerca?nivell_educatiu=2234&amp;area_curricular=6443&amp;ordenacio=data&amp;filtreRecurs=enlinia\" target=\"_blank\">Recursos en l\u00ednia<\/a><\/li>\n<\/ul>\n<\/li>\n<li>Matem\u00e0tiques\n<ul>\n<li><a href=\"http:\/\/merli.xtec.cat\/merli\/ServletCerca?unitatCerca=43990103&amp;nivell_educatiu=2234&amp;area_curricular=6449&amp;ordenacio=data&amp;&amp;filtreRecurs=fisic\" target=\"_blank\">Recursos f\u00edsics<\/a><\/li>\n<li><a href=\"http:\/\/merli.xtec.cat\/merli\/ServletCerca?nivell_educatiu=2234&amp;area_curricular=6449&amp;ordenacio=data&amp;filtreRecurs=enlinia\" target=\"_blank\">Recursos en l\u00ednia<\/a><\/li>\n<\/ul>\n<\/li>\n<li>Qu\u00edmica\n<ul>\n<li><a href=\"http:\/\/merli.xtec.cat\/merli\/ServletCerca?unitatCerca=43990103&amp;nivell_educatiu=2234&amp;area_curricular=6455&amp;ordenacio=data&amp;&amp;filtreRecurs=fisic\" target=\"_blank\">Recursos f\u00edsics<\/a><\/li>\n<li><a href=\"http:\/\/merli.xtec.cat\/merli\/ServletCerca?nivell_educatiu=2234&amp;area_curricular=6455&amp;ordenacio=data&amp;filtreRecurs=enlinia\" target=\"_blank\">Recursos en l\u00ednia<\/a><\/li>\n<\/ul>\n<\/li>\n<li>T\u00e8cniques d&#8217;expressi\u00f3 graficoplastica\n<ul>\n<li><a href=\"http:\/\/merli.xtec.cat\/merli\/ServletCerca?unitatCerca=43990103&amp;nivell_educatiu=2234&amp;area_curricular=6494&amp;ordenacio=data&amp;&amp;filtreRecurs=fisic\" target=\"_blank\">Recursos f\u00edsics<\/a><\/li>\n<li><a href=\"http:\/\/merli.xtec.cat\/merli\/ServletCerca?nivell_educatiu=2234&amp;area_curricular=6494&amp;ordenacio=data&amp;filtreRecurs=enlinia\" target=\"_blank\">Recursos en l\u00ednia<\/a><\/li>\n<\/ul>\n<\/li>\n<li>Tutoria\n<ul>\n<li><a href=\"http:\/\/merli.xtec.cat\/merli\/ServletCerca?unitatCerca=43990103&amp;nivell_educatiu=2234&amp;area_curricular=8481&amp;ordenacio=data&amp;&amp;filtreRecurs=fisic\" target=\"_blank\">Recursos f\u00edsics<\/a><\/li>\n<li><a href=\"http:\/\/merli.xtec.cat\/merli\/ServletCerca?nivell_educatiu=2234&amp;area_curricular=8481&amp;ordenacio=data&amp;filtreRecurs=enlinia\" target=\"_blank\">Recursos en l\u00ednia<\/a><\/li>\n<\/ul>\n<\/li>\n<li>Volum\n<ul>\n<li><a href=\"http:\/\/merli.xtec.cat\/merli\/ServletCerca?unitatCerca=43990103&amp;nivell_educatiu=2234&amp;area_curricular=6496&amp;ordenacio=data&amp;&amp;filtreRecurs=fisic\" target=\"_blank\">Recursos f\u00edsics<\/a><\/li>\n<li><a href=\"http:\/\/merli.xtec.cat\/merli\/ServletCerca?nivell_educatiu=2234&amp;area_curricular=6496&amp;ordenacio=data&amp;filtreRecurs=enlinia\" target=\"_blank\">Recursos en l\u00ednia<\/a><\/li>\n<\/ul>\n<\/li>\n<\/ul>\n","protected":false},"excerpt":{"rendered":"<p>An\u00e0lisi musical Recursos f\u00edsics Recursos en l\u00ednia Arts esc\u00e8niques Recursos f\u00edsics Recursos en l\u00ednia Biologia Recursos f\u00edsics Recursos en l\u00ednia [&hellip;]<\/p>\n","protected":false},"author":5,"featured_media":0,"parent":2171,"menu_order":40,"comment_status":"closed","ping_status":"closed","template":"page-templates\/side-menu.php","meta":{"_bbp_topic_count":0,"_bbp_reply_count":0,"_bbp_total_topic_count":0,"_bbp_total_reply_count":0,"_bbp_voice_count":0,"_bbp_anonymous_reply_count":0,"_bbp_topic_count_hidden":0,"_bbp_reply_count_hidden":0,"_bbp_forum_subforum_count":0,"site-sidebar-layout":"default","site-content-layout":"","ast-site-content-layout":"","site-content-style":"default","site-sidebar-style":"default","ast-global-header-display":"","ast-banner-title-visibility":"","ast-main-header-display":"","ast-hfb-above-header-display":"","ast-hfb-below-header-display":"","ast-hfb-mobile-header-display":"","site-post-title":"","ast-breadcrumbs-content":"","ast-featured-img":"","footer-sml-layout":"","theme-transparent-header-meta":"","adv-header-id-meta":"","stick-header-meta":"","header-above-stick-meta":"","header-main-stick-meta":"","header-below-stick-meta":"","astra-migrate-meta-layouts":"default","ast-page-background-enabled":"default","ast-page-background-meta":{"desktop":{"background-color":"var(--ast-global-color-4)","background-image":"","background-repeat":"repeat","background-position":"center center","background-size":"auto","background-attachment":"scroll","background-type":"","background-media":"","overlay-type":"","overlay-color":"","overlay-opacity":"","overlay-gradient":""},"tablet":{"background-color":"","background-image":"","background-repeat":"repeat","background-position":"center center","background-size":"auto","background-attachment":"scroll","background-type":"","background-media":"","overlay-type":"","overlay-color":"","overlay-opacity":"","overlay-gradient":""},"mobile":{"background-color":"","background-image":"","background-repeat":"repeat","background-position":"center center","background-size":"auto","background-attachment":"scroll","background-type":"","background-media":"","overlay-type":"","overlay-color":"","overlay-opacity":"","overlay-gradient":""}},"ast-content-background-meta":{"desktop":{"background-color":"var(--ast-global-color-5)","background-image":"","background-repeat":"repeat","background-position":"center center","background-size":"auto","background-attachment":"scroll","background-type":"","background-media":"","overlay-type":"","overlay-color":"","overlay-opacity":"","overlay-gradient":""},"tablet":{"background-color":"var(--ast-global-color-5)","background-image":"","background-repeat":"repeat","background-position":"center center","background-size":"auto","background-attachment":"scroll","background-type":"","background-media":"","overlay-type":"","overlay-color":"","overlay-opacity":"","overlay-gradient":""},"mobile":{"background-color":"var(--ast-global-color-5)","background-image":"","background-repeat":"repeat","background-position":"center center","background-size":"auto","background-attachment":"scroll","background-type":"","background-media":"","overlay-type":"","overlay-color":"","overlay-opacity":"","overlay-gradient":""}},"footnotes":""},"class_list":["post-2419","page","type-page","status-publish","hentry"],"post_mailing_queue_ids":[],"_links":{"self":[{"href":"https:\/\/serveiseducatius.xtec.cat\/baixebre\/wp-json\/wp\/v2\/pages\/2419","targetHints":{"allow":["GET"]}}],"collection":[{"href":"https:\/\/serveiseducatius.xtec.cat\/baixebre\/wp-json\/wp\/v2\/pages"}],"about":[{"href":"https:\/\/serveiseducatius.xtec.cat\/baixebre\/wp-json\/wp\/v2\/types\/page"}],"author":[{"embeddable":true,"href":"https:\/\/serveiseducatius.xtec.cat\/baixebre\/wp-json\/wp\/v2\/users\/5"}],"replies":[{"embeddable":true,"href":"https:\/\/serveiseducatius.xtec.cat\/baixebre\/wp-json\/wp\/v2\/comments?post=2419"}],"version-history":[{"count":3,"href":"https:\/\/serveiseducatius.xtec.cat\/baixebre\/wp-json\/wp\/v2\/pages\/2419\/revisions"}],"predecessor-version":[{"id":2445,"href":"https:\/\/serveiseducatius.xtec.cat\/baixebre\/wp-json\/wp\/v2\/pages\/2419\/revisions\/2445"}],"up":[{"embeddable":true,"href":"https:\/\/serveiseducatius.xtec.cat\/baixebre\/wp-json\/wp\/v2\/pages\/2171"}],"wp:attachment":[{"href":"https:\/\/serveiseducatius.xtec.cat\/baixebre\/wp-json\/wp\/v2\/media?parent=2419"}],"curies":[{"name":"wp","href":"https:\/\/api.w.org\/{rel}","templated":true}]}}