{"id":2407,"date":"2016-05-23T15:17:39","date_gmt":"2016-05-23T14:17:39","guid":{"rendered":"http:\/\/serveiseducatius.xtec.cat\/baixebre\/?page_id=2407"},"modified":"2016-05-24T11:15:51","modified_gmt":"2016-05-24T10:15:51","slug":"cataleg-educacio-infantil","status":"publish","type":"page","link":"https:\/\/serveiseducatius.xtec.cat\/baixebre\/recursos\/cataleg-de-recursos-del-crp-baix-ebre-a-merli\/cataleg-educacio-infantil\/","title":{"rendered":"Educaci\u00f3 Infantil"},"content":{"rendered":"<ul>\n<li>Descoberta de l&#8217;entorn\n<ul>\n<li><a href=\"http:\/\/merli.xtec.cat\/merli\/ServletCerca?unitatCerca=43990103&amp;nivell_educatiu=2215&amp;area_curricular=2247&amp;ordenacio=data&amp;&amp;filtreRecurs=fisic\" target=\"_blank\">Recursos f\u00edsics<\/a><\/li>\n<li><a href=\"http:\/\/merli.xtec.cat\/merli\/ServletCerca?nivell_educatiu=2215&amp;area_curricular=2247&amp;ordenacio=data&amp;filtreRecurs=enlinia\" target=\"_blank\">Recursos en l\u00ednia<\/a><\/li>\n<\/ul>\n<\/li>\n<li>Descoberta d&#8217;un mateix i descoberta dels altres\n<ul>\n<li><a href=\"http:\/\/merli.xtec.cat\/merli\/ServletCerca?unitatCerca=43990103&amp;nivell_educatiu=2215&amp;area_curricular=2246&amp;ordenacio=data&amp;&amp;filtreRecurs=fisic\" target=\"_blank\">Recursos f\u00edsics<\/a><\/li>\n<li><a href=\"http:\/\/merli.xtec.cat\/merli\/ServletCerca?nivell_educatiu=2215&amp;area_curricular=2246&amp;ordenacio=data&amp;filtreRecurs=enlinia\" target=\"_blank\">Recursos en l\u00ednia<\/a><\/li>\n<\/ul>\n<\/li>\n<li>Comunicaci\u00f3 i llenguatge\n<ul>\n<li><a href=\"http:\/\/merli.xtec.cat\/merli\/ServletCerca?unitatCerca=43990103&amp;nivell_educatiu=2215&amp;area_curricular=2248&amp;ordenacio=data&amp;&amp;filtreRecurs=fisic\" target=\"_blank\">Recursos f\u00edsics<\/a><\/li>\n<li><a href=\"http:\/\/merli.xtec.cat\/merli\/ServletCerca?nivell_educatiu=2215&amp;area_curricular=2248&amp;ordenacio=data&amp;filtreRecurs=enlinia\" target=\"_blank\">Recursos en l\u00ednia<\/a><\/li>\n<\/ul>\n<\/li>\n<\/ul>\n","protected":false},"excerpt":{"rendered":"<p>Descoberta de l&#8217;entorn Recursos f\u00edsics Recursos en l\u00ednia Descoberta d&#8217;un mateix i descoberta dels altres Recursos f\u00edsics Recursos en l\u00ednia [&hellip;]<\/p>\n","protected":false},"author":5,"featured_media":0,"parent":2171,"menu_order":10,"comment_status":"closed","ping_status":"closed","template":"page-templates\/side-menu.php","meta":{"_bbp_topic_count":0,"_bbp_reply_count":0,"_bbp_total_topic_count":0,"_bbp_total_reply_count":0,"_bbp_voice_count":0,"_bbp_anonymous_reply_count":0,"_bbp_topic_count_hidden":0,"_bbp_reply_count_hidden":0,"_bbp_forum_subforum_count":0,"site-sidebar-layout":"default","site-content-layout":"","ast-site-content-layout":"","site-content-style":"default","site-sidebar-style":"default","ast-global-header-display":"","ast-banner-title-visibility":"","ast-main-header-display":"","ast-hfb-above-header-display":"","ast-hfb-below-header-display":"","ast-hfb-mobile-header-display":"","site-post-title":"","ast-breadcrumbs-content":"","ast-featured-img":"","footer-sml-layout":"","theme-transparent-header-meta":"","adv-header-id-meta":"","stick-header-meta":"","header-above-stick-meta":"","header-main-stick-meta":"","header-below-stick-meta":"","astra-migrate-meta-layouts":"default","ast-page-background-enabled":"default","ast-page-background-meta":{"desktop":{"background-color":"var(--ast-global-color-4)","background-image":"","background-repeat":"repeat","background-position":"center center","background-size":"auto","background-attachment":"scroll","background-type":"","background-media":"","overlay-type":"","overlay-color":"","overlay-opacity":"","overlay-gradient":""},"tablet":{"background-color":"","background-image":"","background-repeat":"repeat","background-position":"center center","background-size":"auto","background-attachment":"scroll","background-type":"","background-media":"","overlay-type":"","overlay-color":"","overlay-opacity":"","overlay-gradient":""},"mobile":{"background-color":"","background-image":"","background-repeat":"repeat","background-position":"center center","background-size":"auto","background-attachment":"scroll","background-type":"","background-media":"","overlay-type":"","overlay-color":"","overlay-opacity":"","overlay-gradient":""}},"ast-content-background-meta":{"desktop":{"background-color":"var(--ast-global-color-5)","background-image":"","background-repeat":"repeat","background-position":"center center","background-size":"auto","background-attachment":"scroll","background-type":"","background-media":"","overlay-type":"","overlay-color":"","overlay-opacity":"","overlay-gradient":""},"tablet":{"background-color":"var(--ast-global-color-5)","background-image":"","background-repeat":"repeat","background-position":"center center","background-size":"auto","background-attachment":"scroll","background-type":"","background-media":"","overlay-type":"","overlay-color":"","overlay-opacity":"","overlay-gradient":""},"mobile":{"background-color":"var(--ast-global-color-5)","background-image":"","background-repeat":"repeat","background-position":"center center","background-size":"auto","background-attachment":"scroll","background-type":"","background-media":"","overlay-type":"","overlay-color":"","overlay-opacity":"","overlay-gradient":""}},"footnotes":""},"class_list":["post-2407","page","type-page","status-publish","hentry"],"post_mailing_queue_ids":[],"_links":{"self":[{"href":"https:\/\/serveiseducatius.xtec.cat\/baixebre\/wp-json\/wp\/v2\/pages\/2407","targetHints":{"allow":["GET"]}}],"collection":[{"href":"https:\/\/serveiseducatius.xtec.cat\/baixebre\/wp-json\/wp\/v2\/pages"}],"about":[{"href":"https:\/\/serveiseducatius.xtec.cat\/baixebre\/wp-json\/wp\/v2\/types\/page"}],"author":[{"embeddable":true,"href":"https:\/\/serveiseducatius.xtec.cat\/baixebre\/wp-json\/wp\/v2\/users\/5"}],"replies":[{"embeddable":true,"href":"https:\/\/serveiseducatius.xtec.cat\/baixebre\/wp-json\/wp\/v2\/comments?post=2407"}],"version-history":[{"count":3,"href":"https:\/\/serveiseducatius.xtec.cat\/baixebre\/wp-json\/wp\/v2\/pages\/2407\/revisions"}],"predecessor-version":[{"id":2442,"href":"https:\/\/serveiseducatius.xtec.cat\/baixebre\/wp-json\/wp\/v2\/pages\/2407\/revisions\/2442"}],"up":[{"embeddable":true,"href":"https:\/\/serveiseducatius.xtec.cat\/baixebre\/wp-json\/wp\/v2\/pages\/2171"}],"wp:attachment":[{"href":"https:\/\/serveiseducatius.xtec.cat\/baixebre\/wp-json\/wp\/v2\/media?parent=2407"}],"curies":[{"name":"wp","href":"https:\/\/api.w.org\/{rel}","templated":true}]}}