{"id":2077,"date":"2016-02-16T12:22:15","date_gmt":"2016-02-16T11:22:15","guid":{"rendered":"http:\/\/serveiseducatius.xtec.cat\/se-baixebre\/?page_id=2077"},"modified":"2016-02-16T12:22:15","modified_gmt":"2016-02-16T11:22:15","slug":"jornades-territorials-de-biblioteques-escolars","status":"publish","type":"page","link":"https:\/\/serveiseducatius.xtec.cat\/baixebre\/jornades-territorials-de-biblioteques-escolars\/","title":{"rendered":"Jornades territorials de biblioteques escolars"},"content":{"rendered":"<h3 style=\"text-align: justify;\"><b>I JORNADA DE BIBLIOTEQUES ESCOLARS A LES TERRES DE L\u2019EBRE<\/b><\/h3>\n<p style=\"text-align: justify;\"><i>&#8220;Biblioteca escolar oberta a l\u2019entorn&#8221; :<\/i><\/p>\n<ul style=\"text-align: justify;\">\n<li>Biblioteques de Zona Escolar Rural \u00a0\u201cProjecte puntedu, projecte de ZER\u201d \u00a0<b>ZER l\u2019Oliver<\/b><\/li>\n<li>Biblioteca escolar i familia \u201cProtagonistes de la setmana\u201d\u00a0<b>Escola C\u00e8sar Martinell<\/b><\/li>\n<li>Biblioteca escolar i comunitat educativa \u201cObrim les portes de la biblioteca\u201d\u00a0<b>Escola Riumar<\/b><\/li>\n<li>Biblioteca p\u00fablica i biblioteques de centres de prim\u00e0ria i de secund\u00e0ria \u201cXarxa de treball cooperatiu\u201d<b>\u00a0Biblioteca Comarcal Sebasti\u00e0 Juan Arb\u00f3<\/b><\/li>\n<\/ul>\n<div>\n<h3 style=\"text-align: justify;\"><b>II JORNADA DE BIBLIOTEQUES ESCOLARS A LES TERRES DE L\u2019EBRE<\/b><\/h3>\n<p style=\"text-align: justify;\"><i>&#8220;Lectura i biblioteca escolar en el m\u00f3n digital&#8221;.<\/i><\/p>\n<p style=\"text-align: justify;\">Experi\u00e8ncies de centres:<\/p>\n<ul style=\"text-align: justify;\">\n<li><a href=\"http:\/\/www.box.com\/s\/rsuljc3m29kfs8kzm3pl\" rel=\"nofollow\">&#8220;El gran llibre dels \u00e9ssers fant\u00e0stics&#8221;<\/a>\u00a0<b>Escola Puig Cavaller<\/b>\u00a0de Gandesa<\/li>\n<li><a href=\"http:\/\/www.box.com\/s\/xugcjufsukuaa5jym6jt\" rel=\"nofollow\">&#8220;Les TAC i la biblioteca escolar&#8221;<\/a>\u00a0<b>Escola Enric Grau Fontser\u00e9<\/b>\u00a0de Flix<\/li>\n<li><a href=\"http:\/\/www.box.com\/s\/5p2gio7981ki5g1gzhys\" rel=\"nofollow\">La biblioteca escolar: d&#8217;un espai immoble a l&#8217;espai il\u00b7limitat<\/a>\u00a0<b>Escola Cinta Curto<\/b>\u00a0de Tortosa<\/li>\n<li><a href=\"http:\/\/www.box.com\/s\/lvk58xfgf2bn0c2q62u4\" rel=\"nofollow\">&#8220;Setmana de la lectura&#8221;<\/a>\u00a0<b>Escola Mestre Agust\u00ed Barber\u00e0<\/b>\u00a0d&#8217;Amposta<\/li>\n<li>\u201cLa biblioteca: un far enmig d\u2019un oce\u00e0 d\u2019informaci\u00f3\u201d\u00a0<b>Escola Mare de D\u00e9u del Remei<\/b>\u00a0d\u2019Alcover:<\/li>\n<li><a href=\"http:\/\/www.box.com\/s\/oxr7bcv0p7uvy7xpv6oi\" rel=\"nofollow\">&#8220;Joves digitals a la xarxa: reptes i dificultats&#8221;<\/a>\u00a0Confer\u00e8ncia a c\u00e0rrec de\u00a0<b>Daniel Cassany.\u00a0<\/b>Professor i investigador de la Universitat Pompeu Fabra, doctor en Did\u00e0ctica de la llengua, assessor i col\u00b7laborador en programes oficials de promoci\u00f3 de la lectura i l\u2019escriptura de diversos pa\u00efsos.<br \/>\nConfer\u00e8ncia de Daniel Cassany.<\/li>\n<\/ul>\n<h3 style=\"text-align: justify;\"><b>III JORNADA DE BIBLIOTEQUES ESCOLARS A LES TERRES DE L\u2019EBRE<\/b><\/h3>\n<p style=\"text-align: justify;\"><i>\u201cPla de lectura i Biblioteca escolar&#8221;.<\/i><\/p>\n<p style=\"text-align: justify;\">Confer\u00e8ncia marc:<\/p>\n<ul style=\"text-align: justify;\">\n<li style=\"text-align: justify;\">Confer\u00e8ncia\u00a0<b>&#8220;El Pla de Lectura de Centre i la Biblioteca Escolar&#8221;<\/b>,a c\u00e0rrec de\u00a0<b>Dolors Bund\u00f3<\/b>\u00a0(col\u00b7laboradora del Departament d&#8217;Ensenyament en els Programes de Punt EDU &#8211; IMLEC, i assessora del PLEC i de Biblioteca escolar). URL:\u00a0<a href=\"https:\/\/www.box.com\/s\/a3c56deebd415621ca00\" rel=\"nofollow\">https:\/\/www.box.com\/s\/a3c56deebd415621ca00<\/a><br \/>\nExperi\u00e8ncia &#8220;<b>El PLEC d&#8217;una escola de refer\u00e8ncia: Escola Cosset\u00e0nia de Vilanova i la Geltr\u00fa<\/b>&#8220;, a c\u00e0rrec de\u00a0<b>Dolors Bund\u00f3<\/b>, coordinadora de la Biblioteca del centre. URL:\u00a0<a href=\"https:\/\/www.box.com\/s\/cc79a18ea156dd872aa0\" rel=\"nofollow\">https:\/\/www.box.com\/s\/cc79a18ea156dd872aa0<\/a>\u00a0.\u00a0URL de la biblioteca:\u00a0<a href=\"http:\/\/blocteka.blogspot.com.es\/\">http:\/\/blocteka.blogspot.com.es<\/a><\/li>\n<\/ul>\n<p style=\"text-align: justify;\">Experi\u00e8ncies de centres:<\/p>\n<ul style=\"text-align: justify;\">\n<li><a href=\"https:\/\/www.box.com\/s\/627146ff6f56440ce805\" target=\"_blank\" rel=\"nofollow\">&#8220;Engeguem un Pla de Lectura de Centre: La implicaci\u00f3 de la comunitat educativa&#8221;<\/a>.\u00a0Comissi\u00f3 de Biblioteca de l&#8217;Institut: Albert Aragon\u00e9s, Carmen Segura i Cinta Cabrera. Institut Crist\u00f2fol Despuig de Tortosa. URL:\u00a0<a href=\"http:\/\/instortosa-biblioteca.blogspot.com.es\/\">http:\/\/instortosa-biblioteca.blogspot.com.es<\/a><\/li>\n<li>&#8220;<a href=\"https:\/\/www.box.com\/s\/9b9c834a05072c518acb\" target=\"_blank\" rel=\"nofollow\">La biblioteca escolar i el PLEC<\/a>&#8220;. Maria Jos\u00e9 Gin\u00e9 i Jos\u00e9 Carlos Arasa. Escola de Ferreries de Tortosa. URL:<a href=\"http:\/\/www.xtec.cat\/ceipferreries\/\" rel=\"nofollow\">http:\/\/www.xtec.cat\/ceipferreries\/<\/a><\/li>\n<li>&#8220;<a href=\"https:\/\/www.box.com\/s\/65797dc7c4f24e0962b8\" target=\"_blank\" rel=\"nofollow\">El Pla lector de ZER<\/a>&#8220;. URL: Sandra Sol\u00e0 i Joan Carles Galve. ZER Montsi\u00e0. URL:<a href=\"https:\/\/sites.google.com\/a\/xtec.cat\/zermontsia\/\" rel=\"nofollow\">https:\/\/sites.google.com\/a\/xtec.cat\/zermontsia\/<\/a><\/li>\n<li>&#8220;<a href=\"https:\/\/www.box.com\/s\/454f247cdd18c5a7f69b\" target=\"_blank\" rel=\"nofollow\">El proc\u00e9s d&#8217;elaboraci\u00f3 del PLEC a l&#8217;Institut<\/a>&#8220;. Maria Gallego. Institut Ramon Berenguer IV. Amposta. URL:<a href=\"http:\/\/www.iesramonberenguer.org\/\" rel=\"nofollow\">http:\/\/www.iesramonberenguer.org<\/a><\/li>\n<\/ul>\n<p style=\"text-align: justify;\">M\u00e9s informaci\u00f3:<\/p>\n<ul style=\"text-align: justify;\">\n<li>Biblioteca escolar &#8211; Punt EDU. URL:\u00a0<a href=\"http:\/\/www.xtec.cat\/web\/projectes\/biblioteca\/formacio\" rel=\"nofollow\">http:\/\/www.xtec.cat\/web\/projectes\/biblioteca\/formacio<\/a><\/li>\n<li>Banc de recursos: la lectura, font de plaer i de coneixement. URL:\u00a0<a href=\"http:\/\/www.xtec.cat\/sgfp\/crp\/recursos\/banc\/lectura\/agenda.htm\" rel=\"nofollow\">http:\/\/www.xtec.cat\/sgfp\/crp\/recursos\/banc\/lectura\/agenda.htm<\/a><\/li>\n<\/ul>\n<h3><b>IV JORNADA DE BIBLIOTEQUES ESCOLARS A LES TERRES DE L\u2019EBRE<\/b><\/h3>\n<p style=\"text-align: justify;\"><i>\u201cCap a una biblioteca 2.0 integrada a l\u2019entorn.\u201d<\/i><\/p>\n<ul style=\"text-align: justify;\">\n<li>Confer\u00e8ncia marc:<br \/>\n&#8220;<a href=\"https:\/\/www.box.com\/s\/5z8gmne68ltxao1xqqar\" rel=\"nofollow\">Directrius de les biblioteques escolars<\/a>&#8221; a c\u00e0rrec de\u00a0<b>Cec\u00edlia Llad\u00f3<\/b>, responsable del programa Puntedu del Departament d&#8217;Ensenyament.<\/li>\n<li>&#8220;<a href=\"https:\/\/www.box.com\/s\/isi178xnop3pwy8x04eb\" rel=\"nofollow\">La compet\u00e8ncia informacional des de la Biblioteca Escolar. Eines per a una Biblioteca 2.0<\/a>&#8221; a c\u00e0rrec d&#8217;<b>Anna Blasco<\/b>, col\u00b7laboradora del programa Puntedu.<\/li>\n<\/ul>\n<p style=\"text-align: justify;\">Experi\u00e8ncies de centres:<\/p>\n<ul style=\"text-align: justify;\">\n<li>&#8220;<a href=\"https:\/\/www.box.com\/s\/bhgus52abgdv8i5piptf\" rel=\"nofollow\">La biblioTIC: una biblioteca escolar 2.0<\/a>&#8221; a c\u00e0rrec d&#8217;<b>Albert Correa<\/b>, del Col\u00b7legi Sant Andreu de Badalona.<\/li>\n<li>&#8220;<a href=\"http:\/\/lesmasades.blogspot.com.es\/\">Itinerari literari: Les masades<\/a>&#8221; a c\u00e0rrec de\u00a0<b>Irina Fabra, Marian Heredia i Josefa Pedra<\/b>, de l&#8217;Institut Les Planes de Santa B\u00e0rbara.<\/li>\n<li>&#8220;<a href=\"https:\/\/www.box.com\/s\/qhlyrtp71a51hkxomkrd\" rel=\"nofollow\">El blog de la biblio<\/a>&#8221; a c\u00e0rrec de\u00a0<b>Cinta Llatje i Laura Gonz\u00e0lez<\/b>, de l&#8217;Institut Escola Daniel Mangran\u00e9 de Jes\u00fas &#8211; Tortosa.<\/li>\n<\/ul>\n<p style=\"text-align: justify;\">M\u00e9s infomaci\u00f3:<\/p>\n<ul style=\"text-align: justify;\">\n<li>Biblioteca escolar &#8211; PuntEdu:\u00a0<a href=\"http:\/\/www.xtec.cat\/web\/projectes\/biblioteca\/formacio\" rel=\"nofollow\">http:\/\/www.xtec.cat\/web\/projectes\/biblioteca\/formacio<\/a><\/li>\n<li>Banc de recursos: la lectura font de plaer i coneixement:\u00a0<a href=\"http:\/\/www.xtec.cat\/sgfp\/crp\/recursos\/banc\/lectura\/agenda.htm\" rel=\"nofollow\">http:\/\/www.xtec.cat\/sgfp\/crp\/recursos\/banc\/lectura\/agenda.htm<\/a><b>\u00a0<\/b><\/li>\n<\/ul>\n<h3 style=\"text-align: justify;\"><b>V JORNADA DE BIBLIOTEQUES ESCOLARS A LES TERRES DE L\u2019EBRE<\/b><\/h3>\n<p style=\"text-align: justify;\"><i>&#8220;El llibre il\u00b7lustrat&#8221;<\/i><\/p>\n<ul style=\"text-align: justify;\">\n<li>Els il\u00b7lustrats: una descoberta, diverses veus.<br \/>\nA c\u00e0rrec de\u00a0<strong>M\u00f2nica Badia<\/strong>, mestra i responsable del Programa de Biblioteques escolars Puntedu. Subdirecci\u00f3 general de llengua i pluriling\u00fcisme i del servei d\u2019immersi\u00f3 i acolliments ling\u00fc\u00edstics del Departament d\u2019Ensenyament.<br \/>\nPresentaci\u00f3 del document elaborat per Cec\u00edlia Llad\u00f3 i M\u00f2nica Badia per al programa El gust de la lectura 2013-2014.<\/li>\n<li>Taller:\u00a0<em><strong>Conversa liter\u00e0ria del llibre La Caputxeta<\/strong><\/em>\u00a0Vermella de Roberto Innocenti a c\u00e0rrec de\u00a0<strong>Llu\u00efsaMorell\u00f3<\/strong>, assessora del Servei d\u2019immersi\u00f3 i usos ling\u00fc\u00edstics del Departament d\u2019Ensenyament i\u00a0<strong>M\u00f2nica Badia<\/strong>, mestra i responsable del Programa de Biblioteques escolars Puntedu. Subdirecci\u00f3 general de llengua i pluriling\u00fcisme i del servei d\u2019immersi\u00f3 i acolliments ling\u00fc\u00edstics del Departament d\u2019Ensenyament.<\/li>\n<li><em><strong>La il\u00b7lustraci\u00f3 amb ulls d\u2019il\u00b7lustrador<\/strong><\/em>\u00a0a c\u00e0rrec d\u2019Ignasi Blanc, Il\u00b7lustrador de les Terres de l\u2019Ebre. Actualment viu i treballa a Barcelona. Publica per a editorials diverses i participa,en exposicions i sessions did\u00e0ctiques al Sal\u00f3 del Llibre Infantil i Juvenil de Saarbr\u00fccken, Alemanya des del 2001.<\/li>\n<\/ul>\n<p style=\"text-align: justify;\">Espais de propostes did\u00e0ctiques sobre llibres il\u00b7lustrats:<\/p>\n<ul>\n<li style=\"text-align: justify;\"><u>Espai 1<\/u>\u00a0El llibre El meu pare a c\u00e0rrec de\u00a0<strong>Txe Ant\u00f3 i Laia Perulles<\/strong>, mestres del Col\u00b7legi Sagrada Fam\u00edlia de Tortosa i el llibre Bernat l\u2019amo\u00efnat presentat per<strong>Amanda Curto<\/strong>, mestra de l\u2019Escola Cinta Curto de Tortosa.<\/li>\n<li style=\"text-align: justify;\"><u>Espai 2<\/u>\u00a0El llibre L\u2019home del sac a c\u00e0rrec de\u00a0<strong>No\u00e8lia Segura<\/strong>\u00a0i el llibre La Pu\u00e7a russa presentat per\u00a0<strong>M\u00aa Jos\u00e9 Gin\u00e9<\/strong>, mestres de l\u2019escola Ferreries de Tortosa.<\/li>\n<li style=\"text-align: justify;\"><u>Espai 3<\/u>\u00a0El llibre Oliver Button es una nena a c\u00e0rrec d\u2019<strong>Eladi Mayor<\/strong>, mestre de l\u2019escola La Merc\u00e8 de Tortosa, el llibre La Bibliotec\u00e0ria de Bassora presentat per\u00a0<strong>Alons Navarro<\/strong>, mestre de l\u2019escola Ferreries de Tortosa i el\u00a0 llibre Els ratolins de la senyora Marlowe presentat per\u00a0<strong>Bea Bold\u00fa<\/strong>, mestra de l\u2019escola el Temple de Tortosa.<\/li>\n<\/ul>\n<\/div>\n","protected":false},"excerpt":{"rendered":"<p>I JORNADA DE BIBLIOTEQUES ESCOLARS A LES TERRES DE L\u2019EBRE &#8220;Biblioteca escolar oberta a l\u2019entorn&#8221; : Biblioteques de Zona Escolar [&hellip;]<\/p>\n","protected":false},"author":5,"featured_media":0,"parent":0,"menu_order":0,"comment_status":"closed","ping_status":"closed","template":"","meta":{"_bbp_topic_count":0,"_bbp_reply_count":0,"_bbp_total_topic_count":0,"_bbp_total_reply_count":0,"_bbp_voice_count":0,"_bbp_anonymous_reply_count":0,"_bbp_topic_count_hidden":0,"_bbp_reply_count_hidden":0,"_bbp_forum_subforum_count":0,"site-sidebar-layout":"default","site-content-layout":"","ast-site-content-layout":"","site-content-style":"default","site-sidebar-style":"default","ast-global-header-display":"","ast-banner-title-visibility":"","ast-main-header-display":"","ast-hfb-above-header-display":"","ast-hfb-below-header-display":"","ast-hfb-mobile-header-display":"","site-post-title":"","ast-breadcrumbs-content":"","ast-featured-img":"","footer-sml-layout":"","theme-transparent-header-meta":"","adv-header-id-meta":"","stick-header-meta":"","header-above-stick-meta":"","header-main-stick-meta":"","header-below-stick-meta":"","astra-migrate-meta-layouts":"default","ast-page-background-enabled":"default","ast-page-background-meta":{"desktop":{"background-color":"var(--ast-global-color-4)","background-image":"","background-repeat":"repeat","background-position":"center center","background-size":"auto","background-attachment":"scroll","background-type":"","background-media":"","overlay-type":"","overlay-color":"","overlay-opacity":"","overlay-gradient":""},"tablet":{"background-color":"","background-image":"","background-repeat":"repeat","background-position":"center center","background-size":"auto","background-attachment":"scroll","background-type":"","background-media":"","overlay-type":"","overlay-color":"","overlay-opacity":"","overlay-gradient":""},"mobile":{"background-color":"","background-image":"","background-repeat":"repeat","background-position":"center center","background-size":"auto","background-attachment":"scroll","background-type":"","background-media":"","overlay-type":"","overlay-color":"","overlay-opacity":"","overlay-gradient":""}},"ast-content-background-meta":{"desktop":{"background-color":"var(--ast-global-color-5)","background-image":"","background-repeat":"repeat","background-position":"center center","background-size":"auto","background-attachment":"scroll","background-type":"","background-media":"","overlay-type":"","overlay-color":"","overlay-opacity":"","overlay-gradient":""},"tablet":{"background-color":"var(--ast-global-color-5)","background-image":"","background-repeat":"repeat","background-position":"center center","background-size":"auto","background-attachment":"scroll","background-type":"","background-media":"","overlay-type":"","overlay-color":"","overlay-opacity":"","overlay-gradient":""},"mobile":{"background-color":"var(--ast-global-color-5)","background-image":"","background-repeat":"repeat","background-position":"center center","background-size":"auto","background-attachment":"scroll","background-type":"","background-media":"","overlay-type":"","overlay-color":"","overlay-opacity":"","overlay-gradient":""}},"footnotes":""},"class_list":["post-2077","page","type-page","status-publish","hentry"],"post_mailing_queue_ids":[],"_links":{"self":[{"href":"https:\/\/serveiseducatius.xtec.cat\/baixebre\/wp-json\/wp\/v2\/pages\/2077","targetHints":{"allow":["GET"]}}],"collection":[{"href":"https:\/\/serveiseducatius.xtec.cat\/baixebre\/wp-json\/wp\/v2\/pages"}],"about":[{"href":"https:\/\/serveiseducatius.xtec.cat\/baixebre\/wp-json\/wp\/v2\/types\/page"}],"author":[{"embeddable":true,"href":"https:\/\/serveiseducatius.xtec.cat\/baixebre\/wp-json\/wp\/v2\/users\/5"}],"replies":[{"embeddable":true,"href":"https:\/\/serveiseducatius.xtec.cat\/baixebre\/wp-json\/wp\/v2\/comments?post=2077"}],"version-history":[{"count":1,"href":"https:\/\/serveiseducatius.xtec.cat\/baixebre\/wp-json\/wp\/v2\/pages\/2077\/revisions"}],"predecessor-version":[{"id":2078,"href":"https:\/\/serveiseducatius.xtec.cat\/baixebre\/wp-json\/wp\/v2\/pages\/2077\/revisions\/2078"}],"wp:attachment":[{"href":"https:\/\/serveiseducatius.xtec.cat\/baixebre\/wp-json\/wp\/v2\/media?parent=2077"}],"curies":[{"name":"wp","href":"https:\/\/api.w.org\/{rel}","templated":true}]}}