{"id":2072,"date":"2016-02-16T11:38:23","date_gmt":"2016-02-16T10:38:23","guid":{"rendered":"http:\/\/serveiseducatius.xtec.cat\/se-baixebre\/?page_id=2072"},"modified":"2016-10-06T14:10:44","modified_gmt":"2016-10-06T13:10:44","slug":"dinamitzacio-biblioteques","status":"publish","type":"page","link":"https:\/\/serveiseducatius.xtec.cat\/baixebre\/dinamitzacio-biblioteques\/","title":{"rendered":"Dinamitzaci\u00f3 &#8211; Biblioteques"},"content":{"rendered":"<h3>Pr\u00e0ctiques\u00a0educatives<\/h3>\n<ul>\n<li><span style=\"color: #0b5394;\">La comissi\u00f3 de biblioteca: organitzaci\u00f3, funcionament i la seva repercussi\u00f3 en l<\/span><span style=\"color: #0b5394;\">a formaci\u00f3 lectora de l\u2019alumnat.<\/span> <b>ESC Ferreries<\/b> (Tortosa) (pdf)<\/li>\n<li><span style=\"color: #0b5394;\">El blog de la Biblio: \u201cUn projecte 2.0\u201d.<\/span> <b>INS-ESC Daniel Mangran\u00e9<\/b> (Jes\u00fas) (pdf)<\/li>\n<\/ul>\n<div>\n<h3>Activitats amb la biblioteca p\u00fablica<\/h3>\n<p>Programa de visites escolars:<\/p>\n<ul>\n<li><a href=\"https:\/\/sites.google.com\/a\/xtec.cat\/descobreix-la-teva-ciutat\/descripcio-activitats-cs\" target=\"_blank\">Espais escrits<\/a><\/li>\n<li><a href=\"https:\/\/sites.google.com\/a\/xtec.cat\/descobreix-la-teva-ciutat\/descripcio-activitats-cs\" target=\"_blank\">Biblioones<\/a><\/li>\n<li><a href=\"https:\/\/sites.google.com\/a\/xtec.cat\/descobreix-la-teva-ciutat\/descripcio-activitats-eso\" target=\"_blank\">Tallers de recerca<\/a><\/li>\n<li><a href=\"http:\/\/serveiseducatius.xtec.cat\/baixebre\/innovacio\/biblioteques-i-accio-2\/\">Teleteca<\/a><\/li>\n<\/ul>\n<\/div>\n","protected":false},"excerpt":{"rendered":"<p>Pr\u00e0ctiques\u00a0educatives La comissi\u00f3 de biblioteca: organitzaci\u00f3, funcionament i la seva repercussi\u00f3 en la formaci\u00f3 lectora de l\u2019alumnat. ESC Ferreries (Tortosa) [&hellip;]<\/p>\n","protected":false},"author":5,"featured_media":0,"parent":0,"menu_order":0,"comment_status":"closed","ping_status":"closed","template":"","meta":{"_bbp_topic_count":0,"_bbp_reply_count":0,"_bbp_total_topic_count":0,"_bbp_total_reply_count":0,"_bbp_voice_count":0,"_bbp_anonymous_reply_count":0,"_bbp_topic_count_hidden":0,"_bbp_reply_count_hidden":0,"_bbp_forum_subforum_count":0,"site-sidebar-layout":"default","site-content-layout":"","ast-site-content-layout":"","site-content-style":"default","site-sidebar-style":"default","ast-global-header-display":"","ast-banner-title-visibility":"","ast-main-header-display":"","ast-hfb-above-header-display":"","ast-hfb-below-header-display":"","ast-hfb-mobile-header-display":"","site-post-title":"","ast-breadcrumbs-content":"","ast-featured-img":"","footer-sml-layout":"","theme-transparent-header-meta":"","adv-header-id-meta":"","stick-header-meta":"","header-above-stick-meta":"","header-main-stick-meta":"","header-below-stick-meta":"","astra-migrate-meta-layouts":"default","ast-page-background-enabled":"default","ast-page-background-meta":{"desktop":{"background-color":"var(--ast-global-color-4)","background-image":"","background-repeat":"repeat","background-position":"center center","background-size":"auto","background-attachment":"scroll","background-type":"","background-media":"","overlay-type":"","overlay-color":"","overlay-opacity":"","overlay-gradient":""},"tablet":{"background-color":"","background-image":"","background-repeat":"repeat","background-position":"center center","background-size":"auto","background-attachment":"scroll","background-type":"","background-media":"","overlay-type":"","overlay-color":"","overlay-opacity":"","overlay-gradient":""},"mobile":{"background-color":"","background-image":"","background-repeat":"repeat","background-position":"center center","background-size":"auto","background-attachment":"scroll","background-type":"","background-media":"","overlay-type":"","overlay-color":"","overlay-opacity":"","overlay-gradient":""}},"ast-content-background-meta":{"desktop":{"background-color":"var(--ast-global-color-5)","background-image":"","background-repeat":"repeat","background-position":"center center","background-size":"auto","background-attachment":"scroll","background-type":"","background-media":"","overlay-type":"","overlay-color":"","overlay-opacity":"","overlay-gradient":""},"tablet":{"background-color":"var(--ast-global-color-5)","background-image":"","background-repeat":"repeat","background-position":"center center","background-size":"auto","background-attachment":"scroll","background-type":"","background-media":"","overlay-type":"","overlay-color":"","overlay-opacity":"","overlay-gradient":""},"mobile":{"background-color":"var(--ast-global-color-5)","background-image":"","background-repeat":"repeat","background-position":"center center","background-size":"auto","background-attachment":"scroll","background-type":"","background-media":"","overlay-type":"","overlay-color":"","overlay-opacity":"","overlay-gradient":""}},"footnotes":""},"class_list":["post-2072","page","type-page","status-publish","hentry"],"post_mailing_queue_ids":[],"_links":{"self":[{"href":"https:\/\/serveiseducatius.xtec.cat\/baixebre\/wp-json\/wp\/v2\/pages\/2072","targetHints":{"allow":["GET"]}}],"collection":[{"href":"https:\/\/serveiseducatius.xtec.cat\/baixebre\/wp-json\/wp\/v2\/pages"}],"about":[{"href":"https:\/\/serveiseducatius.xtec.cat\/baixebre\/wp-json\/wp\/v2\/types\/page"}],"author":[{"embeddable":true,"href":"https:\/\/serveiseducatius.xtec.cat\/baixebre\/wp-json\/wp\/v2\/users\/5"}],"replies":[{"embeddable":true,"href":"https:\/\/serveiseducatius.xtec.cat\/baixebre\/wp-json\/wp\/v2\/comments?post=2072"}],"version-history":[{"count":2,"href":"https:\/\/serveiseducatius.xtec.cat\/baixebre\/wp-json\/wp\/v2\/pages\/2072\/revisions"}],"predecessor-version":[{"id":2626,"href":"https:\/\/serveiseducatius.xtec.cat\/baixebre\/wp-json\/wp\/v2\/pages\/2072\/revisions\/2626"}],"wp:attachment":[{"href":"https:\/\/serveiseducatius.xtec.cat\/baixebre\/wp-json\/wp\/v2\/media?parent=2072"}],"curies":[{"name":"wp","href":"https:\/\/api.w.org\/{rel}","templated":true}]}}