{"id":2070,"date":"2016-02-16T11:17:47","date_gmt":"2016-02-16T10:17:47","guid":{"rendered":"http:\/\/serveiseducatius.xtec.cat\/se-baixebre\/?page_id=2070"},"modified":"2016-02-16T11:24:39","modified_gmt":"2016-02-16T10:24:39","slug":"recursos-biblioteques-2","status":"publish","type":"page","link":"https:\/\/serveiseducatius.xtec.cat\/baixebre\/recursos-biblioteques-2\/","title":{"rendered":"Recursos &#8211; Biblioteques"},"content":{"rendered":"<h3 id=\"sites-page-title-header\" align=\"left\"><span id=\"sites-page-title\" dir=\"ltr\" tabindex=\"-1\">Recursos<\/span><\/h3>\n<ul>\n<li><a href=\"https:\/\/sites.google.com\/a\/xtec.cat\/butlleti-bdr\/\" target=\"_blank\" rel=\"nofollow\">Butllet\u00ed del Banc de Recursos. La lectura: font de plaer i de coneixement<\/a><\/li>\n<li><a href=\"http:\/\/www.xtec.cat\/web\/projectes\/biblioteca\" target=\"_blank\" rel=\"nofollow\">Programa de biblioteca escolar &#8220;puntedu&#8221; del Departament d&#8217;Ensenyament<\/a><\/li>\n<li><a href=\"http:\/\/www.xtec.cat\/web\/serveis\/serveis\/sez\/crp\/bancderecursos\" target=\"_blank\" rel=\"nofollow\">Banc de recursos dels CRP. La lectura: font de plaer i de coneixement<\/a><\/li>\n<li><a href=\"http:\/\/bibliotecaescolarinfo.blogspot.com.es\/\" target=\"_blank\">Bibliotecaescolar.info Gl\u00f2ria Durban<\/a><\/li>\n<li><a href=\"http:\/\/jaumecentelles.cat\/\" target=\"_blank\" rel=\"nofollow\">La invitaci\u00f3 a la lectura. Jaume Centelles<\/a><\/li>\n<li><a href=\"http:\/\/grupbibliomedia.blogspot.com.es\/\" target=\"_blank\">Bibliomedia. Biblioteques escolars de la Federaci\u00f3 de MPP.<\/a><\/li>\n<li><a href=\"http:\/\/salamanca.fundaciongsr.com\/index.php\" target=\"_blank\" rel=\"nofollow\">Fundaci\u00f3n Gem\u00e1n S\u00e1nchez Rup\u00e9rez<\/a><\/li>\n<\/ul>\n<h3>Concepte, organitzaci\u00f3 i cata logaci\u00f3 de la Biblioteca Escolar<\/h3>\n<ul>\n<li><a href=\"https:\/\/drive.google.com\/file\/d\/0B-aYhJlfpUihem9NZGdESnpvbjQ\/edit?usp=sharing\" target=\"_blank\">Directrius IFLA\/UNESCO per al desenvolupament del servei de biblioteques publiques (pdf)<\/a><\/li>\n<li><a href=\"https:\/\/drive.google.com\/file\/d\/0B-aYhJlfpUihcW90R254ZU1LcFU\/edit?usp=sharing\" target=\"_blank\">La biblioteca mediateca\u00a0(pdf)<\/a><\/li>\n<li><a href=\"https:\/\/sites.google.com\/a\/xtec.cat\/biblioteca-escolar-2-0\/\" target=\"_blank\" rel=\"nofollow\">Biblioteca escolar 2.0 <\/a><\/li>\n<li><a href=\"https:\/\/drive.google.com\/file\/d\/0B-aYhJlfpUihWmRick13dS1MUlU\/edit?usp=sharing\" target=\"_blank\">La posada en marxa de la biblioteca a un centre educatiu.\u00a0(pdf)<\/a><\/li>\n<li><a href=\"https:\/\/sites.google.com\/a\/xtec.cat\/mobiliaribibliotecaescolar\/?pli=1\" target=\"_blank\" rel=\"nofollow\">Mobiliari biblioteca escolar.<\/a><\/li>\n<li><a href=\"https:\/\/drive.google.com\/file\/d\/0B-aYhJlfpUihZU55RE1JSHBNcUU\/edit?usp=sharing\" target=\"_blank\">Criteris selecci\u00f3 i adquisici\u00f3 (pdf)<\/a><\/li>\n<li><a href=\"https:\/\/drive.google.com\/file\/d\/0B-aYhJlfpUihZ1RKdlUzel9QQzg\/edit?usp=sharing\" target=\"_blank\">Organitzaci\u00f3 de l\u2019espai\u00a0(pdf)<\/a><\/li>\n<li><a href=\"https:\/\/drive.google.com\/file\/d\/0B-aYhJlfpUihSUZhczBHQXBvM2s\/edit?usp=sharing\" target=\"_blank\">El tractament f\u00edsic dels documents (pdf)<\/a><\/li>\n<li><a href=\"https:\/\/drive.google.com\/file\/d\/0B-aYhJlfpUihRURJdWdaT3VRNU0\/edit?usp=sharing\" target=\"_blank\">Esporgar la biblioteca a l\u2019escola i a l\u2019institut\u00a0(pdf)<\/a><\/li>\n<li><a href=\"https:\/\/drive.google.com\/file\/d\/0B-aYhJlfpUihdDdqelByYVA3S00\/edit?usp=sharing\" target=\"_blank\">Adaptaci\u00f3 de la CDU per a les biblioteques escolars d\u2019infantil, prim\u00e0ria i secund\u00e0ria (pdf)<\/a><\/li>\n<li><a href=\"https:\/\/drive.google.com\/file\/d\/0B-aYhJlfpUihdG1aVXdEMUhiWjA\/edit?usp=sharing\" target=\"_blank\">Organitzaci\u00f3, dinamitzaci\u00f3 i \u00fas de la biblioteca escolar\u00a0(pdf)<\/a><\/li>\n<\/ul>\n<h3>Dinamitzaci\u00f3 de la biblioteca escolar<\/h3>\n<ul>\n<li><a href=\"http:\/\/blocs.xtec.cat\/bibliobloc\/\" target=\"_blank\" rel=\"nofollow\">Bibliobloc. Espai de dinamitzaci\u00f3 de la lectura. CRP Giron\u00e8s<\/a><\/li>\n<li><a href=\"https:\/\/drive.google.com\/file\/d\/0B-aYhJlfpUihaXExaU1KMFFtM0E\/edit?usp=sharing\" target=\"_blank\">Formaci\u00f3 d\u2019usuaris (Ed. Infantil i Prim\u00e0ria) (pdf)<\/a><\/li>\n<li><a href=\"https:\/\/drive.google.com\/file\/d\/0B-aYhJlfpUihRlExNHhnODlTTkE\/edit?usp=sharing\" target=\"_blank\">Formaci\u00f3 d\u2019usuaris (Ed. Secund\u00e0ria( (pdf)<\/a><\/li>\n<li><a href=\"http:\/\/blocs.xtec.cat\/bibliotequesescolars\/\" rel=\"nofollow\">Blocs i webs de les biblioteques escolars<\/a><\/li>\n<\/ul>\n<h3>Compet\u00e8ncia lectora i el gust per llegir<\/h3>\n<ul>\n<li><a href=\"http:\/\/www20.gencat.cat\/docs\/Educacio\/Home\/Departament\/Publicacions\/Monografies\/Lectura\/La_lectura_en_un_centre_educatiu.pdf\" target=\"_blank\" rel=\"nofollow\">La lectura en un centre educatiu<\/a><\/li>\n<li><a href=\"https:\/\/drive.google.com\/file\/d\/0B-aYhJlfpUihREpwVTZxX3dlTGM\/edit?usp=sharing\" target=\"_blank\">Bibliograf\u00eda escolar. Imaginaci\u00f3.\u00a0(pdf)<\/a><\/li>\n<li><a href=\"https:\/\/drive.google.com\/file\/d\/0B-aYhJlfpUihWndXV0V5QlMteXM\/edit?usp=sharing\" target=\"_blank\">Bibliograf\u00eda escolar. Coneixements.\u00a0(pdf)<\/a><\/li>\n<li><a href=\"http:\/\/www.xtec.cat\/web\/projectes\/lectura\/gustperlalectura\/materialdidactic\" target=\"_blank\" rel=\"nofollow\">El gust per la lectura<\/a><\/li>\n<li><a href=\"http:\/\/www.clijcat.cat\/index.php\" target=\"_blank\" rel=\"nofollow\">Consell c\u00e1tala del llibre infantil,i juvenil.<\/a><\/li>\n<li><a href=\"http:\/\/www.beaba.info\/\" target=\"_blank\" rel=\"nofollow\">Autors ebrencs.\u00a0<\/a><\/li>\n<li><a href=\"http:\/\/leer.es\/\" target=\"_blank\" rel=\"nofollow\">Leer.es\u00a0<\/a><\/li>\n<li><a href=\"http:\/\/www.gretel.cat\/\" target=\"_blank\" rel=\"nofollow\">GRETEL. Grup de recerca en literatura infantil i juvenil i educaci\u00f3 literaria.\u00a0<\/a><\/li>\n<li><a href=\"https:\/\/www.quinsllibres.org\/serveis\/la-biblioteca-de-l-escola\" target=\"_blank\" rel=\"nofollow\">Quins llibres. La biblioteca de l\u2019escola. Associaci\u00f3 de Metres Rosa Sensat.\u00a0<\/a><\/li>\n<li><a href=\"http:\/\/www.lecturafacil.net\/content-management\/\" target=\"_blank\" rel=\"nofollow\">Lectura f\u00e0cil.\u00a0<\/a><\/li>\n<li><a href=\"http:\/\/www.xtec.cat\/crp-segria\/40-virtu\/contes\/index.htm\" target=\"_blank\" rel=\"nofollow\">Recull de contes infantils en l\u00ednia.\u00a0<\/a><\/li>\n<li><a href=\"https:\/\/drive.google.com\/file\/d\/0B-aYhJlfpUiha2dDQ0RBV2NyMkE\/edit?usp=sharing\" target=\"_blank\">\u00c0lbums il\u00b7lustrats (pdf)<\/a><\/li>\n<\/ul>\n<h3>Compet\u00e8ncia informacional i acc\u00e9s a la informaci\u00f3<\/h3>\n<ul>\n<li><a href=\"https:\/\/sites.google.com\/a\/xtec.cat\/cinfo-aula\/\" target=\"_blank\" rel=\"nofollow\">Compet\u00e8ncia informacional <\/a><\/li>\n<li><a href=\"https:\/\/sites.google.com\/a\/xtec.cat\/cinfoa-bbm\/home\" target=\"_blank\">Experi\u00e8ncies i recursos per a la compet\u00e8ncia informacional <\/a><\/li>\n<li><a href=\"http:\/\/competenciainformacionalrecursos.blogspot.com.es\/search\/label\/Familiarizarse%20con%20la%20biblioteca%20del%20centro\" target=\"_blank\">Competencia informacional s\u00ed. \u00bfPero c\u00f3mo? <\/a><\/li>\n<li><a href=\"http:\/\/cuadernodejorgepedrosa2.blogspot.com.es\/\" target=\"_blank\">Recursos TIC para bibliotecas escolares<\/a><\/li>\n<li><a href=\"http:\/\/www.educacontic.es\/\" target=\"_blank\" rel=\"nofollow\">Educ@conTIC. El uso de las TIC en el aula. <\/a><\/li>\n<\/ul>\n<h3>Relaci\u00f3 amb l\u2019entorn<\/h3>\n<ul>\n<li><a href=\"http:\/\/www20.gencat.cat\/portal\/site\/Biblioteques\/menuitem.6ac196a374f5a5b009671410b0c0e1a0\/?vgnextoid=ded81e1f0f090110VgnVCM1000000b0c1e0aRCRD&amp;vgnextchannel=ded81e1f0f0901\" target=\"_blank\" rel=\"nofollow\">Biblioteques Publiques de Catalunya<\/a><\/li>\n<li><a href=\"http:\/\/www.bibliotecamarcellidomingo.blogspot.com.es\/\" target=\"_blank\">Biblioteca Marcel\u00b7li Domingo<\/a><\/li>\n<li><a href=\"https:\/\/drive.google.com\/file\/d\/0B-aYhJlfpUihaS10VmFKNW4zQzQ\/edit?usp=sharing\" target=\"_blank\">Biblioteca escolar i biblioteca p\u00fablica: idees per a una col\u00b7laboraci\u00f3 (pdf)<\/a><\/li>\n<li><a href=\"https:\/\/drive.google.com\/file\/d\/0B-aYhJlfpUihLS1GT3N3T052ZU0\/edit?usp=sharing\" target=\"_blank\">Laboratori biblioteca escolar \u2013 biblioteca p\u00fablica\u00a0(pdf)<\/a><\/li>\n<\/ul>\n","protected":false},"excerpt":{"rendered":"<p>Recursos Butllet\u00ed del Banc de Recursos. La lectura: font de plaer i de coneixement Programa de biblioteca escolar &#8220;puntedu&#8221; del [&hellip;]<\/p>\n","protected":false},"author":5,"featured_media":0,"parent":0,"menu_order":0,"comment_status":"closed","ping_status":"closed","template":"","meta":{"_bbp_topic_count":0,"_bbp_reply_count":0,"_bbp_total_topic_count":0,"_bbp_total_reply_count":0,"_bbp_voice_count":0,"_bbp_anonymous_reply_count":0,"_bbp_topic_count_hidden":0,"_bbp_reply_count_hidden":0,"_bbp_forum_subforum_count":0,"site-sidebar-layout":"default","site-content-layout":"","ast-site-content-layout":"","site-content-style":"default","site-sidebar-style":"default","ast-global-header-display":"","ast-banner-title-visibility":"","ast-main-header-display":"","ast-hfb-above-header-display":"","ast-hfb-below-header-display":"","ast-hfb-mobile-header-display":"","site-post-title":"","ast-breadcrumbs-content":"","ast-featured-img":"","footer-sml-layout":"","theme-transparent-header-meta":"","adv-header-id-meta":"","stick-header-meta":"","header-above-stick-meta":"","header-main-stick-meta":"","header-below-stick-meta":"","astra-migrate-meta-layouts":"default","ast-page-background-enabled":"default","ast-page-background-meta":{"desktop":{"background-color":"var(--ast-global-color-4)","background-image":"","background-repeat":"repeat","background-position":"center center","background-size":"auto","background-attachment":"scroll","background-type":"","background-media":"","overlay-type":"","overlay-color":"","overlay-opacity":"","overlay-gradient":""},"tablet":{"background-color":"","background-image":"","background-repeat":"repeat","background-position":"center center","background-size":"auto","background-attachment":"scroll","background-type":"","background-media":"","overlay-type":"","overlay-color":"","overlay-opacity":"","overlay-gradient":""},"mobile":{"background-color":"","background-image":"","background-repeat":"repeat","background-position":"center center","background-size":"auto","background-attachment":"scroll","background-type":"","background-media":"","overlay-type":"","overlay-color":"","overlay-opacity":"","overlay-gradient":""}},"ast-content-background-meta":{"desktop":{"background-color":"var(--ast-global-color-5)","background-image":"","background-repeat":"repeat","background-position":"center center","background-size":"auto","background-attachment":"scroll","background-type":"","background-media":"","overlay-type":"","overlay-color":"","overlay-opacity":"","overlay-gradient":""},"tablet":{"background-color":"var(--ast-global-color-5)","background-image":"","background-repeat":"repeat","background-position":"center center","background-size":"auto","background-attachment":"scroll","background-type":"","background-media":"","overlay-type":"","overlay-color":"","overlay-opacity":"","overlay-gradient":""},"mobile":{"background-color":"var(--ast-global-color-5)","background-image":"","background-repeat":"repeat","background-position":"center center","background-size":"auto","background-attachment":"scroll","background-type":"","background-media":"","overlay-type":"","overlay-color":"","overlay-opacity":"","overlay-gradient":""}},"footnotes":""},"class_list":["post-2070","page","type-page","status-publish","hentry"],"post_mailing_queue_ids":[],"_links":{"self":[{"href":"https:\/\/serveiseducatius.xtec.cat\/baixebre\/wp-json\/wp\/v2\/pages\/2070","targetHints":{"allow":["GET"]}}],"collection":[{"href":"https:\/\/serveiseducatius.xtec.cat\/baixebre\/wp-json\/wp\/v2\/pages"}],"about":[{"href":"https:\/\/serveiseducatius.xtec.cat\/baixebre\/wp-json\/wp\/v2\/types\/page"}],"author":[{"embeddable":true,"href":"https:\/\/serveiseducatius.xtec.cat\/baixebre\/wp-json\/wp\/v2\/users\/5"}],"replies":[{"embeddable":true,"href":"https:\/\/serveiseducatius.xtec.cat\/baixebre\/wp-json\/wp\/v2\/comments?post=2070"}],"version-history":[{"count":1,"href":"https:\/\/serveiseducatius.xtec.cat\/baixebre\/wp-json\/wp\/v2\/pages\/2070\/revisions"}],"predecessor-version":[{"id":2071,"href":"https:\/\/serveiseducatius.xtec.cat\/baixebre\/wp-json\/wp\/v2\/pages\/2070\/revisions\/2071"}],"wp:attachment":[{"href":"https:\/\/serveiseducatius.xtec.cat\/baixebre\/wp-json\/wp\/v2\/media?parent=2070"}],"curies":[{"name":"wp","href":"https:\/\/api.w.org\/{rel}","templated":true}]}}