{"id":1955,"date":"2016-02-09T17:20:45","date_gmt":"2016-02-09T16:20:45","guid":{"rendered":"http:\/\/serveiseducatius.xtec.cat\/se-baixebre\/?page_id=1955"},"modified":"2016-02-10T10:29:21","modified_gmt":"2016-02-10T09:29:21","slug":"apunts-de-la-formacio","status":"publish","type":"page","link":"https:\/\/serveiseducatius.xtec.cat\/baixebre\/innovacio-2\/projecte-de-servei-comunitari\/apunts-de-la-formacio\/","title":{"rendered":"Apunts de la formaci\u00f3"},"content":{"rendered":"<p style=\"text-align: justify;\"><span style=\"font-size: medium;\"><span style=\"font-size: medium;\">Recull d&#8217;apunts de la formaci\u00f3 realitzada a Terres de l&#8217;Ebre en relaci\u00f3 al pilotatge del Projecte ApS impulsat pel Departament d&#8217;Ensenyament i el Centre promotor de ApS (integrat a la Fundaci\u00f3 Bofill).<\/span><\/span><\/p>\n<p>Dades de la formaci\u00f3<\/p>\n<ul>\n<li style=\"text-align: justify;\"><span style=\"font-size: medium;\"><b>Formador:<\/b> Antoni Poch.<\/span><\/li>\n<li style=\"text-align: justify;\"><span style=\"font-size: medium;\"><b>Dates:<\/b> 6, 13 i 20 de febrer, i 6 de mar\u00e7 de 2013.<br \/>\n<\/span><\/li>\n<li style=\"text-align: justify;\"><span style=\"font-size: medium;\"><b>Objectiu:<\/b> adquirir pr\u00e0ctica en el disseny d&#8217;activitats ApS.<\/span><\/li>\n<li style=\"text-align: justify;\"><span style=\"font-size: medium;\"><b>Lloc de realitzaci\u00f3:<\/b> Serveis Educatius del Montsi\u00e0<\/span><\/li>\n<\/ul>\n<p><span style=\"font-size: medium;\"><a href=\"http:\/\/serveiseducatius.xtec.cat\/se-baixebre\/wp-content\/uploads\/usu624\/2016\/02\/foto.jpg\"><img loading=\"lazy\" decoding=\"async\" class=\" size-full wp-image-1971 aligncenter\" src=\"http:\/\/serveiseducatius.xtec.cat\/se-baixebre\/wp-content\/uploads\/usu624\/2016\/02\/foto.jpg\" alt=\"foto\" width=\"320\" height=\"240\" srcset=\"https:\/\/serveiseducatius.xtec.cat\/baixebre\/wp-content\/uploads\/usu624\/2016\/02\/foto.jpg 320w, https:\/\/serveiseducatius.xtec.cat\/baixebre\/wp-content\/uploads\/usu624\/2016\/02\/foto-300x225.jpg 300w, https:\/\/serveiseducatius.xtec.cat\/baixebre\/wp-content\/uploads\/usu624\/2016\/02\/foto-200x150.jpg 200w\" sizes=\"auto, (max-width: 320px) 100vw, 320px\" \/><\/a><\/span><\/p>\n<div>\n<div style=\"text-align: justify;\"><span style=\"font-size: medium;\">Notes destacades:<\/span><\/div>\n<ul>\n<li style=\"text-align: justify;\"><span style=\"font-size: medium;\">els <b>fonaments de l&#8217;ApS<\/b> (considerat com una metodologia d&#8217;aprenentatge) cal cercar-los a principis del segle XX amb <a href=\"http:\/\/ca.wikipedia.org\/wiki\/William_James\" target=\"_blank\" rel=\"nofollow\">Williams James<\/a> i <a href=\"http:\/\/ca.wikipedia.org\/wiki\/John_Dewey\" target=\"_blank\" rel=\"nofollow\">John Dewey<\/a>;<\/span><\/li>\n<li style=\"text-align: justify;\"><span style=\"font-size: medium;\">a casa nostra, <b>Catalunya<\/b>, els or\u00edgens els trobem en els <a href=\"http:\/\/ca.wikipedia.org\/wiki\/Institut-Escola_de_la_Generalitat_de_Catalunya\" target=\"_blank\" rel=\"nofollow\">Instituts-Escola<\/a>, <a href=\"http:\/\/ca.wikipedia.org\/wiki\/Escola_nova\" target=\"_blank\" rel=\"nofollow\">l&#8217;Escola Nova<\/a> o <a href=\"http:\/\/es.wikipedia.org\/wiki\/Pedagog%C3%ADa_progresista\" target=\"_blank\" rel=\"nofollow\">l&#8217;Escola Activa<\/a>;<\/span><\/li>\n<li style=\"text-align: justify;\"><span style=\"font-size: medium;\">cal aproximar-se a l&#8217;Aprenentatge-Servei com:<\/span>\n<ul>\n<li style=\"text-align: justify;\"><span style=\"font-size: medium;\">una manera d&#8217;entendre la ciutadania;<\/span><\/li>\n<li style=\"text-align: justify;\"><span style=\"font-size: medium;\">una manera d&#8217;entendre l&#8217;aprenentatge<\/span><\/li>\n<li style=\"text-align: justify;\"><span style=\"font-size: medium;\">una manera d&#8217;entendre l&#8217;aprenentatge en valors;<br \/>\n<\/span><\/li>\n<\/ul>\n<\/li>\n<\/ul>\n<\/div>\n<div>\n<ul>\n<li style=\"text-align: justify;\"><span style=\"font-size: medium;\"><b>re<\/b><span style=\"font-size: medium;\"><b>quisits b\u00e0sics<\/b> vinculats a l&#8217;ApS: Aprenentatge &#8211; Servei <b>&gt;&gt;<\/b> Projecte &#8211; Participaci\u00f3 <b>&gt;&gt;<\/b> Reflexi\u00f3<\/span><\/span>;<\/li>\n<li style=\"text-align: justify;\"><span style=\"font-size: medium;\"><span style=\"font-size: medium;\"><span style=\"font-size: medium;\"><span style=\"font-size: medium;\">tenir en compte l&#8217;<b>escala de <\/b><span style=\"font-size: medium;\"><b>la participaci\u00f3<\/b> (de <a href=\"https:\/\/sites.google.com\/\">Roger Hart<\/a>) pel que fa al grau de participaci\u00f3 de l&#8217;alumnat<\/span><\/span>:<\/span><\/span><\/span><\/li>\n<\/ul>\n<div><a href=\"http:\/\/serveiseducatius.xtec.cat\/se-baixebre\/wp-content\/uploads\/usu624\/2016\/02\/image.jpg\"><img loading=\"lazy\" decoding=\"async\" class=\" size-full wp-image-1972 aligncenter\" src=\"http:\/\/serveiseducatius.xtec.cat\/se-baixebre\/wp-content\/uploads\/usu624\/2016\/02\/image.jpg\" alt=\"image\" width=\"571\" height=\"491\" srcset=\"https:\/\/serveiseducatius.xtec.cat\/baixebre\/wp-content\/uploads\/usu624\/2016\/02\/image.jpg 571w, https:\/\/serveiseducatius.xtec.cat\/baixebre\/wp-content\/uploads\/usu624\/2016\/02\/image-300x258.jpg 300w\" sizes=\"auto, (max-width: 571px) 100vw, 571px\" \/><\/a><\/div>\n<div style=\"text-align: right;\"><b><span style=\"font-size: small;\">(font: <a href=\"http:\/\/www.eduso.net\/res\/?b=10&amp;c=90&amp;n=238\" rel=\"nofollow\">http:\/\/www.eduso.net\/res\/?b=10&amp;c=90&amp;n=238<\/a>)<\/span><\/b><\/div>\n<ul>\n<li style=\"text-align: justify;\"><span style=\"font-size: medium;\"><span style=\"font-size: medium;\"><span style=\"font-size: medium;\"><span style=\"font-size: medium;\">text de refer\u00e8ncia: &#8220;<i>Educaci\u00f3n para el desarrollo<\/i>&#8220;<span style=\"font-size: medium;\">. Gu\u00eda de <b>UNICEF<\/b> para el aprendizaje global. 1992. Autor: <b>Su<span style=\"font-size: medium;\">s<\/span>an Fountain<\/b><span style=\"font-size: medium;\">;<\/span><\/span><\/span><\/span><\/span><\/span><\/li>\n<li style=\"text-align: justify;\"><span style=\"font-size: medium;\"><span style=\"font-size: medium;\"><span style=\"font-size: medium;\"><span style=\"font-size: medium;\"><span style=\"font-size: medium;\"><span style=\"font-size: medium;\"><span style=\"font-size: medium;\"><b>Roser Batlle<\/b> (<a href=\"http:\/\/roserbatlle.net\/\" rel=\"nofollow\">http:\/\/roserbatlle.net\/<\/a>) \u00e9s una de les referents en aques<span style=\"font-size: medium;\">ta tem\u00e0tica donat que <span style=\"font-size: medium;\">ja fa <span style=\"font-size: medium;\">molt de temps que hi est\u00e0 treballant<span style=\"font-size: medium;\">; en el seu espai web podrem trobar una gran quan<span style=\"font-size: medium;\">titat d&#8217;informacions i refer\u00e8ncies;<\/span><\/span><\/span><\/span><\/span><\/span><\/span><\/span><\/span><\/span><\/span><\/span><\/li>\n<li style=\"text-align: justify;\"><span style=\"font-size: medium;\"><span style=\"font-size: medium;\"><span style=\"font-size: medium;\"><span style=\"font-size: medium;\"><span style=\"font-size: medium;\"><span style=\"font-size: medium;\"><span style=\"font-size: medium;\"><span style=\"font-size: medium;\"><span style=\"font-size: medium;\"><span style=\"font-size: medium;\"><span style=\"font-size: medium;\"><span style=\"font-size: medium;\">tamb\u00e9 \u00e9s <span style=\"font-size: medium;\">un interessant punt de re<span style=\"font-size: medium;\">fer\u00e8ncia <b>Maria Nieves Tapia<\/b> (Argentina); veure enregistrament de la seva intervenci\u00f3 en <a href=\"http:\/\/www.debats.cat\/ca\/ponents\/maria-nieves-tapia\" target=\"_blank\" rel=\"nofollow\">Debats d&#8217;Educaci\u00f3<\/a>;<\/span><\/span><\/span><\/span><\/span><\/span><\/span><\/span><\/span><\/span><\/span><\/span><\/span><\/span><\/li>\n<li style=\"text-align: justify;\"><span style=\"font-size: medium;\"><span style=\"font-size: medium;\"><span style=\"font-size: medium;\"><span style=\"font-size: medium;\"><span style=\"font-size: medium;\"><span style=\"font-size: medium;\"><span style=\"font-size: medium;\"><span style=\"font-size: medium;\"><span style=\"font-size: medium;\"><span style=\"font-size: medium;\"><span style=\"font-size: medium;\"><span style=\"font-size: medium;\"><span style=\"font-size: medium;\"><span style=\"font-size: medium;\">consultar i revisar els mate<span style=\"font-size: medium;\">rials que hi ha disponibles a XTEC referents als <b>Plans Educatius d&#8217;Entorn<\/b>(<a href=\"http:\/\/www.xtec.cat\/web\/comunitat\/entorn_pee\" rel=\"nofollow\">http:\/\/www.xtec.cat\/web\/comunitat\/entorn_pee<\/a>)<\/span>;<\/span><\/span><\/span><\/span><\/span><\/span><\/span><\/span><\/span><\/span><\/span><\/span><\/span><\/span><\/li>\n<li style=\"text-align: justify;\"><span style=\"font-size: medium;\"><span style=\"font-size: medium;\"><span style=\"font-size: medium;\"><span style=\"font-size: medium;\"><span style=\"font-size: medium;\"><span style=\"font-size: medium;\"><span style=\"font-size: medium;\"><span style=\"font-size: medium;\"><span style=\"font-size: medium;\"><span style=\"font-size: medium;\"><span style=\"font-size: medium;\"><span style=\"font-size: medium;\"><span style=\"font-size: medium;\"><span style=\"font-size: medium;\">el Projecte ApS que elabora un centre educatiu ha d&#8217;es<span style=\"font-size: medium;\">tar incl<span style=\"font-size: medium;\">\u00f2s dins del <b>PEC<\/b>, la <b>Programaci\u00f3 Anual de Centre<\/b> i ha d&#8217;estar aprovat pel<b>Consell Escolar<\/b>;<\/span><\/span><\/span><\/span><\/span><\/span><\/span><\/span><\/span><\/span><\/span><\/span><\/span><\/span><\/span><\/span><\/li>\n<li style=\"text-align: justify;\"><span style=\"font-size: medium;\"><span style=\"font-size: medium;\"><span style=\"font-size: medium;\"><span style=\"font-size: medium;\"><span style=\"font-size: medium;\"><span style=\"font-size: medium;\"><span style=\"font-size: medium;\"><span style=\"font-size: medium;\"><span style=\"font-size: medium;\"><span style=\"font-size: medium;\"><span style=\"font-size: medium;\"><span style=\"font-size: medium;\"><span style=\"font-size: medium;\"><span style=\"font-size: medium;\"><span style=\"font-size: medium;\"><span style=\"font-size: medium;\"><span style=\"font-size: medium;\">el projecte <b>ApS s&#8217;ha de fonamentar<\/b> en:<\/span><\/span><\/span><\/span><\/span><\/span><\/span><\/span><\/span><\/span><\/span><\/span><\/span><\/span><\/span><\/span><\/span>\n<ul style=\"text-align: justify;\">\n<li><span style=\"font-size: medium;\"><span style=\"font-size: medium;\"><span style=\"font-size: medium;\"><span style=\"font-size: medium;\"><span style=\"font-size: medium;\"><span style=\"font-size: medium;\"><span style=\"font-size: medium;\"><span style=\"font-size: medium;\"><span style=\"font-size: medium;\"><span style=\"font-size: medium;\"><span style=\"font-size: medium;\"><span style=\"font-size: medium;\"><span style=\"font-size: medium;\"><span style=\"font-size: medium;\"><span style=\"font-size: medium;\"><span style=\"font-size: medium;\"><span style=\"font-size: medium;\"><span style=\"font-size: medium;\">partir d&#8217;una necessitat real;<\/span><\/span><\/span><\/span><\/span><\/span><\/span><\/span><\/span><\/span><\/span><\/span><\/span><\/span><\/span><\/span><\/span><\/span><\/li>\n<li><span style=\"font-size: medium;\"><span style=\"font-size: medium;\"><span style=\"font-size: medium;\"><span style=\"font-size: medium;\"><span style=\"font-size: medium;\"><span style=\"font-size: medium;\"><span style=\"font-size: medium;\"><span style=\"font-size: medium;\"><span style=\"font-size: medium;\"><span style=\"font-size: medium;\"><span style=\"font-size: medium;\"><span style=\"font-size: medium;\"><span style=\"font-size: medium;\"><span style=\"font-size: medium;\"><span style=\"font-size: medium;\"><span style=\"font-size: medium;\"><span style=\"font-size: medium;\"><span style=\"font-size: medium;\"><span style=\"font-size: medium;\">ha de ser una activitat programada;<\/span><\/span><\/span><\/span><\/span><\/span><\/span><\/span><\/span><\/span><\/span><\/span><\/span><\/span><\/span><\/span><\/span><\/span><\/span><\/li>\n<li><span style=\"font-size: medium;\"><span style=\"font-size: medium;\"><span style=\"font-size: medium;\"><span style=\"font-size: medium;\"><span style=\"font-size: medium;\"><span style=\"font-size: medium;\"><span style=\"font-size: medium;\"><span style=\"font-size: medium;\"><span style=\"font-size: medium;\"><span style=\"font-size: medium;\"><span style=\"font-size: medium;\"><span style=\"font-size: medium;\"><span style=\"font-size: medium;\"><span style=\"font-size: medium;\"><span style=\"font-size: medium;\"><span style=\"font-size: medium;\"><span style=\"font-size: medium;\"><span style=\"font-size: medium;\"><span style=\"font-size: medium;\"><span style=\"font-size: medium;\">ha d<span style=\"font-size: medium;\">&#8216;incorporar el treball en xarxa;<\/span><\/span><\/span><\/span><\/span><\/span><\/span><\/span><\/span><\/span><\/span><\/span><\/span><\/span><\/span><\/span><\/span><\/span><\/span><\/span><\/span><\/li>\n<li><span style=\"font-size: medium;\"><span style=\"font-size: medium;\"><span style=\"font-size: medium;\"><span style=\"font-size: medium;\"><span style=\"font-size: medium;\"><span style=\"font-size: medium;\"><span style=\"font-size: medium;\"><span style=\"font-size: medium;\"><span style=\"font-size: medium;\"><span style=\"font-size: medium;\"><span style=\"font-size: medium;\"><span style=\"font-size: medium;\"><span style=\"font-size: medium;\"><span style=\"font-size: medium;\"><span style=\"font-size: medium;\"><span style=\"font-size: medium;\"><span style=\"font-size: medium;\"><span style=\"font-size: medium;\"><span style=\"font-size: medium;\"><span style=\"font-size: medium;\"><span style=\"font-size: medium;\"><span style=\"font-size: medium;\">ha de tenir elements de reciprocitat;<\/span><\/span><\/span><\/span><\/span><\/span><\/span><\/span><\/span><\/span><\/span><\/span><\/span><\/span><\/span><\/span><\/span><\/span><\/span><\/span><\/span><\/span><\/li>\n<li><span style=\"font-size: medium;\"><span style=\"font-size: medium;\"><span style=\"font-size: medium;\"><span style=\"font-size: medium;\"><span style=\"font-size: medium;\"><span style=\"font-size: medium;\"><span style=\"font-size: medium;\"><span style=\"font-size: medium;\"><span style=\"font-size: medium;\"><span style=\"font-size: medium;\"><span style=\"font-size: medium;\"><span style=\"font-size: medium;\"><span style=\"font-size: medium;\"><span style=\"font-size: medium;\"><span style=\"font-size: medium;\"><span style=\"font-size: medium;\"><span style=\"font-size: medium;\"><span style=\"font-size: medium;\"><span style=\"font-size: medium;\"><span style=\"font-size: medium;\"><span style=\"font-size: medium;\"><span style=\"font-size: medium;\"><span style=\"font-size: medium;\">s&#8217;ha de <span style=\"font-size: medium;\">portar a terme d&#8217;una manera conscient;<\/span><\/span><br \/>\n<\/span><\/span><\/span><\/span><\/span><\/span><\/span><\/span><\/span><\/span><\/span><\/span><\/span><\/span><\/span><\/span><\/span><\/span><\/span><\/span><\/span><\/span><\/li>\n<\/ul>\n<\/li>\n<li style=\"text-align: justify;\"><span style=\"font-size: medium;\"><span style=\"font-size: medium;\"><span style=\"font-size: medium;\"><span style=\"font-size: medium;\"><span style=\"font-size: medium;\"><span style=\"font-size: medium;\"><span style=\"font-size: medium;\"><span style=\"font-size: medium;\"><span style=\"font-size: medium;\"><span style=\"font-size: medium;\"><span style=\"font-size: medium;\"><span style=\"font-size: medium;\"><span style=\"font-size: medium;\"><span style=\"font-size: medium;\"><span style=\"font-size: medium;\"><span style=\"font-size: medium;\"><span style=\"font-size: medium;\"><span style=\"font-size: medium;\">\u00e9s indiferent quin sigui el punt d&#8217;inici del projecte (aprenentatge<span style=\"font-size: medium;\"> o servei<\/span>), all\u00f2 important \u00e9s partir de la <span style=\"font-size: medium;\"><b>detecci\u00f3 d&#8217;una necessitat<\/b>;<\/span><\/span><\/span><\/span><\/span><\/span><\/span><\/span><\/span><\/span><\/span><\/span><\/span><\/span><\/span><\/span><\/span><\/span><\/span><\/li>\n<li style=\"text-align: justify;\"><span style=\"font-size: medium;\"><span style=\"font-size: medium;\"><span style=\"font-size: medium;\"><span style=\"font-size: medium;\"><span style=\"font-size: medium;\"><span style=\"font-size: medium;\"><span style=\"font-size: medium;\"><span style=\"font-size: medium;\"><span style=\"font-size: medium;\"><span style=\"font-size: medium;\"><span style=\"font-size: medium;\"><span style=\"font-size: medium;\"><span style=\"font-size: medium;\"><span style=\"font-size: medium;\"><span style=\"font-size: medium;\"><span style=\"font-size: medium;\"><span style=\"font-size: medium;\"><span style=\"font-size: medium;\"><span style=\"font-size: medium;\"><span style=\"font-size: medium;\">un centre educatiu pot portar a terme <b>diversos projectes ApS<\/b> (no massa, tampoc) en funci<span style=\"font-size: medium;\">\u00f3 de les caracter\u00edstiques i diferents necessitats que hi hagi;<\/span><\/span><\/span><\/span><\/span><\/span><\/span><\/span><\/span><\/span><\/span><\/span><\/span><\/span><\/span><\/span><\/span><\/span><\/span><\/span><\/span><\/li>\n<li style=\"text-align: justify;\"><span style=\"font-size: medium;\"><span style=\"font-size: medium;\"><span style=\"font-size: medium;\"><span style=\"font-size: medium;\"><span style=\"font-size: medium;\"><span style=\"font-size: medium;\"><span style=\"font-size: medium;\"><span style=\"font-size: medium;\"><span style=\"font-size: medium;\"><span style=\"font-size: medium;\"><span style=\"font-size: medium;\"><span style=\"font-size: medium;\"><span style=\"font-size: medium;\"><span style=\"font-size: medium;\"><span style=\"font-size: medium;\"><span style=\"font-size: medium;\"><span style=\"font-size: medium;\"><span style=\"font-size: medium;\"><span style=\"font-size: medium;\"><span style=\"font-size: medium;\"><span style=\"font-size: medium;\"><span style=\"font-size: medium;\">cal que pa<span style=\"font-size: medium;\">rticipin <\/span>en <b>l&#8217;avaluaci\u00f3<\/b> del Projecte ApS els diferents<\/span> agents implicats;<\/span><\/span><\/span><\/span><\/span><\/span><\/span><\/span><\/span><\/span><\/span><\/span><\/span><\/span><\/span><\/span><\/span><\/span><\/span><\/span><\/span><\/li>\n<li style=\"text-align: justify;\"><span style=\"font-size: medium;\"><span style=\"font-size: medium;\"><span style=\"font-size: medium;\"><span style=\"font-size: medium;\"><span style=\"font-size: medium;\"><span style=\"font-size: medium;\"><span style=\"font-size: medium;\"><span style=\"font-size: medium;\"><span style=\"font-size: medium;\"><span style=\"font-size: medium;\"><span style=\"font-size: medium;\"><span style=\"font-size: medium;\"><span style=\"font-size: medium;\"><span style=\"font-size: medium;\"><span style=\"font-size: medium;\"><span style=\"font-size: medium;\"><span style=\"font-size: medium;\"><span style=\"font-size: medium;\"><span style=\"font-size: medium;\"><span style=\"font-size: medium;\"><span style=\"font-size: medium;\"><span style=\"font-size: medium;\">es <span style=\"font-size: medium;\">va fer refer\u00e8ncia i consultar en diversos moments de les sessions de formaci\u00f3 el document de <i><b>&#8220;Preguntes m\u00e9s freq\u00fcents&#8221;<\/b><\/i> elaborat pel Departament d&#8217;Ensenyament i<span style=\"font-size: medium;\"> que, en aquest es<span style=\"font-size: medium;\">pai web, <span style=\"font-size: medium;\">est\u00e0 disponible a l&#8217;adre\u00e7a <a href=\"https:\/\/sites.google.com\/a\/xtec.cat\/projecte-aps---terres-de-l-ebre\/preguntes-mes-frequeents\">https:\/\/sites.google.com\/a\/xtec.cat\/projecte-aps&#8212;terres-de-l-ebre\/preguntes-mes-frequeents<\/a><\/span><\/span><\/span> ;<br \/>\n<\/span><\/span><\/span><\/span><\/span><\/span><\/span><\/span><\/span><\/span><\/span><\/span><\/span><\/span><\/span><\/span><\/span><\/span><\/span><\/span><\/span><\/span><\/span><\/li>\n<li style=\"text-align: justify;\"><span style=\"font-size: medium;\"><span style=\"font-size: medium;\"><span style=\"font-size: medium;\"><span style=\"font-size: medium;\"><span style=\"font-size: medium;\"><span style=\"font-size: medium;\"><span style=\"font-size: medium;\"><span style=\"font-size: medium;\"><span style=\"font-size: medium;\"><span style=\"font-size: medium;\"><span style=\"font-size: medium;\"><span style=\"font-size: medium;\"><span style=\"font-size: medium;\"><span style=\"font-size: medium;\"><span style=\"font-size: medium;\"><span style=\"font-size: medium;\"><span style=\"font-size: medium;\"><span style=\"font-size: medium;\"><span style=\"font-size: medium;\"><span style=\"font-size: medium;\"><span style=\"font-size: medium;\"><span style=\"font-size: medium;\"><span style=\"font-size: medium;\">per millorar en la capacitat de formular <b>bones preguntes<\/b>, consultar la llic\u00e8ncia d&#8217;estudis de Montserrat Roca (Curs 2005-2006), que porta per t\u00edtol &#8220;<i>Aprendre i ensenyar a formular bones preguntes. Una compet\u00e8ncia a desenvolupar en el professorat i en l&#8217;alumnat<\/i>&#8220;.<\/span><\/span> El text complet d&#8217;aquesta llic\u00e8ncia el podreu trobar en el PDF que hi ha a la part inferior de la p\u00e0gina.<\/span><\/span><\/span><\/span><\/span><\/span><\/span><\/span><\/span><\/span><\/span><\/span><\/span><\/span><\/span><\/span><\/span><\/span><\/span><\/span><\/span><\/li>\n<\/ul>\n<hr \/>\n<p><span style=\"font-size: medium;\">Tot seguit, es poden consultar\u00a0les presentacions que es va utilitzar durant la formaci\u00f3 Antoni Poch:<\/span><\/div>\n<ul>\n<li>El Servei Comunitari:\u00a0<a href=\"https:\/\/docs.google.com\/presentation\/d\/1TA_TcYIO0sZMb5jj3WlmljUs_boysbiPf_HB2jh2VxQ\/edit?authuser=0\" target=\"_blank\">Part 1\/5<\/a><\/li>\n<li>Imatges per pensar una mica:\u00a0<a href=\"https:\/\/docs.google.com\/presentation\/d\/1speJ5tsQv8tBPKpSNzIuby-ZCJfc6xfpU0rbdjUbLfg\/edit?authuser=0\" target=\"_blank\">Part 2\/5<\/a><\/li>\n<li>Qu\u00e8 \u00e9s l&#8217;aprenentatge-servei?:\u00a0<a href=\"https:\/\/docs.google.com\/presentation\/d\/1Dc3u7_pnK31uOAcI3IToDUH-7texgfdwGosiI9MsjU8\/edit?authuser=0\" target=\"_blank\">Part 3\/5<\/a><\/li>\n<li>Quins serveis i quins aprenentatges s\u00f3n possibles?:\u00a0<a href=\"https:\/\/docs.google.com\/presentation\/d\/1Ubx5lssxZ17dMURAr4deAHLhQVlmBn_rz3spucMrvNw\/edit?authuser=0\" target=\"_blank\">Part 4\/5<\/a><\/li>\n<li>Qu\u00e8 hi ha a Catalunya?:\u00a0<a href=\"https:\/\/docs.google.com\/presentation\/d\/1OpA3dzR9uyNdVxerCLveaMUodGmQ0_5DsUcCd_0MyiU\/edit?authuser=0\" target=\"_blank\">Part 5\/5<\/a><\/li>\n<\/ul>\n","protected":false},"excerpt":{"rendered":"<p>Recull d&#8217;apunts de la formaci\u00f3 realitzada a Terres de l&#8217;Ebre en relaci\u00f3 al pilotatge del Projecte ApS impulsat pel Departament [&hellip;]<\/p>\n","protected":false},"author":5,"featured_media":0,"parent":1933,"menu_order":0,"comment_status":"closed","ping_status":"closed","template":"","meta":{"_bbp_topic_count":0,"_bbp_reply_count":0,"_bbp_total_topic_count":0,"_bbp_total_reply_count":0,"_bbp_voice_count":0,"_bbp_anonymous_reply_count":0,"_bbp_topic_count_hidden":0,"_bbp_reply_count_hidden":0,"_bbp_forum_subforum_count":0,"site-sidebar-layout":"default","site-content-layout":"","ast-site-content-layout":"","site-content-style":"default","site-sidebar-style":"default","ast-global-header-display":"","ast-banner-title-visibility":"","ast-main-header-display":"","ast-hfb-above-header-display":"","ast-hfb-below-header-display":"","ast-hfb-mobile-header-display":"","site-post-title":"","ast-breadcrumbs-content":"","ast-featured-img":"","footer-sml-layout":"","theme-transparent-header-meta":"","adv-header-id-meta":"","stick-header-meta":"","header-above-stick-meta":"","header-main-stick-meta":"","header-below-stick-meta":"","astra-migrate-meta-layouts":"default","ast-page-background-enabled":"default","ast-page-background-meta":{"desktop":{"background-color":"var(--ast-global-color-4)","background-image":"","background-repeat":"repeat","background-position":"center center","background-size":"auto","background-attachment":"scroll","background-type":"","background-media":"","overlay-type":"","overlay-color":"","overlay-opacity":"","overlay-gradient":""},"tablet":{"background-color":"","background-image":"","background-repeat":"repeat","background-position":"center center","background-size":"auto","background-attachment":"scroll","background-type":"","background-media":"","overlay-type":"","overlay-color":"","overlay-opacity":"","overlay-gradient":""},"mobile":{"background-color":"","background-image":"","background-repeat":"repeat","background-position":"center center","background-size":"auto","background-attachment":"scroll","background-type":"","background-media":"","overlay-type":"","overlay-color":"","overlay-opacity":"","overlay-gradient":""}},"ast-content-background-meta":{"desktop":{"background-color":"var(--ast-global-color-5)","background-image":"","background-repeat":"repeat","background-position":"center center","background-size":"auto","background-attachment":"scroll","background-type":"","background-media":"","overlay-type":"","overlay-color":"","overlay-opacity":"","overlay-gradient":""},"tablet":{"background-color":"var(--ast-global-color-5)","background-image":"","background-repeat":"repeat","background-position":"center center","background-size":"auto","background-attachment":"scroll","background-type":"","background-media":"","overlay-type":"","overlay-color":"","overlay-opacity":"","overlay-gradient":""},"mobile":{"background-color":"var(--ast-global-color-5)","background-image":"","background-repeat":"repeat","background-position":"center center","background-size":"auto","background-attachment":"scroll","background-type":"","background-media":"","overlay-type":"","overlay-color":"","overlay-opacity":"","overlay-gradient":""}},"footnotes":""},"class_list":["post-1955","page","type-page","status-publish","hentry"],"post_mailing_queue_ids":[],"_links":{"self":[{"href":"https:\/\/serveiseducatius.xtec.cat\/baixebre\/wp-json\/wp\/v2\/pages\/1955","targetHints":{"allow":["GET"]}}],"collection":[{"href":"https:\/\/serveiseducatius.xtec.cat\/baixebre\/wp-json\/wp\/v2\/pages"}],"about":[{"href":"https:\/\/serveiseducatius.xtec.cat\/baixebre\/wp-json\/wp\/v2\/types\/page"}],"author":[{"embeddable":true,"href":"https:\/\/serveiseducatius.xtec.cat\/baixebre\/wp-json\/wp\/v2\/users\/5"}],"replies":[{"embeddable":true,"href":"https:\/\/serveiseducatius.xtec.cat\/baixebre\/wp-json\/wp\/v2\/comments?post=1955"}],"version-history":[{"count":3,"href":"https:\/\/serveiseducatius.xtec.cat\/baixebre\/wp-json\/wp\/v2\/pages\/1955\/revisions"}],"predecessor-version":[{"id":1977,"href":"https:\/\/serveiseducatius.xtec.cat\/baixebre\/wp-json\/wp\/v2\/pages\/1955\/revisions\/1977"}],"up":[{"embeddable":true,"href":"https:\/\/serveiseducatius.xtec.cat\/baixebre\/wp-json\/wp\/v2\/pages\/1933"}],"wp:attachment":[{"href":"https:\/\/serveiseducatius.xtec.cat\/baixebre\/wp-json\/wp\/v2\/media?parent=1955"}],"curies":[{"name":"wp","href":"https:\/\/api.w.org\/{rel}","templated":true}]}}