{"id":1951,"date":"2016-02-09T17:18:27","date_gmt":"2016-02-09T16:18:27","guid":{"rendered":"http:\/\/serveiseducatius.xtec.cat\/se-baixebre\/?page_id=1951"},"modified":"2016-10-06T14:20:43","modified_gmt":"2016-10-06T13:20:43","slug":"pilotatge-del-projecte","status":"publish","type":"page","link":"https:\/\/serveiseducatius.xtec.cat\/baixebre\/innovacio-2\/projecte-de-servei-comunitari\/pilotatge-del-projecte\/","title":{"rendered":"Implantaci\u00f3 del projecte"},"content":{"rendered":"<p style=\"text-align: justify;\"><span style=\"font-size: medium;\"><span style=\"font-size: medium;\">El Departament d&#8217;Ensenyament t\u00e9 la voluntat d&#8217;impulsar la metodologia de l&#8217;aprenentatge-servei dins dels curr\u00edculums de les diverses mat\u00e8ries. Inicialment el plantejament va ser el de realitzar un pilotatge amb m\u00e9s d&#8217;un centenar llarg de centres d&#8217;Educaci\u00f3 Secund\u00e0ria Obligat\u00f2ria a tot Catalunya, i una vegada avaluats els resultats d&#8217;aquest pilotatge, proposar la seva extensi\u00f3 a tot el conjunt de centres educatius.\u00a0<\/span><\/span>Les dates m\u00e9s importants referides a aquest pilotatge del Projecte ApS s\u00f3n les seg\u00fcents:<\/p>\n<ul>\n<li style=\"text-align: justify;\"><b>curs 12-13:<\/b> els centres, que volunt\u00e0riament van participar\u00a0del pilotatge, van elaborar el seu projecte ApS;<\/li>\n<li style=\"text-align: justify;\"><span style=\"font-size: medium;\"><b>curs 13-14:<\/b> els centres participants del pilotatge van portar a terme el projecte ApS dissenyat durant el curs anterior;<\/span><\/li>\n<li style=\"text-align: justify;\"><span style=\"font-size: medium;\"><b>darrer trimestre del curs 13-14:<\/b>\u00a0es va realitzar una valoraci\u00f3 del projecte ApS per part dels centres que el van pilpotar, i el Departament d&#8217;Ensenyament, havent realitzat una valoraci\u00f3 del pilotatge en el seu conjunt, va valorar positivament l&#8217;aplicaci\u00f3 general a tot el sistema;<\/span><\/li>\n<li style=\"text-align: justify;\"><span style=\"font-size: medium;\"><b>curs 14-15:<\/b> el Projecte ApS s&#8217;amplia de forma progressiva a tots els centres de secund\u00e0ria;<\/span><\/li>\n<li style=\"text-align: justify;\"><strong>agost de 2015:<\/strong> el Departament d&#8217;ensenyament publica el\u00a0<strong><em><a href=\"http:\/\/dogc.gencat.cat\/ca\/pdogc_canals_interns\/pdogc_resultats_fitxa\/?action=fitxa&amp;documentId=701354&amp;language=ca_ES\" target=\"_blank\">DECRET 187\/2015<\/a>, de 25 d&#8217;agost, d&#8217;ordenaci\u00f3 dels ensenyaments de l&#8217;educaci\u00f3 secund\u00e0ria obligat\u00f2ria<\/em><\/strong>, on es recull l&#8217;obligatorietat que tots els centres d&#8217;ensenyament secundari obligatori insereixin el Projecte de Servei Comunitari en el seu curr\u00edculum\u00a0<strong><a href=\"http:\/\/serveiseducatius.xtec.cat\/baixebre\/innovacio-2\/projecte-de-servei-comunitari\/concrecions-i-aplicacio\/\">[llegir-ne la refer\u00e8ncia]<\/a><\/strong>.<\/li>\n<\/ul>\n<p><span style=\"font-size: medium;\"><span style=\"font-size: medium;\"><span style=\"font-size: medium;\"><span style=\"font-size: medium;\"><span style=\"font-size: medium;\"><span style=\"font-size: medium;\"><span style=\"font-size: medium;\"><span style=\"font-size: medium;\"><span style=\"font-size: medium;\"><span style=\"font-size: medium;\"><span style=\"font-size: medium;\"><span style=\"font-size: medium;\">Al Baix Ebre<span style=\"font-size: medium;\">, els centres que s&#8217;han anat incorporant al projecte de forma gradual:<\/span><\/span><\/span><\/span><\/span><\/span><\/span><\/span><\/span><\/span><\/span><\/span><\/span><\/p>\n<ul>\n<li>INS Blanca d&#8217;Anjou (El Perell\u00f3, des del\u00a0curs 13-14);<\/li>\n<li><span style=\"font-size: medium;\"><span style=\"font-size: medium;\"><span style=\"font-size: medium;\"><span style=\"font-size: medium;\"><span style=\"font-size: medium;\"><span style=\"font-size: medium;\"><span style=\"font-size: medium;\"><span style=\"font-size: medium;\"><span style=\"font-size: medium;\"><span style=\"font-size: medium;\"><span style=\"font-size: medium;\"><span style=\"font-size: medium;\"><span style=\"font-size: medium;\">INS Cri<span style=\"font-size: medium;\">st\u00f2fol Despuig (Tortosa<\/span><\/span><\/span><\/span><\/span><\/span><\/span><\/span><\/span><\/span><\/span><\/span><\/span><\/span><span style=\"font-size: medium;\"><span style=\"font-size: medium;\"><span style=\"font-size: medium;\"><span style=\"font-size: medium;\"><span style=\"font-size: medium;\"><span style=\"font-size: medium;\"><span style=\"font-size: medium;\"><span style=\"font-size: medium;\"><span style=\"font-size: medium;\"><span style=\"font-size: medium;\"><span style=\"font-size: medium;\"><span style=\"font-size: medium;\"><span style=\"font-size: medium;\"><span style=\"font-size: medium;\"><span style=\"font-size: medium;\"><span style=\"font-size: medium;\"><span style=\"font-size: medium;\"><span style=\"font-size: medium;\"><span style=\"font-size: medium;\"><span style=\"font-size: medium;\"><span style=\"font-size: medium;\"><span style=\"font-size: medium;\"><span style=\"font-size: medium;\"><span style=\"font-size: medium;\"><span style=\"font-size: medium;\"><span style=\"font-size: medium;\"><span style=\"font-size: medium;\">, des del\u00a0curs 13-14<\/span><\/span><\/span><\/span><\/span><\/span><\/span><\/span><\/span><\/span><\/span><\/span><\/span>);<br \/>\n<\/span><\/span><\/span><\/span><\/span><\/span><\/span><\/span><\/span><\/span><\/span><\/span><\/span><\/span><\/li>\n<li><span style=\"font-size: medium;\"><span style=\"font-size: medium;\"><span style=\"font-size: medium;\"><span style=\"font-size: medium;\"><span style=\"font-size: medium;\"><span style=\"font-size: medium;\"><span style=\"font-size: medium;\"><span style=\"font-size: medium;\"><span style=\"font-size: medium;\"><span style=\"font-size: medium;\"><span style=\"font-size: medium;\"><span style=\"font-size: medium;\"><span style=\"font-size: medium;\">INS de Deltebre (Delt<span style=\"font-size: medium;\">ebre<\/span><\/span><\/span><\/span><\/span><\/span><\/span><\/span><\/span><\/span><\/span><\/span><\/span><\/span><span style=\"font-size: medium;\"><span style=\"font-size: medium;\"><span style=\"font-size: medium;\"><span style=\"font-size: medium;\"><span style=\"font-size: medium;\"><span style=\"font-size: medium;\"><span style=\"font-size: medium;\"><span style=\"font-size: medium;\"><span style=\"font-size: medium;\"><span style=\"font-size: medium;\"><span style=\"font-size: medium;\"><span style=\"font-size: medium;\"><span style=\"font-size: medium;\"><span style=\"font-size: medium;\"><span style=\"font-size: medium;\"><span style=\"font-size: medium;\"><span style=\"font-size: medium;\"><span style=\"font-size: medium;\"><span style=\"font-size: medium;\"><span style=\"font-size: medium;\"><span style=\"font-size: medium;\"><span style=\"font-size: medium;\"><span style=\"font-size: medium;\"><span style=\"font-size: medium;\"><span style=\"font-size: medium;\"><span style=\"font-size: medium;\">, des del\u00a0curs 13-14<\/span><\/span><\/span><\/span><\/span><\/span><\/span><\/span><\/span><\/span><\/span><\/span><\/span>);<\/span><\/span><\/span><\/span><\/span><\/span><\/span><\/span><\/span><\/span><\/span><\/span><\/span><\/li>\n<li><span style=\"font-size: medium;\"><span style=\"font-size: medium;\"><span style=\"font-size: medium;\"><span style=\"font-size: medium;\"><span style=\"font-size: medium;\"><span style=\"font-size: medium;\"><span style=\"font-size: medium;\"><span style=\"font-size: medium;\"><span style=\"font-size: medium;\"><span style=\"font-size: medium;\"><span style=\"font-size: medium;\"><span style=\"font-size: medium;\"><span style=\"font-size: medium;\">INS Joaquim Bau (Tortosa<\/span><\/span><\/span><\/span><\/span><\/span><\/span><\/span><\/span><\/span><\/span><\/span><\/span><span style=\"font-size: medium;\"><span style=\"font-size: medium;\"><span style=\"font-size: medium;\"><span style=\"font-size: medium;\"><span style=\"font-size: medium;\"><span style=\"font-size: medium;\"><span style=\"font-size: medium;\"><span style=\"font-size: medium;\"><span style=\"font-size: medium;\"><span style=\"font-size: medium;\"><span style=\"font-size: medium;\"><span style=\"font-size: medium;\"><span style=\"font-size: medium;\"><span style=\"font-size: medium;\"><span style=\"font-size: medium;\"><span style=\"font-size: medium;\"><span style=\"font-size: medium;\"><span style=\"font-size: medium;\"><span style=\"font-size: medium;\"><span style=\"font-size: medium;\"><span style=\"font-size: medium;\"><span style=\"font-size: medium;\"><span style=\"font-size: medium;\"><span style=\"font-size: medium;\"><span style=\"font-size: medium;\"><span style=\"font-size: medium;\"><span style=\"font-size: medium;\">, des del\u00a0curs 13-14<\/span><\/span><\/span><\/span><\/span><\/span><\/span><\/span><\/span><\/span><\/span><\/span><\/span>);<\/span><\/span><\/span><\/span><\/span><\/span><\/span><\/span><\/span><\/span><\/span><\/span><\/span><\/span><\/li>\n<li><span style=\"font-size: medium;\"><span style=\"font-size: medium;\"><span style=\"font-size: medium;\"><span style=\"font-size: medium;\"><span style=\"font-size: medium;\"><span style=\"font-size: medium;\"><span style=\"font-size: medium;\"><span style=\"font-size: medium;\"><span style=\"font-size: medium;\"><span style=\"font-size: medium;\"><span style=\"font-size: medium;\"><span style=\"font-size: medium;\"><span style=\"font-size: medium;\">INS Mare de D<span style=\"font-size: medium;\">\u00e9u de la Candelera (Ametlla de Mar<\/span><\/span><\/span><\/span><\/span><\/span><\/span><\/span><\/span><\/span><\/span><\/span><\/span><\/span><span style=\"font-size: medium;\"><span style=\"font-size: medium;\"><span style=\"font-size: medium;\"><span style=\"font-size: medium;\"><span style=\"font-size: medium;\"><span style=\"font-size: medium;\"><span style=\"font-size: medium;\"><span style=\"font-size: medium;\"><span style=\"font-size: medium;\"><span style=\"font-size: medium;\"><span style=\"font-size: medium;\"><span style=\"font-size: medium;\"><span style=\"font-size: medium;\"><span style=\"font-size: medium;\"><span style=\"font-size: medium;\"><span style=\"font-size: medium;\"><span style=\"font-size: medium;\"><span style=\"font-size: medium;\"><span style=\"font-size: medium;\"><span style=\"font-size: medium;\"><span style=\"font-size: medium;\"><span style=\"font-size: medium;\"><span style=\"font-size: medium;\"><span style=\"font-size: medium;\"><span style=\"font-size: medium;\"><span style=\"font-size: medium;\"><span style=\"font-size: medium;\">, des del\u00a0curs 13-14<\/span><\/span><\/span><\/span><\/span><\/span><\/span><\/span><\/span><\/span><\/span><\/span><\/span>);<\/span><\/span><\/span><\/span><\/span><\/span><\/span><\/span><\/span><\/span><\/span><\/span><\/span><\/span><\/li>\n<li><span style=\"font-size: medium;\">INS de Camarles (Camarles<\/span><span style=\"font-size: medium;\">, des del\u00a0curs 14-15);<\/span><\/li>\n<li><span style=\"font-size: medium;\">INS ESC Daniel Mangran\u00e9\u00a0(Jes\u00fas-Tortosa<\/span><span style=\"font-size: medium;\">, des del\u00a0curs 14-15);<\/span><\/li>\n<li><span style=\"font-size: medium;\">COL Sagrada Fam\u00edlia (Tortosa<\/span><span style=\"font-size: medium;\">, des del\u00a0curs 14-15);<\/span><\/li>\n<li><span style=\"font-size: medium;\">COL Teresi\u00e0\u00a0(Tortosa<\/span><span style=\"font-size: medium;\">, des del\u00a0curs 14-15);<\/span><\/li>\n<li><span style=\"font-size: medium;\">INS de Roquetes\u00a0(Roquetes<\/span><span style=\"font-size: medium;\">, des del curs 16-17);<\/span><\/li>\n<li><span style=\"font-size: medium;\">COL Consol\u00b7laci\u00f3\u00a0(Tortosa<\/span><span style=\"font-size: medium;\">, pendent d&#8217;incorporar-se).<\/span><\/li>\n<\/ul>\n<p style=\"text-align: justify;\"><em>Els projectes que es realitzen en cada centre es troben recollits <strong><a href=\"http:\/\/serveiseducatius.xtec.cat\/baixebre\/nodes\/servei-comunitari\/docs\/\">[aqu\u00ed]<\/a><\/strong> en un espai privat. Poden ser consultats per qualsevol docent vinculat al projecte. En cas que hi vulgueu accedir ens podeu demanar acc\u00e9s i, de forma justificada, us hi afegirem.<\/em><\/p>\n<p>&nbsp;<\/p>\n","protected":false},"excerpt":{"rendered":"<p>El Departament d&#8217;Ensenyament t\u00e9 la voluntat d&#8217;impulsar la metodologia de l&#8217;aprenentatge-servei dins dels curr\u00edculums de les diverses mat\u00e8ries. Inicialment el [&hellip;]<\/p>\n","protected":false},"author":5,"featured_media":0,"parent":1933,"menu_order":0,"comment_status":"closed","ping_status":"closed","template":"","meta":{"_bbp_topic_count":0,"_bbp_reply_count":0,"_bbp_total_topic_count":0,"_bbp_total_reply_count":0,"_bbp_voice_count":0,"_bbp_anonymous_reply_count":0,"_bbp_topic_count_hidden":0,"_bbp_reply_count_hidden":0,"_bbp_forum_subforum_count":0,"site-sidebar-layout":"default","site-content-layout":"","ast-site-content-layout":"","site-content-style":"default","site-sidebar-style":"default","ast-global-header-display":"","ast-banner-title-visibility":"","ast-main-header-display":"","ast-hfb-above-header-display":"","ast-hfb-below-header-display":"","ast-hfb-mobile-header-display":"","site-post-title":"","ast-breadcrumbs-content":"","ast-featured-img":"","footer-sml-layout":"","theme-transparent-header-meta":"","adv-header-id-meta":"","stick-header-meta":"","header-above-stick-meta":"","header-main-stick-meta":"","header-below-stick-meta":"","astra-migrate-meta-layouts":"default","ast-page-background-enabled":"default","ast-page-background-meta":{"desktop":{"background-color":"var(--ast-global-color-4)","background-image":"","background-repeat":"repeat","background-position":"center center","background-size":"auto","background-attachment":"scroll","background-type":"","background-media":"","overlay-type":"","overlay-color":"","overlay-opacity":"","overlay-gradient":""},"tablet":{"background-color":"","background-image":"","background-repeat":"repeat","background-position":"center center","background-size":"auto","background-attachment":"scroll","background-type":"","background-media":"","overlay-type":"","overlay-color":"","overlay-opacity":"","overlay-gradient":""},"mobile":{"background-color":"","background-image":"","background-repeat":"repeat","background-position":"center center","background-size":"auto","background-attachment":"scroll","background-type":"","background-media":"","overlay-type":"","overlay-color":"","overlay-opacity":"","overlay-gradient":""}},"ast-content-background-meta":{"desktop":{"background-color":"var(--ast-global-color-5)","background-image":"","background-repeat":"repeat","background-position":"center center","background-size":"auto","background-attachment":"scroll","background-type":"","background-media":"","overlay-type":"","overlay-color":"","overlay-opacity":"","overlay-gradient":""},"tablet":{"background-color":"var(--ast-global-color-5)","background-image":"","background-repeat":"repeat","background-position":"center center","background-size":"auto","background-attachment":"scroll","background-type":"","background-media":"","overlay-type":"","overlay-color":"","overlay-opacity":"","overlay-gradient":""},"mobile":{"background-color":"var(--ast-global-color-5)","background-image":"","background-repeat":"repeat","background-position":"center center","background-size":"auto","background-attachment":"scroll","background-type":"","background-media":"","overlay-type":"","overlay-color":"","overlay-opacity":"","overlay-gradient":""}},"footnotes":""},"class_list":["post-1951","page","type-page","status-publish","hentry"],"post_mailing_queue_ids":[],"_links":{"self":[{"href":"https:\/\/serveiseducatius.xtec.cat\/baixebre\/wp-json\/wp\/v2\/pages\/1951","targetHints":{"allow":["GET"]}}],"collection":[{"href":"https:\/\/serveiseducatius.xtec.cat\/baixebre\/wp-json\/wp\/v2\/pages"}],"about":[{"href":"https:\/\/serveiseducatius.xtec.cat\/baixebre\/wp-json\/wp\/v2\/types\/page"}],"author":[{"embeddable":true,"href":"https:\/\/serveiseducatius.xtec.cat\/baixebre\/wp-json\/wp\/v2\/users\/5"}],"replies":[{"embeddable":true,"href":"https:\/\/serveiseducatius.xtec.cat\/baixebre\/wp-json\/wp\/v2\/comments?post=1951"}],"version-history":[{"count":4,"href":"https:\/\/serveiseducatius.xtec.cat\/baixebre\/wp-json\/wp\/v2\/pages\/1951\/revisions"}],"predecessor-version":[{"id":2628,"href":"https:\/\/serveiseducatius.xtec.cat\/baixebre\/wp-json\/wp\/v2\/pages\/1951\/revisions\/2628"}],"up":[{"embeddable":true,"href":"https:\/\/serveiseducatius.xtec.cat\/baixebre\/wp-json\/wp\/v2\/pages\/1933"}],"wp:attachment":[{"href":"https:\/\/serveiseducatius.xtec.cat\/baixebre\/wp-json\/wp\/v2\/media?parent=1951"}],"curies":[{"name":"wp","href":"https:\/\/api.w.org\/{rel}","templated":true}]}}