{"id":1945,"date":"2016-02-09T17:15:04","date_gmt":"2016-02-09T16:15:04","guid":{"rendered":"http:\/\/serveiseducatius.xtec.cat\/se-baixebre\/?page_id=1945"},"modified":"2016-10-06T14:22:10","modified_gmt":"2016-10-06T13:22:10","slug":"preguntes-mes-frequents","status":"publish","type":"page","link":"https:\/\/serveiseducatius.xtec.cat\/baixebre\/innovacio-2\/projecte-de-servei-comunitari\/preguntes-mes-frequents\/","title":{"rendered":"Preguntes m\u00e9s freq\u00fcents"},"content":{"rendered":"<p style=\"text-align: justify;\"><span style=\"color: #444444; font-family: arial, sans-serif; font-size: medium;\">Des d&#8217;aquest espai anirem actualitzant i compartint\u00a0tot all\u00f2 referent al Projecte de Servei Comunitari. Disposem d&#8217;un espai privat en hi ha diversos documents de suport\u00a0<strong><a href=\"http:\/\/serveiseducatius.xtec.cat\/baixebre\/nodes\/servei-comunitari\/docs\/\">[aqu\u00ed]<\/a><\/strong>. Aquests poden ser consultats per qualsevol docent vinculat al projecte. En cas que hi vulgueu accedir ens podeu demanar acc\u00e9s i, de forma justificada, us hi afegirem.<\/span><\/p>\n<p style=\"text-align: justify;\"><span style=\"color: #444444; font-family: arial, sans-serif; font-size: medium;\">En aquest espai privat <strong><a href=\"http:\/\/serveiseducatius.xtec.cat\/baixebre\/nodes\/servei-comunitari\/docs\/\">[aqu\u00ed]<\/a><\/strong>, podeu trobar tamb\u00e9,\u00a0un document que fa refer\u00e8ncia a les preguntes m\u00e9s freq\u00fcents relacionades amb el projecte (actualitzat a data de 31 de gener de 2015).\u00a0<\/span><\/p>\n<p style=\"text-align: justify;\"><span style=\"color: #444444; font-family: arial, sans-serif; font-size: medium;\"><span style=\"color: #444444; font-family: arial, sans-serif; font-size: medium;\">Si no trobeu la resposta a les vostres consultes, podeu contactar directament amb la persona refere<span style=\"font-size: medium;\">nt del projecte, que en el cas del\u00a0<span style=\"font-size: medium;\">Baix Ebre\u00a0<\/span><\/span><\/span><\/span><span style=\"font-size: medium;\"><span style=\"font-size: medium;\">\u00e9s\u00a0<\/span><\/span>Artur Tallada<span style=\"font-size: medium;\">\u00a0(<b>atallada@xtec.cat).<\/b><\/span><\/p>\n","protected":false},"excerpt":{"rendered":"<p>Des d&#8217;aquest espai anirem actualitzant i compartint\u00a0tot all\u00f2 referent al Projecte de Servei Comunitari. Disposem d&#8217;un espai privat en hi [&hellip;]<\/p>\n","protected":false},"author":5,"featured_media":0,"parent":1933,"menu_order":0,"comment_status":"closed","ping_status":"closed","template":"","meta":{"_bbp_topic_count":0,"_bbp_reply_count":0,"_bbp_total_topic_count":0,"_bbp_total_reply_count":0,"_bbp_voice_count":0,"_bbp_anonymous_reply_count":0,"_bbp_topic_count_hidden":0,"_bbp_reply_count_hidden":0,"_bbp_forum_subforum_count":0,"site-sidebar-layout":"default","site-content-layout":"","ast-site-content-layout":"","site-content-style":"default","site-sidebar-style":"default","ast-global-header-display":"","ast-banner-title-visibility":"","ast-main-header-display":"","ast-hfb-above-header-display":"","ast-hfb-below-header-display":"","ast-hfb-mobile-header-display":"","site-post-title":"","ast-breadcrumbs-content":"","ast-featured-img":"","footer-sml-layout":"","theme-transparent-header-meta":"","adv-header-id-meta":"","stick-header-meta":"","header-above-stick-meta":"","header-main-stick-meta":"","header-below-stick-meta":"","astra-migrate-meta-layouts":"default","ast-page-background-enabled":"default","ast-page-background-meta":{"desktop":{"background-color":"var(--ast-global-color-4)","background-image":"","background-repeat":"repeat","background-position":"center center","background-size":"auto","background-attachment":"scroll","background-type":"","background-media":"","overlay-type":"","overlay-color":"","overlay-opacity":"","overlay-gradient":""},"tablet":{"background-color":"","background-image":"","background-repeat":"repeat","background-position":"center center","background-size":"auto","background-attachment":"scroll","background-type":"","background-media":"","overlay-type":"","overlay-color":"","overlay-opacity":"","overlay-gradient":""},"mobile":{"background-color":"","background-image":"","background-repeat":"repeat","background-position":"center center","background-size":"auto","background-attachment":"scroll","background-type":"","background-media":"","overlay-type":"","overlay-color":"","overlay-opacity":"","overlay-gradient":""}},"ast-content-background-meta":{"desktop":{"background-color":"var(--ast-global-color-5)","background-image":"","background-repeat":"repeat","background-position":"center center","background-size":"auto","background-attachment":"scroll","background-type":"","background-media":"","overlay-type":"","overlay-color":"","overlay-opacity":"","overlay-gradient":""},"tablet":{"background-color":"var(--ast-global-color-5)","background-image":"","background-repeat":"repeat","background-position":"center center","background-size":"auto","background-attachment":"scroll","background-type":"","background-media":"","overlay-type":"","overlay-color":"","overlay-opacity":"","overlay-gradient":""},"mobile":{"background-color":"var(--ast-global-color-5)","background-image":"","background-repeat":"repeat","background-position":"center center","background-size":"auto","background-attachment":"scroll","background-type":"","background-media":"","overlay-type":"","overlay-color":"","overlay-opacity":"","overlay-gradient":""}},"footnotes":""},"class_list":["post-1945","page","type-page","status-publish","hentry"],"post_mailing_queue_ids":[],"_links":{"self":[{"href":"https:\/\/serveiseducatius.xtec.cat\/baixebre\/wp-json\/wp\/v2\/pages\/1945","targetHints":{"allow":["GET"]}}],"collection":[{"href":"https:\/\/serveiseducatius.xtec.cat\/baixebre\/wp-json\/wp\/v2\/pages"}],"about":[{"href":"https:\/\/serveiseducatius.xtec.cat\/baixebre\/wp-json\/wp\/v2\/types\/page"}],"author":[{"embeddable":true,"href":"https:\/\/serveiseducatius.xtec.cat\/baixebre\/wp-json\/wp\/v2\/users\/5"}],"replies":[{"embeddable":true,"href":"https:\/\/serveiseducatius.xtec.cat\/baixebre\/wp-json\/wp\/v2\/comments?post=1945"}],"version-history":[{"count":3,"href":"https:\/\/serveiseducatius.xtec.cat\/baixebre\/wp-json\/wp\/v2\/pages\/1945\/revisions"}],"predecessor-version":[{"id":2629,"href":"https:\/\/serveiseducatius.xtec.cat\/baixebre\/wp-json\/wp\/v2\/pages\/1945\/revisions\/2629"}],"up":[{"embeddable":true,"href":"https:\/\/serveiseducatius.xtec.cat\/baixebre\/wp-json\/wp\/v2\/pages\/1933"}],"wp:attachment":[{"href":"https:\/\/serveiseducatius.xtec.cat\/baixebre\/wp-json\/wp\/v2\/media?parent=1945"}],"curies":[{"name":"wp","href":"https:\/\/api.w.org\/{rel}","templated":true}]}}