{"id":1943,"date":"2016-02-09T17:14:10","date_gmt":"2016-02-09T16:14:10","guid":{"rendered":"http:\/\/serveiseducatius.xtec.cat\/se-baixebre\/?page_id=1943"},"modified":"2016-10-06T14:24:14","modified_gmt":"2016-10-06T13:24:14","slug":"documents-de-suport","status":"publish","type":"page","link":"https:\/\/serveiseducatius.xtec.cat\/baixebre\/innovacio-2\/projecte-de-servei-comunitari\/documents-de-suport\/","title":{"rendered":"Documents de suport"},"content":{"rendered":"<p style=\"text-align: justify;\">En aquest espai trobareu els principals documents de suport per al desenvolupament del Servei Comunitari. Alguns d&#8217;aquests models, com l&#8217;autoritzaci\u00f3 parental per a la realitzaci\u00f3 de la prestaci\u00f3 de Servei Comunitari, es proposen com a orientaci\u00f3 perqu\u00e8 els centres educatius puguin redactar els seus propis documents.<\/p>\n<p>B\u00e0sicament els documents de suport estan organitzat en aquests grups:<\/p>\n<ul>\n<li style=\"text-align: justify;\">documents que corresponen a la definici\u00f3 i conceptualitzaci\u00f3 de l&#8217;aprenentatge servei (tamb\u00e9 anomenat servei comunitari), i on tamb\u00e9 hi figuren plantilles per a la seva elaboraci\u00f3 <strong><a href=\"http:\/\/serveiseducatius.xtec.cat\/baixebre\/nodes\/servei-comunitari\/docs\/?bpd_tag=conceptualitzacio\">[acc\u00e9s als documents]<\/a><\/strong>;<\/li>\n<li style=\"text-align: justify;\">documents que corresponen a unes guies elaborades pel centre promotor de l&#8217;ApS on, de forma molt senzilla i entenedora, s&#8217;expliquen els aspectes relacionats amb l&#8217;ApS; aquests documents poden ser d&#8217;utilitat en el cas que calgui fer alguna exposici\u00f3 o presentaci\u00f3 del projecte a l&#8217;alumnat i altres sectors implicats <strong><a href=\"http:\/\/serveiseducatius.xtec.cat\/baixebre\/nodes\/servei-comunitari\/docs\/?bpd_tag=guies\">[acc\u00e9s als documents]<\/a><\/strong>;<\/li>\n<li style=\"text-align: justify;\">documents que\u00a0corresponen a models possibles per a l&#8217;autoritzaci\u00f3 a l&#8217;alumnat per a la realitzaci\u00f3 del projecte ApS i tamb\u00e9 un model de document de comprom\u00eds entre el centre educatiu i l&#8217;entitat col\u00b7laboradora <strong><a href=\"http:\/\/serveiseducatius.xtec.cat\/baixebre\/nodes\/servei-comunitari\/docs\/?bpd_tag=autoritzacio\">[acc\u00e9s als documents]<\/a><\/strong>;<\/li>\n<li style=\"text-align: justify;\">documents model de conveni per a signar amb diferent tipologis d&#8217;entitats: ajuntaments, consells comarcals, &#8230; <strong><a href=\"https:\/\/serveiseducatius.xtec.cat\/baixebre\/docs\/?bpd_tag=models_conveni\">[acc\u00e9s als documents]<\/a><\/strong>.<\/li>\n<\/ul>\n<p style=\"text-align: justify;\">Aquests documents estan ubicats en\u00a0un espai privat\u00a0<strong><a href=\"http:\/\/serveiseducatius.xtec.cat\/baixebre\/nodes\/servei-comunitari\/docs\/\">[aqu\u00ed]<\/a><\/strong>. Poden ser consultats per qualsevol docent vinculat al projecte. En cas que hi vulgueu accedir ens podeu demanar acc\u00e9s i, de forma justificada, us hi afegirem.<\/p>\n","protected":false},"excerpt":{"rendered":"<p>En aquest espai trobareu els principals documents de suport per al desenvolupament del Servei Comunitari. Alguns d&#8217;aquests models, com l&#8217;autoritzaci\u00f3 [&hellip;]<\/p>\n","protected":false},"author":5,"featured_media":0,"parent":1933,"menu_order":0,"comment_status":"closed","ping_status":"closed","template":"","meta":{"_bbp_topic_count":0,"_bbp_reply_count":0,"_bbp_total_topic_count":0,"_bbp_total_reply_count":0,"_bbp_voice_count":0,"_bbp_anonymous_reply_count":0,"_bbp_topic_count_hidden":0,"_bbp_reply_count_hidden":0,"_bbp_forum_subforum_count":0,"site-sidebar-layout":"default","site-content-layout":"","ast-site-content-layout":"","site-content-style":"default","site-sidebar-style":"default","ast-global-header-display":"","ast-banner-title-visibility":"","ast-main-header-display":"","ast-hfb-above-header-display":"","ast-hfb-below-header-display":"","ast-hfb-mobile-header-display":"","site-post-title":"","ast-breadcrumbs-content":"","ast-featured-img":"","footer-sml-layout":"","theme-transparent-header-meta":"","adv-header-id-meta":"","stick-header-meta":"","header-above-stick-meta":"","header-main-stick-meta":"","header-below-stick-meta":"","astra-migrate-meta-layouts":"default","ast-page-background-enabled":"default","ast-page-background-meta":{"desktop":{"background-color":"var(--ast-global-color-4)","background-image":"","background-repeat":"repeat","background-position":"center center","background-size":"auto","background-attachment":"scroll","background-type":"","background-media":"","overlay-type":"","overlay-color":"","overlay-opacity":"","overlay-gradient":""},"tablet":{"background-color":"","background-image":"","background-repeat":"repeat","background-position":"center center","background-size":"auto","background-attachment":"scroll","background-type":"","background-media":"","overlay-type":"","overlay-color":"","overlay-opacity":"","overlay-gradient":""},"mobile":{"background-color":"","background-image":"","background-repeat":"repeat","background-position":"center center","background-size":"auto","background-attachment":"scroll","background-type":"","background-media":"","overlay-type":"","overlay-color":"","overlay-opacity":"","overlay-gradient":""}},"ast-content-background-meta":{"desktop":{"background-color":"var(--ast-global-color-5)","background-image":"","background-repeat":"repeat","background-position":"center center","background-size":"auto","background-attachment":"scroll","background-type":"","background-media":"","overlay-type":"","overlay-color":"","overlay-opacity":"","overlay-gradient":""},"tablet":{"background-color":"var(--ast-global-color-5)","background-image":"","background-repeat":"repeat","background-position":"center center","background-size":"auto","background-attachment":"scroll","background-type":"","background-media":"","overlay-type":"","overlay-color":"","overlay-opacity":"","overlay-gradient":""},"mobile":{"background-color":"var(--ast-global-color-5)","background-image":"","background-repeat":"repeat","background-position":"center center","background-size":"auto","background-attachment":"scroll","background-type":"","background-media":"","overlay-type":"","overlay-color":"","overlay-opacity":"","overlay-gradient":""}},"footnotes":""},"class_list":["post-1943","page","type-page","status-publish","hentry"],"post_mailing_queue_ids":[],"_links":{"self":[{"href":"https:\/\/serveiseducatius.xtec.cat\/baixebre\/wp-json\/wp\/v2\/pages\/1943","targetHints":{"allow":["GET"]}}],"collection":[{"href":"https:\/\/serveiseducatius.xtec.cat\/baixebre\/wp-json\/wp\/v2\/pages"}],"about":[{"href":"https:\/\/serveiseducatius.xtec.cat\/baixebre\/wp-json\/wp\/v2\/types\/page"}],"author":[{"embeddable":true,"href":"https:\/\/serveiseducatius.xtec.cat\/baixebre\/wp-json\/wp\/v2\/users\/5"}],"replies":[{"embeddable":true,"href":"https:\/\/serveiseducatius.xtec.cat\/baixebre\/wp-json\/wp\/v2\/comments?post=1943"}],"version-history":[{"count":4,"href":"https:\/\/serveiseducatius.xtec.cat\/baixebre\/wp-json\/wp\/v2\/pages\/1943\/revisions"}],"predecessor-version":[{"id":2631,"href":"https:\/\/serveiseducatius.xtec.cat\/baixebre\/wp-json\/wp\/v2\/pages\/1943\/revisions\/2631"}],"up":[{"embeddable":true,"href":"https:\/\/serveiseducatius.xtec.cat\/baixebre\/wp-json\/wp\/v2\/pages\/1933"}],"wp:attachment":[{"href":"https:\/\/serveiseducatius.xtec.cat\/baixebre\/wp-json\/wp\/v2\/media?parent=1943"}],"curies":[{"name":"wp","href":"https:\/\/api.w.org\/{rel}","templated":true}]}}