{"id":1939,"date":"2016-02-09T17:12:12","date_gmt":"2016-02-09T16:12:12","guid":{"rendered":"http:\/\/serveiseducatius.xtec.cat\/se-baixebre\/?page_id=1939"},"modified":"2016-02-09T17:12:12","modified_gmt":"2016-02-09T16:12:12","slug":"enllacos-dinteres","status":"publish","type":"page","link":"https:\/\/serveiseducatius.xtec.cat\/baixebre\/innovacio-2\/projecte-de-servei-comunitari\/enllacos-dinteres\/","title":{"rendered":"Enlla\u00e7os d&#8217;inter\u00e8s"},"content":{"rendered":"<ul>\n<li style=\"text-align: justify;\"><span style=\"font-size: medium;\"><a href=\"http:\/\/www.google.com\/url?q=http%3A%2F%2Fwww.xtec.cat%2Fweb%2Fcomunitat%2Fentorn_pee_documents_aprenentatge&amp;sa=D&amp;sntz=1&amp;usg=AFrqEzdj70xTOvN90zGYzn3_qHB59ZJAkg\">Departament d&#8217;Ensenyament <\/a>\u00a0 P\u00e0gina web on podeu trobar recursos APS, pr\u00e0ctiques de refer\u00e8ncia i enlla\u00e7os d&#8217;inter\u00e8s.<\/span><\/li>\n<li style=\"text-align: justify;\"><span lang=\"CA\"><span style=\"font-size: medium;\"><a href=\"http:\/\/www.google.com\/url?q=http%3A%2F%2Fwww20.gencat.cat%2Fportal%2Fsite%2Fmediambient%2Fmenuitem.eb812fc1b897d4ba24572d32b0c0e1a0%2F%3Fvgnextoid%3Dda37db5c24340210VgnVCM1000000b0c1e0aRCRD%26vgnextchannel%3Dda37db5c24340210VgnVCM1000000b0c1e0aRCRD%26vgnextfmt%3Ddefault&amp;sa=D&amp;sntz=1&amp;usg=AFrqEzcEsx9nwgwm5Q4nyk0SVOZx4ndBNg\">Departament de Territori i Sostenibilitat<\/a>\u00a0P\u00e0gina web amb informaci\u00f3 i recursos sobre l&#8217;educaci\u00f3 per a la sostenibilitat, la cust\u00f2dia del territori, la conservaci\u00f3 de la biodiversitat a Catalunya i el tercer sector ambiental.<\/span><\/span><\/li>\n<li style=\"text-align: justify;\"><span style=\"font-size: medium;\"><span lang=\"CA\"><a href=\"http:\/\/www.google.com\/url?q=http%3A%2F%2Fwww.aprenentatgeservei.org%2F&amp;sa=D&amp;sntz=1&amp;usg=AFrqEzdufC3yqr_SADHDYcuVeKeBBJzVsw\">Centre Promotor d&#8217;Aprenentatge i Servei<\/a><\/span><span lang=\"CA\">\u00a0P\u00e0gina web del Centre Promotor on es pot trobar informaci\u00f3 relacionada amb la xarxa APS, \u00e0mbits de servei,<a href=\"http:\/\/www.aprenentatgeservei.org\/index.php?cm=06\" target=\"_blank\" rel=\"nofollow\">experi\u00e8ncies<\/a>, enlla\u00e7os d&#8217;inter\u00e8s i not\u00edcies d&#8217;actualitat.<\/span><\/span><\/li>\n<li style=\"text-align: justify;\"><span lang=\"CA\"><span style=\"font-size: medium;\"><a href=\"http:\/\/www.google.com\/url?q=http%3A%2F%2Fwww.fcongd.org%2Ffcongd%2F&amp;sa=D&amp;sntz=1&amp;usg=AFrqEzcSyVRY9ty2WpAuON49a_jEuSPcAA\">Federaci\u00f3 Catalana d\u2019ONGD<\/a>\u00a0P\u00e0gina web on es poden trobar recursos i materials en diferents \u00e0rees de treball: educaci\u00f3 per al desenvolupament, globalitzaci\u00f3 i desigualtats nord-sud, metodologies educatives (cooperaci\u00f3 i solidaritat), drets humans, medi ambient, pau, interculturalitat, objectius del mileni i consum responsable.<\/span><\/span><\/li>\n<li style=\"text-align: justify;\"><span lang=\"CA\"><span style=\"font-size: medium;\"><a href=\"http:\/\/www.google.com\/url?q=http%3A%2F%2Fwww.cnjc.cat%2F&amp;sa=D&amp;sntz=1&amp;usg=AFrqEzeQbAS8IdoUjQLXFITfL_v_8VVBKA\">Consell Nacional de la Joventut<\/a>\u00a0P\u00e0gina web on trobareu informaci\u00f3 sobre entitats i diferents \u00e0rees de treball.<\/span><\/span><\/li>\n<li style=\"text-align: justify;\"><span lang=\"CA\"><span style=\"font-size: medium;\"><a href=\"http:\/\/www.google.com\/url?q=http%3A%2F%2Fwww.voluntaris.cat%2Fquisom&amp;sa=D&amp;sntz=1&amp;usg=AFrqEzd98rDYNaeElQu006JxdlxYyXml2Q\">Federaci\u00f3 del Voluntariat de Catalunya<\/a>\u00a0 P\u00e0gina web amb informaci\u00f3 sobre les entitats socials que pertanyen al sector. Aquestes entitats promouen el voluntariat en diferents \u00e0mbits com la inserci\u00f3 laboral, la gent gran, el lleure educatiu&#8230;<\/span><\/span><\/li>\n<li style=\"text-align: justify;\"><span lang=\"CA\"><span style=\"font-size: medium;\"><a href=\"http:\/\/www.google.com\/url?q=https%3A%2F%2Fsites.google.com%2Fa%2Fxtec.cat%2Fservei-comunitari-osona%2F&amp;sa=D&amp;sntz=1&amp;usg=AFrqEzfudhn1REf8mJ0-jDNSWh-52C03yg\">Servei Comunitari \u00a0a Osona<\/a>\u00a0Lloc web on podeu trobar informaci\u00f3 espec\u00edfica sobre el desenvolupament del Servei Comunitari a Osona.<\/span><\/span><\/li>\n<li style=\"text-align: justify;\"><span style=\"font-size: medium;\"><span lang=\"CA\"><a href=\"http:\/\/www.google.com\/url?q=http%3A%2F%2Fwww.edubages.cat%2Frevista%2F%3Fp%3D364&amp;sa=D&amp;sntz=1&amp;usg=AFrqEzeb90xUaWkYUAWLQj-YkrEdfKWb7A\">Edubages<\/a>\u00a0Article del CRP del Bages a <b>Edubages,\u00a0<\/b><\/span>revista electr\u00f2nica semestral que d\u00f3na a con\u00e8ixer experi\u00e8ncies educatives i fomenta la col\u00b7laboraci\u00f3 entre el professorat i els centres del Bages<\/span><\/li>\n<\/ul>\n","protected":false},"excerpt":{"rendered":"<p>Departament d&#8217;Ensenyament \u00a0 P\u00e0gina web on podeu trobar recursos APS, pr\u00e0ctiques de refer\u00e8ncia i enlla\u00e7os d&#8217;inter\u00e8s. Departament de Territori i [&hellip;]<\/p>\n","protected":false},"author":5,"featured_media":0,"parent":1933,"menu_order":0,"comment_status":"closed","ping_status":"closed","template":"","meta":{"_bbp_topic_count":0,"_bbp_reply_count":0,"_bbp_total_topic_count":0,"_bbp_total_reply_count":0,"_bbp_voice_count":0,"_bbp_anonymous_reply_count":0,"_bbp_topic_count_hidden":0,"_bbp_reply_count_hidden":0,"_bbp_forum_subforum_count":0,"site-sidebar-layout":"default","site-content-layout":"","ast-site-content-layout":"","site-content-style":"default","site-sidebar-style":"default","ast-global-header-display":"","ast-banner-title-visibility":"","ast-main-header-display":"","ast-hfb-above-header-display":"","ast-hfb-below-header-display":"","ast-hfb-mobile-header-display":"","site-post-title":"","ast-breadcrumbs-content":"","ast-featured-img":"","footer-sml-layout":"","theme-transparent-header-meta":"","adv-header-id-meta":"","stick-header-meta":"","header-above-stick-meta":"","header-main-stick-meta":"","header-below-stick-meta":"","astra-migrate-meta-layouts":"default","ast-page-background-enabled":"default","ast-page-background-meta":{"desktop":{"background-color":"var(--ast-global-color-4)","background-image":"","background-repeat":"repeat","background-position":"center center","background-size":"auto","background-attachment":"scroll","background-type":"","background-media":"","overlay-type":"","overlay-color":"","overlay-opacity":"","overlay-gradient":""},"tablet":{"background-color":"","background-image":"","background-repeat":"repeat","background-position":"center center","background-size":"auto","background-attachment":"scroll","background-type":"","background-media":"","overlay-type":"","overlay-color":"","overlay-opacity":"","overlay-gradient":""},"mobile":{"background-color":"","background-image":"","background-repeat":"repeat","background-position":"center center","background-size":"auto","background-attachment":"scroll","background-type":"","background-media":"","overlay-type":"","overlay-color":"","overlay-opacity":"","overlay-gradient":""}},"ast-content-background-meta":{"desktop":{"background-color":"var(--ast-global-color-5)","background-image":"","background-repeat":"repeat","background-position":"center center","background-size":"auto","background-attachment":"scroll","background-type":"","background-media":"","overlay-type":"","overlay-color":"","overlay-opacity":"","overlay-gradient":""},"tablet":{"background-color":"var(--ast-global-color-5)","background-image":"","background-repeat":"repeat","background-position":"center center","background-size":"auto","background-attachment":"scroll","background-type":"","background-media":"","overlay-type":"","overlay-color":"","overlay-opacity":"","overlay-gradient":""},"mobile":{"background-color":"var(--ast-global-color-5)","background-image":"","background-repeat":"repeat","background-position":"center center","background-size":"auto","background-attachment":"scroll","background-type":"","background-media":"","overlay-type":"","overlay-color":"","overlay-opacity":"","overlay-gradient":""}},"footnotes":""},"class_list":["post-1939","page","type-page","status-publish","hentry"],"post_mailing_queue_ids":[],"_links":{"self":[{"href":"https:\/\/serveiseducatius.xtec.cat\/baixebre\/wp-json\/wp\/v2\/pages\/1939","targetHints":{"allow":["GET"]}}],"collection":[{"href":"https:\/\/serveiseducatius.xtec.cat\/baixebre\/wp-json\/wp\/v2\/pages"}],"about":[{"href":"https:\/\/serveiseducatius.xtec.cat\/baixebre\/wp-json\/wp\/v2\/types\/page"}],"author":[{"embeddable":true,"href":"https:\/\/serveiseducatius.xtec.cat\/baixebre\/wp-json\/wp\/v2\/users\/5"}],"replies":[{"embeddable":true,"href":"https:\/\/serveiseducatius.xtec.cat\/baixebre\/wp-json\/wp\/v2\/comments?post=1939"}],"version-history":[{"count":1,"href":"https:\/\/serveiseducatius.xtec.cat\/baixebre\/wp-json\/wp\/v2\/pages\/1939\/revisions"}],"predecessor-version":[{"id":1940,"href":"https:\/\/serveiseducatius.xtec.cat\/baixebre\/wp-json\/wp\/v2\/pages\/1939\/revisions\/1940"}],"up":[{"embeddable":true,"href":"https:\/\/serveiseducatius.xtec.cat\/baixebre\/wp-json\/wp\/v2\/pages\/1933"}],"wp:attachment":[{"href":"https:\/\/serveiseducatius.xtec.cat\/baixebre\/wp-json\/wp\/v2\/media?parent=1939"}],"curies":[{"name":"wp","href":"https:\/\/api.w.org\/{rel}","templated":true}]}}