{"id":1933,"date":"2016-02-09T16:37:27","date_gmt":"2016-02-09T15:37:27","guid":{"rendered":"http:\/\/serveiseducatius.xtec.cat\/se-baixebre\/?page_id=1933"},"modified":"2016-02-10T09:29:55","modified_gmt":"2016-02-10T08:29:55","slug":"projecte-de-servei-comunitari","status":"publish","type":"page","link":"https:\/\/serveiseducatius.xtec.cat\/baixebre\/innovacio-2\/projecte-de-servei-comunitari\/","title":{"rendered":"Qu\u00e8 \u00e9s el projecte de Servei Comunitari"},"content":{"rendered":"<p style=\"text-align: justify;\">El Projecte de Servei Comunitari que impulsa el Departament d&#8217;Ensenyament que es fonamenta amb la proposta metodol\u00f2gica d&#8217;aprenentatge servei, la qual\u00a0<span style=\"font-size: medium;\">combina processos d&#8217;aprenentatge i de servei a la comunitat en un sol projecte ben articulat en el qual els participants es formen tot treballant sobre necessitats reals de l&#8217;entorn amb l&#8217;objectiu de millorar-lo.<\/span><\/p>\n<p style=\"text-align: justify;\"><span style=\"font-size: medium;\">L&#8217;aprenentatge servei \u00e9s, doncs, <b>un projecte educatiu amb utilitat social.<\/b><\/span><\/p>\n<p style=\"text-align: justify;\"><span style=\"font-size: medium;\">La relaci\u00f3 circular que s&#8217;estableix entre l&#8217;aprenentatge i el servei genera una nova realitat que intensifica els efectes de cada un per separat.\u00a0<b>L&#8217;aprenentatge millora el servei a la comunitat<\/b>, perqu\u00e8 aquest guanya en qualitat, i <b>el servei d\u00f3na sentit a l&#8217;aprenentatge,<\/b> perqu\u00e8 all\u00f2 que s&#8217;apr\u00e8n es pot transferir a la realitat en forma d&#8217;acci\u00f3.<\/span><\/p>\n<div class=\"ast-oembed-container \" style=\"height: 100%;\"><iframe loading=\"lazy\" title=\"El aprendizaje servicio: bases pedag\u00f3gicas e ideas clave\" width=\"500\" height=\"281\" src=\"https:\/\/www.youtube.com\/embed\/NrxfiexOkLA?feature=oembed\" frameborder=\"0\" allow=\"accelerometer; autoplay; clipboard-write; encrypted-media; gyroscope; picture-in-picture; web-share\" referrerpolicy=\"strict-origin-when-cross-origin\" allowfullscreen><\/iframe><\/div>\n<div class=\"ast-oembed-container \" style=\"height: 100%;\"><iframe loading=\"lazy\" title=\"L&#039;aprenentatge servei, una manera actual de vincular educaci\u00f3, participaci\u00f3 i acci\u00f3\" width=\"500\" height=\"281\" src=\"https:\/\/www.youtube.com\/embed\/st36xHIFSBA?feature=oembed\" frameborder=\"0\" allow=\"accelerometer; autoplay; clipboard-write; encrypted-media; gyroscope; picture-in-picture; web-share\" referrerpolicy=\"strict-origin-when-cross-origin\" allowfullscreen><\/iframe><\/div>\n<div class=\"ast-oembed-container \" style=\"height: 100%;\"><iframe loading=\"lazy\" title=\"Mostra d&#039;experi\u00e8ncies d&#039;aprenentatge servei (APS)\" width=\"500\" height=\"281\" src=\"https:\/\/www.youtube.com\/embed\/dsYG2kbGMio?feature=oembed\" frameborder=\"0\" allow=\"accelerometer; autoplay; clipboard-write; encrypted-media; gyroscope; picture-in-picture; web-share\" referrerpolicy=\"strict-origin-when-cross-origin\" allowfullscreen><\/iframe><\/div>\n<p>&nbsp;<\/p>\n","protected":false},"excerpt":{"rendered":"<p>El Projecte de Servei Comunitari que impulsa el Departament d&#8217;Ensenyament que es fonamenta amb la proposta metodol\u00f2gica d&#8217;aprenentatge servei, la [&hellip;]<\/p>\n","protected":false},"author":5,"featured_media":0,"parent":1640,"menu_order":0,"comment_status":"closed","ping_status":"closed","template":"","meta":{"_bbp_topic_count":0,"_bbp_reply_count":0,"_bbp_total_topic_count":0,"_bbp_total_reply_count":0,"_bbp_voice_count":0,"_bbp_anonymous_reply_count":0,"_bbp_topic_count_hidden":0,"_bbp_reply_count_hidden":0,"_bbp_forum_subforum_count":0,"site-sidebar-layout":"default","site-content-layout":"","ast-site-content-layout":"","site-content-style":"default","site-sidebar-style":"default","ast-global-header-display":"","ast-banner-title-visibility":"","ast-main-header-display":"","ast-hfb-above-header-display":"","ast-hfb-below-header-display":"","ast-hfb-mobile-header-display":"","site-post-title":"","ast-breadcrumbs-content":"","ast-featured-img":"","footer-sml-layout":"","theme-transparent-header-meta":"","adv-header-id-meta":"","stick-header-meta":"","header-above-stick-meta":"","header-main-stick-meta":"","header-below-stick-meta":"","astra-migrate-meta-layouts":"default","ast-page-background-enabled":"default","ast-page-background-meta":{"desktop":{"background-color":"var(--ast-global-color-4)","background-image":"","background-repeat":"repeat","background-position":"center center","background-size":"auto","background-attachment":"scroll","background-type":"","background-media":"","overlay-type":"","overlay-color":"","overlay-opacity":"","overlay-gradient":""},"tablet":{"background-color":"","background-image":"","background-repeat":"repeat","background-position":"center center","background-size":"auto","background-attachment":"scroll","background-type":"","background-media":"","overlay-type":"","overlay-color":"","overlay-opacity":"","overlay-gradient":""},"mobile":{"background-color":"","background-image":"","background-repeat":"repeat","background-position":"center center","background-size":"auto","background-attachment":"scroll","background-type":"","background-media":"","overlay-type":"","overlay-color":"","overlay-opacity":"","overlay-gradient":""}},"ast-content-background-meta":{"desktop":{"background-color":"var(--ast-global-color-5)","background-image":"","background-repeat":"repeat","background-position":"center center","background-size":"auto","background-attachment":"scroll","background-type":"","background-media":"","overlay-type":"","overlay-color":"","overlay-opacity":"","overlay-gradient":""},"tablet":{"background-color":"var(--ast-global-color-5)","background-image":"","background-repeat":"repeat","background-position":"center center","background-size":"auto","background-attachment":"scroll","background-type":"","background-media":"","overlay-type":"","overlay-color":"","overlay-opacity":"","overlay-gradient":""},"mobile":{"background-color":"var(--ast-global-color-5)","background-image":"","background-repeat":"repeat","background-position":"center center","background-size":"auto","background-attachment":"scroll","background-type":"","background-media":"","overlay-type":"","overlay-color":"","overlay-opacity":"","overlay-gradient":""}},"footnotes":""},"class_list":["post-1933","page","type-page","status-publish","hentry"],"post_mailing_queue_ids":[],"_links":{"self":[{"href":"https:\/\/serveiseducatius.xtec.cat\/baixebre\/wp-json\/wp\/v2\/pages\/1933","targetHints":{"allow":["GET"]}}],"collection":[{"href":"https:\/\/serveiseducatius.xtec.cat\/baixebre\/wp-json\/wp\/v2\/pages"}],"about":[{"href":"https:\/\/serveiseducatius.xtec.cat\/baixebre\/wp-json\/wp\/v2\/types\/page"}],"author":[{"embeddable":true,"href":"https:\/\/serveiseducatius.xtec.cat\/baixebre\/wp-json\/wp\/v2\/users\/5"}],"replies":[{"embeddable":true,"href":"https:\/\/serveiseducatius.xtec.cat\/baixebre\/wp-json\/wp\/v2\/comments?post=1933"}],"version-history":[{"count":5,"href":"https:\/\/serveiseducatius.xtec.cat\/baixebre\/wp-json\/wp\/v2\/pages\/1933\/revisions"}],"predecessor-version":[{"id":7550,"href":"https:\/\/serveiseducatius.xtec.cat\/baixebre\/wp-json\/wp\/v2\/pages\/1933\/revisions\/7550"}],"up":[{"embeddable":true,"href":"https:\/\/serveiseducatius.xtec.cat\/baixebre\/wp-json\/wp\/v2\/pages\/1640"}],"wp:attachment":[{"href":"https:\/\/serveiseducatius.xtec.cat\/baixebre\/wp-json\/wp\/v2\/media?parent=1933"}],"curies":[{"name":"wp","href":"https:\/\/api.w.org\/{rel}","templated":true}]}}