{"id":1890,"date":"2016-02-05T11:40:41","date_gmt":"2016-02-05T10:40:41","guid":{"rendered":"http:\/\/serveiseducatius.xtec.cat\/se-baixebre\/?page_id=1890"},"modified":"2016-02-24T13:31:40","modified_gmt":"2016-02-24T12:31:40","slug":"orientacions-per-a-lus-del-correu-electronic","status":"publish","type":"page","link":"https:\/\/serveiseducatius.xtec.cat\/baixebre\/recursos\/recull-de-materials-tac\/orientacions-per-a-lus-del-correu-electronic\/","title":{"rendered":"Orientacions per a l&#8217;\u00fas del correu electr\u00f2nic"},"content":{"rendered":"<div id=\"sites-canvas\">\n<div id=\"sites-canvas-main\" class=\"sites-canvas-main\">\n<h3 id=\"sites-canvas-main-content\" style=\"text-align: justify;\">Qu\u00e8 fer si tenim un compte de correu XTEC desactivat<\/h3>\n<p style=\"text-align: justify;\"><span style=\"font-family: Arial, Verdana, sans-serif;\">El correu corporatiu d&#8217;XTEC, com a mesura de seguretat, t\u00e9 una pol\u00edtica d&#8217;actualitzaci\u00f3 de contrasenyes que ens obliga a canviar-la cada sis mesos. Hi ha tota una s\u00e8rie de professors\/es que, en no haver canviat la contrasenya del\u00a0<\/span><b>compte de correu d&#8217;XTEC<\/b><span style=\"font-family: Arial, Verdana, sans-serif;\">\u00a0dins els terminis que es demanaven, es troben amb que els han desactivat el compte. Ens podem adonar d&#8217;aquest fet per qu\u00e8, en voler enviar-los un missatge a la seva b\u00fastia, ens arriba un\u00a0<\/span><a href=\"https:\/\/drive.google.com\/file\/d\/0B_mkmx0qzjCjT3RLNHIwenBVbFE\/view?usp=sharing\" target=\"_blank\"><b>missatge del remitent\u00a0<i>Mail Delivery Subsystem<\/i><\/b><\/a><span style=\"font-family: Arial, Verdana, sans-serif;\">\u00a0, amb un assumpte semblant a\u00a0<\/span><i><b>Delivery Status Notification (Failure<\/b><\/i><span style=\"font-family: Arial, Verdana, sans-serif;\">), on en el cos del missatge, una mica m\u00e9s avall de l&#8217;adre\u00e7a de la persona afectada, ens explica el motiu pel qual aquesta b\u00fastia no ha pogut rebre el nostre missatge:\u00a0<\/span><i><b>The email account that you tried to reach is disabled<\/b><\/i><span style=\"font-family: Arial, Verdana, sans-serif;\">.\u00a0<\/span><\/p>\n<p style=\"text-align: justify;\">En aquests casos, i si \u00e9s possible, aniria b\u00e9 fer arribar a la persona afectada\u00a0<b><u>les instruccions que es detallen a continuaci\u00f3<\/u><\/b>\u00a0per a que puguin tornar a activar el seu compte d&#8217;XTEC.<\/p>\n<ol>\n<li style=\"text-align: justify;\">Per a que se&#8217;t torni a ACTIVAR el teu compte, hauries d&#8217;anar a la p\u00e0gina d&#8217;XTEC, a l&#8217;opci\u00f3 de dalt de tot<a href=\"https:\/\/www.google.com\/url?q=http:\/\/xtec.gencat.cat\/ca\/at_usuari\/&amp;sa=D&amp;usg=AFQjCNFSdvXYmLoJkz0JIxjyFURNlvNVgg\">\u00a0<\/a><a href=\"https:\/\/www.google.com\/url?q=http:\/\/xtec.gencat.cat\/ca\/at_usuari\/&amp;sa=D&amp;usg=AFQjCNFSdvXYmLoJkz0JIxjyFURNlvNVgg\">Atenci\u00f3 a l&#8217;usuari<\/a>\u00a0i tot seguit clicar a l&#8217;opci\u00f3<a href=\"https:\/\/www.google.com\/url?q=http:\/\/xtec.gencat.cat\/ca\/at_usuari\/gestio\/recordatoricontrasenya\/&amp;sa=D&amp;usg=AFQjCNGRZl6IXnstXoyL0vtAz0n4f8eZmQ\">\u00a0<\/a><a href=\"https:\/\/www.google.com\/url?q=http:\/\/xtec.gencat.cat\/ca\/at_usuari\/gestio\/recordatoricontrasenya\/&amp;sa=D&amp;usg=AFQjCNGRZl6IXnstXoyL0vtAz0n4f8eZmQ\">Recordatori de contrasenya<\/a>\u00a0.<\/li>\n<li style=\"text-align: justify;\">A la p\u00e0gina que se t&#8217;obrir\u00e0 hauries d&#8217;entrar el teu NIF, la teva\u00a0situaci\u00f3 laboral\u00a0i el\u00a0codi del centre on treballes\u00a0 i clicar el bot\u00f3 &#8220;Demana&#8221;.<\/li>\n<li style=\"text-align: justify;\">A continuaci\u00f3 se t\u2019obrir\u00e0 una finestra on se t&#8217;informar\u00e0 de que rebr\u00e0s properament al teu lloc de treball una carta (per correu postal) amb el recordatori de contrasenya. D&#8217;aquesta manera se t&#8217;hauria de tornar a activar el compte de correu.<\/li>\n<li style=\"text-align: justify;\">A partir d\u2019aquest moment, si encara recordes la contrasenya que tenies anteriorment, sense esperar a rebre la carta esmentada, ja hauries de poder accedir a l&#8217;opci\u00f3\u00a0<a href=\"https:\/\/www.google.com\/url?q=http:\/\/xtec.gencat.cat\/ca\/at_usuari\/gestio\/canvicontrasenya\/&amp;sa=D&amp;usg=AFQjCNF12s-skjwlwqL6y-03YaDrhQHp_A\">Canvi de contrasenya<\/a>\u00a0de l\u2019apartat\u00a0<a href=\"https:\/\/www.google.com\/url?q=http:\/\/xtec.gencat.cat\/ca\/at_usuari\/&amp;sa=D&amp;usg=AFQjCNFSdvXYmLoJkz0JIxjyFURNlvNVgg\">Atenci\u00f3 a l&#8217;usuari<\/a>\u00a0del portal XTEC esmentat abans i procedir a omplir els camps que s\u2019hi demanen: usuari XTEC (sense @xtec.cat), contrasenya actual (la que tenies fins ara), contrasenya nova i confirmaci\u00f3 de contrasenya nova. Si el canvi es realitza amb \u00e8xit, ja podr\u00e0s tornar a entrar al teu compte amb la nova contrasenya.<\/li>\n<li style=\"text-align: justify;\">Si no recordes la contrasenya que tenies, haur\u00e0s d\u2019esperar a que t\u2019arribi el recordatori per correu postal al centre on treballes i, tot seguit, procedir al proc\u00e9s de\u00a0Canvi de contrasenya\u00a0explicat m\u00e9s amunt.<\/li>\n<li style=\"text-align: justify;\">Si a l\u2019entrar el teu NIF en el recordatori de contrasenya, no et troba o no t\u2019accepta el centre on est\u00e0s destinat, llavors vol dir que ja tens el compte del tot suprimit.<\/li>\n<li style=\"text-align: justify;\">En aquest cas, l\u2019\u00fanica soluci\u00f3 passaria per tornar a demanar l\u2019<a href=\"https:\/\/www.google.com\/url?q=http:\/\/xtec.gencat.cat\/ca\/at_usuari\/gestio\/altausuari\/&amp;sa=D&amp;usg=AFQjCNE9R4poAXNxTApY2j-DIotlncTZyg\">alta d\u2019usuari<\/a>\u00a0d\u2019XTEC a trav\u00e9s del\u00a0<a href=\"https:\/\/www.google.com\/url?q=http:\/\/xtec.gencat.cat\/web\/sites\/xtec\/.content\/alfresco\/d\/d\/workspace\/SpacesStore\/0046\/490ba90d-7749-4601-b046-4ab26b024633\/sollicitud_alta_xtec.pdf&amp;sa=D&amp;usg=AFQjCNFdXxm36qkm-mc47ctnafAcwVWWhA\">formulari de sol\u00b7licitud<\/a>\u00a0que hi ha a la\u00a0p\u00e0gina corresponent\u00a0dins l\u2019apartat d\u2019<a href=\"https:\/\/www.google.com\/url?q=http:\/\/xtec.gencat.cat\/ca\/at_usuari\/&amp;sa=D&amp;usg=AFQjCNFSdvXYmLoJkz0JIxjyFURNlvNVgg\">Atenci\u00f3 a l&#8217;usuari<\/a>\u00a0del portal d\u2019XTEC. Recorda que aquest formulari s\u2019ha d\u2019imprimir, omplir, signar i enviar-lo per fax o correu postal al n\u00famero o adre\u00e7a indicada en el mateix formulari. Al cap d\u2019uns dies rebr\u00e0s una carta per correu postal al teu centre amb les noves dades.<\/li>\n<li style=\"text-align: justify;\">Esperem que tot el proc\u00e9s et funcioni sense problemes.<\/li>\n<\/ol>\n<p style=\"text-align: justify;\"><span style=\"font-size: medium;\"><b>Conv\u00e9 recordar que el compte de correu d&#8217;XTEC \u00e9s el mitj\u00e0 de comunicaci\u00f3 corporatiu oficial del Departament d&#8217;Ensenyament amb tot el professorat dels centres educatius de Catalunya, i per tant \u00e9s necessari consultar-lo peri\u00f2dicament. <a href=\"http:\/\/governacio.gencat.cat\/web\/.content\/funcio_publica\/documents\/normativa\/circulars_i_instruccions\/arxius\/instruccio1.pdf\" target=\"_blank\">(segons s&#8217;explicita en l&#8217;Ordre 1\/2012)<\/a><\/b><\/span><\/p>\n<h3>Redirigir correus d&#8217;un compte a un altre<\/h3>\n<h3><img decoding=\"async\" src=\"https:\/\/sites.google.com\/a\/xtec.cat\/crpbaixebre\/_\/rsrc\/1447928412431\/orientacions-per-a-l-us-del-correu-electronic\/correu1.png\" alt=\"\" border=\"0\" \/><\/h3>\n<div><\/div>\n<p><a href=\"https:\/\/www.youtube.com\/watch?v=HyJOD1eUwiw\">https:\/\/www.youtube.com\/watch?v=HyJOD1eUwiw<\/a><\/p>\n<p>&nbsp;<\/p>\n<\/div>\n<\/div>\n","protected":false},"excerpt":{"rendered":"<p>Qu\u00e8 fer si tenim un compte de correu XTEC desactivat El correu corporatiu d&#8217;XTEC, com a mesura de seguretat, t\u00e9 [&hellip;]<\/p>\n","protected":false},"author":5,"featured_media":0,"parent":1868,"menu_order":6,"comment_status":"closed","ping_status":"closed","template":"page-templates\/side-menu.php","meta":{"_bbp_topic_count":0,"_bbp_reply_count":0,"_bbp_total_topic_count":0,"_bbp_total_reply_count":0,"_bbp_voice_count":0,"_bbp_anonymous_reply_count":0,"_bbp_topic_count_hidden":0,"_bbp_reply_count_hidden":0,"_bbp_forum_subforum_count":0,"site-sidebar-layout":"default","site-content-layout":"","ast-site-content-layout":"","site-content-style":"default","site-sidebar-style":"default","ast-global-header-display":"","ast-banner-title-visibility":"","ast-main-header-display":"","ast-hfb-above-header-display":"","ast-hfb-below-header-display":"","ast-hfb-mobile-header-display":"","site-post-title":"","ast-breadcrumbs-content":"","ast-featured-img":"","footer-sml-layout":"","theme-transparent-header-meta":"","adv-header-id-meta":"","stick-header-meta":"","header-above-stick-meta":"","header-main-stick-meta":"","header-below-stick-meta":"","astra-migrate-meta-layouts":"default","ast-page-background-enabled":"default","ast-page-background-meta":{"desktop":{"background-color":"var(--ast-global-color-4)","background-image":"","background-repeat":"repeat","background-position":"center center","background-size":"auto","background-attachment":"scroll","background-type":"","background-media":"","overlay-type":"","overlay-color":"","overlay-opacity":"","overlay-gradient":""},"tablet":{"background-color":"","background-image":"","background-repeat":"repeat","background-position":"center center","background-size":"auto","background-attachment":"scroll","background-type":"","background-media":"","overlay-type":"","overlay-color":"","overlay-opacity":"","overlay-gradient":""},"mobile":{"background-color":"","background-image":"","background-repeat":"repeat","background-position":"center center","background-size":"auto","background-attachment":"scroll","background-type":"","background-media":"","overlay-type":"","overlay-color":"","overlay-opacity":"","overlay-gradient":""}},"ast-content-background-meta":{"desktop":{"background-color":"var(--ast-global-color-5)","background-image":"","background-repeat":"repeat","background-position":"center center","background-size":"auto","background-attachment":"scroll","background-type":"","background-media":"","overlay-type":"","overlay-color":"","overlay-opacity":"","overlay-gradient":""},"tablet":{"background-color":"var(--ast-global-color-5)","background-image":"","background-repeat":"repeat","background-position":"center center","background-size":"auto","background-attachment":"scroll","background-type":"","background-media":"","overlay-type":"","overlay-color":"","overlay-opacity":"","overlay-gradient":""},"mobile":{"background-color":"var(--ast-global-color-5)","background-image":"","background-repeat":"repeat","background-position":"center center","background-size":"auto","background-attachment":"scroll","background-type":"","background-media":"","overlay-type":"","overlay-color":"","overlay-opacity":"","overlay-gradient":""}},"footnotes":""},"class_list":["post-1890","page","type-page","status-publish","hentry"],"post_mailing_queue_ids":[],"_links":{"self":[{"href":"https:\/\/serveiseducatius.xtec.cat\/baixebre\/wp-json\/wp\/v2\/pages\/1890","targetHints":{"allow":["GET"]}}],"collection":[{"href":"https:\/\/serveiseducatius.xtec.cat\/baixebre\/wp-json\/wp\/v2\/pages"}],"about":[{"href":"https:\/\/serveiseducatius.xtec.cat\/baixebre\/wp-json\/wp\/v2\/types\/page"}],"author":[{"embeddable":true,"href":"https:\/\/serveiseducatius.xtec.cat\/baixebre\/wp-json\/wp\/v2\/users\/5"}],"replies":[{"embeddable":true,"href":"https:\/\/serveiseducatius.xtec.cat\/baixebre\/wp-json\/wp\/v2\/comments?post=1890"}],"version-history":[{"count":2,"href":"https:\/\/serveiseducatius.xtec.cat\/baixebre\/wp-json\/wp\/v2\/pages\/1890\/revisions"}],"predecessor-version":[{"id":2161,"href":"https:\/\/serveiseducatius.xtec.cat\/baixebre\/wp-json\/wp\/v2\/pages\/1890\/revisions\/2161"}],"up":[{"embeddable":true,"href":"https:\/\/serveiseducatius.xtec.cat\/baixebre\/wp-json\/wp\/v2\/pages\/1868"}],"wp:attachment":[{"href":"https:\/\/serveiseducatius.xtec.cat\/baixebre\/wp-json\/wp\/v2\/media?parent=1890"}],"curies":[{"name":"wp","href":"https:\/\/api.w.org\/{rel}","templated":true}]}}