{"id":1886,"date":"2016-02-05T11:30:38","date_gmt":"2016-02-05T10:30:38","guid":{"rendered":"http:\/\/serveiseducatius.xtec.cat\/se-baixebre\/?page_id=1886"},"modified":"2016-02-05T11:32:34","modified_gmt":"2016-02-05T10:32:34","slug":"competencia-informacional","status":"publish","type":"page","link":"https:\/\/serveiseducatius.xtec.cat\/baixebre\/recursos\/recull-de-materials-tac\/competencia-informacional\/","title":{"rendered":"Compet\u00e8ncia informacional"},"content":{"rendered":"<p><a href=\"http:\/\/serveiseducatius.xtec.cat\/se-baixebre\/wp-content\/uploads\/usu624\/2016\/02\/competencia_informacional2.png\"><img loading=\"lazy\" decoding=\"async\" class=\" size-full wp-image-1887 aligncenter\" src=\"http:\/\/serveiseducatius.xtec.cat\/se-baixebre\/wp-content\/uploads\/usu624\/2016\/02\/competencia_informacional2.png\" alt=\"competencia_informacional2\" width=\"525\" height=\"366\" srcset=\"https:\/\/serveiseducatius.xtec.cat\/baixebre\/wp-content\/uploads\/usu624\/2016\/02\/competencia_informacional2.png 525w, https:\/\/serveiseducatius.xtec.cat\/baixebre\/wp-content\/uploads\/usu624\/2016\/02\/competencia_informacional2-300x209.png 300w\" sizes=\"auto, (max-width: 525px) 100vw, 525px\" \/><\/a><\/p>\n<p style=\"text-align: justify;\">El terme &#8220;compet\u00e8ncia informacional&#8221;, que \u00e9s relativament nou, neix de la necessitat de trobar un terme espec\u00edfic per a denominar l\u2019ensenyament i aprenentatge de conceptes, habilitats i actituds relacionats amb l\u2019\u00fas de la informaci\u00f3 tot integrant diferents llenguatges i suports comunicatius i implicant tots els processos de cerca, tractament, i d\u2019\u00fas de la informaci\u00f3 que tenen lloc perqu\u00e8 es produeixi la transformaci\u00f3 de la informaci\u00f3 en coneixement. Si b\u00e9 el terme \u00e9s recent, els processos i les capacitats implicades han existit sempre, per\u00f2 vinculats fins ara a la cultura impresa.<\/p>\n<p>En aquest apartat hi ha un recull de materials relacionats amb la tem\u00e0tica:<\/p>\n<ul>\n<li style=\"text-align: justify;\"><b>La compet\u00e8ncia informacional des de la biblioteca escolar (Curs telem\u00e0tic BE2)<\/b>: <a href=\"http:\/\/ateneu.xtec.cat\/wikiform\/wikiexport\/cmd\/bib\/be2\/index\" rel=\"nofollow\">http:\/\/ateneu.xtec.cat\/wikiform\/wikiexport\/cmd\/bib\/be2\/index<\/a><\/li>\n<li style=\"text-align: justify;\"><b>Espai XTEC dedicat a la compet\u00e8ncia informacional:<\/b> <a href=\"http:\/\/www.xtec.cat\/web\/projectes\/biblioteca\/competenciainformacional\" rel=\"nofollow\">http:\/\/www.xtec.cat\/web\/projectes\/biblioteca\/competenciainformacional<\/a><\/li>\n<li style=\"text-align: justify;\"><b>Programas para el desarrollo de la competencia informacional articulados desde la biblioteca escolar.<\/b> Consejer\u00eda de Educaci\u00f3n. Junta de Andalucia. Document de refer\u00e8ncia per a Biblioteques Escolars amb exemples d&#8217;activitats: <a href=\"http:\/\/www.juntadeandalucia.es\/educacion\/webportal\/abaco-portlet\/content\/9e344cda-a851-46bb-b6e1-07aced30d800\" rel=\"nofollow\">http:\/\/www.juntadeandalucia.es\/educacion\/webportal\/abaco-portlet\/content\/9e344cda-a851-46bb-b6e1-07aced30d800<\/a><\/li>\n<li style=\"text-align: justify;\"><b>La compet\u00e8ncia informacional.<\/b> Anna Blasca i Gloria Durban: <a href=\"https:\/\/sites.google.com\/a\/xtec.cat\/cinfo-aula\/\" rel=\"nofollow\">https:\/\/sites.google.com\/a\/xtec.cat\/cinfo-aula\/<\/a><\/li>\n<li style=\"text-align: justify;\"><b>Actividades para trabajar la competencia informacional en Educaci\u00f3n Primaria:<\/b> <a href=\"http:\/\/bibliotecaescolarinfo.blogspot.com.es\/2012\/08\/actividades-competencia-informacional.html\">http:\/\/bibliotecaescolarinfo.blogspot.com.es\/2012\/08\/actividades-competencia-informacional.html<\/a> tamb\u00e9 es pot trobar m\u00e9s informaci\u00f3 en la categoria d&#8217;articles del blog <a href=\"http:\/\/bibliotecaescolarinfo.blogspot.com.es\/search\/label\/Competencia%20informacional\" target=\"_blank\">&#8220;compet\u00e8ncia informacional&#8221;<\/a>.<\/li>\n<li style=\"text-align: justify;\"><b>Actividades para aprender a utilizar los libros de informaci\u00f3n en Educaci\u00f3n Primaria:<\/b><a href=\"http:\/\/competenciainformacionalrecursos.blogspot.com.es\/2013\/03\/actividades-para-aprender-utilizar-los.html\">http:\/\/competenciainformacionalrecursos.blogspot.com.es\/2013\/03\/actividades-para-aprender-utilizar-los.html<\/a><\/li>\n<li style=\"text-align: justify;\"><strong><a href=\"https:\/\/docs.google.com\/presentation\/d\/1N7RCB27Zg8alAcctZuUpuQq8md1N3viw7tPh9xmF69g\/edit?usp=sharing\" target=\"_blank\">Presentaci\u00f3\u00a0sobre la compet\u00e8ncia informacional.<\/a><\/strong><\/li>\n<\/ul>\n<p>&nbsp;<\/p>\n","protected":false},"excerpt":{"rendered":"<p>El terme &#8220;compet\u00e8ncia informacional&#8221;, que \u00e9s relativament nou, neix de la necessitat de trobar un terme espec\u00edfic per a denominar [&hellip;]<\/p>\n","protected":false},"author":5,"featured_media":0,"parent":1868,"menu_order":3,"comment_status":"closed","ping_status":"closed","template":"page-templates\/side-menu.php","meta":{"_bbp_topic_count":0,"_bbp_reply_count":0,"_bbp_total_topic_count":0,"_bbp_total_reply_count":0,"_bbp_voice_count":0,"_bbp_anonymous_reply_count":0,"_bbp_topic_count_hidden":0,"_bbp_reply_count_hidden":0,"_bbp_forum_subforum_count":0,"site-sidebar-layout":"default","site-content-layout":"","ast-site-content-layout":"","site-content-style":"default","site-sidebar-style":"default","ast-global-header-display":"","ast-banner-title-visibility":"","ast-main-header-display":"","ast-hfb-above-header-display":"","ast-hfb-below-header-display":"","ast-hfb-mobile-header-display":"","site-post-title":"","ast-breadcrumbs-content":"","ast-featured-img":"","footer-sml-layout":"","theme-transparent-header-meta":"","adv-header-id-meta":"","stick-header-meta":"","header-above-stick-meta":"","header-main-stick-meta":"","header-below-stick-meta":"","astra-migrate-meta-layouts":"default","ast-page-background-enabled":"default","ast-page-background-meta":{"desktop":{"background-color":"var(--ast-global-color-4)","background-image":"","background-repeat":"repeat","background-position":"center center","background-size":"auto","background-attachment":"scroll","background-type":"","background-media":"","overlay-type":"","overlay-color":"","overlay-opacity":"","overlay-gradient":""},"tablet":{"background-color":"","background-image":"","background-repeat":"repeat","background-position":"center center","background-size":"auto","background-attachment":"scroll","background-type":"","background-media":"","overlay-type":"","overlay-color":"","overlay-opacity":"","overlay-gradient":""},"mobile":{"background-color":"","background-image":"","background-repeat":"repeat","background-position":"center center","background-size":"auto","background-attachment":"scroll","background-type":"","background-media":"","overlay-type":"","overlay-color":"","overlay-opacity":"","overlay-gradient":""}},"ast-content-background-meta":{"desktop":{"background-color":"var(--ast-global-color-5)","background-image":"","background-repeat":"repeat","background-position":"center center","background-size":"auto","background-attachment":"scroll","background-type":"","background-media":"","overlay-type":"","overlay-color":"","overlay-opacity":"","overlay-gradient":""},"tablet":{"background-color":"var(--ast-global-color-5)","background-image":"","background-repeat":"repeat","background-position":"center center","background-size":"auto","background-attachment":"scroll","background-type":"","background-media":"","overlay-type":"","overlay-color":"","overlay-opacity":"","overlay-gradient":""},"mobile":{"background-color":"var(--ast-global-color-5)","background-image":"","background-repeat":"repeat","background-position":"center center","background-size":"auto","background-attachment":"scroll","background-type":"","background-media":"","overlay-type":"","overlay-color":"","overlay-opacity":"","overlay-gradient":""}},"footnotes":""},"class_list":["post-1886","page","type-page","status-publish","hentry"],"post_mailing_queue_ids":[],"_links":{"self":[{"href":"https:\/\/serveiseducatius.xtec.cat\/baixebre\/wp-json\/wp\/v2\/pages\/1886","targetHints":{"allow":["GET"]}}],"collection":[{"href":"https:\/\/serveiseducatius.xtec.cat\/baixebre\/wp-json\/wp\/v2\/pages"}],"about":[{"href":"https:\/\/serveiseducatius.xtec.cat\/baixebre\/wp-json\/wp\/v2\/types\/page"}],"author":[{"embeddable":true,"href":"https:\/\/serveiseducatius.xtec.cat\/baixebre\/wp-json\/wp\/v2\/users\/5"}],"replies":[{"embeddable":true,"href":"https:\/\/serveiseducatius.xtec.cat\/baixebre\/wp-json\/wp\/v2\/comments?post=1886"}],"version-history":[{"count":2,"href":"https:\/\/serveiseducatius.xtec.cat\/baixebre\/wp-json\/wp\/v2\/pages\/1886\/revisions"}],"predecessor-version":[{"id":1889,"href":"https:\/\/serveiseducatius.xtec.cat\/baixebre\/wp-json\/wp\/v2\/pages\/1886\/revisions\/1889"}],"up":[{"embeddable":true,"href":"https:\/\/serveiseducatius.xtec.cat\/baixebre\/wp-json\/wp\/v2\/pages\/1868"}],"wp:attachment":[{"href":"https:\/\/serveiseducatius.xtec.cat\/baixebre\/wp-json\/wp\/v2\/media?parent=1886"}],"curies":[{"name":"wp","href":"https:\/\/api.w.org\/{rel}","templated":true}]}}