{"id":1868,"date":"2016-02-05T09:56:21","date_gmt":"2016-02-05T08:56:21","guid":{"rendered":"http:\/\/serveiseducatius.xtec.cat\/se-baixebre\/?page_id=1868"},"modified":"2017-04-25T18:06:38","modified_gmt":"2017-04-25T16:06:38","slug":"recull-de-materials-tac","status":"publish","type":"page","link":"https:\/\/serveiseducatius.xtec.cat\/baixebre\/recursos\/recull-de-materials-tac\/","title":{"rendered":"Recull de materials TAC"},"content":{"rendered":"<h3>Materials vinculats a assessoraments<\/h3>\n<ul>\n<li><a href=\"http:\/\/serveiseducatius.xtec.cat\/se-baixebre\/recursos\/recull-de-materials-tac\/assessoraments-a-centre\/\">Assessoraments a centres<\/a><\/li>\n<li><a href=\"http:\/\/serveiseducatius.xtec.cat\/se-baixebre\/recursos\/recull-de-materials-tac\/assessoraments-telematics\/\">Assessoraments telem\u00e0tics<\/a><\/li>\n<li><a href=\"http:\/\/serveiseducatius.xtec.cat\/se-baixebre\/recursos\/recull-de-materials-tac\/competencia-informacional\/\">Assessoraments en compet\u00e8ncia informacional<\/a><\/li>\n<li><a href=\"https:\/\/sites.google.com\/a\/xtec.cat\/semtac-15-16-teb\/\" target=\"_blank\">Seminaris TAC 15-16 (Prim\u00e0ria i Secund\u00e0ria)<\/a><\/li>\n<li><a href=\"http:\/\/serveiseducatius.xtec.cat\/se-baixebre\/recursos\/recull-de-materials-tac\/seminaris-tac\/\">Seminaris TAC<\/a> (edicions anteriors)<\/li>\n<\/ul>\n<h3>Recull de recursos pedag\u00f2gics generats al llarg del temps:<\/h3>\n<ul>\n<li style=\"text-align: justify;\">Orientacions per a l&#8217;\u00fas del correu electr\u00f2nic corporatiu.<a href=\"http:\/\/serveiseducatius.xtec.cat\/se-baixebre\/recursos\/recull-de-materials-tac\/orientacions-per-a-lus-del-correu-electronic\/\"> [enlla\u00e7]<\/a><\/li>\n<li style=\"text-align: justify;\">Recull dels materials de les darreres edicions dels Tallers &#8220;Tastets TIC&#8221;. <a href=\"https:\/\/sites.google.com\/site\/tutorialsxtecapps\/\" target=\"_blank\" rel=\"nofollow\">[enlla\u00e7]<\/a><\/li>\n<li style=\"text-align: justify;\">Recursos pedag\u00f2gics editats <a href=\"http:\/\/serveiseducatius.xtec.cat\/se-baixebre\/recursos\/recull-de-materials-tac\/recursos-pedagogics-editats\/\">[enlla\u00e7]<\/a><\/li>\n<li style=\"text-align: justify;\">Filmoteca i propostes did\u00e0ctiques <a href=\"http:\/\/serveiseducatius.xtec.cat\/se-baixebre\/recursos\/recull-de-materials-tac\/filmoteca-i-propostes-didactiques\/\">[enlla\u00e7]<\/a><\/li>\n<li style=\"text-align: justify;\">Bloc amb informacions i orientacions sobre l&#8217;\u00fas did\u00e0ctic de les pissarres digitals. <a href=\"http:\/\/lapissarramagica.wordpress.com\/\" target=\"_blank\" rel=\"nofollow\">[enlla\u00e7]<\/a><\/li>\n<li style=\"text-align: justify;\">Recull de recursos i informacions d&#8217;inter\u00e8s al voltant de l&#8217;\u00fas segur d&#8217;Internet. <a href=\"https:\/\/sites.google.com\/a\/xtec.cat\/crpbaixebre\/recursos\/recursos-tac\/internet-segura\" target=\"_blank\">[enlla\u00e7]<\/a><\/li>\n<li style=\"text-align: justify;\">Secci\u00f3 amb els enregistraments de xerrades i jornades realitzades a la seu de Serveis Territorials de Terres de l&#8217;Ebre. <a href=\"https:\/\/sites.google.com\/a\/xtec.cat\/crpbaixebre\/recursos\/recursos-tac\/enregistraments\">[enlla\u00e7]<\/a><\/li>\n<li style=\"text-align: justify;\">Selecci\u00f3 de v\u00eddeos d&#8217;inter\u00e8s educatiu i que giren al voltant del m\u00f3n de l&#8217;ensenyament, les tecnologies i l&#8217;actualitzaci\u00f3 de la funci\u00f3 docent. <a href=\"https:\/\/www.youtube.com\/playlist?list=PLEC366E3554EADCEF\" target=\"_blank\">[enlla\u00e7]<\/a><\/li>\n<li style=\"text-align: justify;\">Servei d&#8217;eBooks del CRP<a href=\"http:\/\/serveiseducatius.xtec.cat\/se-baixebre\/recursos\/recull-de-materials-tac\/servei-debooks\/\"> [enlla\u00e7]<\/a>.<b>\u00a0<\/b>Llocs de desc\u00e0rregues legals d&#8217;eBooks:\n<ul>\n<li><a href=\"http:\/\/www.elconfidencial.com\/tecnologia\/2013-12-21\/las-mejores-paginas-legales-para-descargar-ebooks-gratis-en-la-red_68968\/\" target=\"_blank\" rel=\"nofollow\">Recull #1<\/a><\/li>\n<li><a href=\"http:\/\/bitelia.com\/2014\/01\/descargar-ebooks-gratis-legalmente\" target=\"_blank\" rel=\"nofollow\">Recull #2<\/a><\/li>\n<li><a href=\"http:\/\/www.enlanubetic.com.es\/2014\/01\/donde-encontrar-y-descargar-ebooks.html#.U0KOSKKPOBk\" target=\"_blank\" rel=\"nofollow\">Recull #3<br \/>\n<\/a><\/li>\n<\/ul>\n<\/li>\n<\/ul>\n<p style=\"text-align: justify;\">\n","protected":false},"excerpt":{"rendered":"<p>Materials vinculats a assessoraments Assessoraments a centres Assessoraments telem\u00e0tics Assessoraments en compet\u00e8ncia informacional Seminaris TAC 15-16 (Prim\u00e0ria i Secund\u00e0ria) Seminaris [&hellip;]<\/p>\n","protected":false},"author":5,"featured_media":0,"parent":906,"menu_order":7,"comment_status":"closed","ping_status":"closed","template":"page-templates\/side-menu.php","meta":{"_bbp_topic_count":0,"_bbp_reply_count":0,"_bbp_total_topic_count":0,"_bbp_total_reply_count":0,"_bbp_voice_count":0,"_bbp_anonymous_reply_count":0,"_bbp_topic_count_hidden":0,"_bbp_reply_count_hidden":0,"_bbp_forum_subforum_count":0,"site-sidebar-layout":"default","site-content-layout":"","ast-site-content-layout":"","site-content-style":"default","site-sidebar-style":"default","ast-global-header-display":"","ast-banner-title-visibility":"","ast-main-header-display":"","ast-hfb-above-header-display":"","ast-hfb-below-header-display":"","ast-hfb-mobile-header-display":"","site-post-title":"","ast-breadcrumbs-content":"","ast-featured-img":"","footer-sml-layout":"","theme-transparent-header-meta":"","adv-header-id-meta":"","stick-header-meta":"","header-above-stick-meta":"","header-main-stick-meta":"","header-below-stick-meta":"","astra-migrate-meta-layouts":"default","ast-page-background-enabled":"default","ast-page-background-meta":{"desktop":{"background-color":"var(--ast-global-color-4)","background-image":"","background-repeat":"repeat","background-position":"center center","background-size":"auto","background-attachment":"scroll","background-type":"","background-media":"","overlay-type":"","overlay-color":"","overlay-opacity":"","overlay-gradient":""},"tablet":{"background-color":"","background-image":"","background-repeat":"repeat","background-position":"center center","background-size":"auto","background-attachment":"scroll","background-type":"","background-media":"","overlay-type":"","overlay-color":"","overlay-opacity":"","overlay-gradient":""},"mobile":{"background-color":"","background-image":"","background-repeat":"repeat","background-position":"center center","background-size":"auto","background-attachment":"scroll","background-type":"","background-media":"","overlay-type":"","overlay-color":"","overlay-opacity":"","overlay-gradient":""}},"ast-content-background-meta":{"desktop":{"background-color":"var(--ast-global-color-5)","background-image":"","background-repeat":"repeat","background-position":"center center","background-size":"auto","background-attachment":"scroll","background-type":"","background-media":"","overlay-type":"","overlay-color":"","overlay-opacity":"","overlay-gradient":""},"tablet":{"background-color":"var(--ast-global-color-5)","background-image":"","background-repeat":"repeat","background-position":"center center","background-size":"auto","background-attachment":"scroll","background-type":"","background-media":"","overlay-type":"","overlay-color":"","overlay-opacity":"","overlay-gradient":""},"mobile":{"background-color":"var(--ast-global-color-5)","background-image":"","background-repeat":"repeat","background-position":"center center","background-size":"auto","background-attachment":"scroll","background-type":"","background-media":"","overlay-type":"","overlay-color":"","overlay-opacity":"","overlay-gradient":""}},"footnotes":""},"class_list":["post-1868","page","type-page","status-publish","hentry"],"post_mailing_queue_ids":[],"_links":{"self":[{"href":"https:\/\/serveiseducatius.xtec.cat\/baixebre\/wp-json\/wp\/v2\/pages\/1868","targetHints":{"allow":["GET"]}}],"collection":[{"href":"https:\/\/serveiseducatius.xtec.cat\/baixebre\/wp-json\/wp\/v2\/pages"}],"about":[{"href":"https:\/\/serveiseducatius.xtec.cat\/baixebre\/wp-json\/wp\/v2\/types\/page"}],"author":[{"embeddable":true,"href":"https:\/\/serveiseducatius.xtec.cat\/baixebre\/wp-json\/wp\/v2\/users\/5"}],"replies":[{"embeddable":true,"href":"https:\/\/serveiseducatius.xtec.cat\/baixebre\/wp-json\/wp\/v2\/comments?post=1868"}],"version-history":[{"count":4,"href":"https:\/\/serveiseducatius.xtec.cat\/baixebre\/wp-json\/wp\/v2\/pages\/1868\/revisions"}],"predecessor-version":[{"id":1918,"href":"https:\/\/serveiseducatius.xtec.cat\/baixebre\/wp-json\/wp\/v2\/pages\/1868\/revisions\/1918"}],"up":[{"embeddable":true,"href":"https:\/\/serveiseducatius.xtec.cat\/baixebre\/wp-json\/wp\/v2\/pages\/906"}],"wp:attachment":[{"href":"https:\/\/serveiseducatius.xtec.cat\/baixebre\/wp-json\/wp\/v2\/media?parent=1868"}],"curies":[{"name":"wp","href":"https:\/\/api.w.org\/{rel}","templated":true}]}}