{"id":1558,"date":"2015-12-22T12:29:03","date_gmt":"2015-12-22T11:29:03","guid":{"rendered":"http:\/\/serveiseducatius.xtec.cat\/se-baixebre\/?page_id=1558"},"modified":"2021-05-26T10:48:49","modified_gmt":"2021-05-26T08:48:49","slug":"modalitats-de-formacio-2","status":"publish","type":"page","link":"https:\/\/serveiseducatius.xtec.cat\/baixebre\/formacio\/modalitats-de-formacio-2\/","title":{"rendered":"Formaci\u00f3 individual"},"content":{"rendered":"<p>Segons les seves caracter\u00edstiques, la formaci\u00f3 individual es pot agrupar en quatre blocs:<\/p>\n<p><strong>BLOC 1. Modalitats de formaci\u00f3 individual<\/strong><\/p>\n<p><a href=\"https:\/\/serveiseducatius.xtec.cat\/baixebre\/wp-content\/uploads\/usu624\/2021\/05\/taller-1.png\"><img loading=\"lazy\" decoding=\"async\" class=\"size-full wp-image-7158 aligncenter\" src=\"https:\/\/serveiseducatius.xtec.cat\/baixebre\/wp-content\/uploads\/usu624\/2021\/05\/taller-1.png\" alt=\"\" width=\"791\" height=\"901\" srcset=\"https:\/\/serveiseducatius.xtec.cat\/baixebre\/wp-content\/uploads\/usu624\/2021\/05\/taller-1.png 791w, https:\/\/serveiseducatius.xtec.cat\/baixebre\/wp-content\/uploads\/usu624\/2021\/05\/taller-1-263x300.png 263w, https:\/\/serveiseducatius.xtec.cat\/baixebre\/wp-content\/uploads\/usu624\/2021\/05\/taller-1-768x875.png 768w\" sizes=\"auto, (max-width: 791px) 100vw, 791px\" \/><\/a><\/p>\n<p><a href=\"https:\/\/serveiseducatius.xtec.cat\/baixebre\/wp-content\/uploads\/usu624\/2021\/05\/curs.png\"><img loading=\"lazy\" decoding=\"async\" class=\"size-full wp-image-7159 aligncenter\" src=\"https:\/\/serveiseducatius.xtec.cat\/baixebre\/wp-content\/uploads\/usu624\/2021\/05\/curs.png\" alt=\"\" width=\"789\" height=\"871\" srcset=\"https:\/\/serveiseducatius.xtec.cat\/baixebre\/wp-content\/uploads\/usu624\/2021\/05\/curs.png 789w, https:\/\/serveiseducatius.xtec.cat\/baixebre\/wp-content\/uploads\/usu624\/2021\/05\/curs-272x300.png 272w, https:\/\/serveiseducatius.xtec.cat\/baixebre\/wp-content\/uploads\/usu624\/2021\/05\/curs-768x848.png 768w\" sizes=\"auto, (max-width: 789px) 100vw, 789px\" \/><\/a><\/p>\n<p><a href=\"https:\/\/serveiseducatius.xtec.cat\/baixebre\/wp-content\/uploads\/usu624\/2021\/05\/seminari.png\"><img loading=\"lazy\" decoding=\"async\" class=\"size-full wp-image-7160 aligncenter\" src=\"https:\/\/serveiseducatius.xtec.cat\/baixebre\/wp-content\/uploads\/usu624\/2021\/05\/seminari.png\" alt=\"\" width=\"787\" height=\"898\" srcset=\"https:\/\/serveiseducatius.xtec.cat\/baixebre\/wp-content\/uploads\/usu624\/2021\/05\/seminari.png 787w, https:\/\/serveiseducatius.xtec.cat\/baixebre\/wp-content\/uploads\/usu624\/2021\/05\/seminari-263x300.png 263w, https:\/\/serveiseducatius.xtec.cat\/baixebre\/wp-content\/uploads\/usu624\/2021\/05\/seminari-768x876.png 768w\" sizes=\"auto, (max-width: 787px) 100vw, 787px\" \/><\/a><\/p>\n<p>&nbsp;<\/p>\n<p><strong>BLOC 2. Modalitat de reflexi\u00f3 col\u00b7lectiva entre iguals per al professorat de diferents centres:<\/strong><\/p>\n<p><a href=\"https:\/\/serveiseducatius.xtec.cat\/baixebre\/wp-content\/uploads\/usu624\/2021\/05\/grup_treball.png\"><img loading=\"lazy\" decoding=\"async\" class=\"size-full wp-image-7161 aligncenter\" src=\"https:\/\/serveiseducatius.xtec.cat\/baixebre\/wp-content\/uploads\/usu624\/2021\/05\/grup_treball.png\" alt=\"\" width=\"756\" height=\"965\" srcset=\"https:\/\/serveiseducatius.xtec.cat\/baixebre\/wp-content\/uploads\/usu624\/2021\/05\/grup_treball.png 756w, https:\/\/serveiseducatius.xtec.cat\/baixebre\/wp-content\/uploads\/usu624\/2021\/05\/grup_treball-235x300.png 235w\" sizes=\"auto, (max-width: 756px) 100vw, 756px\" \/><\/a><\/p>\n<p><strong>BLOC 3. Modalitats de dinamitzaci\u00f3, sensibilitzaci\u00f3 i divulgaci\u00f3:<\/strong><\/p>\n<p><a href=\"https:\/\/serveiseducatius.xtec.cat\/baixebre\/wp-content\/uploads\/usu624\/2021\/05\/conferencia.png\"><img loading=\"lazy\" decoding=\"async\" class=\"size-full wp-image-7162 aligncenter\" src=\"https:\/\/serveiseducatius.xtec.cat\/baixebre\/wp-content\/uploads\/usu624\/2021\/05\/conferencia.png\" alt=\"\" width=\"754\" height=\"854\" srcset=\"https:\/\/serveiseducatius.xtec.cat\/baixebre\/wp-content\/uploads\/usu624\/2021\/05\/conferencia.png 754w, https:\/\/serveiseducatius.xtec.cat\/baixebre\/wp-content\/uploads\/usu624\/2021\/05\/conferencia-265x300.png 265w\" sizes=\"auto, (max-width: 754px) 100vw, 754px\" \/><\/a><\/p>\n<p><strong>BLOC 4. Modalitats d\u2019estades formatives:<\/strong><\/p>\n<p style=\"text-align: center;\"><a href=\"https:\/\/serveiseducatius.xtec.cat\/baixebre\/wp-content\/uploads\/usu624\/2021\/05\/empresa.png\"><img loading=\"lazy\" decoding=\"async\" class=\"size-full wp-image-7164 aligncenter\" src=\"https:\/\/serveiseducatius.xtec.cat\/baixebre\/wp-content\/uploads\/usu624\/2021\/05\/empresa.png\" alt=\"\" width=\"722\" height=\"848\" srcset=\"https:\/\/serveiseducatius.xtec.cat\/baixebre\/wp-content\/uploads\/usu624\/2021\/05\/empresa.png 722w, https:\/\/serveiseducatius.xtec.cat\/baixebre\/wp-content\/uploads\/usu624\/2021\/05\/empresa-255x300.png 255w\" sizes=\"auto, (max-width: 722px) 100vw, 722px\" \/><\/a><\/p>\n<p><a href=\"https:\/\/serveiseducatius.xtec.cat\/baixebre\/wp-content\/uploads\/usu624\/2021\/05\/estranger.png\"><img loading=\"lazy\" decoding=\"async\" class=\"size-full wp-image-7165 aligncenter\" src=\"https:\/\/serveiseducatius.xtec.cat\/baixebre\/wp-content\/uploads\/usu624\/2021\/05\/estranger.png\" alt=\"\" width=\"722\" height=\"749\" srcset=\"https:\/\/serveiseducatius.xtec.cat\/baixebre\/wp-content\/uploads\/usu624\/2021\/05\/estranger.png 722w, https:\/\/serveiseducatius.xtec.cat\/baixebre\/wp-content\/uploads\/usu624\/2021\/05\/estranger-289x300.png 289w\" sizes=\"auto, (max-width: 722px) 100vw, 722px\" \/><\/a><\/p>\n","protected":false},"excerpt":{"rendered":"<p>Segons les seves caracter\u00edstiques, la formaci\u00f3 individual es pot agrupar en quatre blocs: BLOC 1. Modalitats de formaci\u00f3 individual &nbsp; [&hellip;]<\/p>\n","protected":false},"author":5,"featured_media":0,"parent":416,"menu_order":17,"comment_status":"closed","ping_status":"closed","template":"page-templates\/side-menu.php","meta":{"_bbp_topic_count":0,"_bbp_reply_count":0,"_bbp_total_topic_count":0,"_bbp_total_reply_count":0,"_bbp_voice_count":0,"_bbp_anonymous_reply_count":0,"_bbp_topic_count_hidden":0,"_bbp_reply_count_hidden":0,"_bbp_forum_subforum_count":0,"site-sidebar-layout":"default","site-content-layout":"","ast-site-content-layout":"","site-content-style":"default","site-sidebar-style":"default","ast-global-header-display":"","ast-banner-title-visibility":"","ast-main-header-display":"","ast-hfb-above-header-display":"","ast-hfb-below-header-display":"","ast-hfb-mobile-header-display":"","site-post-title":"","ast-breadcrumbs-content":"","ast-featured-img":"","footer-sml-layout":"","theme-transparent-header-meta":"","adv-header-id-meta":"","stick-header-meta":"","header-above-stick-meta":"","header-main-stick-meta":"","header-below-stick-meta":"","astra-migrate-meta-layouts":"default","ast-page-background-enabled":"default","ast-page-background-meta":{"desktop":{"background-color":"var(--ast-global-color-4)","background-image":"","background-repeat":"repeat","background-position":"center center","background-size":"auto","background-attachment":"scroll","background-type":"","background-media":"","overlay-type":"","overlay-color":"","overlay-opacity":"","overlay-gradient":""},"tablet":{"background-color":"","background-image":"","background-repeat":"repeat","background-position":"center center","background-size":"auto","background-attachment":"scroll","background-type":"","background-media":"","overlay-type":"","overlay-color":"","overlay-opacity":"","overlay-gradient":""},"mobile":{"background-color":"","background-image":"","background-repeat":"repeat","background-position":"center center","background-size":"auto","background-attachment":"scroll","background-type":"","background-media":"","overlay-type":"","overlay-color":"","overlay-opacity":"","overlay-gradient":""}},"ast-content-background-meta":{"desktop":{"background-color":"var(--ast-global-color-5)","background-image":"","background-repeat":"repeat","background-position":"center center","background-size":"auto","background-attachment":"scroll","background-type":"","background-media":"","overlay-type":"","overlay-color":"","overlay-opacity":"","overlay-gradient":""},"tablet":{"background-color":"var(--ast-global-color-5)","background-image":"","background-repeat":"repeat","background-position":"center center","background-size":"auto","background-attachment":"scroll","background-type":"","background-media":"","overlay-type":"","overlay-color":"","overlay-opacity":"","overlay-gradient":""},"mobile":{"background-color":"var(--ast-global-color-5)","background-image":"","background-repeat":"repeat","background-position":"center center","background-size":"auto","background-attachment":"scroll","background-type":"","background-media":"","overlay-type":"","overlay-color":"","overlay-opacity":"","overlay-gradient":""}},"footnotes":""},"class_list":["post-1558","page","type-page","status-publish","hentry"],"post_mailing_queue_ids":[],"_links":{"self":[{"href":"https:\/\/serveiseducatius.xtec.cat\/baixebre\/wp-json\/wp\/v2\/pages\/1558","targetHints":{"allow":["GET"]}}],"collection":[{"href":"https:\/\/serveiseducatius.xtec.cat\/baixebre\/wp-json\/wp\/v2\/pages"}],"about":[{"href":"https:\/\/serveiseducatius.xtec.cat\/baixebre\/wp-json\/wp\/v2\/types\/page"}],"author":[{"embeddable":true,"href":"https:\/\/serveiseducatius.xtec.cat\/baixebre\/wp-json\/wp\/v2\/users\/5"}],"replies":[{"embeddable":true,"href":"https:\/\/serveiseducatius.xtec.cat\/baixebre\/wp-json\/wp\/v2\/comments?post=1558"}],"version-history":[{"count":4,"href":"https:\/\/serveiseducatius.xtec.cat\/baixebre\/wp-json\/wp\/v2\/pages\/1558\/revisions"}],"predecessor-version":[{"id":7166,"href":"https:\/\/serveiseducatius.xtec.cat\/baixebre\/wp-json\/wp\/v2\/pages\/1558\/revisions\/7166"}],"up":[{"embeddable":true,"href":"https:\/\/serveiseducatius.xtec.cat\/baixebre\/wp-json\/wp\/v2\/pages\/416"}],"wp:attachment":[{"href":"https:\/\/serveiseducatius.xtec.cat\/baixebre\/wp-json\/wp\/v2\/media?parent=1558"}],"curies":[{"name":"wp","href":"https:\/\/api.w.org\/{rel}","templated":true}]}}