{"id":1554,"date":"2015-12-22T12:14:14","date_gmt":"2015-12-22T11:14:14","guid":{"rendered":"http:\/\/serveiseducatius.xtec.cat\/se-baixebre\/?page_id=1554"},"modified":"2016-02-03T09:12:18","modified_gmt":"2016-02-03T08:12:18","slug":"epergam","status":"publish","type":"page","link":"https:\/\/serveiseducatius.xtec.cat\/baixebre\/recursos\/epergam\/","title":{"rendered":"eP\u00e8rgam"},"content":{"rendered":"<div>\n<div><img decoding=\"async\" src=\"http:\/\/frm.xtec.cat\/est\/epergam\/img\/epergam.gif\" alt=\"\" border=\"0\" data-pin-nopin=\"true\" \/><\/div>\n<p>&nbsp;<\/p>\n<p style=\"text-align: justify;\">L\u2019 <b>eP\u00e8rgam<\/b> \u00e9s l\u2019aplicaci\u00f3 de gesti\u00f3 de les biblioteques escolars que ofereix el Departament d&#8217;Ensenyament. \u00c9s una<b> aplicaci\u00f3 en l\u00ednia<\/b> i es caracteritza per:<\/p>\n<ul style=\"text-align: justify;\">\n<li>Aprofitar els avantatges de la xarxa per fer la catalogaci\u00f3.<\/li>\n<li>Permetre la consulta en l\u00ednia dels cat\u00e0legs de les biblioteques escolars.<\/li>\n<li>Disposar de funcionalitats per incentivar l&#8217;\u00fas de la biblioteca per part de la comunitat escolar.<\/li>\n<li>Facilitar el manteniment t\u00e8cnic de les dades bibliogr\u00e0fiques i d&#8217;usuaris.<\/li>\n<\/ul>\n<p style=\"text-align: justify;\">En l&#8217;apartat d&#8217;eP\u00e8rgam del CRP del Baix Ebre podreu trobar el fons local que es disposa. Una selecci\u00f3 de documents sobre el nostre territori. L&#8217;enlla\u00e7 a partir d&#8217;on es poden fer les cerques \u00e9s: <strong><a href=\"https:\/\/aplicacions.gestioeducativa.gencat.cat\/epergam\/web\/biblioteca.jsp?codi=43990103\" target=\"_blank\">https:\/\/aplicacions.gestioeducativa.gencat.cat\/epergam\/web\/biblioteca.jsp?codi=43990103<\/a><\/strong><\/p>\n<p style=\"text-align: justify;\">Es pot accedir a la relaci\u00f3 de tots els documents que conformen el nostre fons local des d&#8217;aqu\u00ed: <b><a href=\"https:\/\/docs.google.com\/viewer?a=v&amp;pid=sites&amp;srcid=eHRlYy5jYXR8Y3JwYmFpeGVicmV8Z3g6MzdiNzI4ZTQzNGE3ZjczMw\" target=\"_blank\">[fons local]<\/a><\/b><\/p>\n<\/div>\n<p style=\"text-align: justify;\">L&#8217;espai de refer\u00e8ncia a XTEC es troba a:<a href=\"http:\/\/www.xtec.cat\/web\/projectes\/biblioteca\/epergam\" target=\"_blank\" rel=\"nofollow\"><b>http:\/\/www.xtec.cat\/web\/projectes\/biblioteca\/epergam<\/b><\/a><\/p>\n","protected":false},"excerpt":{"rendered":"<p>&nbsp; L\u2019 eP\u00e8rgam \u00e9s l\u2019aplicaci\u00f3 de gesti\u00f3 de les biblioteques escolars que ofereix el Departament d&#8217;Ensenyament. \u00c9s una aplicaci\u00f3 en [&hellip;]<\/p>\n","protected":false},"author":5,"featured_media":0,"parent":906,"menu_order":2,"comment_status":"closed","ping_status":"closed","template":"page-templates\/side-menu.php","meta":{"_bbp_topic_count":0,"_bbp_reply_count":0,"_bbp_total_topic_count":0,"_bbp_total_reply_count":0,"_bbp_voice_count":0,"_bbp_anonymous_reply_count":0,"_bbp_topic_count_hidden":0,"_bbp_reply_count_hidden":0,"_bbp_forum_subforum_count":0,"site-sidebar-layout":"default","site-content-layout":"","ast-site-content-layout":"","site-content-style":"default","site-sidebar-style":"default","ast-global-header-display":"","ast-banner-title-visibility":"","ast-main-header-display":"","ast-hfb-above-header-display":"","ast-hfb-below-header-display":"","ast-hfb-mobile-header-display":"","site-post-title":"","ast-breadcrumbs-content":"","ast-featured-img":"","footer-sml-layout":"","theme-transparent-header-meta":"","adv-header-id-meta":"","stick-header-meta":"","header-above-stick-meta":"","header-main-stick-meta":"","header-below-stick-meta":"","astra-migrate-meta-layouts":"default","ast-page-background-enabled":"default","ast-page-background-meta":{"desktop":{"background-color":"var(--ast-global-color-4)","background-image":"","background-repeat":"repeat","background-position":"center center","background-size":"auto","background-attachment":"scroll","background-type":"","background-media":"","overlay-type":"","overlay-color":"","overlay-opacity":"","overlay-gradient":""},"tablet":{"background-color":"","background-image":"","background-repeat":"repeat","background-position":"center center","background-size":"auto","background-attachment":"scroll","background-type":"","background-media":"","overlay-type":"","overlay-color":"","overlay-opacity":"","overlay-gradient":""},"mobile":{"background-color":"","background-image":"","background-repeat":"repeat","background-position":"center center","background-size":"auto","background-attachment":"scroll","background-type":"","background-media":"","overlay-type":"","overlay-color":"","overlay-opacity":"","overlay-gradient":""}},"ast-content-background-meta":{"desktop":{"background-color":"var(--ast-global-color-5)","background-image":"","background-repeat":"repeat","background-position":"center center","background-size":"auto","background-attachment":"scroll","background-type":"","background-media":"","overlay-type":"","overlay-color":"","overlay-opacity":"","overlay-gradient":""},"tablet":{"background-color":"var(--ast-global-color-5)","background-image":"","background-repeat":"repeat","background-position":"center center","background-size":"auto","background-attachment":"scroll","background-type":"","background-media":"","overlay-type":"","overlay-color":"","overlay-opacity":"","overlay-gradient":""},"mobile":{"background-color":"var(--ast-global-color-5)","background-image":"","background-repeat":"repeat","background-position":"center center","background-size":"auto","background-attachment":"scroll","background-type":"","background-media":"","overlay-type":"","overlay-color":"","overlay-opacity":"","overlay-gradient":""}},"footnotes":""},"class_list":["post-1554","page","type-page","status-publish","hentry"],"post_mailing_queue_ids":[],"_links":{"self":[{"href":"https:\/\/serveiseducatius.xtec.cat\/baixebre\/wp-json\/wp\/v2\/pages\/1554","targetHints":{"allow":["GET"]}}],"collection":[{"href":"https:\/\/serveiseducatius.xtec.cat\/baixebre\/wp-json\/wp\/v2\/pages"}],"about":[{"href":"https:\/\/serveiseducatius.xtec.cat\/baixebre\/wp-json\/wp\/v2\/types\/page"}],"author":[{"embeddable":true,"href":"https:\/\/serveiseducatius.xtec.cat\/baixebre\/wp-json\/wp\/v2\/users\/5"}],"replies":[{"embeddable":true,"href":"https:\/\/serveiseducatius.xtec.cat\/baixebre\/wp-json\/wp\/v2\/comments?post=1554"}],"version-history":[{"count":4,"href":"https:\/\/serveiseducatius.xtec.cat\/baixebre\/wp-json\/wp\/v2\/pages\/1554\/revisions"}],"predecessor-version":[{"id":1806,"href":"https:\/\/serveiseducatius.xtec.cat\/baixebre\/wp-json\/wp\/v2\/pages\/1554\/revisions\/1806"}],"up":[{"embeddable":true,"href":"https:\/\/serveiseducatius.xtec.cat\/baixebre\/wp-json\/wp\/v2\/pages\/906"}],"wp:attachment":[{"href":"https:\/\/serveiseducatius.xtec.cat\/baixebre\/wp-json\/wp\/v2\/media?parent=1554"}],"curies":[{"name":"wp","href":"https:\/\/api.w.org\/{rel}","templated":true}]}}