{"id":9786,"date":"2019-02-11T16:34:05","date_gmt":"2019-02-11T15:34:05","guid":{"rendered":"http:\/\/serveiseducatius.xtec.cat\/baixcamp\/?page_id=9786"},"modified":"2019-02-25T12:18:00","modified_gmt":"2019-02-25T11:18:00","slug":"cercselles-en-familia","status":"publish","type":"page","link":"https:\/\/serveiseducatius.xtec.cat\/baixcamp\/dinamitzacions\/cercselles\/cercselles-en-familia\/","title":{"rendered":"cerC@selles En Fam\u00edlia"},"content":{"rendered":"<p><img loading=\"lazy\" decoding=\"async\" class=\"alignleft wp-image-9789\" src=\"https:\/\/serveiseducatius.xtec.cat\/baixcamp\/wp-content\/uploads\/usu950\/2019\/02\/familia.jpg\" alt=\"\" width=\"292\" height=\"163\" srcset=\"https:\/\/serveiseducatius.xtec.cat\/baixcamp\/wp-content\/uploads\/usu950\/2019\/02\/familia.jpg 400w, https:\/\/serveiseducatius.xtec.cat\/baixcamp\/wp-content\/uploads\/usu950\/2019\/02\/familia-300x167.jpg 300w\" sizes=\"auto, (max-width: 292px) 100vw, 292px\" \/>Dissabte <strong>23 de febrer<\/strong>, d&#8217;11h a 13h, es va realitzar la presentaci\u00f3 <em>cerC@selles En Fam\u00edlia<\/em>.<br \/>\nAdre\u00e7ada a les fam\u00edlies i al conjunt de la ciutadania.<strong><br \/>\n<\/strong><\/p>\n<h6><strong>Itinerari<\/strong><\/h6>\n<p>El punt de sortida i d\u2019arribada de la ruta estar\u00e0 ubicat en el <strong>Museu d\u2019Arqueologia Salvador Vilaseca de Reus<\/strong>, on es lliurar\u00e0 el passaport que ens orientar\u00e0 en els edificis a visitar i on es lliurara l\u2019acreditaci\u00f3 en completar la ruta.<\/p>\n<p>S\u2019hi pot participar\u00a0 en format <strong>digital i anal\u00f2gic, <\/strong>tal i com es va fer a la jornada del 18 de desembre.<\/p>\n<p><span style=\"color: #808000;\"><strong>Format digital<\/strong><\/span><\/p>\n<p>Es tracta de con\u00e8ixer i recon\u00e8ixer l&#8217;obra d&#8217;en Pere Caselles utilitzant els recursos tecnol\u00f2gics que mSchools posa al nostre abast, a trav\u00e9s de l\u2019aplicaci\u00f3 m\u00f2bil de Geolocalitzaci\u00f3 <strong>MHM <em>Mobile History Maps<\/em>.<\/strong><\/p>\n<p><span style=\"color: #808000;\"><strong>Format anal\u00f2gic<\/strong><\/span><\/p>\n<p>L\u2019activitat tamb\u00e9 es podr\u00e0 realitzar amb suport d\u2019un mapa amb la situaci\u00f3 dels punts geolocalitzats que es lliurar\u00e0 als participants en iniciar l\u2019activitat.<\/p>\n<p>En acabar la ruta, els participants estaran convidats a visitar les exposicions del Museu <strong><em>Neandertals a Catalunya<\/em> i<\/strong><strong><em> Semblar d\u00e9u i tot lo m\u00f3n. Els carnavals reusencs 1859-1939<\/em><\/strong>.<\/p>\n<h6><strong>Inscripcions<\/strong><\/h6>\n<p>La presentaci\u00f3 de <em>cerC@selles En Fam\u00edlia <\/em>\u00e9s dissabte el 23 de febrer. Per aix\u00f2, animem als centres a que fomentin la participaci\u00f3 de la seva comunitat educativa a fer difusi\u00f3 de la jornada i emplenar el <a href=\"https:\/\/docs.google.com\/forms\/d\/e\/1FAIpQLSdc38JjolKxizbCP1CIjSm__KpY_n8vionITFM3N9UFVWyevw\/viewform\" data-saferedirecturl=\"https:\/\/www.google.com\/url?q=https:\/\/docs.google.com\/forms\/d\/e\/1FAIpQLSdc38JjolKxizbCP1CIjSm__KpY_n8vionITFM3N9UFVWyevw\/viewform&amp;source=gmail&amp;ust=1549984736955000&amp;usg=AFQjCNHFSkENM74dw5ATNzK0DKPXr_6spA\">formulari<\/a> amb el n\u00famero aproximat de fam\u00edlies que poden estar interessats, abans del\u00a0 <strong>18 de febrer<\/strong>.<\/p>\n<p>Altrament, <em>cerC@selles En Fam\u00edlia <\/em>est\u00e0 obert a la ciutadania, sempre que es vulgui. Per aix\u00f2 sols cal anar al Museu Salvador Vilaseca de Reus i preguntar pel passaport.<\/p>\n<h6><strong>Documentaci\u00f3<\/strong><\/h6>\n<ul>\n<li><a href=\"http:\/\/mschools.mobileworldcapital.com\/es\/iniciativas\/mobile-history-map\/\">Mobile History Map<\/a><\/li>\n<li><a href=\"https:\/\/www.reus.cat\/serveis\/lobra-de-pere-caselles\">L\u2019obra de Pere Caselles<\/a><\/li>\n<li><a href=\"https:\/\/drive.google.com\/file\/d\/1F-ypgUUO36evKZ1hpP210HrdYAeO-y9J\/view\">Passaport<\/a><\/li>\n<li><a href=\"https:\/\/drive.google.com\/file\/d\/0BwNkFPH0c1ddQXYxcWEwQkxsS2FNb01SaFc2anhpamxlNmFF\/view?usp=sharing\">Mapa recorregut<\/a><\/li>\n<\/ul>\n","protected":false},"excerpt":{"rendered":"<p>Dissabte 23 de febrer, d&#8217;11h a 13h, es va realitzar la presentaci\u00f3 cerC@selles En Fam\u00edlia. Adre\u00e7ada a les fam\u00edlies i al conjunt de la ciutadania. Itinerari El punt de sortida i d\u2019arribada de la ruta estar\u00e0 ubicat en el Museu d\u2019Arqueologia Salvador Vilaseca de Reus, on es lliurar\u00e0 el passaport que ens orientar\u00e0 en els [&hellip;]<\/p>\n","protected":false},"author":1,"featured_media":0,"parent":9015,"menu_order":30,"comment_status":"closed","ping_status":"closed","template":"page-templates\/side-menu.php","meta":{"_bbp_topic_count":0,"_bbp_reply_count":0,"_bbp_total_topic_count":0,"_bbp_total_reply_count":0,"_bbp_voice_count":0,"_bbp_anonymous_reply_count":0,"_bbp_topic_count_hidden":0,"_bbp_reply_count_hidden":0,"_bbp_forum_subforum_count":0,"site-sidebar-layout":"default","site-content-layout":"","ast-site-content-layout":"","site-content-style":"default","site-sidebar-style":"default","ast-global-header-display":"","ast-banner-title-visibility":"","ast-main-header-display":"","ast-hfb-above-header-display":"","ast-hfb-below-header-display":"","ast-hfb-mobile-header-display":"","site-post-title":"","ast-breadcrumbs-content":"","ast-featured-img":"","footer-sml-layout":"","theme-transparent-header-meta":"","adv-header-id-meta":"","stick-header-meta":"","header-above-stick-meta":"","header-main-stick-meta":"","header-below-stick-meta":"","astra-migrate-meta-layouts":"default","ast-page-background-enabled":"default","ast-page-background-meta":{"desktop":{"background-color":"var(--ast-global-color-4)","background-image":"","background-repeat":"repeat","background-position":"center center","background-size":"auto","background-attachment":"scroll","background-type":"","background-media":"","overlay-type":"","overlay-color":"","overlay-opacity":"","overlay-gradient":""},"tablet":{"background-color":"","background-image":"","background-repeat":"repeat","background-position":"center center","background-size":"auto","background-attachment":"scroll","background-type":"","background-media":"","overlay-type":"","overlay-color":"","overlay-opacity":"","overlay-gradient":""},"mobile":{"background-color":"","background-image":"","background-repeat":"repeat","background-position":"center center","background-size":"auto","background-attachment":"scroll","background-type":"","background-media":"","overlay-type":"","overlay-color":"","overlay-opacity":"","overlay-gradient":""}},"ast-content-background-meta":{"desktop":{"background-color":"var(--ast-global-color-5)","background-image":"","background-repeat":"repeat","background-position":"center center","background-size":"auto","background-attachment":"scroll","background-type":"","background-media":"","overlay-type":"","overlay-color":"","overlay-opacity":"","overlay-gradient":""},"tablet":{"background-color":"var(--ast-global-color-5)","background-image":"","background-repeat":"repeat","background-position":"center center","background-size":"auto","background-attachment":"scroll","background-type":"","background-media":"","overlay-type":"","overlay-color":"","overlay-opacity":"","overlay-gradient":""},"mobile":{"background-color":"var(--ast-global-color-5)","background-image":"","background-repeat":"repeat","background-position":"center center","background-size":"auto","background-attachment":"scroll","background-type":"","background-media":"","overlay-type":"","overlay-color":"","overlay-opacity":"","overlay-gradient":""}},"footnotes":""},"class_list":["post-9786","page","type-page","status-publish","hentry"],"post_mailing_queue_ids":[],"_links":{"self":[{"href":"https:\/\/serveiseducatius.xtec.cat\/baixcamp\/wp-json\/wp\/v2\/pages\/9786","targetHints":{"allow":["GET"]}}],"collection":[{"href":"https:\/\/serveiseducatius.xtec.cat\/baixcamp\/wp-json\/wp\/v2\/pages"}],"about":[{"href":"https:\/\/serveiseducatius.xtec.cat\/baixcamp\/wp-json\/wp\/v2\/types\/page"}],"author":[{"embeddable":true,"href":"https:\/\/serveiseducatius.xtec.cat\/baixcamp\/wp-json\/wp\/v2\/users\/1"}],"replies":[{"embeddable":true,"href":"https:\/\/serveiseducatius.xtec.cat\/baixcamp\/wp-json\/wp\/v2\/comments?post=9786"}],"version-history":[{"count":4,"href":"https:\/\/serveiseducatius.xtec.cat\/baixcamp\/wp-json\/wp\/v2\/pages\/9786\/revisions"}],"predecessor-version":[{"id":9840,"href":"https:\/\/serveiseducatius.xtec.cat\/baixcamp\/wp-json\/wp\/v2\/pages\/9786\/revisions\/9840"}],"up":[{"embeddable":true,"href":"https:\/\/serveiseducatius.xtec.cat\/baixcamp\/wp-json\/wp\/v2\/pages\/9015"}],"wp:attachment":[{"href":"https:\/\/serveiseducatius.xtec.cat\/baixcamp\/wp-json\/wp\/v2\/media?parent=9786"}],"curies":[{"name":"wp","href":"https:\/\/api.w.org\/{rel}","templated":true}]}}