{"id":9606,"date":"2018-12-21T12:08:07","date_gmt":"2018-12-21T11:08:07","guid":{"rendered":"http:\/\/serveiseducatius.xtec.cat\/baixcamp\/?page_id=9606"},"modified":"2018-12-21T12:31:30","modified_gmt":"2018-12-21T11:31:30","slug":"maleta-wonder","status":"publish","type":"page","link":"https:\/\/serveiseducatius.xtec.cat\/baixcamp\/cataleg-servei-prestec\/maleta-wonder\/","title":{"rendered":"Maleta Wonder"},"content":{"rendered":"<h6><strong>Qu\u00e8 \u00e9s?<\/strong><\/h6>\n<p>Projecte del Pla Educatiu d\u2019Entorn de Reus per fomentar la lectura i desenvolupar l\u2019h\u00e0bit lector.<\/p>\n<h6><strong>A qui s\u2019adre\u00e7a?<\/strong><\/h6>\n<p>Alumnat de CS de l\u2019educaci\u00f3 prim\u00e0ria i de 1r i 2n d\u2019ESO dels centres de Reus que formen part del Pla Educatiu d\u2019Entorn.<\/p>\n<h6><strong>On s\u2019emmarca?<\/strong><\/h6>\n<p>Dins l\u2019eix\u00a0<em>llegir per gust.<\/em><\/p>\n<h6><strong>Qu\u00e8 cont\u00e9 la maleta?<\/strong><\/h6>\n<p><img loading=\"lazy\" decoding=\"async\" class=\"wp-image-9609 alignnone\" src=\"https:\/\/serveiseducatius.xtec.cat\/baixcamp\/wp-content\/uploads\/usu950\/2018\/12\/wonder.jpg\" alt=\"\" width=\"218\" height=\"163\" srcset=\"https:\/\/serveiseducatius.xtec.cat\/baixcamp\/wp-content\/uploads\/usu950\/2018\/12\/wonder.jpg 267w, https:\/\/serveiseducatius.xtec.cat\/baixcamp\/wp-content\/uploads\/usu950\/2018\/12\/wonder-200x150.jpg 200w\" sizes=\"auto, (max-width: 218px) 100vw, 218px\" \/><\/p>\n<ul>\n<li><strong>28<\/strong> exemplars <strong>numerats<\/strong> de <em>Wonder<\/em>.<\/li>\n<li>Una c\u00f2pia de la guia did\u00e0ctica elaborada per \u00c0lex Gimeno.<\/li>\n<li>Un full plastificat amb recursos diversos i adreces web per treballar la lectura.<\/li>\n<li>Un full plastificat\u00a0 amb una taula numerada (fotocopiable) per controlar el pr\u00e9stec.<\/li>\n<li>Un full plastificat de valoraci\u00f3 de l\u2019activitat.<strong>\u00a0<\/strong><\/li>\n<\/ul>\n<h6><strong>Metodologia de treball<\/strong><\/h6>\n<p>El docent ha de conduir un club de lectura i es pot ajudar de la guia did\u00e0ctica adjunta. A l\u2019aula es pot treballar tota la guia o b\u00e9 seleccionar-ne aquelles activitats que es considerin oportunes.<br \/>\nEl docent tamb\u00e9 porta el control de quin llibre t\u00e9 cada alumne per fer la lectura.<\/p>\n<h6><strong>Durada del pr\u00e9stec<\/strong><\/h6>\n<p>Sis setmanes aproximadament.<br \/>\nSi es malmet o perd algun exemplar, el centre receptor l\u2019haur\u00e0 de reposar.<\/p>\n<h6><strong>Contacte<\/strong><\/h6>\n<p>Per sol\u00b7licitar el pr\u00e9stec contacteu amb l\u2019<span style=\"color: #808080;\"><strong>Equip ELIC \u2013 Tel\u00e8fon 977 31 27 04 \u2013 Extensi\u00f3 3<\/strong>.<\/span><\/p>\n","protected":false},"excerpt":{"rendered":"<p>Qu\u00e8 \u00e9s? Projecte del Pla Educatiu d\u2019Entorn de Reus per fomentar la lectura i desenvolupar l\u2019h\u00e0bit lector. A qui s\u2019adre\u00e7a? Alumnat de CS de l\u2019educaci\u00f3 prim\u00e0ria i de 1r i 2n d\u2019ESO dels centres de Reus que formen part del Pla Educatiu d\u2019Entorn. On s\u2019emmarca? Dins l\u2019eix\u00a0llegir per gust. Qu\u00e8 cont\u00e9 la maleta? 28 exemplars [&hellip;]<\/p>\n","protected":false},"author":1,"featured_media":0,"parent":2968,"menu_order":60,"comment_status":"closed","ping_status":"closed","template":"page-templates\/side-menu.php","meta":{"_bbp_topic_count":0,"_bbp_reply_count":0,"_bbp_total_topic_count":0,"_bbp_total_reply_count":0,"_bbp_voice_count":0,"_bbp_anonymous_reply_count":0,"_bbp_topic_count_hidden":0,"_bbp_reply_count_hidden":0,"_bbp_forum_subforum_count":0,"site-sidebar-layout":"default","site-content-layout":"","ast-site-content-layout":"","site-content-style":"default","site-sidebar-style":"default","ast-global-header-display":"","ast-banner-title-visibility":"","ast-main-header-display":"","ast-hfb-above-header-display":"","ast-hfb-below-header-display":"","ast-hfb-mobile-header-display":"","site-post-title":"","ast-breadcrumbs-content":"","ast-featured-img":"","footer-sml-layout":"","theme-transparent-header-meta":"","adv-header-id-meta":"","stick-header-meta":"","header-above-stick-meta":"","header-main-stick-meta":"","header-below-stick-meta":"","astra-migrate-meta-layouts":"default","ast-page-background-enabled":"default","ast-page-background-meta":{"desktop":{"background-color":"var(--ast-global-color-4)","background-image":"","background-repeat":"repeat","background-position":"center center","background-size":"auto","background-attachment":"scroll","background-type":"","background-media":"","overlay-type":"","overlay-color":"","overlay-opacity":"","overlay-gradient":""},"tablet":{"background-color":"","background-image":"","background-repeat":"repeat","background-position":"center center","background-size":"auto","background-attachment":"scroll","background-type":"","background-media":"","overlay-type":"","overlay-color":"","overlay-opacity":"","overlay-gradient":""},"mobile":{"background-color":"","background-image":"","background-repeat":"repeat","background-position":"center center","background-size":"auto","background-attachment":"scroll","background-type":"","background-media":"","overlay-type":"","overlay-color":"","overlay-opacity":"","overlay-gradient":""}},"ast-content-background-meta":{"desktop":{"background-color":"var(--ast-global-color-5)","background-image":"","background-repeat":"repeat","background-position":"center center","background-size":"auto","background-attachment":"scroll","background-type":"","background-media":"","overlay-type":"","overlay-color":"","overlay-opacity":"","overlay-gradient":""},"tablet":{"background-color":"var(--ast-global-color-5)","background-image":"","background-repeat":"repeat","background-position":"center center","background-size":"auto","background-attachment":"scroll","background-type":"","background-media":"","overlay-type":"","overlay-color":"","overlay-opacity":"","overlay-gradient":""},"mobile":{"background-color":"var(--ast-global-color-5)","background-image":"","background-repeat":"repeat","background-position":"center center","background-size":"auto","background-attachment":"scroll","background-type":"","background-media":"","overlay-type":"","overlay-color":"","overlay-opacity":"","overlay-gradient":""}},"footnotes":""},"class_list":["post-9606","page","type-page","status-publish","hentry"],"post_mailing_queue_ids":[],"_links":{"self":[{"href":"https:\/\/serveiseducatius.xtec.cat\/baixcamp\/wp-json\/wp\/v2\/pages\/9606","targetHints":{"allow":["GET"]}}],"collection":[{"href":"https:\/\/serveiseducatius.xtec.cat\/baixcamp\/wp-json\/wp\/v2\/pages"}],"about":[{"href":"https:\/\/serveiseducatius.xtec.cat\/baixcamp\/wp-json\/wp\/v2\/types\/page"}],"author":[{"embeddable":true,"href":"https:\/\/serveiseducatius.xtec.cat\/baixcamp\/wp-json\/wp\/v2\/users\/1"}],"replies":[{"embeddable":true,"href":"https:\/\/serveiseducatius.xtec.cat\/baixcamp\/wp-json\/wp\/v2\/comments?post=9606"}],"version-history":[{"count":1,"href":"https:\/\/serveiseducatius.xtec.cat\/baixcamp\/wp-json\/wp\/v2\/pages\/9606\/revisions"}],"predecessor-version":[{"id":9610,"href":"https:\/\/serveiseducatius.xtec.cat\/baixcamp\/wp-json\/wp\/v2\/pages\/9606\/revisions\/9610"}],"up":[{"embeddable":true,"href":"https:\/\/serveiseducatius.xtec.cat\/baixcamp\/wp-json\/wp\/v2\/pages\/2968"}],"wp:attachment":[{"href":"https:\/\/serveiseducatius.xtec.cat\/baixcamp\/wp-json\/wp\/v2\/media?parent=9606"}],"curies":[{"name":"wp","href":"https:\/\/api.w.org\/{rel}","templated":true}]}}