{"id":9546,"date":"2018-12-20T13:20:59","date_gmt":"2018-12-20T12:20:59","guid":{"rendered":"http:\/\/serveiseducatius.xtec.cat\/baixcamp\/?page_id=9546"},"modified":"2025-01-27T18:10:42","modified_gmt":"2025-01-27T17:10:42","slug":"maleta-va-dhistories","status":"publish","type":"page","link":"https:\/\/serveiseducatius.xtec.cat\/baixcamp\/cataleg-servei-prestec\/maleta-va-dhistories\/","title":{"rendered":"Maleta Va d&#8217;hist\u00f2ries"},"content":{"rendered":"<h6><strong>Qu\u00e8 \u00e9s?<\/strong><\/h6>\n<p>Projecte per fomentar la lectura i desenvolupar l\u2019h\u00e0bit lector.<\/p>\n<h6><strong>A qui s\u2019adre\u00e7a?<\/strong><\/h6>\n<ul>\n<li>La maleta <em>Va d\u2019hist\u00f2ries 1<\/em> s&#8217;adre\u00e7a a alumnat del CM de l\u2019educaci\u00f3 prim\u00e0ria de les escoles del Baix Camp.<\/li>\n<li>La maleta <em>Va d\u2019hist\u00f2ries 2<\/em> s&#8217;adre\u00e7a a alumnat del CS de l\u2019educaci\u00f3 prim\u00e0ria de les escoles del Baix Camp.<\/li>\n<\/ul>\n<h6><strong>On s\u2019emmarca?<\/strong><\/h6>\n<p>Dins l\u2019eix\u00a0<em>llegir per gust.<\/em><\/p>\n<h6><strong>Qu\u00e8 contene<\/strong><strong>n les ma<\/strong><strong>letes?<\/strong><\/h6>\n<table style=\"width: 60%; border-collapse: collapse; border-color: #ffffff;\" border=\"1\">\n<tbody>\n<tr>\n<td style=\"width: 33.3333%; border-color: #ffffff;\"><img loading=\"lazy\" decoding=\"async\" class=\"size-full wp-image-9548 alignright\" src=\"https:\/\/serveiseducatius.xtec.cat\/baixcamp\/wp-content\/uploads\/usu950\/2018\/12\/va-dhist\u00f2ries1.jpg\" alt=\"\" width=\"149\" height=\"175\" \/><\/td>\n<td style=\"width: 33.3333%; border-color: #ffffff;\">\n<h6><img loading=\"lazy\" decoding=\"async\" class=\"size-full wp-image-9550 aligncenter\" src=\"https:\/\/serveiseducatius.xtec.cat\/baixcamp\/wp-content\/uploads\/usu950\/2018\/12\/va-dhist\u00f2ries-2.jpg\" alt=\"\" width=\"216\" height=\"175\" \/><\/h6>\n<\/td>\n<td style=\"width: 33.3333%; border-color: #ffffff;\">\n<h6><img loading=\"lazy\" decoding=\"async\" class=\"size-full wp-image-9549 alignleft\" src=\"https:\/\/serveiseducatius.xtec.cat\/baixcamp\/wp-content\/uploads\/usu950\/2018\/12\/va-dhist\u00f2ries-3.jpg\" alt=\"\" width=\"242\" height=\"175\" \/><\/h6>\n<\/td>\n<\/tr>\n<tr>\n<td style=\"width: 33.3333%; border-color: #ffffff; text-align: right;\">Maleta <em>Va d\u2019hist\u00f2ries 1<\/em><\/td>\n<td style=\"width: 33.3333%; border-color: #ffffff; text-align: center;\">Bosses blaves<br \/>\nMaleta <a href=\"https:\/\/drive.google.com\/file\/d\/0BwNkFPH0c1ddUHJ2VWRJN1RqSWF1SmhjaEhvOFZZRUI3S3Z3\/view?usp=sharing\" target=\"_blank\" rel=\"noopener\"><em>Va d\u2019hist\u00f2ries 1 <\/em>&#8211; CM<\/a><em><br \/>\n<\/em><\/td>\n<td style=\"width: 33.3333%; border-color: #ffffff; text-align: center;\">Bosses verdes<br \/>\nMaleta <a href=\"https:\/\/drive.google.com\/file\/d\/0BwNkFPH0c1ddSUJFd0NaSDZQSlBrckVMNzYtZVU3WmIyV0tV\/view?usp=sharing\" target=\"_blank\" rel=\"noopener\"><em>Va d\u2019hist\u00f2ries 2 &#8211; <\/em>CS<\/a><\/td>\n<\/tr>\n<\/tbody>\n<\/table>\n<p>Cada maleta cont\u00e9 31 bosses amb 2-3 llibres agrupats per tem\u00e0tiques: misteri, bruixes, aventures, amistat\u2026<br \/>\nUn\u00a0inventari dels llibres<br \/>\nLes instruccions d\u2019\u00fas.<br \/>\nUna taula de control de pr\u00e9stec fotocopiable.<\/p>\n<h6><strong>Qu\u00e8 cont\u00e9 cada bossa?<\/strong><\/h6>\n<p>Els llibres, agrupats per tem\u00e0tiques i nivell (2 o 3).<br \/>\nUna fitxa amb els t\u00edtols de llibres, autor, editorial, etc.<br \/>\nUna fitxa amb les orientacions perqu\u00e8 l\u2019alumnat tri\u00ef el llibre.<\/p>\n<h6><strong>Metodologia de treball<\/strong><\/h6>\n<p>El\/la tutor\/a del curs corresponent ha de recollir les bosses (agrupades en una maleta) al Servei LIC de Reus.<br \/>\nL\u2019alumnat, un cop t\u00e9 la maleta al centre, ha de triar una bossa i, segons unes pautes, seleccionar i llegir un dels llibres que cont\u00e9.<br \/>\nUn cop feta la lectura ha de fer constar qualsevol aspecte que vulgui destacar de la seva experi\u00e8ncia lectora en una llibreta, full, etc.<br \/>\nEs recomana que la comparteixi amb la resta de companys\/es de classe (cartellera, mural, valoraci\u00f3 oral, etc).<br \/>\nEl docent porta el control de quina bossa t\u00e9 cada alumne. Dins la maleta hi ha la taula per poder fer aquest control.<br \/>\nL\u2019alumnat t\u00e9 15 dies per fer la lectura.<br \/>\nEl docent es responsabilitza de trobar dins l\u2019horari un espai perqu\u00e8 l\u2019alumnat comenti a la resta de companys\/es algun aspecte del llibre que ha llegit, el recomana, etc i en fa el seguiment.<\/p>\n<h6><strong>Durada del pr\u00e9stec<\/strong><\/h6>\n<p><span style=\"color: #808080;\"><strong>Centres 1 l\u00ednia<\/strong><\/span>: 1 mes (l\u2019alumnat pot llegir un o m\u00e9s llibres de bosses diferents i fer les recomanacions entre una bossa i l\u2019altra).<br \/>\n<span style=\"color: #808080;\"><strong>Centres de 2 l\u00ednies<\/strong><\/span>: 2 mesos (30 dies grup A fa la lectura i fa recomanacions al grup B, que triar\u00e0 bosses i les tindr\u00e0 els 30 dies seg\u00fcents per llegir).<br \/>\n<span style=\"color: #808080;\"><strong>Centres de 3 l\u00ednies<\/strong><\/span>: 3 mesos (30 dies grup A fa la lectura i fa recomanacions al grup B, que triar\u00e0 bosses i les tindr\u00e0 els 30 dies seg\u00fcents per llegir. El grup B fa recomanacions al C, que triar\u00e0 bosses i les tindr\u00e0 els 30 \u00faltims dies per llegir).<\/p>\n<p>Si es malmet o perd algun exemplar, el centre receptor l\u2019haur\u00e0 de reposar.<\/p>\n<h6><strong>Contacte<\/strong><\/h6>\n<p>Per sol\u00b7licitar el pr\u00e9stec contacteu amb l\u2019<span style=\"color: #808080;\"><strong>Equip ELIC \u2013 Tel\u00e8fon 977 31 27 04 \u2013 Extensi\u00f3 3.<\/strong><\/span><\/p>\n","protected":false},"excerpt":{"rendered":"<p>Qu\u00e8 \u00e9s? Projecte per fomentar la lectura i desenvolupar l\u2019h\u00e0bit lector. A qui s\u2019adre\u00e7a? La maleta Va d\u2019hist\u00f2ries 1 s&#8217;adre\u00e7a a alumnat del CM de l\u2019educaci\u00f3 prim\u00e0ria de les escoles del Baix Camp. La maleta Va d\u2019hist\u00f2ries 2 s&#8217;adre\u00e7a a alumnat del CS de l\u2019educaci\u00f3 prim\u00e0ria de les escoles del Baix Camp. On s\u2019emmarca? Dins [&hellip;]<\/p>\n","protected":false},"author":1,"featured_media":0,"parent":2968,"menu_order":20,"comment_status":"closed","ping_status":"closed","template":"page-templates\/side-menu.php","meta":{"_bbp_topic_count":0,"_bbp_reply_count":0,"_bbp_total_topic_count":0,"_bbp_total_reply_count":0,"_bbp_voice_count":0,"_bbp_anonymous_reply_count":0,"_bbp_topic_count_hidden":0,"_bbp_reply_count_hidden":0,"_bbp_forum_subforum_count":0,"site-sidebar-layout":"default","site-content-layout":"","ast-site-content-layout":"","site-content-style":"default","site-sidebar-style":"default","ast-global-header-display":"","ast-banner-title-visibility":"","ast-main-header-display":"","ast-hfb-above-header-display":"","ast-hfb-below-header-display":"","ast-hfb-mobile-header-display":"","site-post-title":"","ast-breadcrumbs-content":"","ast-featured-img":"","footer-sml-layout":"","theme-transparent-header-meta":"","adv-header-id-meta":"","stick-header-meta":"","header-above-stick-meta":"","header-main-stick-meta":"","header-below-stick-meta":"","astra-migrate-meta-layouts":"default","ast-page-background-enabled":"default","ast-page-background-meta":{"desktop":{"background-color":"var(--ast-global-color-4)","background-image":"","background-repeat":"repeat","background-position":"center center","background-size":"auto","background-attachment":"scroll","background-type":"","background-media":"","overlay-type":"","overlay-color":"","overlay-opacity":"","overlay-gradient":""},"tablet":{"background-color":"","background-image":"","background-repeat":"repeat","background-position":"center center","background-size":"auto","background-attachment":"scroll","background-type":"","background-media":"","overlay-type":"","overlay-color":"","overlay-opacity":"","overlay-gradient":""},"mobile":{"background-color":"","background-image":"","background-repeat":"repeat","background-position":"center center","background-size":"auto","background-attachment":"scroll","background-type":"","background-media":"","overlay-type":"","overlay-color":"","overlay-opacity":"","overlay-gradient":""}},"ast-content-background-meta":{"desktop":{"background-color":"var(--ast-global-color-5)","background-image":"","background-repeat":"repeat","background-position":"center center","background-size":"auto","background-attachment":"scroll","background-type":"","background-media":"","overlay-type":"","overlay-color":"","overlay-opacity":"","overlay-gradient":""},"tablet":{"background-color":"var(--ast-global-color-5)","background-image":"","background-repeat":"repeat","background-position":"center center","background-size":"auto","background-attachment":"scroll","background-type":"","background-media":"","overlay-type":"","overlay-color":"","overlay-opacity":"","overlay-gradient":""},"mobile":{"background-color":"var(--ast-global-color-5)","background-image":"","background-repeat":"repeat","background-position":"center center","background-size":"auto","background-attachment":"scroll","background-type":"","background-media":"","overlay-type":"","overlay-color":"","overlay-opacity":"","overlay-gradient":""}},"footnotes":""},"class_list":["post-9546","page","type-page","status-publish","hentry"],"post_mailing_queue_ids":[],"_links":{"self":[{"href":"https:\/\/serveiseducatius.xtec.cat\/baixcamp\/wp-json\/wp\/v2\/pages\/9546","targetHints":{"allow":["GET"]}}],"collection":[{"href":"https:\/\/serveiseducatius.xtec.cat\/baixcamp\/wp-json\/wp\/v2\/pages"}],"about":[{"href":"https:\/\/serveiseducatius.xtec.cat\/baixcamp\/wp-json\/wp\/v2\/types\/page"}],"author":[{"embeddable":true,"href":"https:\/\/serveiseducatius.xtec.cat\/baixcamp\/wp-json\/wp\/v2\/users\/1"}],"replies":[{"embeddable":true,"href":"https:\/\/serveiseducatius.xtec.cat\/baixcamp\/wp-json\/wp\/v2\/comments?post=9546"}],"version-history":[{"count":4,"href":"https:\/\/serveiseducatius.xtec.cat\/baixcamp\/wp-json\/wp\/v2\/pages\/9546\/revisions"}],"predecessor-version":[{"id":15516,"href":"https:\/\/serveiseducatius.xtec.cat\/baixcamp\/wp-json\/wp\/v2\/pages\/9546\/revisions\/15516"}],"up":[{"embeddable":true,"href":"https:\/\/serveiseducatius.xtec.cat\/baixcamp\/wp-json\/wp\/v2\/pages\/2968"}],"wp:attachment":[{"href":"https:\/\/serveiseducatius.xtec.cat\/baixcamp\/wp-json\/wp\/v2\/media?parent=9546"}],"curies":[{"name":"wp","href":"https:\/\/api.w.org\/{rel}","templated":true}]}}