{"id":9423,"date":"2018-11-30T09:31:06","date_gmt":"2018-11-30T08:31:06","guid":{"rendered":"http:\/\/serveiseducatius.xtec.cat\/baixcamp\/?page_id=9423"},"modified":"2018-12-14T12:36:10","modified_gmt":"2018-12-14T11:36:10","slug":"participacio","status":"publish","type":"page","link":"https:\/\/serveiseducatius.xtec.cat\/baixcamp\/dinamitzacions\/cercselles\/participacio\/","title":{"rendered":"Centres participants"},"content":{"rendered":"<p>Uns 450 alumnes de 8 centres de Reus participen al cerC@selles. Els centres educatius s\u00f3n:<\/p>\n<table style=\"height: 324px;\" width=\"40%\">\n<tbody>\n<tr style=\"height: 33px;\">\n<td style=\"height: 33px; width: 216px; background-color: #a41159;\"><span style=\"color: #ffffff;\"><strong>Centre<\/strong><\/span><\/td>\n<td style=\"width: 216px; background-color: #a41159;\"><span style=\"color: #ffffff;\"><strong>Localitat<\/strong><\/span><\/td>\n<\/tr>\n<tr style=\"height: 33px;\">\n<td style=\"height: 33px; width: 216px;\">COL Maria Rosa Molas<\/td>\n<td style=\"width: 216px;\">Reus<\/td>\n<\/tr>\n<tr style=\"height: 33px;\">\n<td style=\"height: 33px; width: 216px;\">COL Puigcerver<\/td>\n<td style=\"width: 216px;\">Reus<\/td>\n<\/tr>\n<tr style=\"height: 33px;\">\n<td style=\"height: 33px; width: 216px;\">COL Sant Josep<\/td>\n<td style=\"width: 216px;\">Reus<\/td>\n<\/tr>\n<tr style=\"height: 33px;\">\n<td style=\"height: 33px; width: 216px;\">ESC Isabel Besora<\/td>\n<td style=\"width: 216px;\">Reus<\/td>\n<\/tr>\n<tr style=\"height: 33px;\">\n<td style=\"height: 33px; width: 216px;\">ESC Mari\u00e0 Fortuny<\/td>\n<td style=\"width: 216px;\">Reus<\/td>\n<\/tr>\n<tr style=\"height: 33px;\">\n<td style=\"height: 33px; width: 216px;\">ESC Montsant<\/td>\n<td style=\"width: 216px;\">Reus<\/td>\n<\/tr>\n<tr style=\"height: 33px;\">\n<td style=\"height: 33px; width: 216px;\">ESC Pompeu Fabra<\/td>\n<td style=\"width: 216px;\">Reus<\/td>\n<\/tr>\n<tr style=\"height: 33px;\">\n<td style=\"height: 33px; width: 216px;\">INS Roseta Mauri<\/td>\n<td style=\"width: 216px;\">Reus<\/td>\n<\/tr>\n<\/tbody>\n<\/table>\n<p><iframe loading=\"lazy\" src=\"https:\/\/www.youtube.com\/embed\/mFEr7pTjyBE\" width=\"560\" height=\"315\" frameborder=\"0\" allowfullscreen=\"allowfullscreen\"><\/iframe><\/p>\n<p class=\"article__title\"><a href=\"http:\/\/www.canalreustv.cat\/noticies\/mes-450-alumnes-participaran-la-gimcana-cercselles\">M\u00e9s de 450 alumnes participaran a la gimcana &#8216;Cerc@selles&#8217;<\/a><br \/>\nCanal Reus TV &#8211; Secci\u00f3 cultura &#8211; 12\/12\/2018<\/p>\n","protected":false},"excerpt":{"rendered":"<p>Uns 450 alumnes de 8 centres de Reus participen al cerC@selles. Els centres educatius s\u00f3n: Centre Localitat COL Maria Rosa Molas Reus COL Puigcerver Reus COL Sant Josep Reus ESC Isabel Besora Reus ESC Mari\u00e0 Fortuny Reus ESC Montsant Reus ESC Pompeu Fabra Reus INS Roseta Mauri Reus M\u00e9s de 450 alumnes participaran a la [&hellip;]<\/p>\n","protected":false},"author":1,"featured_media":0,"parent":9015,"menu_order":20,"comment_status":"closed","ping_status":"closed","template":"page-templates\/side-menu.php","meta":{"_bbp_topic_count":0,"_bbp_reply_count":0,"_bbp_total_topic_count":0,"_bbp_total_reply_count":0,"_bbp_voice_count":0,"_bbp_anonymous_reply_count":0,"_bbp_topic_count_hidden":0,"_bbp_reply_count_hidden":0,"_bbp_forum_subforum_count":0,"site-sidebar-layout":"default","site-content-layout":"","ast-site-content-layout":"","site-content-style":"default","site-sidebar-style":"default","ast-global-header-display":"","ast-banner-title-visibility":"","ast-main-header-display":"","ast-hfb-above-header-display":"","ast-hfb-below-header-display":"","ast-hfb-mobile-header-display":"","site-post-title":"","ast-breadcrumbs-content":"","ast-featured-img":"","footer-sml-layout":"","theme-transparent-header-meta":"","adv-header-id-meta":"","stick-header-meta":"","header-above-stick-meta":"","header-main-stick-meta":"","header-below-stick-meta":"","astra-migrate-meta-layouts":"default","ast-page-background-enabled":"default","ast-page-background-meta":{"desktop":{"background-color":"var(--ast-global-color-4)","background-image":"","background-repeat":"repeat","background-position":"center center","background-size":"auto","background-attachment":"scroll","background-type":"","background-media":"","overlay-type":"","overlay-color":"","overlay-opacity":"","overlay-gradient":""},"tablet":{"background-color":"","background-image":"","background-repeat":"repeat","background-position":"center center","background-size":"auto","background-attachment":"scroll","background-type":"","background-media":"","overlay-type":"","overlay-color":"","overlay-opacity":"","overlay-gradient":""},"mobile":{"background-color":"","background-image":"","background-repeat":"repeat","background-position":"center center","background-size":"auto","background-attachment":"scroll","background-type":"","background-media":"","overlay-type":"","overlay-color":"","overlay-opacity":"","overlay-gradient":""}},"ast-content-background-meta":{"desktop":{"background-color":"var(--ast-global-color-5)","background-image":"","background-repeat":"repeat","background-position":"center center","background-size":"auto","background-attachment":"scroll","background-type":"","background-media":"","overlay-type":"","overlay-color":"","overlay-opacity":"","overlay-gradient":""},"tablet":{"background-color":"var(--ast-global-color-5)","background-image":"","background-repeat":"repeat","background-position":"center center","background-size":"auto","background-attachment":"scroll","background-type":"","background-media":"","overlay-type":"","overlay-color":"","overlay-opacity":"","overlay-gradient":""},"mobile":{"background-color":"var(--ast-global-color-5)","background-image":"","background-repeat":"repeat","background-position":"center center","background-size":"auto","background-attachment":"scroll","background-type":"","background-media":"","overlay-type":"","overlay-color":"","overlay-opacity":"","overlay-gradient":""}},"footnotes":""},"class_list":["post-9423","page","type-page","status-publish","hentry"],"post_mailing_queue_ids":[],"_links":{"self":[{"href":"https:\/\/serveiseducatius.xtec.cat\/baixcamp\/wp-json\/wp\/v2\/pages\/9423","targetHints":{"allow":["GET"]}}],"collection":[{"href":"https:\/\/serveiseducatius.xtec.cat\/baixcamp\/wp-json\/wp\/v2\/pages"}],"about":[{"href":"https:\/\/serveiseducatius.xtec.cat\/baixcamp\/wp-json\/wp\/v2\/types\/page"}],"author":[{"embeddable":true,"href":"https:\/\/serveiseducatius.xtec.cat\/baixcamp\/wp-json\/wp\/v2\/users\/1"}],"replies":[{"embeddable":true,"href":"https:\/\/serveiseducatius.xtec.cat\/baixcamp\/wp-json\/wp\/v2\/comments?post=9423"}],"version-history":[{"count":3,"href":"https:\/\/serveiseducatius.xtec.cat\/baixcamp\/wp-json\/wp\/v2\/pages\/9423\/revisions"}],"predecessor-version":[{"id":9515,"href":"https:\/\/serveiseducatius.xtec.cat\/baixcamp\/wp-json\/wp\/v2\/pages\/9423\/revisions\/9515"}],"up":[{"embeddable":true,"href":"https:\/\/serveiseducatius.xtec.cat\/baixcamp\/wp-json\/wp\/v2\/pages\/9015"}],"wp:attachment":[{"href":"https:\/\/serveiseducatius.xtec.cat\/baixcamp\/wp-json\/wp\/v2\/media?parent=9423"}],"curies":[{"name":"wp","href":"https:\/\/api.w.org\/{rel}","templated":true}]}}