{"id":9015,"date":"2018-10-30T14:15:43","date_gmt":"2018-10-30T13:15:43","guid":{"rendered":"http:\/\/serveiseducatius.xtec.cat\/baixcamp\/?page_id=9015"},"modified":"2021-12-21T11:44:51","modified_gmt":"2021-12-21T10:44:51","slug":"cercselles","status":"publish","type":"page","link":"https:\/\/serveiseducatius.xtec.cat\/baixcamp\/dinamitzacions\/cercselles\/","title":{"rendered":"cerC@selles"},"content":{"rendered":"<p style=\"text-align: justify;\"><a href=\"https:\/\/serveiseducatius.xtec.cat\/baixcamp\/cercselles\/cartell\/\"><img loading=\"lazy\" decoding=\"async\" class=\"alignleft wp-image-9120\" src=\"https:\/\/serveiseducatius.xtec.cat\/baixcamp\/wp-content\/uploads\/usu950\/2018\/11\/cerC@selles-definitiu2.jpg\" alt=\"\" width=\"295\" height=\"374\" srcset=\"https:\/\/serveiseducatius.xtec.cat\/baixcamp\/wp-content\/uploads\/usu950\/2018\/11\/cerC@selles-definitiu2.jpg 400w, https:\/\/serveiseducatius.xtec.cat\/baixcamp\/wp-content\/uploads\/usu950\/2018\/11\/cerC@selles-definitiu2-237x300.jpg 237w\" sizes=\"auto, (max-width: 295px) 100vw, 295px\" \/><\/a>Activitat commemorativa dedicada a recordar i estudiar la vida i l\u2019obra de l\u2019arquitecte Pere Caselles Tarrats (Reus, 1864-1936), un dels principals responsables de la transformaci\u00f3 urban\u00edstica de la ciutat de Reus en l\u2019ampli per\u00edode que va de finals del segle XIX fins al primer ter\u00e7 del XX amb una obra &#8220;extensa&#8221; i &#8220;estesa&#8221; (habitatges, escoles, espais industrials, equipaments municipals&#8230;)<\/p>\n<h6 style=\"text-align: justify;\"><strong>A qui s&#8217;adre\u00e7a l&#8217;activitat?<\/strong><\/h6>\n<p style=\"text-align: justify;\">Als alumnes de Cicle Superior d\u2019Educaci\u00f3 Prim\u00e0ria, alumnes d\u2019Educaci\u00f3 Secund\u00e0ria Obligat\u00f2ria i Batxillerat.<\/p>\n<h6 style=\"text-align: justify;\"><strong>Qu\u00e8 es pret\u00e9n?<\/strong><\/h6>\n<p style=\"text-align: justify;\">Apropar l&#8217;alumnat la figura d\u2019en Pere Caselles aix\u00ed com al seu entorn, tant m\u00e9s proper com al m\u00e9s lluny\u00e0, buscant l\u2019arrelament i la creaci\u00f3 de vincles amb el territori, \u00a0mitjan\u00e7ant un joc de pistes col\u00b7laboratiu, competencial i interdisciplinar.<\/p>\n<p><span style=\"color: #ffffff;\">m<\/span><\/p>\n<h6 style=\"text-align: justify;\"><strong>En qu\u00e8 consisteix cerC@selles?<\/strong><\/h6>\n<p><strong><img loading=\"lazy\" decoding=\"async\" class=\" wp-image-9019 alignright\" src=\"https:\/\/serveiseducatius.xtec.cat\/baixcamp\/wp-content\/uploads\/usu950\/2018\/10\/pere-caselles.jpg\" alt=\"\" width=\"200\" height=\"301\" srcset=\"https:\/\/serveiseducatius.xtec.cat\/baixcamp\/wp-content\/uploads\/usu950\/2018\/10\/pere-caselles.jpg 315w, https:\/\/serveiseducatius.xtec.cat\/baixcamp\/wp-content\/uploads\/usu950\/2018\/10\/pere-caselles-199x300.jpg 199w\" sizes=\"auto, (max-width: 200px) 100vw, 200px\" \/>Format digital<\/strong><br \/>\nEs tracta de con\u00e8ixer i recon\u00e8ixer la seva obra utilitzant els recursos tecnol\u00f2gics que mSchools posa al nostre abast, a trav\u00e9s de l\u2019aplicaci\u00f3 m\u00f2bil de Geolocalitzaci\u00f3 MHM (Mobile History Maps).<br \/>\nAmb aquesta experi\u00e8ncia els alumnes, condu\u00efts pels docents de diferents \u00e0mbits, dissenyaran els seus propis escenaris i exploraran els continguts i escenaris editats per la resta de centres participants, seguint les pistes proposades per trobar algunes de les construccions m\u00e9s emblem\u00e0tiques d\u2019en Pere Caselles.<br \/>\nA tots els recorreguts es geolocalitzaran <a href=\"https:\/\/drive.google.com\/file\/d\/173HKXYxqGvbFQe7R5iYE_e0ZNmiprMIX\/view?usp=sharing\"><strong>11 punts<\/strong><\/a>, considerant com a punt final la Pla\u00e7a del Mercadal.<\/p>\n<p style=\"text-align: left;\"><strong>Format anal\u00f2gic<\/strong><br \/>\nL&#8217;activitat tamb\u00e9 es podr\u00e0 realitzar amb suport d&#8217;un mapa amb la situaci\u00f3 dels punts geolocalitzats que es lliurar\u00e0 als participants en iniciar l&#8217;activitat.<\/p>\n<h6><strong>On us podeu inscriure?<\/strong><\/h6>\n<p>Si esteu interessats cal que contesteu els dos formularis seg\u00fcents:<\/p>\n<ul>\n<li>Per <strong>realitzar l&#8217;activitat<\/strong> us podeu inscriure, abans del <strong>12 de novembre de 2018<\/strong>, contestant aquest <a href=\"https:\/\/docs.google.com\/forms\/d\/e\/1FAIpQLScU_ijo4is9PZiTT3WB9_Evcl0IUS1xwEASL2Q7IPiVVO63dg\/viewform\"><strong>formulari 1.\u00a0<\/strong><\/a>En ell se us demanar\u00e0 si voleu fer una sessi\u00f3 formativa sobre l&#8217;app MHM (19\/11\/2018).<\/li>\n<li><span id=\":2j.co\" class=\"tL8wMe EMoHub\" dir=\"ltr\">Un cop inscrits, ens podeu fer arribar les vostres <strong>aportacions<\/strong>, abans del <strong>5 de desembre de 2018<\/strong>, contestant el <a href=\"https:\/\/goo.gl\/forms\/C82sjlkjHatECYQO2\"><strong>formulari 2<\/strong><\/a>. <\/span><span id=\":2j.co\" class=\"tL8wMe EMoHub\" dir=\"ltr\">En aquest se us demana per a cada edifici 3 preguntes amb 1 resposta\u00a0 + 1 imatge (la podeu penjar al Drive o compartir l&#8217;enlla\u00e7 a la web on trobar-la). <strong>Caldr\u00e0 emplenar aquest formulari una vegada per a cadascun dels 11 edificis.<\/strong> <\/span><\/li>\n<\/ul>\n<h6 style=\"text-align: justify;\"><strong>Quan es realitza?<\/strong><\/h6>\n<p style=\"text-align: justify;\">Dimarts, 18 de desembre de 2018, s&#8217;iniciar\u00e0 a les 10h a la Sala 4 de la Pla\u00e7a Llibertat de Reus i finalitzar\u00e0 a les 11,30h a la Pla\u00e7a del Mercadal de Reus.<\/p>\n<h6><strong>Qui l&#8217;organitza?<\/strong><\/h6>\n<p>El CRP Baix Camp juntament amb \u00a0l\u2019\u00c0rea TAC &#8211; STEAM (Tecnologies per a l&#8217;aprenentatge i el coneixement) de SSTT a Tarragona, el Museu Salvador Vilaseca i la Regidoria d\u2019Ensenyament i Pol\u00edtica Ling\u00fc\u00edstica de l\u2019Ajuntament de Reus s\u00f3n les entitats que de manera coordinada fan possible la realitzaci\u00f3 de la iniciativa.<\/p>\n<h6 style=\"text-align: justify;\"><strong>Documentaci\u00f3<\/strong><\/h6>\n<ul>\n<li><a href=\"https:\/\/serveiseducatius.xtec.cat\/baixcamp\/cercselles\/cartell\/\">Cartell<\/a><\/li>\n<li><a href=\"https:\/\/drive.google.com\/file\/d\/1llZkNWvvgTeZ0F90rIXqhQO6aIN_pGZ2\/view?usp=sharing\">Presentaci\u00f3<\/a> de l&#8217;activitat<\/li>\n<li><a href=\"http:\/\/mschools.mobileworldcapital.com\/es\/iniciativas\/mobile-history-map\/\">Mobile History Map<\/a><\/li>\n<li><a href=\"https:\/\/www.reus.cat\/serveis\/lobra-de-pere-caselles\">L\u2019obra de Pere Caselles<\/a><\/li>\n<li><a href=\"https:\/\/drive.google.com\/file\/d\/0BwNkFPH0c1ddeU9CYUtPWUcycnNaQWlBcWJHZ3F4Y2t2ZnBN\/view?usp=sharing\">Preguntes amb respostes<\/a><\/li>\n<li><a href=\"https:\/\/drive.google.com\/file\/d\/0BwNkFPH0c1ddTG1Nc00wc3drSjc3a2c5NEpqTjZvNkFPTkx3\/view?usp=sharing\">Passaport<\/a><\/li>\n<li><a href=\"https:\/\/drive.google.com\/file\/d\/0BwNkFPH0c1ddQXYxcWEwQkxsS2FNb01SaFc2anhpamxlNmFF\/view?usp=sharing\">Mapa recorregut<\/a><\/li>\n<\/ul>\n<h6><strong>CerC@selles En Fam\u00edlia<\/strong><\/h6>\n<p><a href=\"https:\/\/serveiseducatius.xtec.cat\/baixcamp\/cercselles\/cercselles-en-familia\/\"><img loading=\"lazy\" decoding=\"async\" class=\"alignleft wp-image-9789\" src=\"https:\/\/serveiseducatius.xtec.cat\/baixcamp\/wp-content\/uploads\/usu950\/2019\/02\/familia.jpg\" alt=\"\" width=\"222\" height=\"124\" srcset=\"https:\/\/serveiseducatius.xtec.cat\/baixcamp\/wp-content\/uploads\/usu950\/2019\/02\/familia.jpg 400w, https:\/\/serveiseducatius.xtec.cat\/baixcamp\/wp-content\/uploads\/usu950\/2019\/02\/familia-300x167.jpg 300w\" sizes=\"auto, (max-width: 222px) 100vw, 222px\" \/><\/a><\/p>\n<p>Tamb\u00e9 podeu gaudir en fam\u00edlia de la vida i l\u2019obra de l\u2019arquitecte Pere Caselles.<br \/>\nPer aix\u00f2 sols cal anar al Museu Salvador Vilaseca de Reus i preguntar pel passaport.<\/p>\n<p>&nbsp;<\/p>\n","protected":false},"excerpt":{"rendered":"<p>Activitat commemorativa dedicada a recordar i estudiar la vida i l\u2019obra de l\u2019arquitecte Pere Caselles Tarrats (Reus, 1864-1936), un dels principals responsables de la transformaci\u00f3 urban\u00edstica de la ciutat de Reus en l\u2019ampli per\u00edode que va de finals del segle XIX fins al primer ter\u00e7 del XX amb una obra &#8220;extensa&#8221; i &#8220;estesa&#8221; (habitatges, escoles, [&hellip;]<\/p>\n","protected":false},"author":1,"featured_media":0,"parent":13543,"menu_order":0,"comment_status":"closed","ping_status":"closed","template":"page-templates\/side-menu.php","meta":{"_bbp_topic_count":0,"_bbp_reply_count":0,"_bbp_total_topic_count":0,"_bbp_total_reply_count":0,"_bbp_voice_count":0,"_bbp_anonymous_reply_count":0,"_bbp_topic_count_hidden":0,"_bbp_reply_count_hidden":0,"_bbp_forum_subforum_count":0,"site-sidebar-layout":"default","site-content-layout":"","ast-site-content-layout":"","site-content-style":"default","site-sidebar-style":"default","ast-global-header-display":"","ast-banner-title-visibility":"","ast-main-header-display":"","ast-hfb-above-header-display":"","ast-hfb-below-header-display":"","ast-hfb-mobile-header-display":"","site-post-title":"","ast-breadcrumbs-content":"","ast-featured-img":"","footer-sml-layout":"","theme-transparent-header-meta":"","adv-header-id-meta":"","stick-header-meta":"","header-above-stick-meta":"","header-main-stick-meta":"","header-below-stick-meta":"","astra-migrate-meta-layouts":"default","ast-page-background-enabled":"default","ast-page-background-meta":{"desktop":{"background-color":"var(--ast-global-color-4)","background-image":"","background-repeat":"repeat","background-position":"center center","background-size":"auto","background-attachment":"scroll","background-type":"","background-media":"","overlay-type":"","overlay-color":"","overlay-opacity":"","overlay-gradient":""},"tablet":{"background-color":"","background-image":"","background-repeat":"repeat","background-position":"center center","background-size":"auto","background-attachment":"scroll","background-type":"","background-media":"","overlay-type":"","overlay-color":"","overlay-opacity":"","overlay-gradient":""},"mobile":{"background-color":"","background-image":"","background-repeat":"repeat","background-position":"center center","background-size":"auto","background-attachment":"scroll","background-type":"","background-media":"","overlay-type":"","overlay-color":"","overlay-opacity":"","overlay-gradient":""}},"ast-content-background-meta":{"desktop":{"background-color":"var(--ast-global-color-5)","background-image":"","background-repeat":"repeat","background-position":"center center","background-size":"auto","background-attachment":"scroll","background-type":"","background-media":"","overlay-type":"","overlay-color":"","overlay-opacity":"","overlay-gradient":""},"tablet":{"background-color":"var(--ast-global-color-5)","background-image":"","background-repeat":"repeat","background-position":"center center","background-size":"auto","background-attachment":"scroll","background-type":"","background-media":"","overlay-type":"","overlay-color":"","overlay-opacity":"","overlay-gradient":""},"mobile":{"background-color":"var(--ast-global-color-5)","background-image":"","background-repeat":"repeat","background-position":"center center","background-size":"auto","background-attachment":"scroll","background-type":"","background-media":"","overlay-type":"","overlay-color":"","overlay-opacity":"","overlay-gradient":""}},"footnotes":""},"class_list":["post-9015","page","type-page","status-publish","hentry"],"post_mailing_queue_ids":[],"_links":{"self":[{"href":"https:\/\/serveiseducatius.xtec.cat\/baixcamp\/wp-json\/wp\/v2\/pages\/9015","targetHints":{"allow":["GET"]}}],"collection":[{"href":"https:\/\/serveiseducatius.xtec.cat\/baixcamp\/wp-json\/wp\/v2\/pages"}],"about":[{"href":"https:\/\/serveiseducatius.xtec.cat\/baixcamp\/wp-json\/wp\/v2\/types\/page"}],"author":[{"embeddable":true,"href":"https:\/\/serveiseducatius.xtec.cat\/baixcamp\/wp-json\/wp\/v2\/users\/1"}],"replies":[{"embeddable":true,"href":"https:\/\/serveiseducatius.xtec.cat\/baixcamp\/wp-json\/wp\/v2\/comments?post=9015"}],"version-history":[{"count":4,"href":"https:\/\/serveiseducatius.xtec.cat\/baixcamp\/wp-json\/wp\/v2\/pages\/9015\/revisions"}],"predecessor-version":[{"id":9839,"href":"https:\/\/serveiseducatius.xtec.cat\/baixcamp\/wp-json\/wp\/v2\/pages\/9015\/revisions\/9839"}],"up":[{"embeddable":true,"href":"https:\/\/serveiseducatius.xtec.cat\/baixcamp\/wp-json\/wp\/v2\/pages\/13543"}],"wp:attachment":[{"href":"https:\/\/serveiseducatius.xtec.cat\/baixcamp\/wp-json\/wp\/v2\/media?parent=9015"}],"curies":[{"name":"wp","href":"https:\/\/api.w.org\/{rel}","templated":true}]}}