{"id":8107,"date":"2018-04-19T17:24:05","date_gmt":"2018-04-19T15:24:05","guid":{"rendered":"http:\/\/serveiseducatius.xtec.cat\/baixcamp\/?page_id=8107"},"modified":"2025-01-27T17:44:30","modified_gmt":"2025-01-27T16:44:30","slug":"leonardome","status":"publish","type":"page","link":"https:\/\/serveiseducatius.xtec.cat\/baixcamp\/recursos-2\/ambit-artistic-i-matematic\/leonardome\/","title":{"rendered":"Maleta Leonardome"},"content":{"rendered":"<h6><strong>En qu\u00e8 consisteix?<\/strong><\/h6>\n<p style=\"text-align: justify;\"><img loading=\"lazy\" decoding=\"async\" class=\"alignleft wp-image-8110 \" src=\"http:\/\/serveiseducatius.xtec.cat\/baixcamp\/wp-content\/uploads\/usu950\/2018\/04\/Leo2-150x150.png\" alt=\"\" width=\"195\" height=\"195\" \/>La caixa <b>Leonardome <\/b>cont\u00e9 <strong>250 peces<\/strong> de fusta ecol\u00f2gicament sostenible i una <strong>guia pedag\u00f2gica<\/strong> que inclou les instruccions per a muntar c\u00fapules amb la metodologia i les possibilitats del recurs.<br \/>\nMitjan\u00e7ant aquestes peces de fusta dissenyades especialment, es poden construir estructures d\u2019uns 4 metres de di\u00e0metre sense cap element d\u2019uni\u00f3.<\/p>\n<p style=\"text-align: justify;\">El principi de <strong>Leonardome<\/strong> \u00e9s l\u2019acoblament tridimensional d\u2019elements (peces de fusta) que es donen suport m\u00fatuament. A partir de diferents <strong>patrons geom\u00e8trics<\/strong> es poden aixecar estructures que no necessiten cap element d\u2019uni\u00f3. <a href=\"https:\/\/drive.google.com\/file\/d\/1wsQGOfnQKsZf9Qpgl3W6J0U6S8UNY_Ae\/view?usp=sharing\" target=\"_blank\" rel=\"noopener\">M\u00e9s informaci\u00f3<\/a><\/p>\n<h6><strong><b>Normes d&#8217;\u00fas<br \/>\n<\/b><\/strong><\/h6>\n<ul>\n<li style=\"text-align: justify;\">\u00c9s responsabilitat de l\u2019usuari assegurar-se del correcte funcionament del material, a l&#8217;inici de la reserva.<\/li>\n<li style=\"text-align: justify;\">Qualsevol p\u00e8rdua o desperfecte del material ser\u00e0 responsabilitat del centre educatiu, que haur\u00e0 de reposar-lo.<\/li>\n<li style=\"text-align: justify;\">Cal comunicar qualsevol incid\u00e8ncia que es produeixi durant la utilitzaci\u00f3 del recurs.<br \/>\n<h4 style=\"text-align: start;\"><img loading=\"lazy\" decoding=\"async\" class=\"alignright\" src=\"https:\/\/serveiseducatius.xtec.cat\/baixcamp\/wp-content\/uploads\/usu950\/2021\/02\/leocap.jpg\" width=\"207\" height=\"156\" \/><\/h4>\n<\/li>\n<\/ul>\n<h4>Tamb\u00e9 compteu amb el\u00a0 \u00a0<em><a href=\"https:\/\/serveiseducatius.xtec.cat\/baixcamp\/cataleg-servei-prestec\/cupules-de-leonardo-sobretaula\/\"><strong style=\"font-size: 1em;\">kit de c\u00fapules de sobretaula <\/strong><\/a><\/em>per complimentar el treball d&#8217;aula\u21d2<\/h4>\n<h6><\/h6>\n<h6><\/h6>\n<h6><\/h6>\n<table style=\"width: 102.985%; border-collapse: collapse; border-color: #ffffff; height: 362px;\" border=\"1\">\n<tbody>\n<tr style=\"height: 467px;\">\n<td style=\"width: 37.4691%; padding-left: 30px; border-color: #ffffff; height: 362px;\">\n<h3><strong>Condicions del Pr\u00e9stec<\/strong><\/h3>\n<p><iframe loading=\"lazy\" style=\"border-width: 0;\" src=\"https:\/\/calendar.google.com\/calendar\/embed?showTabs=0&amp;showCalendars=0&amp;showTz=0&amp;height=600&amp;wkst=2&amp;hl=ca&amp;bgcolor=%23ffffff&amp;src=xtec.cat_2epj23i1e6pkg9unt40mchvesg%40group.calendar.google.com&amp;color=%23790c41&amp;ctz=Europe%2FMadrid\" width=\"500\" height=\"400\" frameborder=\"0\" scrolling=\"no\"><span style=\"display: inline-block; width: 0px; overflow: hidden; line-height: 0;\" data-mce-type=\"bookmark\" class=\"mce_SELRES_start\">\ufeff<\/span><span style=\"display: inline-block; width: 0px; overflow: hidden; line-height: 0;\" data-mce-type=\"bookmark\" class=\"mce_SELRES_start\">\ufeff<\/span><span style=\"display: inline-block; width: 0px; overflow: hidden; line-height: 0;\" data-mce-type=\"bookmark\" class=\"mce_SELRES_start\">\ufeff<\/span><\/iframe><\/td>\n<td style=\"width: 11.6751%; border-color: #ffffff; height: 362px;\"><a href=\"https:\/\/docs.google.com\/forms\/d\/e\/1FAIpQLScwh9L4ONjISvALJb35a41QXmw-qMY2-l-V8O0qPAMvAcC7KA\/viewform?usp=sf_link\"><img loading=\"lazy\" decoding=\"async\" class=\"alignright wp-image-8976\" src=\"https:\/\/serveiseducatius.xtec.cat\/baixcamp\/wp-content\/uploads\/usu950\/2018\/10\/sol\u00b7licitud-pr\u00e9stec.png\" alt=\"\" width=\"157\" height=\"77\" \/><\/a><\/td>\n<td style=\"width: 29.9975%; border-color: #ffffff; height: 362px;\"><strong>Durada:<\/strong> 2 setmanes aproximadament.Per altres per\u00edodes de pr\u00e9stec, consulteu a <a href=\"mailto:e3990102@xtec.cat\">e3990102@xtec.cat<\/a><strong>Recollida i retorn del pr\u00e9stec:<\/strong> de dilluns a divendres d&#8217;11:00h a 14:00h i de 16:00h a 18:00h<\/td>\n<\/tr>\n<\/tbody>\n<\/table>\n<h6><strong>Per saber-ne m\u00e9s<\/strong><\/h6>\n<p><span style=\"color: #808080;\"><strong>Qu\u00e8 \u00e9s Leonardome?<\/strong><\/span><\/p>\n<p style=\"text-align: justify;\">Leonardome \u00e9s un nou recurs pedag\u00f2gic innovador que consisteix a aprendre, jugar i interactuar a partir de les c\u00fapules ideades per Leonardo da Vinci.<br \/>\nImpulsat pel Museu de les Matem\u00e0tiques de Catalunya (MMACA), el recurs \u00e9s un repte sorprenent i divertit pensat per a centres educatius de prim\u00e0ria i secund\u00e0ria. Amb Leonardome tamb\u00e9 es desenvolupen les compet\u00e8ncies b\u00e0siques d\u2019aprenentatge.<\/p>\n<p><img loading=\"lazy\" decoding=\"async\" class=\"size-large wp-image-15143 aligncenter\" src=\"https:\/\/serveiseducatius.xtec.cat\/baixcamp\/wp-content\/uploads\/usu950\/2024\/10\/Medidas-600x149.gif\" alt=\"Mesures Leonardome\" width=\"600\" height=\"149\" srcset=\"https:\/\/serveiseducatius.xtec.cat\/baixcamp\/wp-content\/uploads\/usu950\/2024\/10\/Medidas-600x149.gif 600w, https:\/\/serveiseducatius.xtec.cat\/baixcamp\/wp-content\/uploads\/usu950\/2024\/10\/Medidas-300x74.gif 300w, https:\/\/serveiseducatius.xtec.cat\/baixcamp\/wp-content\/uploads\/usu950\/2024\/10\/Medidas-768x191.gif 768w\" sizes=\"auto, (max-width: 600px) 100vw, 600px\" \/><\/p>\n<p style=\"text-align: justify;\"><strong><span style=\"color: #808080;\">Aplicacions pedag\u00f2giques<\/span><\/strong><\/p>\n<p style=\"text-align: justify;\">Leonardome \u00e9s un repte, un joc, una activitat multidisciplinar i l\u00fadica on convergeixen coneixement, experimentaci\u00f3 i treball en equip que permet treballar a classe \u00e0rees de coneixement transversals:<\/p>\n<ul>\n<li style=\"text-align: justify;\">Matem\u00e0tiques. Desenvolupem la capacitat de raonament i la facultat d\u2019abstracci\u00f3. Descrivim relacions espacials i apliquem transformacions geom\u00e8triques. Utilitzem la visualitzaci\u00f3 i els models geom\u00e8trics per resoldre problemes.<\/li>\n<li style=\"text-align: justify;\">Tecnologia. La c\u00fapula \u00e9s una estructura estable i de suport. Contempla les lleis b\u00e0siques de l\u2019est\u00e0tica i la resist\u00e8ncia dels materials.<\/li>\n<li style=\"text-align: justify;\">Hist\u00f2ria. Es basa en el &#8216;Codex Atlanticus&#8217; de Leonardo da Vinci. Ensenya a apreciar les diferents produccions art\u00edstiques i contextualitzar-les en cada moment hist\u00f2ric.<\/li>\n<li style=\"text-align: justify;\">Art. Descobrirem Leonardo com a artista del Renaixement. La c\u00fapula forma part d\u2019edificis al llarg de tota la hist\u00f2ria de l\u2019art. Els patrons geom\u00e8trics han inspirat artistes contemporanis com Rinus Roefols i Buckminster Fuller.<\/li>\n<\/ul>\n<p>Podeu consultar la p\u00e0gina <a href=\"http:\/\/www.leonardome.com\/\" target=\"_blank\" rel=\"noopener\">Leonardome<\/a> i <a href=\"http:\/\/www.mmaca.cat\/\" target=\"_blank\" rel=\"noopener\">Museu de Matem\u00e0tiques de Catalunya<\/a><\/p>\n<table style=\"height: 232px; width: 60.3336%; border-collapse: collapse; border-color: #ffffff;\" border=\"1\">\n<tbody>\n<tr>\n<td style=\"width: 33.3333%; border-color: #ffffff;\"><img loading=\"lazy\" decoding=\"async\" class=\"alignleft wp-image-8161\" src=\"https:\/\/serveiseducatius.xtec.cat\/baixcamp\/wp-content\/uploads\/usu950\/2018\/04\/IMG_0639-compressed.jpg\" alt=\"\" width=\"230\" height=\"173\" srcset=\"https:\/\/serveiseducatius.xtec.cat\/baixcamp\/wp-content\/uploads\/usu950\/2018\/04\/IMG_0639-compressed.jpg 1024w, https:\/\/serveiseducatius.xtec.cat\/baixcamp\/wp-content\/uploads\/usu950\/2018\/04\/IMG_0639-compressed-300x225.jpg 300w, https:\/\/serveiseducatius.xtec.cat\/baixcamp\/wp-content\/uploads\/usu950\/2018\/04\/IMG_0639-compressed-768x576.jpg 768w, https:\/\/serveiseducatius.xtec.cat\/baixcamp\/wp-content\/uploads\/usu950\/2018\/04\/IMG_0639-compressed-200x150.jpg 200w\" sizes=\"auto, (max-width: 230px) 100vw, 230px\" \/><\/td>\n<td style=\"width: 33.3333%; border-color: #ffffff;\"><img loading=\"lazy\" decoding=\"async\" class=\"alignleft wp-image-8160\" src=\"https:\/\/serveiseducatius.xtec.cat\/baixcamp\/wp-content\/uploads\/usu950\/2018\/04\/IMG_0637-compressed.jpg\" alt=\"\" width=\"237\" height=\"178\" srcset=\"https:\/\/serveiseducatius.xtec.cat\/baixcamp\/wp-content\/uploads\/usu950\/2018\/04\/IMG_0637-compressed.jpg 1024w, https:\/\/serveiseducatius.xtec.cat\/baixcamp\/wp-content\/uploads\/usu950\/2018\/04\/IMG_0637-compressed-300x225.jpg 300w, https:\/\/serveiseducatius.xtec.cat\/baixcamp\/wp-content\/uploads\/usu950\/2018\/04\/IMG_0637-compressed-768x576.jpg 768w, https:\/\/serveiseducatius.xtec.cat\/baixcamp\/wp-content\/uploads\/usu950\/2018\/04\/IMG_0637-compressed-200x150.jpg 200w\" sizes=\"auto, (max-width: 237px) 100vw, 237px\" \/><\/td>\n<td style=\"width: 33.3333%; border-color: #ffffff;\"><img loading=\"lazy\" decoding=\"async\" class=\"alignleft wp-image-8158\" src=\"https:\/\/serveiseducatius.xtec.cat\/baixcamp\/wp-content\/uploads\/usu950\/2018\/04\/IMG_0633-compressed.jpg\" alt=\"\" width=\"235\" height=\"177\" srcset=\"https:\/\/serveiseducatius.xtec.cat\/baixcamp\/wp-content\/uploads\/usu950\/2018\/04\/IMG_0633-compressed.jpg 1024w, https:\/\/serveiseducatius.xtec.cat\/baixcamp\/wp-content\/uploads\/usu950\/2018\/04\/IMG_0633-compressed-300x225.jpg 300w, https:\/\/serveiseducatius.xtec.cat\/baixcamp\/wp-content\/uploads\/usu950\/2018\/04\/IMG_0633-compressed-768x576.jpg 768w, https:\/\/serveiseducatius.xtec.cat\/baixcamp\/wp-content\/uploads\/usu950\/2018\/04\/IMG_0633-compressed-200x150.jpg 200w\" sizes=\"auto, (max-width: 235px) 100vw, 235px\" \/><\/td>\n<\/tr>\n<\/tbody>\n<\/table>\n<p style=\"text-align: left;\"><img loading=\"lazy\" decoding=\"async\" class=\"size-full wp-image-5672 alignleft\" src=\"https:\/\/serveiseducatius.xtec.cat\/baixcamp\/wp-content\/uploads\/usu950\/2016\/12\/logo-reddis-e1494513944177.png\" alt=\"\" width=\"114\" height=\"60\" \/><\/p>\n<blockquote class=\"twitter-tweet\" data-lang=\"es\">\n<p dir=\"ltr\" lang=\"ca\">V\u00cdDEO: Una de les activitats que la canalla ha pogut gaudir aquest cap de setmana a la primera edici\u00f3 de la fira CATBOT, de <a href=\"https:\/\/twitter.com\/firaReus?ref_src=twsrc%5Etfw\" target=\"_blank\" rel=\"noopener\">@firaReus<\/a> <a href=\"https:\/\/t.co\/RnG1z0Vfnl\" target=\"_blank\" rel=\"noopener\">pic.twitter.com\/RnG1z0Vfnl<\/a><\/p>\n<p>\u2014 TarragonaDigital (@TGNdigital) <a href=\"https:\/\/twitter.com\/TGNdigital\/status\/1056571562885816320?ref_src=twsrc%5Etfw\" target=\"_blank\" rel=\"noopener\">28 de octubre de 2018<\/a><\/p><\/blockquote>\n<p><script async src=\"https:\/\/platform.twitter.com\/widgets.js\" charset=\"utf-8\"><\/script><br \/>\nCol\u00b7laborador del recurs <a href=\"https:\/\/serveiseducatius.xtec.cat\/baixcamp\/general\/leonardome-un-nou-recurs-al-servei-de-prestec-del-crp\/\">Fundaci\u00f3 Privada Reddis<\/a><\/p>\n","protected":false},"excerpt":{"rendered":"<p>En qu\u00e8 consisteix? La caixa Leonardome cont\u00e9 250 peces de fusta ecol\u00f2gicament sostenible i una guia pedag\u00f2gica que inclou les instruccions per a muntar c\u00fapules amb la metodologia i les possibilitats del recurs. Mitjan\u00e7ant aquestes peces de fusta dissenyades especialment, es poden construir estructures d\u2019uns 4 metres de di\u00e0metre sense cap element d\u2019uni\u00f3. El principi [&hellip;]<\/p>\n","protected":false},"author":1,"featured_media":0,"parent":14121,"menu_order":150,"comment_status":"closed","ping_status":"closed","template":"page-templates\/side-menu.php","meta":{"_bbp_topic_count":0,"_bbp_reply_count":0,"_bbp_total_topic_count":0,"_bbp_total_reply_count":0,"_bbp_voice_count":0,"_bbp_anonymous_reply_count":0,"_bbp_topic_count_hidden":0,"_bbp_reply_count_hidden":0,"_bbp_forum_subforum_count":0,"site-sidebar-layout":"default","site-content-layout":"","ast-site-content-layout":"","site-content-style":"default","site-sidebar-style":"default","ast-global-header-display":"","ast-banner-title-visibility":"","ast-main-header-display":"","ast-hfb-above-header-display":"","ast-hfb-below-header-display":"","ast-hfb-mobile-header-display":"","site-post-title":"","ast-breadcrumbs-content":"","ast-featured-img":"","footer-sml-layout":"","theme-transparent-header-meta":"","adv-header-id-meta":"","stick-header-meta":"","header-above-stick-meta":"","header-main-stick-meta":"","header-below-stick-meta":"","astra-migrate-meta-layouts":"default","ast-page-background-enabled":"default","ast-page-background-meta":{"desktop":{"background-color":"var(--ast-global-color-4)","background-image":"","background-repeat":"repeat","background-position":"center center","background-size":"auto","background-attachment":"scroll","background-type":"","background-media":"","overlay-type":"","overlay-color":"","overlay-opacity":"","overlay-gradient":""},"tablet":{"background-color":"","background-image":"","background-repeat":"repeat","background-position":"center center","background-size":"auto","background-attachment":"scroll","background-type":"","background-media":"","overlay-type":"","overlay-color":"","overlay-opacity":"","overlay-gradient":""},"mobile":{"background-color":"","background-image":"","background-repeat":"repeat","background-position":"center center","background-size":"auto","background-attachment":"scroll","background-type":"","background-media":"","overlay-type":"","overlay-color":"","overlay-opacity":"","overlay-gradient":""}},"ast-content-background-meta":{"desktop":{"background-color":"var(--ast-global-color-5)","background-image":"","background-repeat":"repeat","background-position":"center center","background-size":"auto","background-attachment":"scroll","background-type":"","background-media":"","overlay-type":"","overlay-color":"","overlay-opacity":"","overlay-gradient":""},"tablet":{"background-color":"var(--ast-global-color-5)","background-image":"","background-repeat":"repeat","background-position":"center center","background-size":"auto","background-attachment":"scroll","background-type":"","background-media":"","overlay-type":"","overlay-color":"","overlay-opacity":"","overlay-gradient":""},"mobile":{"background-color":"var(--ast-global-color-5)","background-image":"","background-repeat":"repeat","background-position":"center center","background-size":"auto","background-attachment":"scroll","background-type":"","background-media":"","overlay-type":"","overlay-color":"","overlay-opacity":"","overlay-gradient":""}},"footnotes":""},"class_list":["post-8107","page","type-page","status-publish","hentry"],"post_mailing_queue_ids":[],"_links":{"self":[{"href":"https:\/\/serveiseducatius.xtec.cat\/baixcamp\/wp-json\/wp\/v2\/pages\/8107","targetHints":{"allow":["GET"]}}],"collection":[{"href":"https:\/\/serveiseducatius.xtec.cat\/baixcamp\/wp-json\/wp\/v2\/pages"}],"about":[{"href":"https:\/\/serveiseducatius.xtec.cat\/baixcamp\/wp-json\/wp\/v2\/types\/page"}],"author":[{"embeddable":true,"href":"https:\/\/serveiseducatius.xtec.cat\/baixcamp\/wp-json\/wp\/v2\/users\/1"}],"replies":[{"embeddable":true,"href":"https:\/\/serveiseducatius.xtec.cat\/baixcamp\/wp-json\/wp\/v2\/comments?post=8107"}],"version-history":[{"count":4,"href":"https:\/\/serveiseducatius.xtec.cat\/baixcamp\/wp-json\/wp\/v2\/pages\/8107\/revisions"}],"predecessor-version":[{"id":15502,"href":"https:\/\/serveiseducatius.xtec.cat\/baixcamp\/wp-json\/wp\/v2\/pages\/8107\/revisions\/15502"}],"up":[{"embeddable":true,"href":"https:\/\/serveiseducatius.xtec.cat\/baixcamp\/wp-json\/wp\/v2\/pages\/14121"}],"wp:attachment":[{"href":"https:\/\/serveiseducatius.xtec.cat\/baixcamp\/wp-json\/wp\/v2\/media?parent=8107"}],"curies":[{"name":"wp","href":"https:\/\/api.w.org\/{rel}","templated":true}]}}