{"id":8095,"date":"2018-04-12T14:02:34","date_gmt":"2018-04-12T12:02:34","guid":{"rendered":"http:\/\/serveiseducatius.xtec.cat\/baixcamp\/?page_id=8095"},"modified":"2021-12-21T11:53:00","modified_gmt":"2021-12-21T10:53:00","slug":"febre-de-fabra","status":"publish","type":"page","link":"https:\/\/serveiseducatius.xtec.cat\/baixcamp\/dinamitzacions\/febre-de-fabra\/","title":{"rendered":"Febre de Fabra"},"content":{"rendered":"<p><a href=\"http:\/\/serveiseducatius.xtec.cat\/baixcamp\/wp-content\/uploads\/usu950\/2018\/04\/FFabra_tiet.png\"><img loading=\"lazy\" decoding=\"async\" class=\"size-medium wp-image-8099 alignleft\" src=\"http:\/\/serveiseducatius.xtec.cat\/baixcamp\/wp-content\/uploads\/usu950\/2018\/04\/FFabra_tiet-300x300.png\" alt=\"\" width=\"300\" height=\"300\" \/><\/a><\/p>\n<p>Amb motiu de la celebraci\u00f3 de l&#8217;<strong>Any Fabra<\/strong> a la nostra ciutat s&#8217;ha iniciat un treball conjunt d&#8217;administracions i entitats per tal de donar projecci\u00f3 a la seva figura.<\/p>\n<p>Dins d&#8217;aquesta din\u00e0mica ha sorgit una <strong>comissi\u00f3 pedag\u00f2gica<\/strong> formada per representants de les escoles de la ciutat i els Serveis Educatius. Aquesta\u00a0 ha dissenyat una <strong>Trobada<\/strong> a la mida dels infants per fer-los viure la llengua.<\/p>\n<p>Aquesta trobada t\u00e9 el format de concurs i s&#8217;adre\u00e7a als diferents nivells educatius amb proves lligades al desplegament de la Compet\u00e8ncia Ling\u00fc\u00edstica que els pertoca per curr\u00edculum.<\/p>\n<p>&nbsp;<\/p>\n<p>&nbsp;<\/p>\n<h6><strong>Concurs Febre de Fabra<br \/>\n<\/strong><\/h6>\n<p>Hi participaran 4 equips de 4 alumnes per cadascun dels centres educatius participants.<br \/>\nLa seu del concurs \u00e9s l&#8217;escola Pompeu Fabra<\/p>\n<table style=\"width: 100%;\">\n<tbody>\n<tr>\n<td style=\"width: 143px; background-color: #a41159; border-color: #ffffff;\"><strong><span style=\"color: #ffffff;\">Nivell<\/span><\/strong><\/td>\n<td style=\"width: 143px; background-color: #a41159; border-color: #ffffff;\"><strong><span style=\"color: #ffffff;\">Joc<\/span><\/strong><\/td>\n<td style=\"width: 143px; background-color: #a41159; border-color: #ffffff;\"><strong><span style=\"color: #ffffff;\">Descripci\u00f3<\/span><\/strong><\/td>\n<\/tr>\n<tr>\n<td style=\"width: 143px;\">Educaci\u00f3 infantil<\/td>\n<td style=\"width: 268px;\">BOSSES DE LLETRES<\/td>\n<td style=\"width: 956px;\">Els nens i nenes d&#8217;Ed Infantil han de dir el m\u00e0xim de paraules possible que comencin per la lletra que es sortejar\u00e0.<\/td>\n<\/tr>\n<tr>\n<td style=\"width: 143px;\">Cicle inicial<\/td>\n<td style=\"width: 268px;\">SAPS LA LLETRA DE LA CAN\u00c7\u00d3?<\/td>\n<td style=\"width: 956px;\">A partir d&#8217;un repertori de can\u00e7ons sel\u00b7leccionades, l&#8217;equip d&#8217;infants haur\u00e0 de continuar la lletra de la can\u00e7\u00f3 quan aquesta s&#8217;aturi.<\/td>\n<\/tr>\n<tr>\n<td style=\"width: 143px;\">Cicle mitj\u00e0<\/td>\n<td style=\"width: 268px;\">LLETREGEM<\/td>\n<td style=\"width: 956px;\">S&#8217;emprar\u00e0 com a base de la prova la llista de 100 paraules m\u00e9s dif\u00edcils del catal\u00e0 del Daniel Gabarr\u00f3.<\/p>\n<p>En una roda individual dels membres de cada equip, hauran de lletrejar la paraula de la llista que surti per sorteig.<\/td>\n<\/tr>\n<tr>\n<td style=\"width: 143px;\">Cicle superior<\/td>\n<td style=\"width: 268px;\">SCRABBLE\u00a0i\u00a0PASSAPOMPEU<\/td>\n<td style=\"width: 956px;\">A Cicle Superior hi participaran 2 equips, un en la prova d&#8217;Scrabble i l&#8217;altre en la del PassaPompeu.<\/p>\n<p>Aquest \u00faltim inspirat en el programa de televisi\u00f3 Pasapalabra.<\/td>\n<\/tr>\n<\/tbody>\n<\/table>\n<p>Al final del mat\u00ed es lliuraran una xapa commemorativa del concurs i els diplomes de participaci\u00f3.<\/p>\n<h6><b>Calendari<\/b><\/h6>\n<table>\n<tbody>\n<tr>\n<td style=\"background-color: #a41159;\"><span style=\"color: #ffffff;\"><strong>Dies<\/strong><\/span><\/td>\n<td style=\"background-color: #a41159;\"><span style=\"color: #ffffff;\"><strong>Horari<\/strong><\/span><\/td>\n<td style=\"background-color: #a41159;\"><span style=\"color: #ffffff;\"><strong>Centres<\/strong><\/span><\/td>\n<\/tr>\n<tr>\n<td>17 d&#8217;abril de 2018<\/td>\n<td><span style=\"font-weight: 400;\">De 9:30h a 11:30h<\/span><\/td>\n<td>Esc C\u00e8lia Artiga<\/p>\n<p><span class=\"im\">Esc Rosa Sensat<br \/>\n<\/span><\/p>\n<p><span class=\"im\">Esc Eduard Toda<br \/>\n<\/span><\/p>\n<p><span class=\"im\">Esc Pompeu Fabra<\/span><\/td>\n<\/tr>\n<tr>\n<td>24 d&#8217;abril de 2018<\/td>\n<td><span style=\"font-weight: 400;\">De 9:30h a 11:30h<\/span><\/td>\n<td>Esc Miseric\u00f2rdia<\/p>\n<p><span class=\"im\">Esc Presentaci\u00f3<br \/>\n<\/span><\/p>\n<p><span class=\"im\">Esc Joan Rebull<br \/>\n<\/span><\/p>\n<p><span class=\"im\">Esc Isabel Besora (CM i CS)<br \/>\n<\/span><\/td>\n<\/tr>\n<tr>\n<td>26 d&#8217;abril de 2018<\/td>\n<td><span style=\"font-weight: 400;\">De 9:30h a 11:30h<\/span><\/td>\n<td>Esc Teresa Miquel i P\u00e0mies<\/p>\n<p>Esc Prat de la Riba<\/p>\n<p>Esc General Prim<\/td>\n<\/tr>\n<\/tbody>\n<\/table>\n<p>&nbsp;<\/p>\n","protected":false},"excerpt":{"rendered":"<p>Amb motiu de la celebraci\u00f3 de l&#8217;Any Fabra a la nostra ciutat s&#8217;ha iniciat un treball conjunt d&#8217;administracions i entitats per tal de donar projecci\u00f3 a la seva figura. Dins d&#8217;aquesta din\u00e0mica ha sorgit una comissi\u00f3 pedag\u00f2gica formada per representants de les escoles de la ciutat i els Serveis Educatius. Aquesta\u00a0 ha dissenyat una Trobada [&hellip;]<\/p>\n","protected":false},"author":124,"featured_media":0,"parent":13543,"menu_order":0,"comment_status":"closed","ping_status":"closed","template":"page-templates\/side-menu.php","meta":{"_bbp_topic_count":0,"_bbp_reply_count":0,"_bbp_total_topic_count":0,"_bbp_total_reply_count":0,"_bbp_voice_count":0,"_bbp_anonymous_reply_count":0,"_bbp_topic_count_hidden":0,"_bbp_reply_count_hidden":0,"_bbp_forum_subforum_count":0,"site-sidebar-layout":"default","site-content-layout":"","ast-site-content-layout":"","site-content-style":"default","site-sidebar-style":"default","ast-global-header-display":"","ast-banner-title-visibility":"","ast-main-header-display":"","ast-hfb-above-header-display":"","ast-hfb-below-header-display":"","ast-hfb-mobile-header-display":"","site-post-title":"","ast-breadcrumbs-content":"","ast-featured-img":"","footer-sml-layout":"","theme-transparent-header-meta":"","adv-header-id-meta":"","stick-header-meta":"","header-above-stick-meta":"","header-main-stick-meta":"","header-below-stick-meta":"","astra-migrate-meta-layouts":"default","ast-page-background-enabled":"default","ast-page-background-meta":{"desktop":{"background-color":"var(--ast-global-color-4)","background-image":"","background-repeat":"repeat","background-position":"center center","background-size":"auto","background-attachment":"scroll","background-type":"","background-media":"","overlay-type":"","overlay-color":"","overlay-opacity":"","overlay-gradient":""},"tablet":{"background-color":"","background-image":"","background-repeat":"repeat","background-position":"center center","background-size":"auto","background-attachment":"scroll","background-type":"","background-media":"","overlay-type":"","overlay-color":"","overlay-opacity":"","overlay-gradient":""},"mobile":{"background-color":"","background-image":"","background-repeat":"repeat","background-position":"center center","background-size":"auto","background-attachment":"scroll","background-type":"","background-media":"","overlay-type":"","overlay-color":"","overlay-opacity":"","overlay-gradient":""}},"ast-content-background-meta":{"desktop":{"background-color":"var(--ast-global-color-5)","background-image":"","background-repeat":"repeat","background-position":"center center","background-size":"auto","background-attachment":"scroll","background-type":"","background-media":"","overlay-type":"","overlay-color":"","overlay-opacity":"","overlay-gradient":""},"tablet":{"background-color":"var(--ast-global-color-5)","background-image":"","background-repeat":"repeat","background-position":"center center","background-size":"auto","background-attachment":"scroll","background-type":"","background-media":"","overlay-type":"","overlay-color":"","overlay-opacity":"","overlay-gradient":""},"mobile":{"background-color":"var(--ast-global-color-5)","background-image":"","background-repeat":"repeat","background-position":"center center","background-size":"auto","background-attachment":"scroll","background-type":"","background-media":"","overlay-type":"","overlay-color":"","overlay-opacity":"","overlay-gradient":""}},"footnotes":""},"class_list":["post-8095","page","type-page","status-publish","hentry"],"post_mailing_queue_ids":[],"_links":{"self":[{"href":"https:\/\/serveiseducatius.xtec.cat\/baixcamp\/wp-json\/wp\/v2\/pages\/8095","targetHints":{"allow":["GET"]}}],"collection":[{"href":"https:\/\/serveiseducatius.xtec.cat\/baixcamp\/wp-json\/wp\/v2\/pages"}],"about":[{"href":"https:\/\/serveiseducatius.xtec.cat\/baixcamp\/wp-json\/wp\/v2\/types\/page"}],"author":[{"embeddable":true,"href":"https:\/\/serveiseducatius.xtec.cat\/baixcamp\/wp-json\/wp\/v2\/users\/124"}],"replies":[{"embeddable":true,"href":"https:\/\/serveiseducatius.xtec.cat\/baixcamp\/wp-json\/wp\/v2\/comments?post=8095"}],"version-history":[{"count":4,"href":"https:\/\/serveiseducatius.xtec.cat\/baixcamp\/wp-json\/wp\/v2\/pages\/8095\/revisions"}],"predecessor-version":[{"id":8104,"href":"https:\/\/serveiseducatius.xtec.cat\/baixcamp\/wp-json\/wp\/v2\/pages\/8095\/revisions\/8104"}],"up":[{"embeddable":true,"href":"https:\/\/serveiseducatius.xtec.cat\/baixcamp\/wp-json\/wp\/v2\/pages\/13543"}],"wp:attachment":[{"href":"https:\/\/serveiseducatius.xtec.cat\/baixcamp\/wp-json\/wp\/v2\/media?parent=8095"}],"curies":[{"name":"wp","href":"https:\/\/api.w.org\/{rel}","templated":true}]}}