{"id":806,"date":"2015-11-28T21:29:55","date_gmt":"2015-11-28T20:29:55","guid":{"rendered":"http:\/\/serveiseducatius.xtec.cat\/baixcamp\/?page_id=806"},"modified":"2025-10-29T12:36:55","modified_gmt":"2025-10-29T11:36:55","slug":"el-servei-educatiu","status":"publish","type":"page","link":"https:\/\/serveiseducatius.xtec.cat\/baixcamp\/el-servei-educatiu\/","title":{"rendered":"El servei educatiu"},"content":{"rendered":"<div class=\"col-sm-8\">\n<div class=\"cos_bloc basic_text_peq pd-15\">\n<p style=\"text-align: justify;\">Cada servei educatiu de zona est\u00e0 format pels serveis educatius que actuen en els centres d&#8217;una zona educativa espec\u00edfica; aquests serveis s\u00f3n els seg\u00fcents:<\/p>\n<ul>\n<li style=\"text-align: justify;\">Els <strong><a href=\"http:\/\/xtec.gencat.cat\/ca\/serveis\/sez\/crp\/\" target=\"_blank\" rel=\"noopener noreferrer\">centres de recursos pedag\u00f2gics<\/a> (CRP)<\/strong>, integrats per equips de suport a l&#8217;activitat pedag\u00f2gica dels centres i a la tasca docent de mestres i professors, especialment quant a la formaci\u00f3 permanent, els recursos pedag\u00f2gics i de dinamitzaci\u00f3 de projectes del centre i de la zona.<\/li>\n<li style=\"text-align: justify;\">Els <strong><a href=\"http:\/\/xtec.gencat.cat\/ca\/serveis\/sez\/eap\/\" target=\"_blank\" rel=\"noopener noreferrer\">equips d&#8217;assessorament i orientaci\u00f3 psicopedag\u00f2gica<\/a> (EAP)<\/strong> donen suport als professors i als centres en la resposta a la diversitat dels alumnes i en relaci\u00f3 als que presenten necessitats educatives especials, aix\u00ed com a les seves fam\u00edlies.<\/li>\n<li style=\"text-align: justify;\">Els <strong><a href=\"http:\/\/xtec.gencat.cat\/ca\/serveis\/sez\/elic\/\" target=\"_blank\" rel=\"noopener noreferrer\">equips d&#8217;assessorament en llengua i cohesi\u00f3 social<\/a> (ELIC)<\/strong> assessoren i orienten en els \u00e0mbits de la llengua, la interculturalitat i la cohesi\u00f3 social i donen suport als professors en l\u2019atenci\u00f3 a la diversitat relacionada amb els alumnes, especialment procedents de la immigraci\u00f3 i\/o amb amb risc d\u2019exclusi\u00f3 social.<\/li>\n<\/ul>\n<p style=\"text-align: justify;\">El Servei Educatiu tamb\u00e9 treballa de forma coordinada amb el <strong>CREDA <\/strong>(Centres de Recursos Educatius per a alumnes amb Discapacitat Auditiva). El CREDA \u00e9s un servei de suport als centres docents en l\u2019adequaci\u00f3 a la resposta educativa davant les necessitats que interfereixen en el desenvolupament personal, social i curricular de l\u2019alumnat amb d\u00e8ficit auditiu, trastorn espec\u00edfic del llenguatge i\/o la comunicaci\u00f3. La seva intervenci\u00f3 es concreta en tres grans \u00e0mbits: alumnat i fam\u00edlies; centres i professorat; i zona educativa. Trobareu tota la informaci\u00f3 d&#8217;aquest servei a la <a href=\"https:\/\/serveiseducatius.xtec.cat\/creda-tarragona\/\">web del CREDA de Tarragona i Terres de l&#8217;Ebre<\/a>. Igualment, col\u00b7labora amb el servei espec\u00edfic <strong>CRETDiC <\/strong>(Centre de Recursos Educatius per a Trastorns del Desenvolupament i de la Conducta).<\/p>\n<\/div>\n<\/div>\n<h6><\/h6>\n<h6><strong><img loading=\"lazy\" decoding=\"async\" class=\"size-full wp-image-13174 alignleft\" src=\"https:\/\/serveiseducatius.xtec.cat\/baixcamp\/wp-content\/uploads\/usu950\/2021\/10\/5A-dMB8r_400x400.jpg\" alt=\"\" width=\"240\" height=\"240\" srcset=\"https:\/\/serveiseducatius.xtec.cat\/baixcamp\/wp-content\/uploads\/usu950\/2021\/10\/5A-dMB8r_400x400.jpg 240w, https:\/\/serveiseducatius.xtec.cat\/baixcamp\/wp-content\/uploads\/usu950\/2021\/10\/5A-dMB8r_400x400-150x150.jpg 150w\" sizes=\"auto, (max-width: 240px) 100vw, 240px\" \/>El Servei Educatiu de Zona del Baix Camp (SEZ Baix Camp)<br \/>\n<\/strong><\/h6>\n<p style=\"text-align: justify;\">Col\u00b7laborem i donem suport als <a href=\"http:\/\/serveiseducatius.xtec.cat\/baixcamp\/comunitat\/centres-educatius\/\" target=\"_blank\" rel=\"noopener noreferrer\">centres educatius<\/a> p\u00fablics i privats concertats de nivells educatius no universitaris de la nostra comarca per a la realitzaci\u00f3 efectiva dels seus projectes educatius, buscant l\u2019\u00e8xit educatiu i la cohesi\u00f3 social de la comunitat educativa.<\/p>\n<h6><strong>Els nostres serveis<\/strong><\/h6>\n<ul>\n<li style=\"text-align: justify;\"><span style=\"color: #333333;\">Dissenyar i organitzar activitats i recursos de dinamitzaci\u00f3 i innovaci\u00f3 educativa.<\/span><\/li>\n<li style=\"text-align: justify;\"><span style=\"color: #333333;\">Impulsar el treball en xarxa entre els centres educatius, les institucions i entitats i el conjunt de la comunitat educativa.<\/span><\/li>\n<li style=\"text-align: justify;\"><span style=\"color: #333333;\">Posar en valor el treball de l\u2019aula i fer aflorar el talent dels professionals de la comarca.<\/span><\/li>\n<li style=\"text-align: justify;\"><span style=\"color: #333333;\">Assessorar i donar suport en el desplegament dels projectes institucionals i de centre i de les activitats de Pla de Formaci\u00f3 de Zona.<\/span><\/li>\n<li style=\"text-align: justify;\"><span style=\"color: #333333;\">Identificar i avaluar les necessitats educatives especials de l&#8217;alumnat i fer la proposta d\u2019escolaritzaci\u00f3, en col\u00b7laboraci\u00f3 amb els serveis educatius espec\u00edfics quan s\u2019escaigui.<\/span><\/li>\n<li style=\"text-align: justify;\"><span style=\"color: #333333;\">Assessorar el professorat i les fam\u00edlies en la resposta educativa a l\u2019alumnat amb necessitats educatives especials, en col\u00b7laboraci\u00f3 amb els docents especialitzats i els serveis educatius espec\u00edfics.<\/span><\/li>\n<li style=\"text-align: justify;\"><span style=\"color: #333333;\">Assessorar els equips docents, l\u2019alumnat i les fam\u00edlies sobre aspectes d\u2019orientaci\u00f3 personal, educativa i professional.<\/span><\/li>\n<li style=\"text-align: justify;\"><span style=\"color: #333333;\">Donar suport als centres educatius en la millora de l\u2019atenci\u00f3 a la diversitat i la inclusi\u00f3.<\/span><\/li>\n<li style=\"text-align: justify;\"><span style=\"color: #333333;\">Col\u00b7laborar amb els serveis socials i sanitaris de l\u2019\u00e0mbit territorial d\u2019actuaci\u00f3, per tal d\u2019oferir una atenci\u00f3 coordinada als alumnes i fam\u00edlies que ho necessitin.<\/span><\/li>\n<li style=\"text-align: justify;\"><span style=\"color: #333333;\">Assessorar en l\u2019atenci\u00f3 de l\u2019alumnat nouvingut (Aules d\u2019Acollida i Suport Ling\u00fc\u00edstic i Social).<\/span><\/li>\n<li style=\"text-align: justify;\"><span style=\"color: #333333;\">Orientar en l\u2019aplicaci\u00f3 de la metodologia de la Immersi\u00f3 ling\u00fc\u00edstica.<\/span><\/li>\n<li style=\"text-align: justify;\"><span style=\"color: #333333;\">Dinamitzar els Plans Educatius d\u2019Entorn i els Projectes de Conviv\u00e8ncia.<\/span><\/li>\n<li style=\"text-align: justify;\"><span style=\"color: #333333;\">Fer formaci\u00f3 en centre sobre les diferents habilitats ling\u00fc\u00edstiques: Impuls de la lectura i AraEscric.<\/span><\/li>\n<li style=\"text-align: justify;\"><span style=\"color: #333333;\">Col\u00b7laborar amb els serveis educatius en el desenvolupament d\u2019activitats (Jocs Florals, Certamen de Lectura en Veu alta, Gust per la lectura&#8230;).<\/span><\/li>\n<\/ul>\n<h6>\u00a0<strong>Qui pot fer la demanda dels serveis?<\/strong><\/h6>\n<ul>\n<li>Els centres, mitjan\u00e7ant els seus equips de direcci\u00f3.<\/li>\n<li>Col\u00b7lectius de docents, d\u2019especialitat, de nivell, d\u2019interessos, etc.<\/li>\n<li>Els docents directament.<\/li>\n<li>Altres entitats vinculades a l\u2019Educaci\u00f3.<\/li>\n<\/ul>\n<h2><strong>Per contactar amb els nostres serveis:<\/strong><\/h2>\n<p><strong>Tel\u00e8fon<\/strong>: 977 312 704<\/p>\n<p><strong>CRP &#8211; (<\/strong>extensi\u00f3 1)\u00a0 e3990102@xtec.cat<\/p>\n<p><strong> EAP-T09 &#8211; (<\/strong>extensi\u00f3 2) e3990102@xtec.cat<\/p>\n<p><strong>ELIC &#8211; <\/strong>(extensi\u00f3 3) e3970029@xtec.cat<\/p>\n","protected":false},"excerpt":{"rendered":"<p>Cada servei educatiu de zona est\u00e0 format pels serveis educatius que actuen en els centres d&#8217;una zona educativa espec\u00edfica; aquests serveis s\u00f3n els seg\u00fcents: Els centres de recursos pedag\u00f2gics (CRP), integrats per equips de suport a l&#8217;activitat pedag\u00f2gica dels centres i a la tasca docent de mestres i professors, especialment quant a la formaci\u00f3 permanent, [&hellip;]<\/p>\n","protected":false},"author":1,"featured_media":0,"parent":0,"menu_order":0,"comment_status":"closed","ping_status":"closed","template":"page-templates\/side-menu.php","meta":{"_bbp_topic_count":0,"_bbp_reply_count":0,"_bbp_total_topic_count":0,"_bbp_total_reply_count":0,"_bbp_voice_count":0,"_bbp_anonymous_reply_count":0,"_bbp_topic_count_hidden":0,"_bbp_reply_count_hidden":0,"_bbp_forum_subforum_count":0,"site-sidebar-layout":"default","site-content-layout":"","ast-site-content-layout":"default","site-content-style":"default","site-sidebar-style":"default","ast-global-header-display":"","ast-banner-title-visibility":"","ast-main-header-display":"","ast-hfb-above-header-display":"","ast-hfb-below-header-display":"","ast-hfb-mobile-header-display":"","site-post-title":"","ast-breadcrumbs-content":"","ast-featured-img":"","footer-sml-layout":"","theme-transparent-header-meta":"","adv-header-id-meta":"","stick-header-meta":"","header-above-stick-meta":"","header-main-stick-meta":"","header-below-stick-meta":"","astra-migrate-meta-layouts":"set","ast-page-background-enabled":"default","ast-page-background-meta":{"desktop":{"background-color":"var(--ast-global-color-4)","background-image":"","background-repeat":"repeat","background-position":"center center","background-size":"auto","background-attachment":"scroll","background-type":"","background-media":"","overlay-type":"","overlay-color":"","overlay-opacity":"","overlay-gradient":""},"tablet":{"background-color":"","background-image":"","background-repeat":"repeat","background-position":"center center","background-size":"auto","background-attachment":"scroll","background-type":"","background-media":"","overlay-type":"","overlay-color":"","overlay-opacity":"","overlay-gradient":""},"mobile":{"background-color":"","background-image":"","background-repeat":"repeat","background-position":"center center","background-size":"auto","background-attachment":"scroll","background-type":"","background-media":"","overlay-type":"","overlay-color":"","overlay-opacity":"","overlay-gradient":""}},"ast-content-background-meta":{"desktop":{"background-color":"var(--ast-global-color-5)","background-image":"","background-repeat":"repeat","background-position":"center center","background-size":"auto","background-attachment":"scroll","background-type":"","background-media":"","overlay-type":"","overlay-color":"","overlay-opacity":"","overlay-gradient":""},"tablet":{"background-color":"var(--ast-global-color-5)","background-image":"","background-repeat":"repeat","background-position":"center center","background-size":"auto","background-attachment":"scroll","background-type":"","background-media":"","overlay-type":"","overlay-color":"","overlay-opacity":"","overlay-gradient":""},"mobile":{"background-color":"var(--ast-global-color-5)","background-image":"","background-repeat":"repeat","background-position":"center center","background-size":"auto","background-attachment":"scroll","background-type":"","background-media":"","overlay-type":"","overlay-color":"","overlay-opacity":"","overlay-gradient":""}},"footnotes":""},"class_list":["post-806","page","type-page","status-publish","hentry"],"post_mailing_queue_ids":[],"_links":{"self":[{"href":"https:\/\/serveiseducatius.xtec.cat\/baixcamp\/wp-json\/wp\/v2\/pages\/806","targetHints":{"allow":["GET"]}}],"collection":[{"href":"https:\/\/serveiseducatius.xtec.cat\/baixcamp\/wp-json\/wp\/v2\/pages"}],"about":[{"href":"https:\/\/serveiseducatius.xtec.cat\/baixcamp\/wp-json\/wp\/v2\/types\/page"}],"author":[{"embeddable":true,"href":"https:\/\/serveiseducatius.xtec.cat\/baixcamp\/wp-json\/wp\/v2\/users\/1"}],"replies":[{"embeddable":true,"href":"https:\/\/serveiseducatius.xtec.cat\/baixcamp\/wp-json\/wp\/v2\/comments?post=806"}],"version-history":[{"count":6,"href":"https:\/\/serveiseducatius.xtec.cat\/baixcamp\/wp-json\/wp\/v2\/pages\/806\/revisions"}],"predecessor-version":[{"id":16277,"href":"https:\/\/serveiseducatius.xtec.cat\/baixcamp\/wp-json\/wp\/v2\/pages\/806\/revisions\/16277"}],"wp:attachment":[{"href":"https:\/\/serveiseducatius.xtec.cat\/baixcamp\/wp-json\/wp\/v2\/media?parent=806"}],"curies":[{"name":"wp","href":"https:\/\/api.w.org\/{rel}","templated":true}]}}