{"id":7590,"date":"2018-01-29T13:02:51","date_gmt":"2018-01-29T12:02:51","guid":{"rendered":"http:\/\/serveiseducatius.xtec.cat\/baixcamp\/?page_id=7590"},"modified":"2019-07-17T08:53:58","modified_gmt":"2019-07-17T06:53:58","slug":"centres-participants","status":"publish","type":"page","link":"https:\/\/serveiseducatius.xtec.cat\/baixcamp\/projectes\/orientacio-educativa\/centres-participants\/","title":{"rendered":"Centres participants"},"content":{"rendered":"<p>Els centres educatius de la zona que durant el curs 2017-18 implementen un pla de millora de l&#8217;orientaci\u00f3 educativa i l&#8217;acci\u00f3 tutorial s\u00f3n:<\/p>\n<table style=\"border-color: #ffffff;\">\n<tbody>\n<tr style=\"height: 31px;\">\n<td style=\"background-color: #a41159; height: 62px;\" rowspan=\"2\"><span style=\"color: #ffffff;\"><strong>Centre<\/strong><\/span><\/td>\n<td style=\"background-color: #a41159; height: 62px;\" rowspan=\"2\"><span style=\"color: #ffffff;\"><strong>Localitat<\/strong><\/span><\/td>\n<td style=\"background-color: #a41159; height: 31px; text-align: center;\" colspan=\"3\"><strong><span style=\"color: #ffffff;\">Fases formatives<\/span><\/strong><\/td>\n<\/tr>\n<tr style=\"height: 31px;\">\n<td style=\"height: 31px; text-align: center;\"><strong><span style=\"color: #a41159;\">Fase 1<\/span><\/strong><\/td>\n<td style=\"height: 31px; text-align: center;\"><strong><span style=\"color: #a41159;\">Fase 2<\/span><\/strong><\/td>\n<td style=\"height: 31px; text-align: center;\"><strong><span style=\"color: #a41159;\">Fase 3<\/span><\/strong><\/td>\n<\/tr>\n<tr style=\"height: 31px;\">\n<td style=\"height: 31px;\">Ins\u00a0Roseta Mauri<\/td>\n<td style=\"height: 31px;\">Reus<\/td>\n<td style=\"background-color: #bdb7b7; height: 31px; border-color: #ffffff;\">\u00a0Curs 2014-15<\/td>\n<td style=\"background-color: #bdb7b7; height: 31px; border-color: #ffffff;\"><\/td>\n<td style=\"background-color: #bdb7b7; height: 31px; border-color: #ffffff;\"><\/td>\n<\/tr>\n<tr style=\"height: 31px;\">\n<td style=\"height: 31px;\">Ins Tapir\u00f3<\/td>\n<td style=\"height: 31px;\">Reus<\/td>\n<td style=\"background-color: #bdb7b7; height: 31px; border-color: #ffffff;\">\u00a0Curs 2016-17<\/td>\n<td style=\"background-color: #bdb7b7; height: 31px; border-color: #ffffff;\">\u00a0Curs 2017-18<\/td>\n<td style=\"background-color: #bdb7b7; height: 31px; border-color: #ffffff;\">Cursos 2017-19<\/td>\n<\/tr>\n<tr style=\"height: 31px;\">\n<td style=\"height: 31px;\">Ins\u00a0 Baix Camp<\/td>\n<td style=\"height: 31px;\">Reus<\/td>\n<td style=\"background-color: #bdb7b7; height: 31px; border-color: #ffffff;\">\u00a0Curs 2016-17<\/td>\n<td style=\"background-color: #bdb7b7; height: 31px; border-color: #ffffff;\">Curs 2017-18<\/td>\n<td style=\"background-color: #bdb7b7; height: 31px; border-color: #ffffff;\">Curs 2017-18<\/td>\n<\/tr>\n<\/tbody>\n<\/table>\n<p><em>\u00a0<\/em><\/p>\n","protected":false},"excerpt":{"rendered":"<p>Els centres educatius de la zona que durant el curs 2017-18 implementen un pla de millora de l&#8217;orientaci\u00f3 educativa i l&#8217;acci\u00f3 tutorial s\u00f3n: Centre Localitat Fases formatives Fase 1 Fase 2 Fase 3 Ins\u00a0Roseta Mauri Reus \u00a0Curs 2014-15 Ins Tapir\u00f3 Reus \u00a0Curs 2016-17 \u00a0Curs 2017-18 Cursos 2017-19 Ins\u00a0 Baix Camp Reus \u00a0Curs 2016-17 Curs 2017-18 [&hellip;]<\/p>\n","protected":false},"author":1,"featured_media":0,"parent":7566,"menu_order":0,"comment_status":"closed","ping_status":"closed","template":"page-templates\/side-menu.php","meta":{"_bbp_topic_count":0,"_bbp_reply_count":0,"_bbp_total_topic_count":0,"_bbp_total_reply_count":0,"_bbp_voice_count":0,"_bbp_anonymous_reply_count":0,"_bbp_topic_count_hidden":0,"_bbp_reply_count_hidden":0,"_bbp_forum_subforum_count":0,"site-sidebar-layout":"default","site-content-layout":"","ast-site-content-layout":"","site-content-style":"default","site-sidebar-style":"default","ast-global-header-display":"","ast-banner-title-visibility":"","ast-main-header-display":"","ast-hfb-above-header-display":"","ast-hfb-below-header-display":"","ast-hfb-mobile-header-display":"","site-post-title":"","ast-breadcrumbs-content":"","ast-featured-img":"","footer-sml-layout":"","theme-transparent-header-meta":"","adv-header-id-meta":"","stick-header-meta":"","header-above-stick-meta":"","header-main-stick-meta":"","header-below-stick-meta":"","astra-migrate-meta-layouts":"default","ast-page-background-enabled":"default","ast-page-background-meta":{"desktop":{"background-color":"var(--ast-global-color-4)","background-image":"","background-repeat":"repeat","background-position":"center center","background-size":"auto","background-attachment":"scroll","background-type":"","background-media":"","overlay-type":"","overlay-color":"","overlay-opacity":"","overlay-gradient":""},"tablet":{"background-color":"","background-image":"","background-repeat":"repeat","background-position":"center center","background-size":"auto","background-attachment":"scroll","background-type":"","background-media":"","overlay-type":"","overlay-color":"","overlay-opacity":"","overlay-gradient":""},"mobile":{"background-color":"","background-image":"","background-repeat":"repeat","background-position":"center center","background-size":"auto","background-attachment":"scroll","background-type":"","background-media":"","overlay-type":"","overlay-color":"","overlay-opacity":"","overlay-gradient":""}},"ast-content-background-meta":{"desktop":{"background-color":"var(--ast-global-color-5)","background-image":"","background-repeat":"repeat","background-position":"center center","background-size":"auto","background-attachment":"scroll","background-type":"","background-media":"","overlay-type":"","overlay-color":"","overlay-opacity":"","overlay-gradient":""},"tablet":{"background-color":"var(--ast-global-color-5)","background-image":"","background-repeat":"repeat","background-position":"center center","background-size":"auto","background-attachment":"scroll","background-type":"","background-media":"","overlay-type":"","overlay-color":"","overlay-opacity":"","overlay-gradient":""},"mobile":{"background-color":"var(--ast-global-color-5)","background-image":"","background-repeat":"repeat","background-position":"center center","background-size":"auto","background-attachment":"scroll","background-type":"","background-media":"","overlay-type":"","overlay-color":"","overlay-opacity":"","overlay-gradient":""}},"footnotes":""},"class_list":["post-7590","page","type-page","status-publish","hentry"],"post_mailing_queue_ids":[],"_links":{"self":[{"href":"https:\/\/serveiseducatius.xtec.cat\/baixcamp\/wp-json\/wp\/v2\/pages\/7590","targetHints":{"allow":["GET"]}}],"collection":[{"href":"https:\/\/serveiseducatius.xtec.cat\/baixcamp\/wp-json\/wp\/v2\/pages"}],"about":[{"href":"https:\/\/serveiseducatius.xtec.cat\/baixcamp\/wp-json\/wp\/v2\/types\/page"}],"author":[{"embeddable":true,"href":"https:\/\/serveiseducatius.xtec.cat\/baixcamp\/wp-json\/wp\/v2\/users\/1"}],"replies":[{"embeddable":true,"href":"https:\/\/serveiseducatius.xtec.cat\/baixcamp\/wp-json\/wp\/v2\/comments?post=7590"}],"version-history":[{"count":4,"href":"https:\/\/serveiseducatius.xtec.cat\/baixcamp\/wp-json\/wp\/v2\/pages\/7590\/revisions"}],"predecessor-version":[{"id":10344,"href":"https:\/\/serveiseducatius.xtec.cat\/baixcamp\/wp-json\/wp\/v2\/pages\/7590\/revisions\/10344"}],"up":[{"embeddable":true,"href":"https:\/\/serveiseducatius.xtec.cat\/baixcamp\/wp-json\/wp\/v2\/pages\/7566"}],"wp:attachment":[{"href":"https:\/\/serveiseducatius.xtec.cat\/baixcamp\/wp-json\/wp\/v2\/media?parent=7590"}],"curies":[{"name":"wp","href":"https:\/\/api.w.org\/{rel}","templated":true}]}}