{"id":7449,"date":"2018-01-22T17:53:22","date_gmt":"2018-01-22T16:53:22","guid":{"rendered":"http:\/\/serveiseducatius.xtec.cat\/baixcamp\/?page_id=7449"},"modified":"2022-11-09T15:02:08","modified_gmt":"2022-11-09T14:02:08","slug":"documentacio","status":"publish","type":"page","link":"https:\/\/serveiseducatius.xtec.cat\/baixcamp\/projectes\/servei-comunitari\/documentacio\/","title":{"rendered":"Documentaci\u00f3"},"content":{"rendered":"<p><span style=\"color: #a41159;\"><strong>Documents de gesti\u00f3<\/strong><\/span><\/p>\n<p>(Actualitzats a 7 d&#8217;octubre de 2019 d&#8217;acord amb la nova llei de protecci\u00f3 de dades i el nomenament del nou director general d&#8217;Atenci\u00f3 a la Fam\u00edlia i Comunitat Educativa)<\/p>\n<ul>\n<li>Model d&#8217;<a href=\"https:\/\/documents.espai.educacio.gencat.cat\/FormularisModels\/CentresDocumentacioAcademica\/A664.pdf\">Autoritzaci\u00f3 de les fam\u00edlies per a la prestaci\u00f3 del Servei comunitari<\/a><\/li>\n<li>Model d&#8217;<a href=\"https:\/\/docs.google.com\/document\/d\/1IA8yuB-ewhWQIh9aS9m_uIWLKMY6S5ddrK4kBxt1Rus\/edit?usp=sharing\">Autoritzaci\u00f3 de les fam\u00edlies per a la prestaci\u00f3 del Servei comunitari (centres concertats)<\/a><\/li>\n<li>Model de <a href=\"https:\/\/documents.espai.educacio.gencat.cat\/FormularisModels\/CentresDocumentacioAcademica\/A663.pdf\">Declaraci\u00f3 de comprom\u00eds per a la prestaci\u00f3 del Servei comunitari<\/a><\/li>\n<li>Model de <a href=\"https:\/\/drive.google.com\/file\/d\/1ZaO5Sg14_uXWHT4zRR6KtO4fyZrDaB9R\/view?usp=sharing\">Declaraci\u00f3 de comprom\u00eds per a la prestaci\u00f3 del Servei comunitari (centres concertats)<\/a><\/li>\n<li>Model de <a href=\"https:\/\/docs.google.com\/document\/d\/1nPZ8edb6ZYDLO4eB6zbjBxwTNqOoV6u7\/edit?usp=sharing&amp;ouid=109312664769323520226&amp;rtpof=true&amp;sd=true\"><strong>Conveni \u00fanic entre el Centre educatiu i l&#8217;entitat, Ajuntament, Consell Comarcal, federaci\u00f3, etc.<\/strong><\/a><\/li>\n<\/ul>\n<p>Si voleu consultar la base de dades de convenis signats pel Departament d\u2019Ensenyament, seguiu aquest <a href=\"https:\/\/aplicacions.gestioeducativa.gencat.cat\/pls\/apex\/f?p=1143:29:0::NO:RP::\" target=\"_blank\" rel=\"noopener noreferrer\">vincle<\/a>.<\/p>\n<p><span style=\"color: #a41159;\"><strong>Documents de suport<br \/>\n<\/strong><\/span><\/p>\n<ul>\n<li><a href=\"https:\/\/drive.google.com\/file\/d\/1qIjAlxAQC06G9yoCrOhnBGP5mC2DTVzC\/view?usp=sharing\">Document marc del Servei comunitari.<\/a> Departament d\u2019Educaci\u00f3. Octubre 2015<\/li>\n<li>Document d<a href=\"https:\/\/xtec.gencat.cat\/web\/.content\/comunitat\/serveicomunitari\/documentacio\/Servei-comunitari-en-el-marc-dels-Plans-educatius-dentorn-v2.pdf\">&#8216;Impuls del Servei Comunitari en el marc del Pla Educatiu d&#8217;Entorn<\/a><\/li>\n<li>Model per al <a href=\"https:\/\/drive.google.com\/file\/d\/1d675DNz8PRViu0UIKQZ1825K_V_wECYd\/view?usp=sharing\">Desenvolupament del projecte de Servei comunitari<\/a><\/li>\n<li>Model de <a href=\"https:\/\/drive.google.com\/file\/d\/14aU_T5dKOIvj1fXa_damDzhGl1A5LHp8\/view?usp=sharing\">Fitxa de Projecte de Servei Comunitari<\/a><\/li>\n<li>Model de <a href=\"https:\/\/xtec.gencat.cat\/web\/.content\/comunitat\/serveicomunitari\/practiquescompartides\/model_fitxa_practica_compartida_-Servei-comunitari_2019.doc\">Seguiment Pr\u00e0ctica compartida del Servei Comunitari<\/a><\/li>\n<\/ul>\n<p><span style=\"color: #a41159;\"><strong>Marc normatiu<br \/>\n<\/strong><\/span><\/p>\n<p>Desplegament <a href=\"http:\/\/xtec.gencat.cat\/ca\/comunitat\/serveicomunitari\/normativa\/\">legal<\/a> referit a la implementaci\u00f3 del Servei comunitari.<\/p>\n<p><span style=\"color: #a41159;\"><strong>Per saber-ne m\u00e9s<\/strong><\/span><\/p>\n<ul>\n<li>Guia <a href=\"http:\/\/www.tercersector.cat\/sites\/www.tercersector.cat\/files\/guia_acollir_projectes_daprenentatge_servei_en_entitats_socials_1.pdf\" target=\"_blank\" rel=\"nofollow noopener noreferrer\">&#8220;Acollir projectes d\u2019Aprenentatge i Servei en entitats socials&#8221;<\/a> (Taula del Tercer Sector)<\/li>\n<li>Guia <a href=\"http:\/\/www.aprenentatgeservei.cat\/intra\/aps\/documents\/aps_ambit_local_web.pdf\" target=\"_blank\" rel=\"nofollow noopener noreferrer\">&#8220;Com impulsar l&#8217;ApS a l&#8217;\u00e0mbit local?&#8221;<\/a> (Centre Promotor d&#8217;Aprenentatge Servei)<\/li>\n<li>Guia <a href=\"http:\/\/www.aprenentatgeservei.cat\/intra\/aps\/documents\/aps_centres_educatius_3.pdf\" target=\"_blank\" rel=\"nofollow noopener noreferrer\">&#8220;Com fer ApS en els centres educatius?&#8221;<\/a> (Centre Promotor\u00a0d&#8217;Aprenentatge Servei)<\/li>\n<li>Guia <a href=\"http:\/\/www.aprenentatgeservei.cat\/intra\/aps\/documents\/aps_entitats_socials_3.pdf\" target=\"_blank\" rel=\"nofollow noopener noreferrer\">&#8220;Com fer ApS en les entitats socials?&#8221;<\/a>\u00a0(Centre Promotor\u00a0d&#8217;Aprenentatge Servei)<\/li>\n<li>Guia <a href=\"http:\/\/www.aprenentatgeservei.cat\/intra\/aps\/documents\/aps_autoevaluacio_cat_IMP_A5.pdf\" target=\"_blank\" rel=\"nofollow noopener noreferrer\">&#8220;R\u00fabrica per a l&#8217;autoavaluaci\u00f3 i la millora dels projectes d&#8217;ApS&#8221;<\/a> (Centre Promotor\u00a0d&#8217;Aprenentatge Servei)<\/li>\n<li>Guia\u00a0<a href=\"http:\/\/www.aprenentatgeservei.cat\/intra\/aps\/documents\/aps_art_web_2.pdf\" target=\"_blank\" rel=\"nofollow noopener noreferrer\">&#8220;Com fer ApS a trav\u00e9s de les arts?&#8221;<\/a>\u00a0(Centre Promotor\u00a0d&#8217;Aprenentatge Servei)<\/li>\n<li>Guia\u00a0<a href=\"http:\/\/www.aprenentatgeservei.cat\/intra\/aps\/documents\/Minyons_GuiaApS.pdf\" target=\"_blank\" rel=\"nofollow noopener noreferrer\">&#8220;Guia pr\u00e0ctica per a projectes d&#8217;Aprenentatge Servei: Fem projectes d&#8217;ApS&#8221;<\/a>\u00a0(Minyons Escoltes i Guies de Catalunya)<\/li>\n<li>Guia <a href=\"http:\/\/www.aprenentatgeservei.org\/intra\/aps\/documents\/aps_avaluacio_aprenentatge%20amb%20annex.pdf\" target=\"_blank\" rel=\"nofollow noopener noreferrer\">&#8220;Avaluaci\u00f3 dels aprenentatges en els projectes d&#8217;Aprenentatge Servei&#8221;<\/a> (Centre Promotor d&#8217;Aprenentatge Servei)<\/li>\n<li><a href=\"http:\/\/www.edubcn.cat\/rcs_gene\/extra\/00_asc\/documents\/2_1Educacio_i_servei_a_la_comunitat.pdf\" target=\"_blank\" rel=\"noopener noreferrer\">Educaci\u00f3 i Servei a la comunitat<\/a>. Josep M. Puig<\/li>\n<li><a href=\"http:\/\/www.edubcn.cat\/rcs_gene\/extra\/00_asc\/documents\/2_2_ApS_al_mon.pdf\" target=\"_blank\" rel=\"noopener noreferrer\">L\u2019Aprenentatge servei al m\u00f3n: una visi\u00f3 comparativa<\/a>. Roser Batlle<\/li>\n<li><a href=\"http:\/\/www.edubcn.cat\/rcs_gene\/extra\/00_asc\/documents\/2_3_Aprendizaje-servicio.pdf\" target=\"_blank\" rel=\"noopener noreferrer\">Aprendizaje y servicio. Cuadernos de pedagogia<\/a>\u00a0n\u00fam. 450<\/li>\n<li><a href=\"http:\/\/www.raco.cat\/index.php\/TempsEducacio\/issue\/view\/18803\/showToc\" target=\"_blank\" rel=\"noopener noreferrer\">Monografia Aprenentatge i Servei. Temps d\u2019educaci\u00f3<\/a> n\u00fam. 41<\/li>\n<li><a href=\"http:\/\/www.edubcn.cat\/rcs_gene\/extra\/00_asc\/documents\/2_4_ApS_i_competencias_basicas.pdf\" target=\"_blank\" rel=\"noopener noreferrer\">Aprendizaje y Servicio solidario y desarrollo de las competencias basicas<\/a> . Gu\u00edas Zerbicas 2<\/li>\n<li><a href=\"http:\/\/www.edubcn.cat\/rcs_gene\/extra\/00_asc\/documents\/2_5_ApS_y_proyecto_integrado.pdf\" target=\"_blank\" rel=\"noopener noreferrer\">Aprendizaje y Servicio solidario: un proyecto integrado de aprendizaje<\/a>. Gu\u00edas Zerbicas 5<\/li>\n<\/ul>\n<p><strong><span style=\"color: #a41159;\">Bibliografia<\/span><\/strong><\/p>\n<ul>\n<li><a href=\"http:\/\/www.grao.com\/llibres\/11-ideas-clave-como-realizar-un-proyecto-de-aprendizaje-servicio\" target=\"_blank\" rel=\"noopener noreferrer\">11 ideas clave \u00bfC\u00f3mo realizar un proyecto de aprendizaje servicio?<\/a>\u00a0(Josep M. Puig i alt. Editorial Gra\u00f3)<\/li>\n<li><a href=\"http:\/\/www.aprenentatgeservei.org\/intra\/aps\/documents\/Llibre%20Educar%20per%20la%20ciutadania.pdf\" target=\"_blank\" rel=\"noopener noreferrer\">Aprenentatge Servei. Educar per a la ciutadania<\/a> (Josep M. Puig, Roser Batlle, Carme Bosch i Josep Palos. Editorial OCTAEDRO).<\/li>\n<li><a href=\"https:\/\/drive.google.com\/open?id=0B2MShjToyAqKQW0tLVZ6bklyZVU&amp;authuser=0\" target=\"_blank\" rel=\"noopener noreferrer\">La pr\u00e0ctica solid\u00e0ria com a pedagogia de la ciutadania activa<\/a>\u00a0Debats d\u2019Educaci\u00f3\/6. (Mar\u00eda Nieves Tapia. Ed. Fundaci\u00f3 Bofill).<\/li>\n<li><a href=\"http:\/\/www.aprenentatgeservei.org\/intra\/aps\/documents\/LLibre%20Experiencies%20APS.pdf\" target=\"_blank\" rel=\"noopener noreferrer\">Experi\u00e8ncies d\u2019Aprenentatge Servei<\/a> (Coord. Xus Marin i Laura Rubio. Editorial OCTAEDRO)<\/li>\n<\/ul>\n<p>&nbsp;<\/p>\n<p>&nbsp;<\/p>\n<p>&nbsp;<\/p>\n<p>&nbsp;<\/p>\n<p>&nbsp;<\/p>\n<p>&nbsp;<\/p>\n","protected":false},"excerpt":{"rendered":"<p>Documents de gesti\u00f3 (Actualitzats a 7 d&#8217;octubre de 2019 d&#8217;acord amb la nova llei de protecci\u00f3 de dades i el nomenament del nou director general d&#8217;Atenci\u00f3 a la Fam\u00edlia i Comunitat Educativa) Model d&#8217;Autoritzaci\u00f3 de les fam\u00edlies per a la prestaci\u00f3 del Servei comunitari Model d&#8217;Autoritzaci\u00f3 de les fam\u00edlies per a la prestaci\u00f3 del Servei [&hellip;]<\/p>\n","protected":false},"author":1,"featured_media":0,"parent":7436,"menu_order":1,"comment_status":"closed","ping_status":"closed","template":"page-templates\/side-menu.php","meta":{"_bbp_topic_count":0,"_bbp_reply_count":0,"_bbp_total_topic_count":0,"_bbp_total_reply_count":0,"_bbp_voice_count":0,"_bbp_anonymous_reply_count":0,"_bbp_topic_count_hidden":0,"_bbp_reply_count_hidden":0,"_bbp_forum_subforum_count":0,"site-sidebar-layout":"default","site-content-layout":"","ast-site-content-layout":"","site-content-style":"default","site-sidebar-style":"default","ast-global-header-display":"","ast-banner-title-visibility":"","ast-main-header-display":"","ast-hfb-above-header-display":"","ast-hfb-below-header-display":"","ast-hfb-mobile-header-display":"","site-post-title":"","ast-breadcrumbs-content":"","ast-featured-img":"","footer-sml-layout":"","theme-transparent-header-meta":"","adv-header-id-meta":"","stick-header-meta":"","header-above-stick-meta":"","header-main-stick-meta":"","header-below-stick-meta":"","astra-migrate-meta-layouts":"default","ast-page-background-enabled":"default","ast-page-background-meta":{"desktop":{"background-color":"var(--ast-global-color-4)","background-image":"","background-repeat":"repeat","background-position":"center center","background-size":"auto","background-attachment":"scroll","background-type":"","background-media":"","overlay-type":"","overlay-color":"","overlay-opacity":"","overlay-gradient":""},"tablet":{"background-color":"","background-image":"","background-repeat":"repeat","background-position":"center center","background-size":"auto","background-attachment":"scroll","background-type":"","background-media":"","overlay-type":"","overlay-color":"","overlay-opacity":"","overlay-gradient":""},"mobile":{"background-color":"","background-image":"","background-repeat":"repeat","background-position":"center center","background-size":"auto","background-attachment":"scroll","background-type":"","background-media":"","overlay-type":"","overlay-color":"","overlay-opacity":"","overlay-gradient":""}},"ast-content-background-meta":{"desktop":{"background-color":"var(--ast-global-color-5)","background-image":"","background-repeat":"repeat","background-position":"center center","background-size":"auto","background-attachment":"scroll","background-type":"","background-media":"","overlay-type":"","overlay-color":"","overlay-opacity":"","overlay-gradient":""},"tablet":{"background-color":"var(--ast-global-color-5)","background-image":"","background-repeat":"repeat","background-position":"center center","background-size":"auto","background-attachment":"scroll","background-type":"","background-media":"","overlay-type":"","overlay-color":"","overlay-opacity":"","overlay-gradient":""},"mobile":{"background-color":"var(--ast-global-color-5)","background-image":"","background-repeat":"repeat","background-position":"center center","background-size":"auto","background-attachment":"scroll","background-type":"","background-media":"","overlay-type":"","overlay-color":"","overlay-opacity":"","overlay-gradient":""}},"footnotes":""},"class_list":["post-7449","page","type-page","status-publish","hentry"],"post_mailing_queue_ids":[],"_links":{"self":[{"href":"https:\/\/serveiseducatius.xtec.cat\/baixcamp\/wp-json\/wp\/v2\/pages\/7449","targetHints":{"allow":["GET"]}}],"collection":[{"href":"https:\/\/serveiseducatius.xtec.cat\/baixcamp\/wp-json\/wp\/v2\/pages"}],"about":[{"href":"https:\/\/serveiseducatius.xtec.cat\/baixcamp\/wp-json\/wp\/v2\/types\/page"}],"author":[{"embeddable":true,"href":"https:\/\/serveiseducatius.xtec.cat\/baixcamp\/wp-json\/wp\/v2\/users\/1"}],"replies":[{"embeddable":true,"href":"https:\/\/serveiseducatius.xtec.cat\/baixcamp\/wp-json\/wp\/v2\/comments?post=7449"}],"version-history":[{"count":4,"href":"https:\/\/serveiseducatius.xtec.cat\/baixcamp\/wp-json\/wp\/v2\/pages\/7449\/revisions"}],"predecessor-version":[{"id":14090,"href":"https:\/\/serveiseducatius.xtec.cat\/baixcamp\/wp-json\/wp\/v2\/pages\/7449\/revisions\/14090"}],"up":[{"embeddable":true,"href":"https:\/\/serveiseducatius.xtec.cat\/baixcamp\/wp-json\/wp\/v2\/pages\/7436"}],"wp:attachment":[{"href":"https:\/\/serveiseducatius.xtec.cat\/baixcamp\/wp-json\/wp\/v2\/media?parent=7449"}],"curies":[{"name":"wp","href":"https:\/\/api.w.org\/{rel}","templated":true}]}}