{"id":7436,"date":"2018-01-15T15:57:51","date_gmt":"2018-01-15T14:57:51","guid":{"rendered":"http:\/\/serveiseducatius.xtec.cat\/baixcamp\/?page_id=7436"},"modified":"2024-06-12T11:03:49","modified_gmt":"2024-06-12T09:03:49","slug":"servei-comunitari","status":"publish","type":"page","link":"https:\/\/serveiseducatius.xtec.cat\/baixcamp\/projectes\/servei-comunitari\/","title":{"rendered":"Servei Comunitari"},"content":{"rendered":"<p style=\"text-align: justify;\"><img loading=\"lazy\" decoding=\"async\" class=\"alignleft wp-image-7523 size-full\" src=\"http:\/\/serveiseducatius.xtec.cat\/baixcamp\/wp-content\/uploads\/usu950\/2018\/01\/BOT\u00d3-PE.png\" alt=\"\" width=\"154\" height=\"74\" \/>El servei comunitari respon a la idea que l\u2019educaci\u00f3 \u00e9s una eina de millora social,\u00a0orientada a formar \u00e9ssers complerts, amb una dimensi\u00f3 tant intel\u00b7lectual com humana i\u00a0moral. Cal pensar en ciutadans qualificats per\u00f2 tamb\u00e9 amb ciutadans reflexius,\u00a0capa\u00e7os d\u2019analitzar l\u2019entorn en qu\u00e8 viuen i de comprometre\u2019s en la seva millora. En aquest marc, i d\u2019acord amb l\u2019article 79.1 e) de la Llei d\u2019educaci\u00f3, el Departament d\u2019Ensenyament posa en marxa el Servei comunitari per a l\u2019alumnat de 3r i 4t d\u2019ESO, amb la finalitat de garantir que els estudiants, al llarg de la seva traject\u00f2ria escolar, experimentin i protagonitzin accions de comprom\u00eds c\u00edvic, aprenguin en l\u2019exercici actiu de la ciutadania, i posin en joc els seus coneixements i capacitats al servei de la comunitat.<\/p>\n<p style=\"text-align: justify;\"><span style=\"color: #a41159;\"><strong>Objectius<\/strong><\/span><\/p>\n<ul>\n<li style=\"text-align: justify;\">Desenvolupar la compet\u00e8ncia social i ciutadana, afavorint una actitud cr\u00edtica i compromesa davant la societat, per tal d\u2019esdevenir membres actius en una societat catalana democr\u00e0tica i participativa.<\/li>\n<li style=\"text-align: justify;\">Desenvolupar habilitats relacionades amb el disseny i realitzaci\u00f3 de projectes i amb el treball d\u2019equip.<\/li>\n<li style=\"text-align: justify;\">Donar a con\u00e8ixer a l\u2019alumnat i les seves fam\u00edlies la xarxa associativa i les entitats de l\u2019entorn, per tal de promoure la participaci\u00f3 dels joves.<\/li>\n<li style=\"text-align: justify;\">Promoure el treball en xarxa entre els diferents agents educatius de l\u2019entorn.<\/li>\n<li style=\"text-align: justify;\">Donar una resposta educativa a les necessitats emergents de l\u2019entorn escolar.<\/li>\n<li style=\"text-align: justify;\">Augmentar la participaci\u00f3 en el teixit associatiu i les entitats de caire social per fomentar el comprom\u00eds amb la construcci\u00f3 d\u2019una societat m\u00e9s justa, cohesionada i arrelada al territori.<\/li>\n<\/ul>\n<p><span style=\"color: #a41159;\"><strong>Documents<\/strong><\/span><\/p>\n<p><span style=\"font-size: medium;\">En <a href=\"http:\/\/serveiseducatius.xtec.cat\/baixcamp\/servei-comunitari\/documentacio\/\">aquest espai<\/a> trobareu els documents relatius al projecte de Servei Comunitari, des dels documents marc a models i convenis. Tamb\u00e9 hi trobareu documents de suport, com presentacions del Servei Comunitari i del Servei Comunitari al m\u00f3n, que es poden utilitzar per a la tasca de sensibilitzaci\u00f3 del Servei Comunitari.<\/span><\/p>\n<p><span style=\"color: #a41159;\"><strong>Webs de consulta<\/strong><\/span><\/p>\n<ul>\n<li><a href=\"https:\/\/xtec.gencat.cat\/ca\/comunitat\/serveicomunitari\/\" target=\"_blank\" rel=\"nofollow noopener noreferrer\">Web de refer\u00e8ncia del Departament d\u2019Educaci\u00f3<\/a><\/li>\n<li><a href=\"https:\/\/projectes.xtec.cat\/pee\/categoria\/servei-comunitari\/\" target=\"_blank\" rel=\"noopener\">Web del Servei Comunitari dins del marc dels PEE<\/a><\/li>\n<li><a href=\"https:\/\/espai.educacio.gencat.cat\/Centres\/Projectes-educatius\/Servei-comunitari\/Pagines\/default.aspx\" target=\"_blank\" rel=\"noopener\">Entrada al portal de centre on hi ha tota la part de documentaci\u00f3<\/a><\/li>\n<li><a href=\"https:\/\/projectes.xtec.cat\/pee\/categoria\/cursos\/\" target=\"_blank\" rel=\"noopener\">Formacions de Servei Comunitari<\/a><\/li>\n<li><a href=\"http:\/\/xtec.gencat.cat\/ca\/comunitat\/serveicomunitari\/normativa\/\" target=\"_blank\" rel=\"nofollow noopener noreferrer\">Normativa (decrets)<\/a><\/li>\n<li><a href=\"https:\/\/portaldogc.gencat.cat\/utilsEADOP\/PDF\/8762\/1928585.pdf#page=14\" target=\"_blank\" rel=\"noopener\">Servei Comunitari en el nou curr\u00edculum<\/a>\u00a0(aplicable a 3r ESO)<\/li>\n<li><a href=\"https:\/\/xtec.gencat.cat\/ca\/comunitat\/serveicomunitari\/pmf\" target=\"_blank\" rel=\"nofollow noopener noreferrer\">Preguntes m\u00e9s freq\u00fcents<\/a><\/li>\n<\/ul>\n<p><span style=\"color: #a41159;\"><strong>Tramitaci\u00f3 de convenis<\/strong><\/span><\/p>\n<p><strong class=\"ms-rteStyle-Accent1\">1.\u00a0Utilitzar\u00a0la plantilla i protegir les\u00a0dade\u200bs personals<\/strong><span class=\"ms-rteStyle-Accent1\">\u200b\u200b<\/span><\/p>\n<p>Cal utilitzar el<strong>\u00a0<\/strong><strong><a href=\"https:\/\/documents.espai.educacio.gencat.cat\/FormularisModels\/Contractacio\/CNV16.docx\">model de conveni\u00a0<\/a>\u200b<\/strong>normalitzat pel Departament, en Word, i \u200bemplenar-ne els camps indicats. Tamb\u00e9 trobareu el <strong>model de conveni<\/strong> i les indicacions per gestionar-lo al <span class=\" aw5Odc\"><a class=\"XqQF9c\" href=\"https:\/\/www.google.com\/url?q=https%3A%2F%2Fespai.educacio.gencat.cat%2FCentres%2FProjectes-educatius%2FServei-comunitari%2FPagines%2Fdefault.aspx&amp;sa=D&amp;sntz=1&amp;usg=AOvVaw12XGhBmjKcPmNNACJ59Pst\" target=\"_blank\" rel=\"noopener\"><strong>portal de centres<\/strong><\/a><\/span>.\u00a0Com a norma general, en els convenis i enc\u00e0rrecs<strong>\u00a0nom\u00e9s han de ser visibles les dades personals de les parts signants\u00a0<\/strong>(nom, cognoms, c\u00e0rrec o representaci\u00f3 i entitat\/empresa i NIF o CIF d\u2019aquesta).\u00a0Per tant, a fi de protegir-les, cal\u00a0<strong>evitar les dades personals o les\u00a0que poden identificar una persona que no \u00e9s part signant d&#8217;un conveni o enc\u00e0rrec<\/strong>, com ara:<\/p>\n<ul>\n<li>Nom i cognoms<\/li>\n<li>DNI, NIF, passaport i c\u00e8dula d\u2019identificaci\u00f3 (NIE, etc.)<\/li>\n<li>Tel\u00e8fon fix, m\u00f2bil i\u00a0correu electr\u00f2nic\u00a0\u200bprivats<\/li>\n<li>Signatura\u00a0electr\u00f2nica (at\u00e8s que no totes les targetes electr\u00f2niques de signatura tenen la mateixa configuraci\u00f3, cal analitzar cas per cas\u00a0quines dades s&#8217;han de\u00a0protegir; en tot cas, sempre cal protegir el DNI\/NIF)<\/li>\n<\/ul>\n<p><span class=\"ms-rteStyle-Accent1\"><strong>2. Convertir el document en PDF i signar-lo electr\u00f2nicament<\/strong><br \/>\n<\/span><\/p>\n<p>Un cop\u00a0emplenat el model, cal passar el document a format PDF i\u00a0<strong>ambdues parts han de signar-lo\u00a0amb\u00a0signatura electr\u00f2nica<\/strong>.<\/p>\n<div>\n<p>La Llei 39\/2015\u00a0obliga totes les entitats a relacionar-se amb les administracions p\u00fabliques per mitjans electr\u00f2nics. Per tant,\u00a0<strong>no s&#8217;accepten documents\u00a0que no estiguin signats electr\u00f2nicament<\/strong>.\u00a0Per tant, e\u200bls documents que no estiguin signats amb certificat digital es retornaran\u200b.<\/p>\n<p>Consulteu l&#8217;apartat\u00a0<a title=\"Ves aAdministraci\u00f3 electr\u00f2nica\" href=\"https:\/\/espai.educacio.gencat.cat\/Serveis\/Administradors-lloc\/Llocs_despublicats\/Administracio-electronica\/Signatura-electronica\/Pagines\/Com-signar-electronicament.aspx\">Com signar electr\u00f2nicament\u200b<\/a>.\u200b\u200b\u200b\u200b\u200b<\/p>\n<p><strong class=\"ms-rteStyle-Accent1\">3. Enviar\u00a0el conveni signat<\/strong><\/p>\n<p>Cal enviar el conveni signat per ambdues parts:<\/p>\n<ul>\n<li>\u200ba l\u2019entitat<\/li>\n<li>a la Subdirecci\u00f3 General de Suport i\u200b Atenci\u00f3 a la Comunitat Educativa (<a href=\"https:\/\/espai.educacio.gencat.cat\/Centres\/Projectes-educatius\/Servei-comunitari\/Pagines\/espais.comunitat@xtec.cat\" target=\"_blank\" rel=\"noopener\">espais.comunitat@xtec.cat<\/a>), amb\u00a0c\u00f2pia al referent territorial de Servei C\u200bomunitari i al referent dels serveis educatius corresponents.\u200b<\/li>\n<\/ul>\n<p><strong style=\"font-family: inherit; font-size: 1em;\">4. Modificar el conveni<\/strong><\/p>\n<div>\n<p>Finalment, si es considera necessari plantejar alguna modificaci\u00f3 al text del conveni, aquesta ha d&#8217;estar fonamentada i cal fer-la arribar per escrit a la Subdirecci\u00f3 General de Suport i Atenci\u00f3 a la Comunitat Educativa, que s&#8217;encarregar\u00e0 de fer la consulta a l&#8217;Assessoria Jur\u00eddica del Departament d&#8217;Educaci\u00f3, unitat que determinar\u00e0 si aquesta modificaci\u00f3 s&#8217;ha d&#8217;incloure al conveni.\u200b<\/p>\n<\/div>\n<\/div>\n<p>&nbsp;<\/p>\n<p>Si una entitat ja t\u00e9 el conveni signat amb el Departament, els centre educatius p\u00fablics ja poden establir el <a href=\"http:\/\/serveiseducatius.xtec.cat\/baixcamp\/servei-comunitari\/documentacio\/\">document de comprom\u00eds<\/a> amb la secci\u00f3 d\u2019aquesta entitat de la seva localitat. Per als centres p\u00fablics de titularitat del Departament d\u2019Ensenyament <strong>no<\/strong> cal signar Convenis de col\u00b7laboraci\u00f3 ens els casos seg\u00fcents:<\/p>\n<ul>\n<li>Departament d\u2019Afers socials i Fam\u00edlia<\/li>\n<li>Fundaci\u00f3 Pere Tarr\u00e9s<\/li>\n<li>\u00d2mnium Cultural<\/li>\n<li>Banc de Sang i Teixits<\/li>\n<li>Associaci\u00f3 H\u00e0bitats<\/li>\n<li>Federaci\u00f3 Esportiva Catalana de paral\u00edtics cerebrals<\/li>\n<li>Entitats dependents d\u2019Ajuntaments amb un Pla Educatiu d\u2019Entorn vigent<\/li>\n<li>Creu Roja<\/li>\n<li>SETEM<\/li>\n<li>Escoles d\u2019Ensenyament Primari de titularitat p\u00fablica (del Departament d\u2019Ensenyament)<\/li>\n<\/ul>\n<p><strong><img loading=\"lazy\" decoding=\"async\" class=\"alignnone  wp-image-15037\" src=\"https:\/\/serveiseducatius.xtec.cat\/baixcamp\/wp-content\/uploads\/usu950\/2024\/06\/excel.png\" alt=\"\" width=\"32\" height=\"32\" srcset=\"https:\/\/serveiseducatius.xtec.cat\/baixcamp\/wp-content\/uploads\/usu950\/2024\/06\/excel.png 512w, https:\/\/serveiseducatius.xtec.cat\/baixcamp\/wp-content\/uploads\/usu950\/2024\/06\/excel-300x300.png 300w, https:\/\/serveiseducatius.xtec.cat\/baixcamp\/wp-content\/uploads\/usu950\/2024\/06\/excel-150x150.png 150w\" sizes=\"auto, (max-width: 32px) 100vw, 32px\" \/>\u00a0\u00a0<a href=\"https:\/\/docs.google.com\/spreadsheets\/d\/1Zjhq8k-OPM6QlNNIaRF3-Olhn5-16e2_Yt0vB1BTlto\/edit#gid=1295304118\" target=\"_blank\" rel=\"noopener\">Excel actualitzat dels Convenis Vigents signats per Serveis Centrals.<\/a><\/strong><\/p>\n<p>Els <strong>centres concertats<\/strong> han de signar ells directament els convenis de col\u00b7laboraci\u00f3 amb les entitats corresponents.<\/p>\n<p>&nbsp;<\/p>\n","protected":false},"excerpt":{"rendered":"<p>El servei comunitari respon a la idea que l\u2019educaci\u00f3 \u00e9s una eina de millora social,\u00a0orientada a formar \u00e9ssers complerts, amb una dimensi\u00f3 tant intel\u00b7lectual com humana i\u00a0moral. Cal pensar en ciutadans qualificats per\u00f2 tamb\u00e9 amb ciutadans reflexius,\u00a0capa\u00e7os d\u2019analitzar l\u2019entorn en qu\u00e8 viuen i de comprometre\u2019s en la seva millora. En aquest marc, i d\u2019acord amb [&hellip;]<\/p>\n","protected":false},"author":1,"featured_media":0,"parent":13463,"menu_order":0,"comment_status":"closed","ping_status":"closed","template":"page-templates\/side-menu.php","meta":{"_bbp_topic_count":0,"_bbp_reply_count":0,"_bbp_total_topic_count":0,"_bbp_total_reply_count":0,"_bbp_voice_count":0,"_bbp_anonymous_reply_count":0,"_bbp_topic_count_hidden":0,"_bbp_reply_count_hidden":0,"_bbp_forum_subforum_count":0,"site-sidebar-layout":"default","site-content-layout":"","ast-site-content-layout":"","site-content-style":"default","site-sidebar-style":"default","ast-global-header-display":"","ast-banner-title-visibility":"","ast-main-header-display":"","ast-hfb-above-header-display":"","ast-hfb-below-header-display":"","ast-hfb-mobile-header-display":"","site-post-title":"","ast-breadcrumbs-content":"","ast-featured-img":"","footer-sml-layout":"","theme-transparent-header-meta":"","adv-header-id-meta":"","stick-header-meta":"","header-above-stick-meta":"","header-main-stick-meta":"","header-below-stick-meta":"","astra-migrate-meta-layouts":"default","ast-page-background-enabled":"default","ast-page-background-meta":{"desktop":{"background-color":"var(--ast-global-color-4)","background-image":"","background-repeat":"repeat","background-position":"center center","background-size":"auto","background-attachment":"scroll","background-type":"","background-media":"","overlay-type":"","overlay-color":"","overlay-opacity":"","overlay-gradient":""},"tablet":{"background-color":"","background-image":"","background-repeat":"repeat","background-position":"center center","background-size":"auto","background-attachment":"scroll","background-type":"","background-media":"","overlay-type":"","overlay-color":"","overlay-opacity":"","overlay-gradient":""},"mobile":{"background-color":"","background-image":"","background-repeat":"repeat","background-position":"center center","background-size":"auto","background-attachment":"scroll","background-type":"","background-media":"","overlay-type":"","overlay-color":"","overlay-opacity":"","overlay-gradient":""}},"ast-content-background-meta":{"desktop":{"background-color":"var(--ast-global-color-5)","background-image":"","background-repeat":"repeat","background-position":"center center","background-size":"auto","background-attachment":"scroll","background-type":"","background-media":"","overlay-type":"","overlay-color":"","overlay-opacity":"","overlay-gradient":""},"tablet":{"background-color":"var(--ast-global-color-5)","background-image":"","background-repeat":"repeat","background-position":"center center","background-size":"auto","background-attachment":"scroll","background-type":"","background-media":"","overlay-type":"","overlay-color":"","overlay-opacity":"","overlay-gradient":""},"mobile":{"background-color":"var(--ast-global-color-5)","background-image":"","background-repeat":"repeat","background-position":"center center","background-size":"auto","background-attachment":"scroll","background-type":"","background-media":"","overlay-type":"","overlay-color":"","overlay-opacity":"","overlay-gradient":""}},"footnotes":""},"class_list":["post-7436","page","type-page","status-publish","hentry"],"post_mailing_queue_ids":[],"_links":{"self":[{"href":"https:\/\/serveiseducatius.xtec.cat\/baixcamp\/wp-json\/wp\/v2\/pages\/7436","targetHints":{"allow":["GET"]}}],"collection":[{"href":"https:\/\/serveiseducatius.xtec.cat\/baixcamp\/wp-json\/wp\/v2\/pages"}],"about":[{"href":"https:\/\/serveiseducatius.xtec.cat\/baixcamp\/wp-json\/wp\/v2\/types\/page"}],"author":[{"embeddable":true,"href":"https:\/\/serveiseducatius.xtec.cat\/baixcamp\/wp-json\/wp\/v2\/users\/1"}],"replies":[{"embeddable":true,"href":"https:\/\/serveiseducatius.xtec.cat\/baixcamp\/wp-json\/wp\/v2\/comments?post=7436"}],"version-history":[{"count":6,"href":"https:\/\/serveiseducatius.xtec.cat\/baixcamp\/wp-json\/wp\/v2\/pages\/7436\/revisions"}],"predecessor-version":[{"id":15038,"href":"https:\/\/serveiseducatius.xtec.cat\/baixcamp\/wp-json\/wp\/v2\/pages\/7436\/revisions\/15038"}],"up":[{"embeddable":true,"href":"https:\/\/serveiseducatius.xtec.cat\/baixcamp\/wp-json\/wp\/v2\/pages\/13463"}],"wp:attachment":[{"href":"https:\/\/serveiseducatius.xtec.cat\/baixcamp\/wp-json\/wp\/v2\/media?parent=7436"}],"curies":[{"name":"wp","href":"https:\/\/api.w.org\/{rel}","templated":true}]}}