{"id":7391,"date":"2018-01-08T08:14:40","date_gmt":"2018-01-08T07:14:40","guid":{"rendered":"http:\/\/serveiseducatius.xtec.cat\/baixcamp\/?page_id=7391"},"modified":"2019-05-21T12:33:11","modified_gmt":"2019-05-21T10:33:11","slug":"centres-participants","status":"publish","type":"page","link":"https:\/\/serveiseducatius.xtec.cat\/baixcamp\/dinamitzacions\/relats-digitals\/centres-participants\/","title":{"rendered":"Centres participants"},"content":{"rendered":"<p><img loading=\"lazy\" decoding=\"async\" class=\"alignleft  wp-image-8925\" src=\"https:\/\/serveiseducatius.xtec.cat\/baixcamp\/wp-content\/uploads\/usu950\/2018\/10\/logorelatsdigitals.jpg\" alt=\"\" width=\"306\" height=\"131\" srcset=\"https:\/\/serveiseducatius.xtec.cat\/baixcamp\/wp-content\/uploads\/usu950\/2018\/10\/logorelatsdigitals.jpg 468w, https:\/\/serveiseducatius.xtec.cat\/baixcamp\/wp-content\/uploads\/usu950\/2018\/10\/logorelatsdigitals-300x128.jpg 300w\" sizes=\"auto, (max-width: 306px) 100vw, 306px\" \/>En els darrers anys, s\u2019ha potenciat des del Departament d\u2019Ensenyament la innovaci\u00f3 educativa. En concret es potencien el treball per projectes, el treball per compet\u00e8ncies, les vocacions STEAM, els grups cooperatius i la utilitzaci\u00f3 dels recursos TAC.<\/p>\n<p>Seguint aquestes l\u00ednies pedag\u00f2giques i tenint en compte que des del Departament d\u2019Ensenyament s\u2019ha creat una categoria de relats digitals dins dels Jocs Florals de Catalunya 2019, des del CRP del Baix Camp es proposa la creaci\u00f3 del <em>II Certamen de Relats Digitals<\/em> curts a nivell comarcal que serveixi de plataforma per a la participaci\u00f3 posterior als VI Jocs Florals de Catalunya.<\/p>\n<h6><strong>Centres participants als II Certamen de Relats Digitals &#8211; curs 2018-19<\/strong><\/h6>\n<table style=\"width: 100%;\">\n<tbody>\n<tr style=\"height: 33px;\">\n<td style=\"width: 35.6285%; background-color: #a41159; height: 33px;\"><span style=\"color: #ffffff;\"><strong>Centre<\/strong><\/span><\/td>\n<td style=\"width: 30.3715%; background-color: #a41159; height: 33px;\"><span style=\"color: #ffffff;\"><strong>Nom i curs de la classe<\/strong><\/span><\/td>\n<td style=\"width: 26%; background-color: #a41159; height: 33px;\"><span style=\"color: #ffffff;\"><strong>Categoria<\/strong><\/span><\/td>\n<\/tr>\n<\/tbody>\n<tbody>\n<tr>\n<td style=\"background-color: #a41159;\"><span style=\"color: #ffffff;\"><strong>Centre<\/strong><\/span><\/td>\n<td style=\"background-color: #a41159;\"><span style=\"color: #ffffff;\"><strong>Grup<\/strong><\/span><\/td>\n<td style=\"background-color: #a41159;\"><span style=\"color: #ffffff;\"><strong>Cicle educatiu<\/strong><\/span><\/td>\n<\/tr>\n<tr>\n<td>I-E Pi del Burgar<\/td>\n<td>P3 A Farigola<\/td>\n<td rowspan=\"5\">Educaci\u00f3 infantil<\/p>\n<p>Cicle inicial<\/td>\n<\/tr>\n<tr>\n<td>I-E Pi del Burgar<\/td>\n<td>P3 B Roman\u00ed<\/td>\n<\/tr>\n<tr>\n<td>Escola Marcel\u00b7l\u00ed Esquius<\/td>\n<td>P5<\/td>\n<\/tr>\n<tr>\n<td width=\"80\">Escola Marcel\u00b7l\u00ed Esquius<\/td>\n<td width=\"80\">1r<\/td>\n<\/tr>\n<tr>\n<td width=\"80\">Escola Marcel\u00b7l\u00ed Esquius<\/td>\n<td width=\"80\">2n<\/td>\n<\/tr>\n<tr>\n<td width=\"80\">Escola Teresa Salvat Llaurad\u00f3<\/td>\n<td width=\"80\">CM Orenetes<\/td>\n<td rowspan=\"5\" width=\"80\">Cicle mitj\u00e0<\/td>\n<\/tr>\n<tr>\n<td width=\"80\">Col\u00b7legi Maria Rosa Molas<\/td>\n<td width=\"80\">3r A Artistes<\/td>\n<\/tr>\n<tr>\n<td width=\"80\">Escola de Maspujols<\/td>\n<td width=\"80\">3r Farigoles<\/td>\n<\/tr>\n<tr>\n<td width=\"80\">Escola Marcel\u00b7l\u00ed Esquius<\/td>\n<td width=\"80\">3r<\/td>\n<\/tr>\n<tr>\n<td width=\"80\">Escola Marcel\u00b7l\u00ed Esquius<\/td>\n<td width=\"80\">4t<\/td>\n<\/tr>\n<tr>\n<td width=\"80\">Escola General Prim<\/td>\n<td width=\"80\">5\u00e8 B<\/td>\n<td rowspan=\"8\" width=\"80\">Cicle superior<\/td>\n<\/tr>\n<tr>\n<td width=\"80\">Escola Font de L&#8217;Arc<\/td>\n<td width=\"80\">5\u00e8<\/td>\n<\/tr>\n<tr>\n<td width=\"80\">Escola Font de L&#8217;Arc<\/td>\n<td width=\"80\">6\u00e8<\/td>\n<\/tr>\n<tr>\n<td width=\"80\">Escola General Prim<\/td>\n<td width=\"80\">5\u00e8 A<\/td>\n<\/tr>\n<tr>\n<td width=\"80\">Escola Marcel\u00b7l\u00ed Esquius<\/td>\n<td width=\"80\">6\u00e8<\/td>\n<\/tr>\n<tr>\n<td width=\"80\">Escola Marcel\u00b7l\u00ed Esquius<\/td>\n<td width=\"80\">5\u00e8 A<\/td>\n<\/tr>\n<tr>\n<td width=\"80\">Escola Marcel\u00b7l\u00ed Esquius<\/td>\n<td width=\"80\">5\u00e8 B<\/td>\n<\/tr>\n<tr>\n<td width=\"80\">Escola Marcel\u00b7l\u00ed Esquius<\/td>\n<td width=\"80\">6\u00e8<\/td>\n<\/tr>\n<\/tbody>\n<\/table>\n","protected":false},"excerpt":{"rendered":"<p>En els darrers anys, s\u2019ha potenciat des del Departament d\u2019Ensenyament la innovaci\u00f3 educativa. En concret es potencien el treball per projectes, el treball per compet\u00e8ncies, les vocacions STEAM, els grups cooperatius i la utilitzaci\u00f3 dels recursos TAC. Seguint aquestes l\u00ednies pedag\u00f2giques i tenint en compte que des del Departament d\u2019Ensenyament s\u2019ha creat una categoria de [&hellip;]<\/p>\n","protected":false},"author":1,"featured_media":0,"parent":7357,"menu_order":0,"comment_status":"closed","ping_status":"closed","template":"page-templates\/side-menu.php","meta":{"_bbp_topic_count":0,"_bbp_reply_count":0,"_bbp_total_topic_count":0,"_bbp_total_reply_count":0,"_bbp_voice_count":0,"_bbp_anonymous_reply_count":0,"_bbp_topic_count_hidden":0,"_bbp_reply_count_hidden":0,"_bbp_forum_subforum_count":0,"site-sidebar-layout":"default","site-content-layout":"","ast-site-content-layout":"","site-content-style":"default","site-sidebar-style":"default","ast-global-header-display":"","ast-banner-title-visibility":"","ast-main-header-display":"","ast-hfb-above-header-display":"","ast-hfb-below-header-display":"","ast-hfb-mobile-header-display":"","site-post-title":"","ast-breadcrumbs-content":"","ast-featured-img":"","footer-sml-layout":"","theme-transparent-header-meta":"","adv-header-id-meta":"","stick-header-meta":"","header-above-stick-meta":"","header-main-stick-meta":"","header-below-stick-meta":"","astra-migrate-meta-layouts":"default","ast-page-background-enabled":"default","ast-page-background-meta":{"desktop":{"background-color":"var(--ast-global-color-4)","background-image":"","background-repeat":"repeat","background-position":"center center","background-size":"auto","background-attachment":"scroll","background-type":"","background-media":"","overlay-type":"","overlay-color":"","overlay-opacity":"","overlay-gradient":""},"tablet":{"background-color":"","background-image":"","background-repeat":"repeat","background-position":"center center","background-size":"auto","background-attachment":"scroll","background-type":"","background-media":"","overlay-type":"","overlay-color":"","overlay-opacity":"","overlay-gradient":""},"mobile":{"background-color":"","background-image":"","background-repeat":"repeat","background-position":"center center","background-size":"auto","background-attachment":"scroll","background-type":"","background-media":"","overlay-type":"","overlay-color":"","overlay-opacity":"","overlay-gradient":""}},"ast-content-background-meta":{"desktop":{"background-color":"var(--ast-global-color-5)","background-image":"","background-repeat":"repeat","background-position":"center center","background-size":"auto","background-attachment":"scroll","background-type":"","background-media":"","overlay-type":"","overlay-color":"","overlay-opacity":"","overlay-gradient":""},"tablet":{"background-color":"var(--ast-global-color-5)","background-image":"","background-repeat":"repeat","background-position":"center center","background-size":"auto","background-attachment":"scroll","background-type":"","background-media":"","overlay-type":"","overlay-color":"","overlay-opacity":"","overlay-gradient":""},"mobile":{"background-color":"var(--ast-global-color-5)","background-image":"","background-repeat":"repeat","background-position":"center center","background-size":"auto","background-attachment":"scroll","background-type":"","background-media":"","overlay-type":"","overlay-color":"","overlay-opacity":"","overlay-gradient":""}},"footnotes":""},"class_list":["post-7391","page","type-page","status-publish","hentry"],"post_mailing_queue_ids":[],"_links":{"self":[{"href":"https:\/\/serveiseducatius.xtec.cat\/baixcamp\/wp-json\/wp\/v2\/pages\/7391","targetHints":{"allow":["GET"]}}],"collection":[{"href":"https:\/\/serveiseducatius.xtec.cat\/baixcamp\/wp-json\/wp\/v2\/pages"}],"about":[{"href":"https:\/\/serveiseducatius.xtec.cat\/baixcamp\/wp-json\/wp\/v2\/types\/page"}],"author":[{"embeddable":true,"href":"https:\/\/serveiseducatius.xtec.cat\/baixcamp\/wp-json\/wp\/v2\/users\/1"}],"replies":[{"embeddable":true,"href":"https:\/\/serveiseducatius.xtec.cat\/baixcamp\/wp-json\/wp\/v2\/comments?post=7391"}],"version-history":[{"count":4,"href":"https:\/\/serveiseducatius.xtec.cat\/baixcamp\/wp-json\/wp\/v2\/pages\/7391\/revisions"}],"predecessor-version":[{"id":10240,"href":"https:\/\/serveiseducatius.xtec.cat\/baixcamp\/wp-json\/wp\/v2\/pages\/7391\/revisions\/10240"}],"up":[{"embeddable":true,"href":"https:\/\/serveiseducatius.xtec.cat\/baixcamp\/wp-json\/wp\/v2\/pages\/7357"}],"wp:attachment":[{"href":"https:\/\/serveiseducatius.xtec.cat\/baixcamp\/wp-json\/wp\/v2\/media?parent=7391"}],"curies":[{"name":"wp","href":"https:\/\/api.w.org\/{rel}","templated":true}]}}