{"id":7357,"date":"2017-12-20T17:53:35","date_gmt":"2017-12-20T16:53:35","guid":{"rendered":"http:\/\/serveiseducatius.xtec.cat\/baixcamp\/?page_id=7357"},"modified":"2021-12-21T12:22:16","modified_gmt":"2021-12-21T11:22:16","slug":"relats-digitals","status":"publish","type":"page","link":"https:\/\/serveiseducatius.xtec.cat\/baixcamp\/dinamitzacions\/relats-digitals\/","title":{"rendered":"Relats digitals"},"content":{"rendered":"<p style=\"text-align: justify;\"><img loading=\"lazy\" decoding=\"async\" class=\"alignleft wp-image-8925\" src=\"https:\/\/serveiseducatius.xtec.cat\/baixcamp\/wp-content\/uploads\/usu950\/2018\/10\/logorelatsdigitals.jpg\" alt=\"\" width=\"374\" height=\"160\" srcset=\"https:\/\/serveiseducatius.xtec.cat\/baixcamp\/wp-content\/uploads\/usu950\/2018\/10\/logorelatsdigitals.jpg 468w, https:\/\/serveiseducatius.xtec.cat\/baixcamp\/wp-content\/uploads\/usu950\/2018\/10\/logorelatsdigitals-300x128.jpg 300w\" sizes=\"auto, (max-width: 374px) 100vw, 374px\" \/>En els darrers anys, s\u2019ha potenciat des del Departament d\u2019Ensenyament la innovaci\u00f3 educativa. En concret es potencien el treball per projectes, el treball per compet\u00e8ncies, les vocacions STEAM, els grups cooperatius i la utilitzaci\u00f3 dels recursos TAC.<\/p>\n<p style=\"text-align: justify;\">Seguint aquestes l\u00ednies pedag\u00f2giques i tenint en compte que des del Departament d\u2019Ensenyament s\u2019ha creat una categoria de <em>relats digitals<\/em> dins dels Jocs Florals de Catalunya 2019, des del CRP del Baix Camp es proposa la creaci\u00f3 d\u2019un concurs de relats digitals curts a nivell comarcal que serveixi de plataforma per a la participaci\u00f3 posterior als V Jocs Florals de Catalunya.<\/p>\n<h6><\/h6>\n<h6 style=\"text-align: justify;\"><strong>Objectiu<\/strong><\/h6>\n<p style=\"text-align: justify;\">Creacions de petits relats digitals creats per alumnes d\u2019Educaci\u00f3 Infantil i Prim\u00e0ria del Baix Camp. El relat s\u2019ha de crear per TOT el grup classe, en forma de treball per projectes i treball cooperatiu. Cal que tots els alumnes del grup classe participin en la creaci\u00f3 del relat segons les seves fortaleses personals.<br \/>\nEl producte final ser\u00e0 un relat curt en forma de v\u00eddeo d\u2019una durada entre 90\u201d i 180\u201d.<br \/>\nLa tem\u00e0tica del v\u00eddeo vindr\u00e0 determinada per la lectura que proporcionar\u00e0 Barcanova.<\/p>\n<h6><strong>Tres categories<\/strong><\/h6>\n<p>EI (educaci\u00f3 infantil) &#8211; CI (cicle inicial)<br \/>\nCM (cicle mitj\u00e0)<br \/>\nCS (cicle superior)<\/p>\n<p style=\"text-align: justify;\">Cada centre educatiu pot participar en una o v\u00e0ries categories. Es participa a nivell de grup-classe. Cada grup-classe nom\u00e9s pot participar amb un relat digital.<\/p>\n<p>L\u2019organitzaci\u00f3 es reserva el dret de reajustar les categories en funci\u00f3 de la participaci\u00f3.<\/p>\n<h6><strong>Fases &#8211; Treball a classe<\/strong><\/h6>\n<p>S\u2019estableixen unes fases de treball:<\/p>\n<ol>\n<li>Barcanova proporcionar\u00e0 una lectura per a cada categoria. Les lectures seran en format llibre de paper i es proporcionaran 5 exemplars per a cada grup classe participant.<\/li>\n<li>Es treballar\u00e0 la lectura del llibre a classe. Es faran activitats e comprensi\u00f3 lectora amb els alumnes.<\/li>\n<li>Els alumnes, a partir del llibre llegit, faran una pluja d\u2019idees sobre la tem\u00e0tica del v\u00eddeo i el contingut del relat.<\/li>\n<li>S\u2019escollir\u00e0 entre els alumnes i professor una idea per al relat digital.<\/li>\n<li>El professor, com a \u201cproject manager\u201d, repartir\u00e0 les tasques a realitzar entre els seus alumnes. Aquestes tasques s\u00f3n: creaci\u00f3 de l\u2019story board, dibuix dels decorats, caracteritzaci\u00f3 dels personatges, creaci\u00f3 o recerca de la m\u00fasica, edici\u00f3 i preparaci\u00f3 dels di\u00e0legs, dicci\u00f3 dels di\u00e0legs i edici\u00f3 final del v\u00eddeo.<\/li>\n<li><strong>NOVETAT<\/strong>: Finalment, els relats digitals s\u2019enviaran al CRP del Baix Camp que els trametr\u00e0 al jurat d&#8217;experts.<\/li>\n<\/ol>\n<h6><strong>Fases del Projecte &#8211; Formaci\u00f3 del Professorat<\/strong><\/h6>\n<p style=\"text-align: justify;\">Es realitzar\u00e0 una sessi\u00f3 de formaci\u00f3 per al professorat interessat en participar al 2n concurs de Relats digitals.<br \/>\nSi esteu interessats en fer-la cal contestar el formulari d&#8217;inscripci\u00f3 que hi ha al calendari. Teniu del 26 d&#8217;octubre al 12 de novembre de 2018.<\/p>\n<h6><strong>Calendari i inscripcions<br \/>\n<\/strong><\/h6>\n<table style=\"height: 278px;\">\n<tbody>\n<tr style=\"height: 33px;\">\n<td style=\"background-color: #a41159; height: 33px;\"><strong><span style=\"color: #ffffff;\">Data<\/span><\/strong><\/td>\n<td style=\"background-color: #a41159; height: 33px;\"><strong><span style=\"color: #ffffff;\">Desenvolupament<\/span><\/strong><\/td>\n<\/tr>\n<tr style=\"height: 47px;\">\n<td style=\"height: 47px;\">Del 26 d&#8217;octubre al 12 de novembre de 2018<\/td>\n<td style=\"height: 47px; background-color: #3b3636;\">\n<h6><strong><a href=\"https:\/\/goo.gl\/forms\/Iz4plmwA29cNg4pW2\"><span style=\"color: #ffffff;\">Inscripcions al concurs<\/span><\/a><\/strong><\/h6>\n<\/td>\n<\/tr>\n<tr style=\"height: 33px;\">\n<td style=\"height: 33px;\">Pendent de confirmar<\/td>\n<td style=\"height: 33px;\">Arribada dels llibres de Barcanova a les escoles participants<\/td>\n<\/tr>\n<tr style=\"height: 33px;\">\n<td style=\"height: 33px;\">15 de novembre, al es 17:30h<\/td>\n<td style=\"height: 33px;\">Sessi\u00f3 de formaci\u00f3 per a mestres participants<\/td>\n<\/tr>\n<tr style=\"height: 33px;\">\n<td style=\"height: 33px;\">10 d&#8217;abril de 2019<\/td>\n<td style=\"height: 33px;\">Data l\u00edmit per a l\u2019entrega dels relats digitals<\/td>\n<\/tr>\n<tr style=\"height: 33px;\">\n<td style=\"height: 33px;\">Del 23 al 30 d&#8217;abril de 2019<\/td>\n<td style=\"height: 33px;\">Votacions dels centres educatius participants<\/td>\n<\/tr>\n<tr style=\"height: 33px;\">\n<td style=\"height: 33px;\">Del 6 al 10 de maig de 2019<\/td>\n<td style=\"height: 33px;\">Votacions del jurat<\/td>\n<\/tr>\n<tr style=\"height: 33px;\">\n<td style=\"height: 33px;\">17 de maig de 2019<\/td>\n<td style=\"height: 33px;\">Entrega de premis dins del marc de la Mostra de Lectura en Veu Alta<\/td>\n<\/tr>\n<\/tbody>\n<\/table>\n<h6 style=\"text-align: justify;\"><strong>Observacions<\/strong><\/h6>\n<p style=\"text-align: justify;\">El producte a crear \u00e9s un relat digital curt de 90\u201d \u2013 180\u201d gravat en format v\u00eddeo digital, creat amb el sistema \u201cstop-motion\u201d (fotograma a fotograma, simulant moviment) o amb el sistema de gravaci\u00f3 directa, utilitzant com a actors i decorats dibuixos, l\u00e0mines, ninos, clicks, figuretes, fulles, verdures, etc&#8230;<\/p>\n<p>El procediment de creaci\u00f3 \u00e9s el seg\u00fcent:<\/p>\n<ol>\n<li>Es llegeix el llibre de contes proporcionat per Barcanova a classe i es treballa amb els alumnes.<\/li>\n<li>Es pensa la hist\u00f2ria amb el grup classe a partir de les aportacions dels alumnes i s\u2019escriu el conte.<\/li>\n<li>Es dibuixa l\u2019storyboard i es seq\u00fcencien les escenes, s\u2019enumeren els personatges de cada escena, el moviment que faran, els decorats, els di\u00e0legs, la m\u00fasica, etc.<\/li>\n<li>Es preparen o es creen els materials per a fer la gravaci\u00f3 a clase.<\/li>\n<li>Es realitza la gravaci\u00f3 fotograma a fotograma, simulant moviment, o gravaci\u00f3 directa. La gravaci\u00f3 es pot fer vertical o horitzontal (sobre una taula).<\/li>\n<li>Un cop tenim la imatge gravada, li afegim el so (di\u00e0legs i m\u00fasica).<\/li>\n<\/ol>\n<p style=\"text-align: justify;\"><strong>NOVETAT:<\/strong> El jurat est\u00e0 format per 3 professionals: Canal Reus TV, Servei Educatiu i Patrocinador.<\/p>\n<h6><strong>Criteris del concurs<\/strong><\/h6>\n<p style=\"padding-left: 30px;\"><span style=\"color: #808080;\"><b>Relat (valorem la hist\u00f2ria que s&#8217;explica):<\/b><\/span><br \/>\n&#8211; Valoraci\u00f3 del relat (coher\u00e8ncia, originalitat, imaginaci\u00f3): de 0 a 4 punts<br \/>\n&#8211; Valoraci\u00f3 del llenguatge (correcci\u00f3 i adequaci\u00f3 del llenguatge dels alumnes al nivell): de 0 a 4 punts<br \/>\n<span style=\"color: #808080;\"><b>V\u00eddeo (valorem el v\u00eddeo enviat)<\/b><\/span><br \/>\n&#8211; Valoraci\u00f3 de la qualitat t\u00e8cnica: (recursos utilitzats, sonoritzaci\u00f3, m\u00fasica,&#8230;): de 0 a 4 punts<br \/>\n&#8211; Valoraci\u00f3 de l&#8217;originalitat i imaginaci\u00f3: de 0 a 4 punts<br \/>\n<span style=\"color: #808080;\"><b>Valoraci\u00f3 Global<\/b>:<\/span> de 0 a 4 punts<\/p>\n<h6 style=\"text-align: justify;\"><strong>Premis<\/strong><\/h6>\n<p style=\"text-align: justify;\">S\u2019atorgar\u00e0 un premi per categoria: EI, CI, CM i CS.<br \/>\nEl premi consistir\u00e0 en una tauleta de 10\u201d\u00a0 per a cada grup premiat.<\/p>\n<h6 style=\"text-align: justify;\"><strong>Centres participants<\/strong><\/h6>\n<p style=\"text-align: justify;\">Podeu consultar els <a href=\"https:\/\/serveiseducatius.xtec.cat\/baixcamp\/relats-digitals\/centres-participants\/\">centres, classes i nivells participants<\/a> del 2n Certamen de Relats Digitals, curs 2018-19.<\/p>\n<h6><strong>Per saber-ne m\u00e9s<\/strong><\/h6>\n<ul>\n<li>Resum dels <a href=\"https:\/\/serveiseducatius.xtec.cat\/baixcamp\/relats\/centres-participants-i-finalistes-2018\/\">centres participants i finalistes del 1r Relats Digitals &#8211; curs 2017-18<\/a><\/li>\n<\/ul>\n","protected":false},"excerpt":{"rendered":"<p>En els darrers anys, s\u2019ha potenciat des del Departament d\u2019Ensenyament la innovaci\u00f3 educativa. En concret es potencien el treball per projectes, el treball per compet\u00e8ncies, les vocacions STEAM, els grups cooperatius i la utilitzaci\u00f3 dels recursos TAC. Seguint aquestes l\u00ednies pedag\u00f2giques i tenint en compte que des del Departament d\u2019Ensenyament s\u2019ha creat una categoria de [&hellip;]<\/p>\n","protected":false},"author":1,"featured_media":0,"parent":13543,"menu_order":0,"comment_status":"closed","ping_status":"closed","template":"page-templates\/side-menu.php","meta":{"_bbp_topic_count":0,"_bbp_reply_count":0,"_bbp_total_topic_count":0,"_bbp_total_reply_count":0,"_bbp_voice_count":0,"_bbp_anonymous_reply_count":0,"_bbp_topic_count_hidden":0,"_bbp_reply_count_hidden":0,"_bbp_forum_subforum_count":0,"site-sidebar-layout":"default","site-content-layout":"","ast-site-content-layout":"","site-content-style":"default","site-sidebar-style":"default","ast-global-header-display":"","ast-banner-title-visibility":"","ast-main-header-display":"","ast-hfb-above-header-display":"","ast-hfb-below-header-display":"","ast-hfb-mobile-header-display":"","site-post-title":"","ast-breadcrumbs-content":"","ast-featured-img":"","footer-sml-layout":"","theme-transparent-header-meta":"","adv-header-id-meta":"","stick-header-meta":"","header-above-stick-meta":"","header-main-stick-meta":"","header-below-stick-meta":"","astra-migrate-meta-layouts":"default","ast-page-background-enabled":"default","ast-page-background-meta":{"desktop":{"background-color":"var(--ast-global-color-4)","background-image":"","background-repeat":"repeat","background-position":"center center","background-size":"auto","background-attachment":"scroll","background-type":"","background-media":"","overlay-type":"","overlay-color":"","overlay-opacity":"","overlay-gradient":""},"tablet":{"background-color":"","background-image":"","background-repeat":"repeat","background-position":"center center","background-size":"auto","background-attachment":"scroll","background-type":"","background-media":"","overlay-type":"","overlay-color":"","overlay-opacity":"","overlay-gradient":""},"mobile":{"background-color":"","background-image":"","background-repeat":"repeat","background-position":"center center","background-size":"auto","background-attachment":"scroll","background-type":"","background-media":"","overlay-type":"","overlay-color":"","overlay-opacity":"","overlay-gradient":""}},"ast-content-background-meta":{"desktop":{"background-color":"var(--ast-global-color-5)","background-image":"","background-repeat":"repeat","background-position":"center center","background-size":"auto","background-attachment":"scroll","background-type":"","background-media":"","overlay-type":"","overlay-color":"","overlay-opacity":"","overlay-gradient":""},"tablet":{"background-color":"var(--ast-global-color-5)","background-image":"","background-repeat":"repeat","background-position":"center center","background-size":"auto","background-attachment":"scroll","background-type":"","background-media":"","overlay-type":"","overlay-color":"","overlay-opacity":"","overlay-gradient":""},"mobile":{"background-color":"var(--ast-global-color-5)","background-image":"","background-repeat":"repeat","background-position":"center center","background-size":"auto","background-attachment":"scroll","background-type":"","background-media":"","overlay-type":"","overlay-color":"","overlay-opacity":"","overlay-gradient":""}},"footnotes":""},"class_list":["post-7357","page","type-page","status-publish","hentry"],"post_mailing_queue_ids":[],"_links":{"self":[{"href":"https:\/\/serveiseducatius.xtec.cat\/baixcamp\/wp-json\/wp\/v2\/pages\/7357","targetHints":{"allow":["GET"]}}],"collection":[{"href":"https:\/\/serveiseducatius.xtec.cat\/baixcamp\/wp-json\/wp\/v2\/pages"}],"about":[{"href":"https:\/\/serveiseducatius.xtec.cat\/baixcamp\/wp-json\/wp\/v2\/types\/page"}],"author":[{"embeddable":true,"href":"https:\/\/serveiseducatius.xtec.cat\/baixcamp\/wp-json\/wp\/v2\/users\/1"}],"replies":[{"embeddable":true,"href":"https:\/\/serveiseducatius.xtec.cat\/baixcamp\/wp-json\/wp\/v2\/comments?post=7357"}],"version-history":[{"count":5,"href":"https:\/\/serveiseducatius.xtec.cat\/baixcamp\/wp-json\/wp\/v2\/pages\/7357\/revisions"}],"predecessor-version":[{"id":10239,"href":"https:\/\/serveiseducatius.xtec.cat\/baixcamp\/wp-json\/wp\/v2\/pages\/7357\/revisions\/10239"}],"up":[{"embeddable":true,"href":"https:\/\/serveiseducatius.xtec.cat\/baixcamp\/wp-json\/wp\/v2\/pages\/13543"}],"wp:attachment":[{"href":"https:\/\/serveiseducatius.xtec.cat\/baixcamp\/wp-json\/wp\/v2\/media?parent=7357"}],"curies":[{"name":"wp","href":"https:\/\/api.w.org\/{rel}","templated":true}]}}