{"id":6894,"date":"2017-10-25T17:13:01","date_gmt":"2017-10-25T15:13:01","guid":{"rendered":"http:\/\/serveiseducatius.xtec.cat\/baixcamp\/?page_id=6894"},"modified":"2026-03-13T11:28:11","modified_gmt":"2026-03-13T10:28:11","slug":"projecte-ted-ed-club","status":"publish","type":"page","link":"https:\/\/serveiseducatius.xtec.cat\/baixcamp\/dinamitzacions\/projecte-ted-ed-club\/","title":{"rendered":"Projecte TED-Ed"},"content":{"rendered":"\n<figure class=\"wp-block-image aligncenter size-large\"><img loading=\"lazy\" decoding=\"async\" width=\"600\" height=\"131\" src=\"https:\/\/serveiseducatius.xtec.cat\/baixcamp\/wp-content\/uploads\/usu950\/2025\/11\/TED-Ed-Student-Talks_Logo_RGB_V1_CRP-1-600x131.png\" alt=\"\" class=\"wp-image-16401\" srcset=\"https:\/\/serveiseducatius.xtec.cat\/baixcamp\/wp-content\/uploads\/usu950\/2025\/11\/TED-Ed-Student-Talks_Logo_RGB_V1_CRP-1-600x131.png 600w, https:\/\/serveiseducatius.xtec.cat\/baixcamp\/wp-content\/uploads\/usu950\/2025\/11\/TED-Ed-Student-Talks_Logo_RGB_V1_CRP-1-300x66.png 300w, https:\/\/serveiseducatius.xtec.cat\/baixcamp\/wp-content\/uploads\/usu950\/2025\/11\/TED-Ed-Student-Talks_Logo_RGB_V1_CRP-1-768x168.png 768w, https:\/\/serveiseducatius.xtec.cat\/baixcamp\/wp-content\/uploads\/usu950\/2025\/11\/TED-Ed-Student-Talks_Logo_RGB_V1_CRP-1-1536x336.png 1536w, https:\/\/serveiseducatius.xtec.cat\/baixcamp\/wp-content\/uploads\/usu950\/2025\/11\/TED-Ed-Student-Talks_Logo_RGB_V1_CRP-1-2048x448.png 2048w\" sizes=\"auto, (max-width: 600px) 100vw, 600px\" \/><\/figure>\n\n\n\n<p>Projecte educatiu TED Ed Student Talks es fonamenta en el lema <em>ideas worth spreading; <\/em>o sigui, idees que valen la pena difondre!<\/p>\n\n\n\n<p>\u00c9s un projecte internacional que d\u00f3na suport als estudiants en el descobriment, l&#8217;exploraci\u00f3 i la <strong>presentaci\u00f3<\/strong> de les seves idees.<\/p>\n\n\n\n<p>Els participants al projecte obtenen material curricular flexible amb orientacions per elaborar la seva presentaci\u00f3 TED-Ed; aix\u00ed com oportunitats per connectar amb una xarxa mundial de joves apassionats per les idees que val la pena compartir.<\/p>\n\n\n\n<h2 class=\"wp-block-heading\"><strong>Quin \u00e9s l&#8217;objectiu general del Projecte?<\/strong><\/h2>\n\n\n\n<p>Impulsar la creativitat de les generacions m\u00e9s joves de tot el m\u00f3n organitzant Clubs de discussi\u00f3, generaci\u00f3 i comunicaci\u00f3 d&#8217;idees innovadores per a la revoluci\u00f3 del coneixement.<\/p>\n\n\n\n<figure class=\"wp-block-embed is-type-video is-provider-youtube wp-block-embed-youtube wp-embed-aspect-16-9 wp-has-aspect-ratio\"><div class=\"wp-block-embed__wrapper\">\n<div class=\"ast-oembed-container \" style=\"height: 100%;\"><iframe loading=\"lazy\" title=\"Start a TED-Ed Club today!\" width=\"500\" height=\"281\" src=\"https:\/\/www.youtube.com\/embed\/Qj_OzmP8iWg?feature=oembed\" frameborder=\"0\" allow=\"accelerometer; autoplay; clipboard-write; encrypted-media; gyroscope; picture-in-picture; web-share\" referrerpolicy=\"strict-origin-when-cross-origin\" allowfullscreen><\/iframe><\/div>\n<\/div><\/figure>\n\n\n\n<h2 class=\"wp-block-heading\"><strong>Quins objectius educatius promou?<\/strong><\/h2>\n\n\n\n<ul class=\"wp-block-list\">\n<li>Organitzar, analitzar, sintetitzar i comunicar idees innovadores en un format de confer\u00e8ncia am\u00e8 i accessible a la comprensi\u00f3 de tots.<\/li>\n\n\n\n<li>Aprendre a iniciar projectes de recerca: elaborant hip\u00f2tesis, refutant alternatives, generant noves idees, utilitzant t\u00e8cniques creatives, considerant nous punts de vista i analitzant informaci\u00f3 d&#8217;un variat elenc de fonts educatives i informatives de diferent naturalesa.<\/li>\n\n\n\n<li>Integrar eines digitals a fi de desenvolupar un model de narrativa transm\u00e8dia que aconsegueix una exposici\u00f3 emocionant recolzant-se en les compet\u00e8ncies digitals per a l&#8217;aprenentatge al segle XXI.<\/li>\n<\/ul>\n\n\n\n<h2 class=\"wp-block-heading\"><strong>Com \u00e9s el TED Ed Student Talks Reus-Baix Camp?<\/strong><\/h2>\n\n\n\n<ul class=\"wp-block-list\">\n<li>En el CRP del Baix Camp hem afegit un objectiu singular&nbsp;que \u00e9s:&nbsp; la <strong>dinamitzaci\u00f3 en els centres del treball de la compet\u00e8ncia comunicativa oral en llengua anglesa i llengua catalana.<\/strong><\/li>\n\n\n\n<li>Cada alumne o grup d&#8217;alumnes (m\u00e0xim 3 alumnes per grup a secund\u00e0ria i batxillerat i 4 per prim\u00e0ria) far\u00e0 una <strong>presentaci\u00f3 de 3 minuts de duraci\u00f3<\/strong> en la modalitat de llengua anglesa i <strong>&nbsp;de&nbsp; 5 minuts de duraci\u00f3 m\u00e0xima <\/strong>en la modalitat&nbsp; de llengua catalana.<\/li>\n\n\n\n<li>L&#8217;<strong>eix argumental<\/strong> del TED Ed Student Talks 2026 del Baix Camp aquest curs \u00e9s: <strong>\u00c8XIT \/ SUCCESS.<\/strong><\/li>\n<\/ul>\n\n\n\n<h2 class=\"wp-block-heading\"><strong>Qui pot participar?<\/strong><\/h2>\n\n\n\n<p>Estudiants de <strong>4rt de prim\u00e0ria<\/strong> fins a <strong>2n de Batxillerat<\/strong> de centres educatius del Baix Camp.<\/p>\n\n\n\n<h2 class=\"wp-block-heading\">Formaci\u00f3<\/h2>\n\n\n\n<div data-wp-interactive=\"core\/file\" class=\"wp-block-file\"><object data-wp-bind--hidden=\"!state.hasPdfPreview\" hidden class=\"wp-block-file__embed\" data=\"https:\/\/serveiseducatius.xtec.cat\/baixcamp\/wp-content\/uploads\/usu950\/2025\/11\/Speak-your-mind-S1-info-.pdf\" type=\"application\/pdf\" style=\"width:100%;height:600px\" aria-label=\"Incrustaci\u00f3 del fitxer Speak your mind S1 - info.\"><\/object><a id=\"wp-block-file--media-4eff597f-1dfd-4c2e-9d32-d30997b48c55\" href=\"https:\/\/serveiseducatius.xtec.cat\/baixcamp\/wp-content\/uploads\/usu950\/2025\/11\/Speak-your-mind-S1-info-.pdf\">Speak your mind S1 &#8211; info<\/a><a href=\"https:\/\/serveiseducatius.xtec.cat\/baixcamp\/wp-content\/uploads\/usu950\/2025\/11\/Speak-your-mind-S1-info-.pdf\" class=\"wp-block-file__button wp-element-button\" download aria-describedby=\"wp-block-file--media-4eff597f-1dfd-4c2e-9d32-d30997b48c55\">Baixa<\/a><\/div>\n\n\n\n<h2 class=\"wp-block-heading\">Calendari 8a edici\u00f3: <strong>\u00c8XIT \/ SUCCESS<\/strong><\/h2>\n\n\n\n<figure class=\"wp-block-table\"><table class=\"has-fixed-layout\"><tbody><tr><td><strong>PRIM\u00c0RIA<\/strong><\/td><td><strong>SECUND\u00c0RIA<\/strong><\/td><\/tr><tr><td><strong>Centre de Lectura de Reus<\/strong><br>1,2 i 4 de juny<\/td><td><strong>Auditori Infant Pere de L\u2019Hospitalet de l\u2019Infant<\/strong><br>29 d\u2019abril<\/td><\/tr><tr><td><strong>Casal Riudomenc de Riudoms<\/strong><br>3 de juny<\/td><td><strong>Centre de Lectura de Reus<\/strong><br> 9 d\u2019abril, 13 i 14 i  de maig<\/td><\/tr><\/tbody><\/table><\/figure>\n\n\n\n<h4 class=\"wp-block-heading\">INSCRIPCI\u00d3<\/h4>\n\n\n\n<p>Podreu fer les vostres inscripcions del 25 de novembre al 15 de desembre.<\/p>\n\n\n\n<h2 class=\"wp-block-heading\"><strong>Bases<\/strong><\/h2>\n\n\n\n<p>En <a href=\"https:\/\/docs.google.com\/document\/d\/1UMXGpSb9dap--UBGPke7nAKb3vYWDKFq\/edit?usp=sharing&amp;ouid=109312664769323520226&amp;rtpof=true&amp;sd=true\" target=\"_blank\" rel=\"noreferrer noopener\"><strong>aquest enlla\u00e7<\/strong><\/a> trobar\u00e0s les bases i tots els detalls del projecte.<\/p>\n\n\n\n<h2 class=\"wp-block-heading\"><strong>V\u00eddeos jornades presencials TED Ed Club 2025<\/strong><\/h2>\n\n\n\n<figure class=\"wp-block-table\"><table class=\"has-fixed-layout\"><tbody><tr><td><strong>JORNADES SECUND\u00c0RIA<\/strong><\/td><\/tr><tr><td>31\/03\/25 <a href=\"https:\/\/youtu.be\/PZE0gU8eYCc\">Auditori Hospitalet de l&#8217;Infant<\/a><\/td><\/tr><tr><td>24\/04\/25 <a href=\"https:\/\/youtu.be\/yhwr5PZCtCE\">Col\u00b7legi Maria Rosa Molas<\/a> (1a part) <a href=\"https:\/\/youtu.be\/OggkHpuKMlI\">Col\u00b7legi Maria Rosa Molas<\/a> (2a part)<\/td><\/tr><tr><td>25\/04\/25 <a href=\"https:\/\/youtube.com\/live\/CcbLVdiNHeA\">Col\u00b7legi Maria Rosa Molas<\/a> (1a part) <a href=\"https:\/\/youtube.com\/live\/CcbLVdiNHeA\" data-type=\"link\" data-id=\"https:\/\/youtube.com\/live\/CcbLVdiNHeA\">Col\u00b7legi Maria Rosa Molas<\/a> (2a part) <\/td><\/tr><tr><td><strong>JORNADES PRIM\u00c0RIA<\/strong><\/td><\/tr><tr><td>03\/06\/25 <a href=\"https:\/\/youtube.com\/live\/je0P86JybUA\">Col\u00b7legi Maria Rosa Molas<\/a> (1a part) <a href=\"https:\/\/youtube.com\/live\/b3p3W9bJBGs\">Col\u00b7legi Maria Rosa Molas<\/a> (2a part)<\/td><\/tr><tr><td>04\/06\/25 <a href=\"https:\/\/youtu.be\/2cFNu5-A978\">Centre de Lectura <\/a><\/td><\/tr><tr><td>05\/06\/25 <a href=\"https:\/\/youtu.be\/rC-ptBRmh2Y\">Centre de Lectura <\/a><\/td><\/tr><tr><td>10\/06\/25 <a href=\"https:\/\/youtube.com\/live\/je0P86JybUA\">Casal Riudomenc<\/a> (1a part) <a href=\"https:\/\/youtube.com\/live\/KUn-4xeipjA\">Casal Riudomenc<\/a> (2a part)<\/td><\/tr><\/tbody><\/table><\/figure>\n\n\n\n<h5 class=\"wp-block-heading\"><strong>Altres observacions<\/strong><\/h5>\n\n\n\n<p>Les sessions del TED Ed Club s&#8217;enregistren per la posterior publicaci\u00f3 dels v\u00eddeos a la p\u00e0gina web del nodes del Centre de Recursos Pedag\u00f2gics del Baix Camp, \u00e9s per aix\u00f2 que cal tenir el document de drets d&#8217;imatge del vostre alumnat degudament signat i custodiat al vostre centre.<\/p>\n\n\n\n<p><a href=\"https:\/\/docs.google.com\/document\/d\/1WXN3D27I3t-MNCGvyteO9fdQGXa-h4nOw3yEfOMJujc\/copy?usp=sharing\">Document<\/a><a href=\"https:\/\/drive.google.com\/file\/d\/1YUc8aZIo1bvij0NRT4y9z9rPRcu0s2ma\/view?usp=share_link\"> d&#8217;autoritzaci\u00f3<\/a><a href=\"https:\/\/drive.google.com\/file\/d\/1YUc8aZIo1bvij0NRT4y9z9rPRcu0s2ma\/view?usp=share_link\"> de<\/a><a href=\"https:\/\/drive.google.com\/file\/d\/1YUc8aZIo1bvij0NRT4y9z9rPRcu0s2ma\/view?usp=share_link\"> dret<\/a><a href=\"https:\/\/drive.google.com\/file\/d\/1YUc8aZIo1bvij0NRT4y9z9rPRcu0s2ma\/view?usp=share_link\">s<\/a><a href=\"https:\/\/drive.google.com\/file\/d\/1YUc8aZIo1bvij0NRT4y9z9rPRcu0s2ma\/view?usp=share_link\"> d&#8217;imatg<\/a><a href=\"https:\/\/drive.google.com\/file\/d\/1YUc8aZIo1bvij0NRT4y9z9rPRcu0s2ma\/view?usp=share_link\">e<\/a> que han de signar les fam\u00edlies&nbsp;dels alumnes<\/p>\n\n\n\n<p><a href=\"https:\/\/docs.google.com\/document\/d\/10KsWtxykN8DLMT5SClSKEyO1mpkDUDml\/copy?usp=sharing&amp;ouid=112247057627214544002&amp;rtpof=true&amp;sd=true\">Certificat signat per la direcci\u00f3 del centre<\/a>. En aquest certificat heu d&#8217;especificar el <strong>nom i cognoms de tots els alumnes<\/strong> participants, dels quals teniu signat els drets d&#8217;imatge.<\/p>\n\n\n\n<h5 class=\"wp-block-heading\"><strong>Informacions diverses<\/strong><\/h5>\n\n\n\n<p>En <a href=\"https:\/\/www.youtube.com\/playlist?list=PLxDyz1lzKmBayrARUX1WPdenXPmOxwDoI\"><strong>aquest enlla\u00e7<\/strong><\/a> trobar\u00e0s la llista de reproducci\u00f3 de l&#8217;edici\u00f3 TED Ed 2023.<\/p>\n\n\n\n<p>Podeu consultar les <a href=\"https:\/\/serveiseducatius.xtec.cat\/baixcamp\/projecte-ted-ed-club\/conferencies\/\"><strong>confer\u00e8ncies<\/strong><\/a> dels<em>&nbsp;Ted Ed Club<\/em> dels cursos anteriors<\/p>\n\n\n\n<h5 class=\"wp-block-heading\"><strong>Contacteu<\/strong><\/h5>\n\n\n\n<p>Si el vostre centre est\u00e0 interessat a participar, cal que us poseu en contacte amb el CRP adre\u00e7ant un correu al <strong>e3990102@xtec.cat<\/strong> o trucant al <strong>977 312 704<\/strong>, EXT 1.<\/p>\n","protected":false},"excerpt":{"rendered":"<p>Projecte educatiu TED Ed Student Talks es fonamenta en el lema ideas worth spreading; o sigui, idees que valen la pena difondre! \u00c9s un projecte internacional que d\u00f3na suport als estudiants en el descobriment, l&#8217;exploraci\u00f3 i la presentaci\u00f3 de les seves idees. Els participants al projecte obtenen material curricular flexible amb orientacions per elaborar la [&hellip;]<\/p>\n","protected":false},"author":1,"featured_media":0,"parent":13543,"menu_order":0,"comment_status":"closed","ping_status":"closed","template":"page-templates\/side-menu.php","meta":{"_bbp_topic_count":0,"_bbp_reply_count":0,"_bbp_total_topic_count":0,"_bbp_total_reply_count":0,"_bbp_voice_count":0,"_bbp_anonymous_reply_count":0,"_bbp_topic_count_hidden":0,"_bbp_reply_count_hidden":0,"_bbp_forum_subforum_count":0,"site-sidebar-layout":"default","site-content-layout":"","ast-site-content-layout":"default","site-content-style":"default","site-sidebar-style":"default","ast-global-header-display":"","ast-banner-title-visibility":"","ast-main-header-display":"","ast-hfb-above-header-display":"","ast-hfb-below-header-display":"","ast-hfb-mobile-header-display":"","site-post-title":"","ast-breadcrumbs-content":"","ast-featured-img":"","footer-sml-layout":"","theme-transparent-header-meta":"","adv-header-id-meta":"","stick-header-meta":"","header-above-stick-meta":"","header-main-stick-meta":"","header-below-stick-meta":"","astra-migrate-meta-layouts":"set","ast-page-background-enabled":"default","ast-page-background-meta":{"desktop":{"background-color":"var(--ast-global-color-4)","background-image":"","background-repeat":"repeat","background-position":"center center","background-size":"auto","background-attachment":"scroll","background-type":"","background-media":"","overlay-type":"","overlay-color":"","overlay-opacity":"","overlay-gradient":""},"tablet":{"background-color":"","background-image":"","background-repeat":"repeat","background-position":"center center","background-size":"auto","background-attachment":"scroll","background-type":"","background-media":"","overlay-type":"","overlay-color":"","overlay-opacity":"","overlay-gradient":""},"mobile":{"background-color":"","background-image":"","background-repeat":"repeat","background-position":"center center","background-size":"auto","background-attachment":"scroll","background-type":"","background-media":"","overlay-type":"","overlay-color":"","overlay-opacity":"","overlay-gradient":""}},"ast-content-background-meta":{"desktop":{"background-color":"var(--ast-global-color-5)","background-image":"","background-repeat":"repeat","background-position":"center center","background-size":"auto","background-attachment":"scroll","background-type":"","background-media":"","overlay-type":"","overlay-color":"","overlay-opacity":"","overlay-gradient":""},"tablet":{"background-color":"var(--ast-global-color-5)","background-image":"","background-repeat":"repeat","background-position":"center center","background-size":"auto","background-attachment":"scroll","background-type":"","background-media":"","overlay-type":"","overlay-color":"","overlay-opacity":"","overlay-gradient":""},"mobile":{"background-color":"var(--ast-global-color-5)","background-image":"","background-repeat":"repeat","background-position":"center center","background-size":"auto","background-attachment":"scroll","background-type":"","background-media":"","overlay-type":"","overlay-color":"","overlay-opacity":"","overlay-gradient":""}},"footnotes":""},"class_list":["post-6894","page","type-page","status-publish","hentry"],"post_mailing_queue_ids":[],"_links":{"self":[{"href":"https:\/\/serveiseducatius.xtec.cat\/baixcamp\/wp-json\/wp\/v2\/pages\/6894","targetHints":{"allow":["GET"]}}],"collection":[{"href":"https:\/\/serveiseducatius.xtec.cat\/baixcamp\/wp-json\/wp\/v2\/pages"}],"about":[{"href":"https:\/\/serveiseducatius.xtec.cat\/baixcamp\/wp-json\/wp\/v2\/types\/page"}],"author":[{"embeddable":true,"href":"https:\/\/serveiseducatius.xtec.cat\/baixcamp\/wp-json\/wp\/v2\/users\/1"}],"replies":[{"embeddable":true,"href":"https:\/\/serveiseducatius.xtec.cat\/baixcamp\/wp-json\/wp\/v2\/comments?post=6894"}],"version-history":[{"count":6,"href":"https:\/\/serveiseducatius.xtec.cat\/baixcamp\/wp-json\/wp\/v2\/pages\/6894\/revisions"}],"predecessor-version":[{"id":16734,"href":"https:\/\/serveiseducatius.xtec.cat\/baixcamp\/wp-json\/wp\/v2\/pages\/6894\/revisions\/16734"}],"up":[{"embeddable":true,"href":"https:\/\/serveiseducatius.xtec.cat\/baixcamp\/wp-json\/wp\/v2\/pages\/13543"}],"wp:attachment":[{"href":"https:\/\/serveiseducatius.xtec.cat\/baixcamp\/wp-json\/wp\/v2\/media?parent=6894"}],"curies":[{"name":"wp","href":"https:\/\/api.w.org\/{rel}","templated":true}]}}