{"id":6771,"date":"2017-10-19T20:34:55","date_gmt":"2017-10-19T18:34:55","guid":{"rendered":"http:\/\/serveiseducatius.xtec.cat\/baixcamp\/?page_id=6771"},"modified":"2023-01-12T12:18:42","modified_gmt":"2023-01-12T11:18:42","slug":"centres-participants-xcb-12","status":"publish","type":"page","link":"https:\/\/serveiseducatius.xtec.cat\/baixcamp\/projectes\/xarxa-competencies-basiques\/centres-participants-xcb-12\/","title":{"rendered":"Centres participants XCBT12"},"content":{"rendered":"<p>La xarxa de Compet\u00e8ncies del Baix Camp, est\u00e0 adherida a la Xarxa de Compet\u00e8ncies Territorial 15, adscrita als Serveis Territorials de Tarragona. Els centres del nostre territori participen a\u00a0 la XC de Catalunya des del curs 2017-18.<\/p>\n<table style=\"border-color: #ffffff; height: 1037px; width: 88.9588%;\" width=\"100%\">\n<tbody>\n<tr style=\"height: 49px;\">\n<td style=\"background-color: #c7c3c3; border-color: #ffffff; text-align: center; height: 49px; width: 41.9372%;\" colspan=\"2\"><strong>Xarxa Compet\u00e8ncies Territorial 15<\/strong><span style=\"color: #ffffff;\"><strong><br \/>\n<\/strong><\/span><span style=\"color: #000000;\"><strong>Curs 2022-2023<\/strong><\/span><\/td>\n<td style=\"background-color: #c7c3c3; border-color: #ffffff; width: 16.1099%; text-align: center; height: 1037px;\" rowspan=\"16\">\n<h6 style=\"text-align: left;\"><strong>Centres de Recursos Pedag\u00f2gics del ST TAR<\/strong><\/h6>\n<p>XARXA 15<\/p>\n<ul>\n<li style=\"text-align: left;\">CRP Baix Camp<\/li>\n<li style=\"text-align: left;\">CRP Alt Camp<\/li>\n<li style=\"text-align: left;\">CRP Conca de Barber\u00e0<\/li>\n<li style=\"text-align: left;\">CRP Priorat<\/li>\n<\/ul>\n<\/td>\n<\/tr>\n<tr style=\"height: 49px;\">\n<td style=\"background-color: #c7c3c3; border-color: #ffffff; width: 25.8476%; height: 49px;\"><span style=\"color: #ffffff;\"><strong>Centres del Baix Camp<\/strong><\/span><\/td>\n<td style=\"background-color: #c7c3c3; border-color: #ffffff; width: 16.0896%; height: 49px;\"><span style=\"color: #ffffff;\"><strong>Localitat<\/strong><\/span><\/td>\n<\/tr>\n<tr style=\"height: 33px;\">\n<td style=\"background-color: #ffffff; border-color: #ffffff; width: 25.8476%; height: 33px;\">ESC Mare D\u00e9u de la Roca<\/td>\n<td style=\"background-color: #ffffff; border-color: #ffffff; width: 16.0896%; height: 33px;\">Mont-roig del Camp<\/td>\n<\/tr>\n<tr style=\"height: 33px;\">\n<td style=\"background-color: #ffffff; border-color: #ffffff; width: 25.8476%; height: 33px;\">ESC Cambrils<\/td>\n<td style=\"background-color: #ffffff; border-color: #ffffff; width: 16.0896%; height: 33px;\">Cambrils<\/td>\n<\/tr>\n<tr style=\"height: 33px;\">\n<td style=\"background-color: #ffffff; border-color: #ffffff; width: 25.8476%; height: 33px;\">ESC Josep Ma Soler i Gen\u00e9<\/td>\n<td style=\"background-color: #ffffff; border-color: #ffffff; width: 16.0896%; height: 33px;\">Montbri\u00f3 del Camp<\/td>\n<\/tr>\n<tr style=\"height: 31px;\">\n<td style=\"background-color: #ffffff; border-color: #ffffff; width: 25.8476%; height: 31px;\">ESC Santa Anna<\/td>\n<td style=\"background-color: #ffffff; border-color: #ffffff; width: 16.0896%; height: 31px;\">Castellvell del Camp<\/td>\n<\/tr>\n<tr style=\"height: 21px;\">\n<td style=\"background-color: #ffffff; border-color: #ffffff; width: 25.8476%; height: 21px;\">I-E Joan Ard\u00e8vol<\/td>\n<td style=\"background-color: #ffffff; border-color: #ffffff; width: 16.0896%; height: 21px;\">Cambrils<\/td>\n<\/tr>\n<tr style=\"height: 31px;\">\n<td style=\"background-color: #ffffff; border-color: #ffffff; width: 25.8476%; height: 31px;\">ESC Ramon Sugra\u00f1es<\/td>\n<td style=\"background-color: #ffffff; border-color: #ffffff; width: 16.0896%; height: 31px;\">Almoster<\/td>\n<\/tr>\n<tr style=\"height: 33px;\">\n<td style=\"background-color: #ffffff; border-color: #ffffff; width: 25.8476%; height: 33px;\">ESC Marinada<\/td>\n<td style=\"background-color: #ffffff; border-color: #ffffff; width: 16.0896%; height: 33px;\">Cambrils<\/td>\n<\/tr>\n<tr style=\"height: 33px;\">\n<td style=\"background-color: #ffffff; border-color: #ffffff; width: 25.8476%; height: 33px;\">ESC Josep Fust\u00e9<\/td>\n<td style=\"background-color: #ffffff; border-color: #ffffff; width: 16.0896%; height: 33px;\">Alforja<\/td>\n<\/tr>\n<tr style=\"height: 33px;\">\n<td style=\"background-color: #ffffff; border-color: #ffffff; width: 25.8476%; height: 33px;\">INS Berenguer d&#8217;Enten\u00e7a<\/td>\n<td style=\"background-color: #ffffff; border-color: #ffffff; width: 16.0896%; height: 33px;\">Hospitalet de l&#8217;Infant<\/td>\n<\/tr>\n<tr style=\"height: 32px;\">\n<td style=\"background-color: #ffffff; border-color: #ffffff; width: 25.8476%; height: 32px;\">INS Fontanelles<\/td>\n<td style=\"background-color: #ffffff; border-color: #ffffff; width: 16.0896%; height: 32px;\">Les Borges del Camp<\/td>\n<\/tr>\n<tr style=\"height: 33px;\">\n<td style=\"background-color: #ffffff; border-color: #ffffff; width: 25.8476%; height: 33px;\">INS Dom\u00e8nech i Muntaner<\/td>\n<td style=\"background-color: #ffffff; border-color: #ffffff; width: 16.0896%; height: 33px;\">Reus<\/td>\n<\/tr>\n<tr style=\"height: 32px;\">\n<td style=\"background-color: #ffffff; border-color: #ffffff; width: 25.8476%; height: 32px;\">INS Baix Camp<\/td>\n<td style=\"background-color: #ffffff; border-color: #ffffff; width: 16.0896%; height: 32px;\">Reus<\/td>\n<\/tr>\n<tr style=\"height: 32px;\">\n<td style=\"background-color: #ffffff; border-color: #ffffff; width: 25.8476%; height: 32px;\">INS Josep Tapir\u00f3<\/td>\n<td style=\"background-color: #ffffff; border-color: #ffffff; width: 16.0896%; height: 32px;\">Reus<\/td>\n<\/tr>\n<tr style=\"height: 33px;\">\n<td style=\"background-color: #ffffff; border-color: #ffffff; width: 25.8476%; height: 10px;\">CFA Marta Mata<\/td>\n<td style=\"background-color: #ffffff; border-color: #ffffff; width: 16.0896%; height: 10px;\">Reus<\/td>\n<\/tr>\n<\/tbody>\n<\/table>\n<h6><strong>Podeu seguir-nos a les Xarxes Socials<\/strong><\/h6>\n<p><a class=\"twitter-mention-button\" href=\"https:\/\/twitter.com\/intent\/tweet?screen_name=xarxaCb&amp;ref_src=twsrc%5Etfw\" data-show-count=\"false\">Tweet to @xarxaCb<\/a><script async src=\"https:\/\/platform.twitter.com\/widgets.js\" charset=\"utf-8\"><\/script><\/p>\n","protected":false},"excerpt":{"rendered":"<p>La xarxa de Compet\u00e8ncies del Baix Camp, est\u00e0 adherida a la Xarxa de Compet\u00e8ncies Territorial 15, adscrita als Serveis Territorials de Tarragona. Els centres del nostre territori participen a\u00a0 la XC de Catalunya des del curs 2017-18. Xarxa Compet\u00e8ncies Territorial 15 Curs 2022-2023 Centres de Recursos Pedag\u00f2gics del ST TAR XARXA 15 CRP Baix Camp [&hellip;]<\/p>\n","protected":false},"author":1,"featured_media":0,"parent":6716,"menu_order":30,"comment_status":"closed","ping_status":"closed","template":"page-templates\/side-menu.php","meta":{"_bbp_topic_count":0,"_bbp_reply_count":0,"_bbp_total_topic_count":0,"_bbp_total_reply_count":0,"_bbp_voice_count":0,"_bbp_anonymous_reply_count":0,"_bbp_topic_count_hidden":0,"_bbp_reply_count_hidden":0,"_bbp_forum_subforum_count":0,"site-sidebar-layout":"default","site-content-layout":"","ast-site-content-layout":"","site-content-style":"default","site-sidebar-style":"default","ast-global-header-display":"","ast-banner-title-visibility":"","ast-main-header-display":"","ast-hfb-above-header-display":"","ast-hfb-below-header-display":"","ast-hfb-mobile-header-display":"","site-post-title":"","ast-breadcrumbs-content":"","ast-featured-img":"","footer-sml-layout":"","theme-transparent-header-meta":"","adv-header-id-meta":"","stick-header-meta":"","header-above-stick-meta":"","header-main-stick-meta":"","header-below-stick-meta":"","astra-migrate-meta-layouts":"default","ast-page-background-enabled":"default","ast-page-background-meta":{"desktop":{"background-color":"var(--ast-global-color-4)","background-image":"","background-repeat":"repeat","background-position":"center center","background-size":"auto","background-attachment":"scroll","background-type":"","background-media":"","overlay-type":"","overlay-color":"","overlay-opacity":"","overlay-gradient":""},"tablet":{"background-color":"","background-image":"","background-repeat":"repeat","background-position":"center center","background-size":"auto","background-attachment":"scroll","background-type":"","background-media":"","overlay-type":"","overlay-color":"","overlay-opacity":"","overlay-gradient":""},"mobile":{"background-color":"","background-image":"","background-repeat":"repeat","background-position":"center center","background-size":"auto","background-attachment":"scroll","background-type":"","background-media":"","overlay-type":"","overlay-color":"","overlay-opacity":"","overlay-gradient":""}},"ast-content-background-meta":{"desktop":{"background-color":"var(--ast-global-color-5)","background-image":"","background-repeat":"repeat","background-position":"center center","background-size":"auto","background-attachment":"scroll","background-type":"","background-media":"","overlay-type":"","overlay-color":"","overlay-opacity":"","overlay-gradient":""},"tablet":{"background-color":"var(--ast-global-color-5)","background-image":"","background-repeat":"repeat","background-position":"center center","background-size":"auto","background-attachment":"scroll","background-type":"","background-media":"","overlay-type":"","overlay-color":"","overlay-opacity":"","overlay-gradient":""},"mobile":{"background-color":"var(--ast-global-color-5)","background-image":"","background-repeat":"repeat","background-position":"center center","background-size":"auto","background-attachment":"scroll","background-type":"","background-media":"","overlay-type":"","overlay-color":"","overlay-opacity":"","overlay-gradient":""}},"footnotes":""},"class_list":["post-6771","page","type-page","status-publish","hentry"],"post_mailing_queue_ids":[],"_links":{"self":[{"href":"https:\/\/serveiseducatius.xtec.cat\/baixcamp\/wp-json\/wp\/v2\/pages\/6771","targetHints":{"allow":["GET"]}}],"collection":[{"href":"https:\/\/serveiseducatius.xtec.cat\/baixcamp\/wp-json\/wp\/v2\/pages"}],"about":[{"href":"https:\/\/serveiseducatius.xtec.cat\/baixcamp\/wp-json\/wp\/v2\/types\/page"}],"author":[{"embeddable":true,"href":"https:\/\/serveiseducatius.xtec.cat\/baixcamp\/wp-json\/wp\/v2\/users\/1"}],"replies":[{"embeddable":true,"href":"https:\/\/serveiseducatius.xtec.cat\/baixcamp\/wp-json\/wp\/v2\/comments?post=6771"}],"version-history":[{"count":5,"href":"https:\/\/serveiseducatius.xtec.cat\/baixcamp\/wp-json\/wp\/v2\/pages\/6771\/revisions"}],"predecessor-version":[{"id":14228,"href":"https:\/\/serveiseducatius.xtec.cat\/baixcamp\/wp-json\/wp\/v2\/pages\/6771\/revisions\/14228"}],"up":[{"embeddable":true,"href":"https:\/\/serveiseducatius.xtec.cat\/baixcamp\/wp-json\/wp\/v2\/pages\/6716"}],"wp:attachment":[{"href":"https:\/\/serveiseducatius.xtec.cat\/baixcamp\/wp-json\/wp\/v2\/media?parent=6771"}],"curies":[{"name":"wp","href":"https:\/\/api.w.org\/{rel}","templated":true}]}}