{"id":608,"date":"2015-11-27T10:04:51","date_gmt":"2015-11-27T09:04:51","guid":{"rendered":"http:\/\/serveiseducatius.xtec.cat\/baixcamp\/?page_id=608"},"modified":"2026-03-18T16:41:46","modified_gmt":"2026-03-18T15:41:46","slug":"horari-i-calendari","status":"publish","type":"page","link":"https:\/\/serveiseducatius.xtec.cat\/baixcamp\/el-servei-educatiu\/horari-i-calendari\/","title":{"rendered":"Horari i calendari"},"content":{"rendered":"<h6><strong>Atenci\u00f3 al p\u00fablic Centre de Recursos Pedag\u00f2gics<br \/>\n<\/strong><\/h6>\n<p>De dilluns a dijous d&#8217;11.00 h a 14.00 h i de 16:00 a 18:00 h.<\/p>\n<p>Divendres de 11.00 h a 14.00 h <strong>(visites amb cita pr\u00e8via per la tarda)<\/strong><\/p>\n<h6><strong>Atenci\u00f3 al p\u00fablic Equip Assessorament Psicopedag\u00f2gic<\/strong><\/h6>\n<p>Mat\u00ed: atenci\u00f3 directa a centres.<\/p>\n<ul>\n<li style=\"list-style-type: none;\">\n<ul>\n<li><span style=\"font-family: inherit; font-size: 1em;\">2n i 3r dijous de mes al mat\u00ed <\/span><strong>(visites amb cita pr\u00e8via)<\/strong><\/li>\n<\/ul>\n<\/li>\n<\/ul>\n<p>Tarda: dimarts de 15:00 h a 17:00 h <strong>(visites amb cita pr\u00e8via)<\/strong><\/p>\n<p>Atenci\u00f3 telef\u00f2nica: dijous de 9.00 h a 14.00 h<\/p>\n<h6><strong>Calendari<\/strong><\/h6>\n<p>El nostre servei educatiu romandr\u00e0 tancat al p\u00fablic els per\u00edodes de vacances escolars, els dies de festes laborals oficials a Catalunya i els dies de festa local i de lliure disposici\u00f3, acordats pel Consell Escolar Municipal de Reus<\/p>\n<p><iframe loading=\"lazy\" style=\"border-width: 0;\" src=\"https:\/\/calendar.google.com\/calendar\/embed?height=600&amp;wkst=2&amp;bgcolor=%23AD1457&amp;ctz=Europe%2FParis&amp;showPrint=0&amp;showCalendars=1&amp;title=HORARI%20CURS&amp;src=Y19rdDJpb3M4YWJraTVkazhkdWpuMGs5a2dyZ0Bncm91cC5jYWxlbmRhci5nb29nbGUuY29t&amp;color=%23D81B60\" width=\"800\" height=\"600\" frameborder=\"0\" scrolling=\"no\"><\/iframe><\/p>\n<h6><strong>Contacte<\/strong><\/h6>\n<p><strong>Tel\u00e8fon<\/strong>: 977 31 27 04<\/p>\n<table style=\"border-collapse: collapse; width: 25.0754%; height: 120px;\">\n<tbody>\n<tr style=\"height: 40px;\">\n<td style=\"width: 9.77564%; height: 40px;\"><strong>CRP<\/strong><\/td>\n<td style=\"width: 9.79222%; height: 40px;\"><strong>Extensi\u00f3 1<\/strong><\/td>\n<\/tr>\n<tr style=\"height: 40px;\">\n<td style=\"width: 9.77564%; height: 40px;\"><strong>EAP-T09<\/strong><\/td>\n<td style=\"width: 9.79222%; height: 40px;\"><strong>Extensi\u00f3 2<\/strong><\/td>\n<\/tr>\n<tr style=\"height: 40px;\">\n<td style=\"width: 9.77564%; height: 40px;\"><strong>ELIC<\/strong><\/td>\n<td style=\"width: 9.79222%; height: 40px;\"><strong>Extensi\u00f3 3<\/strong><\/td>\n<\/tr>\n<\/tbody>\n<\/table>\n<p><strong>Correu electr\u00f2nic CRP:\u00a0<\/strong>e3990102@xtec.cat<\/p>\n<p><strong>Correu electr\u00f2nic EAP:\u00a0<\/strong>e3907126@xtec.cat<\/p>\n<p><strong>Correu electr\u00f2nic ELIC: <\/strong><span style=\"font-family: inherit; font-size: 1em;\">e3970029<\/span><span class=\"\">@xtec.cat<br \/>\n<\/span><\/p>\n","protected":false},"excerpt":{"rendered":"<p>Atenci\u00f3 al p\u00fablic Centre de Recursos Pedag\u00f2gics De dilluns a dijous d&#8217;11.00 h a 14.00 h i de 16:00 a 18:00 h. Divendres de 11.00 h a 14.00 h (visites amb cita pr\u00e8via per la tarda) Atenci\u00f3 al p\u00fablic Equip Assessorament Psicopedag\u00f2gic Mat\u00ed: atenci\u00f3 directa a centres. 2n i 3r dijous de mes al mat\u00ed [&hellip;]<\/p>\n","protected":false},"author":1,"featured_media":0,"parent":806,"menu_order":50,"comment_status":"closed","ping_status":"closed","template":"page-templates\/side-menu.php","meta":{"_bbp_topic_count":0,"_bbp_reply_count":0,"_bbp_total_topic_count":0,"_bbp_total_reply_count":0,"_bbp_voice_count":0,"_bbp_anonymous_reply_count":0,"_bbp_topic_count_hidden":0,"_bbp_reply_count_hidden":0,"_bbp_forum_subforum_count":0,"site-sidebar-layout":"default","site-content-layout":"","ast-site-content-layout":"default","site-content-style":"default","site-sidebar-style":"default","ast-global-header-display":"","ast-banner-title-visibility":"","ast-main-header-display":"","ast-hfb-above-header-display":"","ast-hfb-below-header-display":"","ast-hfb-mobile-header-display":"","site-post-title":"","ast-breadcrumbs-content":"","ast-featured-img":"","footer-sml-layout":"","theme-transparent-header-meta":"","adv-header-id-meta":"","stick-header-meta":"","header-above-stick-meta":"","header-main-stick-meta":"","header-below-stick-meta":"","astra-migrate-meta-layouts":"set","ast-page-background-enabled":"default","ast-page-background-meta":{"desktop":{"background-color":"var(--ast-global-color-4)","background-image":"","background-repeat":"repeat","background-position":"center center","background-size":"auto","background-attachment":"scroll","background-type":"","background-media":"","overlay-type":"","overlay-color":"","overlay-opacity":"","overlay-gradient":""},"tablet":{"background-color":"","background-image":"","background-repeat":"repeat","background-position":"center center","background-size":"auto","background-attachment":"scroll","background-type":"","background-media":"","overlay-type":"","overlay-color":"","overlay-opacity":"","overlay-gradient":""},"mobile":{"background-color":"","background-image":"","background-repeat":"repeat","background-position":"center center","background-size":"auto","background-attachment":"scroll","background-type":"","background-media":"","overlay-type":"","overlay-color":"","overlay-opacity":"","overlay-gradient":""}},"ast-content-background-meta":{"desktop":{"background-color":"var(--ast-global-color-5)","background-image":"","background-repeat":"repeat","background-position":"center center","background-size":"auto","background-attachment":"scroll","background-type":"","background-media":"","overlay-type":"","overlay-color":"","overlay-opacity":"","overlay-gradient":""},"tablet":{"background-color":"var(--ast-global-color-5)","background-image":"","background-repeat":"repeat","background-position":"center center","background-size":"auto","background-attachment":"scroll","background-type":"","background-media":"","overlay-type":"","overlay-color":"","overlay-opacity":"","overlay-gradient":""},"mobile":{"background-color":"var(--ast-global-color-5)","background-image":"","background-repeat":"repeat","background-position":"center center","background-size":"auto","background-attachment":"scroll","background-type":"","background-media":"","overlay-type":"","overlay-color":"","overlay-opacity":"","overlay-gradient":""}},"footnotes":""},"class_list":["post-608","page","type-page","status-publish","hentry"],"post_mailing_queue_ids":[],"_links":{"self":[{"href":"https:\/\/serveiseducatius.xtec.cat\/baixcamp\/wp-json\/wp\/v2\/pages\/608","targetHints":{"allow":["GET"]}}],"collection":[{"href":"https:\/\/serveiseducatius.xtec.cat\/baixcamp\/wp-json\/wp\/v2\/pages"}],"about":[{"href":"https:\/\/serveiseducatius.xtec.cat\/baixcamp\/wp-json\/wp\/v2\/types\/page"}],"author":[{"embeddable":true,"href":"https:\/\/serveiseducatius.xtec.cat\/baixcamp\/wp-json\/wp\/v2\/users\/1"}],"replies":[{"embeddable":true,"href":"https:\/\/serveiseducatius.xtec.cat\/baixcamp\/wp-json\/wp\/v2\/comments?post=608"}],"version-history":[{"count":6,"href":"https:\/\/serveiseducatius.xtec.cat\/baixcamp\/wp-json\/wp\/v2\/pages\/608\/revisions"}],"predecessor-version":[{"id":16767,"href":"https:\/\/serveiseducatius.xtec.cat\/baixcamp\/wp-json\/wp\/v2\/pages\/608\/revisions\/16767"}],"up":[{"embeddable":true,"href":"https:\/\/serveiseducatius.xtec.cat\/baixcamp\/wp-json\/wp\/v2\/pages\/806"}],"wp:attachment":[{"href":"https:\/\/serveiseducatius.xtec.cat\/baixcamp\/wp-json\/wp\/v2\/media?parent=608"}],"curies":[{"name":"wp","href":"https:\/\/api.w.org\/{rel}","templated":true}]}}