{"id":6030,"date":"2017-06-15T12:41:58","date_gmt":"2017-06-15T10:41:58","guid":{"rendered":"http:\/\/serveiseducatius.xtec.cat\/baixcamp\/?page_id=6030"},"modified":"2025-01-21T12:31:09","modified_gmt":"2025-01-21T11:31:09","slug":"kits-de-robotica","status":"publish","type":"page","link":"https:\/\/serveiseducatius.xtec.cat\/baixcamp\/recursos-2\/ambit-cientific-tecnologic\/kits-de-robotica\/","title":{"rendered":"Kits de Rob\u00f2tica"},"content":{"rendered":"<h6><strong>Material<br \/>\n<\/strong><\/h6>\n<h6><strong><a style=\"font-weight: normal; color: #2795b6;\" href=\"http:\/\/makitpro.com\/index.php\/2016\/04\/17\/presentacion-humbot-sargantana\/\"><img loading=\"lazy\" decoding=\"async\" class=\"wp-image-11658 aligncenter\" src=\"https:\/\/serveiseducatius.xtec.cat\/baixcamp\/wp-content\/uploads\/usu950\/2020\/10\/kit_arduino-600x545.jpg\" alt=\"\" width=\"314\" height=\"285\" srcset=\"https:\/\/serveiseducatius.xtec.cat\/baixcamp\/wp-content\/uploads\/usu950\/2020\/10\/kit_arduino-600x545.jpg 600w, https:\/\/serveiseducatius.xtec.cat\/baixcamp\/wp-content\/uploads\/usu950\/2020\/10\/kit_arduino-300x273.jpg 300w, https:\/\/serveiseducatius.xtec.cat\/baixcamp\/wp-content\/uploads\/usu950\/2020\/10\/kit_arduino.jpg 766w\" sizes=\"auto, (max-width: 314px) 100vw, 314px\" \/><\/a><\/strong><\/h6>\n<p><strong><img loading=\"lazy\" decoding=\"async\" class=\"wp-image-13196 alignleft\" src=\"https:\/\/serveiseducatius.xtec.cat\/baixcamp\/wp-content\/uploads\/usu950\/2021\/10\/kit-imagina-scratch-3dbot-600x600.jpg\" alt=\"\" width=\"273\" height=\"273\" srcset=\"https:\/\/serveiseducatius.xtec.cat\/baixcamp\/wp-content\/uploads\/usu950\/2021\/10\/kit-imagina-scratch-3dbot-600x600.jpg 600w, https:\/\/serveiseducatius.xtec.cat\/baixcamp\/wp-content\/uploads\/usu950\/2021\/10\/kit-imagina-scratch-3dbot-300x300.jpg 300w, https:\/\/serveiseducatius.xtec.cat\/baixcamp\/wp-content\/uploads\/usu950\/2021\/10\/kit-imagina-scratch-3dbot-150x150.jpg 150w, https:\/\/serveiseducatius.xtec.cat\/baixcamp\/wp-content\/uploads\/usu950\/2021\/10\/kit-imagina-scratch-3dbot-768x768.jpg 768w, https:\/\/serveiseducatius.xtec.cat\/baixcamp\/wp-content\/uploads\/usu950\/2021\/10\/kit-imagina-scratch-3dbot.jpg 1100w\" sizes=\"auto, (max-width: 273px) 100vw, 273px\" \/><span style=\"color: #000000;\">Un conjunt PICAXE amb 5 kits<\/span><\/strong><\/p>\n<p><span style=\"color: #808080;\"><strong>Conjunt Picaxe <\/strong><\/span>(format per un total de 6 tipus de peces + el robot muntat)<br \/>\nPlaca de control basada en PICAXE<br \/>\n<a href=\"https:\/\/drive.google.com\/file\/d\/1sErFlC4eBxosECVPBT5QDd-tXrCIDbCv\/view?usp=sharing\" target=\"_blank\" rel=\"noopener\">Robot Imagina 3dBot<\/a><\/p>\n<h6><\/h6>\n<p><strong><span style=\"color: #000000;\"><img loading=\"lazy\" decoding=\"async\" class=\"alignright wp-image-13197\" src=\"https:\/\/serveiseducatius.xtec.cat\/baixcamp\/wp-content\/uploads\/usu950\/2021\/10\/arduino-humbot.jpg\" alt=\"\" width=\"354\" height=\"297\" srcset=\"https:\/\/serveiseducatius.xtec.cat\/baixcamp\/wp-content\/uploads\/usu950\/2021\/10\/arduino-humbot.jpg 596w, https:\/\/serveiseducatius.xtec.cat\/baixcamp\/wp-content\/uploads\/usu950\/2021\/10\/arduino-humbot-300x252.jpg 300w\" sizes=\"auto, (max-width: 354px) 100vw, 354px\" \/><\/span><\/strong><\/p>\n<p><strong><span style=\"color: #000000;\">Un conjunt ARDUINO UNO amb 5 kits<\/span><\/strong><\/p>\n<p><span style=\"color: #808080;\"><strong>Conjunt Arduino<\/strong><\/span> (format per un total de 25 tipus de peces):<br \/>\nPlaca de control ARDUINO UNO<br \/>\n<a href=\"http:\/\/makitpro.com\/index.php\/humbot-s\/\" target=\"_blank\" rel=\"noopener\">Robot Humbot Sargantana<\/a>.<\/p>\n<h6><\/h6>\n<h6><span style=\"color: #ffffff;\"><strong>m<\/strong><\/span><\/h6>\n<h6><\/h6>\n<h6><\/h6>\n<h6><\/h6>\n<h6><\/h6>\n<h6><\/h6>\n<h6><\/h6>\n<h6><\/h6>\n<table style=\"border-collapse: collapse; width: 100.653%; height: 497px;\">\n<tbody>\n<tr style=\"height: 497px;\">\n<td style=\"width: 47.0942%; height: 497px;\">\n<h6><strong>Calendari de pr\u00e9stec<\/strong><\/h6>\n<p>Podeu consultar la confirmaci\u00f3 de la sol\u00b7licitud al calendari <em>Pr\u00e9stec rob\u00f2tica<\/em><\/p>\n<p><iframe loading=\"lazy\" src=\"https:\/\/calendar.google.com\/calendar\/embed?height=300&amp;wkst=1&amp;hl=ca&amp;bgcolor=%23ccccff&amp;src=xtec.cat_tefec1ngv759n3jpscp68jrs8o%40group.calendar.google.com&amp;color=%23691426&amp;ctz=Europe%2FMadrid\" width=\"500\" height=\"400\" frameborder=\"0\"><\/iframe><\/td>\n<td style=\"width: 13.6646%; height: 497px;\"><a href=\"https:\/\/docs.google.com\/forms\/d\/e\/1FAIpQLSeXzr0kTc42KMk_L8r8R3U0NanhlhKGN6amtsd7YWNGcgOXvw\/viewform?usp=sf_link\"><img loading=\"lazy\" decoding=\"async\" class=\"aligncenter wp-image-8610\" src=\"http:\/\/serveiseducatius.xtec.cat\/baixcamp\/wp-content\/uploads\/usu950\/2018\/09\/sol\u00b7licitud-pr\u00e9stec.png\" alt=\"\" width=\"181\" height=\"89\" \/><\/a><\/td>\n<td style=\"width: 39.2411%; height: 497px;\">\n<h6><strong>Condicions del pr\u00e9stec<\/strong><\/h6>\n<p>Durada: 20 dies aproximadament<br \/>\nRecollida i retorn del pr\u00e9stec: <strong>de dilluns a divendres d\u201911h a 14h i de 16h a 18h<\/strong><br \/>\n(dins del per\u00edode del pr\u00e9stec sol\u00b7licitat).<\/p>\n<h6><strong>Normes d\u2019\u00fas<\/strong><\/h6>\n<ul>\n<li>\u00c9s responsabilitat de l\u2019usuari assegurar-se del correcte funcionament del material, a l\u2019inici de la reserva.<\/li>\n<li>Qualsevol p\u00e8rdua o desperfecte del material ser\u00e0 responsabilitat del centre educatiu, que haur\u00e0 de reposar-lo.<\/li>\n<li>Cal comunicar qualsevol incid\u00e8ncia que es produeixi durant el seu \u00fas.<\/li>\n<\/ul>\n<\/td>\n<\/tr>\n<\/tbody>\n<\/table>\n<p style=\"text-align: center;\">\n","protected":false},"excerpt":{"rendered":"<p>Material Un conjunt PICAXE amb 5 kits Conjunt Picaxe (format per un total de 6 tipus de peces + el robot muntat) Placa de control basada en PICAXE Robot Imagina 3dBot Un conjunt ARDUINO UNO amb 5 kits Conjunt Arduino (format per un total de 25 tipus de peces): Placa de control ARDUINO UNO Robot [&hellip;]<\/p>\n","protected":false},"author":124,"featured_media":0,"parent":14114,"menu_order":130,"comment_status":"closed","ping_status":"closed","template":"page-templates\/side-menu.php","meta":{"_bbp_topic_count":0,"_bbp_reply_count":0,"_bbp_total_topic_count":0,"_bbp_total_reply_count":0,"_bbp_voice_count":0,"_bbp_anonymous_reply_count":0,"_bbp_topic_count_hidden":0,"_bbp_reply_count_hidden":0,"_bbp_forum_subforum_count":0,"site-sidebar-layout":"default","site-content-layout":"","ast-site-content-layout":"","site-content-style":"default","site-sidebar-style":"default","ast-global-header-display":"","ast-banner-title-visibility":"","ast-main-header-display":"","ast-hfb-above-header-display":"","ast-hfb-below-header-display":"","ast-hfb-mobile-header-display":"","site-post-title":"","ast-breadcrumbs-content":"","ast-featured-img":"","footer-sml-layout":"","theme-transparent-header-meta":"","adv-header-id-meta":"","stick-header-meta":"","header-above-stick-meta":"","header-main-stick-meta":"","header-below-stick-meta":"","astra-migrate-meta-layouts":"default","ast-page-background-enabled":"default","ast-page-background-meta":{"desktop":{"background-color":"var(--ast-global-color-4)","background-image":"","background-repeat":"repeat","background-position":"center center","background-size":"auto","background-attachment":"scroll","background-type":"","background-media":"","overlay-type":"","overlay-color":"","overlay-opacity":"","overlay-gradient":""},"tablet":{"background-color":"","background-image":"","background-repeat":"repeat","background-position":"center center","background-size":"auto","background-attachment":"scroll","background-type":"","background-media":"","overlay-type":"","overlay-color":"","overlay-opacity":"","overlay-gradient":""},"mobile":{"background-color":"","background-image":"","background-repeat":"repeat","background-position":"center center","background-size":"auto","background-attachment":"scroll","background-type":"","background-media":"","overlay-type":"","overlay-color":"","overlay-opacity":"","overlay-gradient":""}},"ast-content-background-meta":{"desktop":{"background-color":"var(--ast-global-color-5)","background-image":"","background-repeat":"repeat","background-position":"center center","background-size":"auto","background-attachment":"scroll","background-type":"","background-media":"","overlay-type":"","overlay-color":"","overlay-opacity":"","overlay-gradient":""},"tablet":{"background-color":"var(--ast-global-color-5)","background-image":"","background-repeat":"repeat","background-position":"center center","background-size":"auto","background-attachment":"scroll","background-type":"","background-media":"","overlay-type":"","overlay-color":"","overlay-opacity":"","overlay-gradient":""},"mobile":{"background-color":"var(--ast-global-color-5)","background-image":"","background-repeat":"repeat","background-position":"center center","background-size":"auto","background-attachment":"scroll","background-type":"","background-media":"","overlay-type":"","overlay-color":"","overlay-opacity":"","overlay-gradient":""}},"footnotes":""},"class_list":["post-6030","page","type-page","status-publish","hentry"],"post_mailing_queue_ids":[],"_links":{"self":[{"href":"https:\/\/serveiseducatius.xtec.cat\/baixcamp\/wp-json\/wp\/v2\/pages\/6030","targetHints":{"allow":["GET"]}}],"collection":[{"href":"https:\/\/serveiseducatius.xtec.cat\/baixcamp\/wp-json\/wp\/v2\/pages"}],"about":[{"href":"https:\/\/serveiseducatius.xtec.cat\/baixcamp\/wp-json\/wp\/v2\/types\/page"}],"author":[{"embeddable":true,"href":"https:\/\/serveiseducatius.xtec.cat\/baixcamp\/wp-json\/wp\/v2\/users\/124"}],"replies":[{"embeddable":true,"href":"https:\/\/serveiseducatius.xtec.cat\/baixcamp\/wp-json\/wp\/v2\/comments?post=6030"}],"version-history":[{"count":3,"href":"https:\/\/serveiseducatius.xtec.cat\/baixcamp\/wp-json\/wp\/v2\/pages\/6030\/revisions"}],"predecessor-version":[{"id":15416,"href":"https:\/\/serveiseducatius.xtec.cat\/baixcamp\/wp-json\/wp\/v2\/pages\/6030\/revisions\/15416"}],"up":[{"embeddable":true,"href":"https:\/\/serveiseducatius.xtec.cat\/baixcamp\/wp-json\/wp\/v2\/pages\/14114"}],"wp:attachment":[{"href":"https:\/\/serveiseducatius.xtec.cat\/baixcamp\/wp-json\/wp\/v2\/media?parent=6030"}],"curies":[{"name":"wp","href":"https:\/\/api.w.org\/{rel}","templated":true}]}}