{"id":5848,"date":"2017-06-02T14:25:44","date_gmt":"2017-06-02T12:25:44","guid":{"rendered":"http:\/\/serveiseducatius.xtec.cat\/baixcamp\/?page_id=5848"},"modified":"2025-01-27T11:09:58","modified_gmt":"2025-01-27T10:09:58","slug":"nanokit","status":"publish","type":"page","link":"https:\/\/serveiseducatius.xtec.cat\/baixcamp\/recursos-2\/ambit-cientific-tecnologic\/nanokit\/","title":{"rendered":"Maleta NanoKit"},"content":{"rendered":"\n<p><strong>CODI:\u00a0<\/strong>R102<br><strong>A qui s\u2019adre\u00e7a:<\/strong><br>Educaci\u00f3 Secund\u00e0ria<\/p>\n\n\n<h6><strong>Qu\u00e8 \u00e9s?<\/strong><\/h6>\n<p style=\"text-align: justify;\"><a href=\"http:\/\/serveiseducatius.xtec.cat\/baixcamp\/wp-content\/uploads\/usu950\/2017\/06\/NanoKit2.jpg\"><img loading=\"lazy\" decoding=\"async\" class=\"size-large wp-image-11659 aligncenter\" src=\"https:\/\/serveiseducatius.xtec.cat\/baixcamp\/wp-content\/uploads\/usu950\/2020\/10\/nanokit-600x450.jpg\" alt=\"\" width=\"600\" height=\"450\" srcset=\"https:\/\/serveiseducatius.xtec.cat\/baixcamp\/wp-content\/uploads\/usu950\/2020\/10\/nanokit-600x450.jpg 600w, https:\/\/serveiseducatius.xtec.cat\/baixcamp\/wp-content\/uploads\/usu950\/2020\/10\/nanokit-300x225.jpg 300w, https:\/\/serveiseducatius.xtec.cat\/baixcamp\/wp-content\/uploads\/usu950\/2020\/10\/nanokit-768x576.jpg 768w, https:\/\/serveiseducatius.xtec.cat\/baixcamp\/wp-content\/uploads\/usu950\/2020\/10\/nanokit-200x150.jpg 200w, https:\/\/serveiseducatius.xtec.cat\/baixcamp\/wp-content\/uploads\/usu950\/2020\/10\/nanokit.jpg 1024w\" sizes=\"auto, (max-width: 600px) 100vw, 600px\" \/><\/a><\/p>\n<p style=\"text-align: justify;\">Recurs did\u00e0ctic que forma part del Programa NanoEduca,\u00a0dissenyat per introduir<strong> la nanoci\u00e8ncia <\/strong>i<strong> la nanotecnologia <\/strong>a <strong>alumnes i professors de secund\u00e0ria i batxillerat<\/strong>. Els impulsors d\u2019aquesta iniciativa s\u00f3n la <a href=\"http:\/\/www.ub.edu\/laubdivulga\/nanodivulga\/nanoeduca.html\" target=\"_blank\" rel=\"noopener noreferrer\">Universitat de Barcelona (UB)<\/a>, l\u2019<a href=\"http:\/\/icn2.cat\" target=\"_blank\" rel=\"noopener noreferrer\">Institut Catal\u00e0 de Nanoci\u00e8ncia i Nanotecnologia (ICN2)<\/a>, la <a href=\"http:\/\/uab.cat\" target=\"_blank\" rel=\"noopener noreferrer\">Universitat Aut\u00f2noma de Barcelona (UAB)<\/a> i el <a href=\"http:\/\/agora.xtec.cat\/cesire\/\" target=\"_blank\" rel=\"noopener noreferrer\">CESIRE del Departament d\u2019Ensenyament de la Generalitat de Catalunya<\/a>.<\/p>\n<p style=\"text-align: justify;\">L\u2019experi\u00e8ncia <strong>combina una metodologia experimental<\/strong>, perqu\u00e8 els alumnes provin en primera persona,<strong> i materials complementaris\u00a0en l\u00ednia<\/strong>, perqu\u00e8 aprofundeixin en les bases te\u00f2riques i descobreixin investigacions relacionades d\u2019actualitat. Les informacions addicionals seran accessibles pr\u00f2ximament a trav\u00e9s d\u2019aquesta p\u00e0gina web.<\/p>\n<p style=\"text-align: justify;\">Es tracta d\u2019una proposta interdisciplin\u00e0ria que engloba tem\u00e0tica pr\u00f2pia de la ci\u00e8ncia m\u00e9s te\u00f2rica i la <strong>recerca b\u00e0sica<\/strong> (per exemple, amb l\u2019experiment de les propietats conductores del graf\u00e8) amb d\u2019altres amb una <strong>aplicaci\u00f3 tecnol\u00f2gica<\/strong> directa (el disseny d\u2019un sensor piezoel\u00e8ctric). La \u2018nano\u2019 \u00e9s un camp de la ci\u00e8ncia en el qual hi treballen tant investigadors especialitzats en ci\u00e8ncia fonamental i teoritzaci\u00f3 matem\u00e0tica com enginyers i t\u00e8cnics que centren els seus esfor\u00e7os en el disseny de noves aplicacions.<\/p>\n<p>Aquesta visi\u00f3 d\u2019interconnexi\u00f3 i complementarietat entre disciplines, molt en l\u00ednia amb el concepte d\u2019<strong>educaci\u00f3 STEM<\/strong>, \u00e9s una de les idees que transmet el NanoKit als alumnes. Tamb\u00e9 se\u2019ls transmet la idea que la nanoci\u00e8ncia i la nanotecnologia \u00e9s un camp d\u2019estudi al qual es pot accedir des de molts vessants i <strong>molts \u00e0mbits<\/strong>.<\/p>\n<h6><strong>Qu\u00e8 cont\u00e9 el Kit?<br \/><\/strong><\/h6>\n<p>1 maleta amb diversos materials<br \/>1 dossier de fitxes de\u00a0professorat<br \/>1 dossier de fitxes d&#8217;alumnes<\/p>\n<h4><strong>Materials per descarregar:<\/strong><\/h4>\n<p><a href=\"https:\/\/drive.google.com\/drive\/folders\/1TQhIYJHpMu_asBrfiMX5d3_WLVULyqsq?usp=share_link\" target=\"_blank\" rel=\"noopener\">Tauler de joc i cartes<\/a><\/p>\n<p><a href=\"https:\/\/drive.google.com\/drive\/folders\/1H9Ni_CKAnFQmyNqLaJG7-h7J1qUDeuaw?usp=share_link\" target=\"_blank\" rel=\"noopener\">Fitxes alumnat<\/a><\/p>\n<p><a href=\"https:\/\/drive.google.com\/drive\/folders\/1Qxgn66Ii14EQsXF3rbiEvdsvK8tbNSZ_?usp=share_link\" target=\"_blank\" rel=\"noopener\">Fitxes professorat 1<\/a><\/p>\n<p><a href=\"https:\/\/drive.google.com\/drive\/folders\/1od2MWgJza3kEx6Hq9QkGTNrvT7YnWANV?usp=share_link\" target=\"_blank\" rel=\"noopener\">Fitxes professorat 2<\/a><\/p>\n<h6>\u00a0<\/h6>\n<h6>\u00a0<\/h6>\n<h6>\u00a0<\/h6>\n<h6>\u00a0<\/h6>\n<table style=\"border-collapse: collapse; width: 100%;\">\n<tbody>\n<tr>\n<td style=\"width: 36.6691%;\">\n<h6><strong>Calendari de pr\u00e9stec<\/strong><\/h6>\n<p>Podeu consultar la confirmaci\u00f3 de la sol\u00b7licitud al calendari <em>Pr\u00e9stec NanoKit<br \/><\/em><br \/><iframe loading=\"lazy\" src=\"https:\/\/calendar.google.com\/calendar\/embed?showPrint=0&amp;showCalendars=0&amp;showTz=0&amp;height=300&amp;wkst=2&amp;hl=ca&amp;bgcolor=%23ff9966&amp;src=xtec.cat_oofaj4puuikdjb763anjbiovbk%40group.calendar.google.com&amp;color=%23853104&amp;ctz=Europe%2FMadrid\" width=\"400\" height=\"300\" frameborder=\"0\"><\/iframe><\/p>\n<\/td>\n<td style=\"width: 27.677%;\">\n<h6>\u00a0<\/h6>\n<p><a href=\"https:\/\/forms.gle\/Hzv3UyjH24ZpUSEB8\"><img loading=\"lazy\" decoding=\"async\" class=\"alignleft wp-image-8976 size-full\" src=\"https:\/\/serveiseducatius.xtec.cat\/baixcamp\/wp-content\/uploads\/usu950\/2018\/10\/sol\u00b7licitud-pr\u00e9stec.png\" alt=\"\" width=\"155\" height=\"76\" \/><\/a><\/p>\n<h6><strong>Condicions del pr\u00e9stec<\/strong><\/h6>\n<p>Durada: m\u00e0xim 3 setmanes per centre al llarg del curs escolar<br \/><strong>Recollida del pr\u00e9stec:<\/strong> dilluns d\u201911h a 14h i de 16h a 18h<br \/><strong>Retorn del pr\u00e9stec:<\/strong> dijous d\u201911h a 14h i de 16h a 18h<\/p>\n<p>*El material original del kit est\u00e0 calculat perqu\u00e8 els experiments es puguin fer servir 5 vegades, \u00e9s a dir amb 5 grups de 30 alumnes\/grup.<\/p>\n<h6>\u00a0<\/h6>\n<\/td>\n<td style=\"width: 35.6538%;\">\n<h6>\u00a0<\/h6>\n<h6><strong>Normes d\u2019\u00fas<\/strong><\/h6>\n<ul>\n<li>\u00c9s responsabilitat de l\u2019usuari assegurar-se del material que se li lliura a l\u2019inici de la reserva.<\/li>\n<li>Qualsevol p\u00e8rdua o desperfecte del material ser\u00e0 responsabilitat del centre educatiu, que haur\u00e0 de reposar-lo.<\/li>\n<li>Cal retornar correcte el material; se\u2019n far\u00e0 la comprovaci\u00f3.<\/li>\n<li><strong>Podem definir una unitat de mesura de la utilitzaci\u00f3 del kit (\u00ab\u00fas\u00bb)<\/strong><br \/><strong>1 \u00ab\u00fas\u00bb = sessi\u00f3 de treball d\u2019una de les seq\u00fc\u00e8ncies did\u00e0ctiques amb un grup d\u2019ESO (25 \u2013 30\u00a0alumnes). Si dividim la classe en 5 grups de 5 \u2013 6 alumnes, un \u00ab\u00fas\u00bb equivaldria a consumir 5ml de Nitrat de Plata, per exemple (1 ml per grup).<\/strong><\/li>\n<li>Cal comunicar qualsevol incid\u00e8ncia que es produeixi durant el seu \u00fas.<\/li>\n<\/ul>\n<\/td>\n<\/tr>\n<\/tbody>\n<\/table>\n<ul>\n<li>\u00a0<\/li>\n<\/ul>\n<h6 style=\"text-align: left;\"><strong>Per saber-ne m\u00e9s<br \/><\/strong><\/h6>\n<ul>\n<li style=\"text-align: left;\">Podeu trobar materials educatius a la <strong><a href=\"http:\/\/nanoeduca.cat\/ca\/inici\/\" target=\"_blank\" rel=\"noopener noreferrer\">web de NanoEduca<\/a><\/strong><\/li>\n<li style=\"text-align: left;\">Al <strong><a href=\"https:\/\/www.youtube.com\/channel\/UCnPqpEEQ2SLxOwiM57tkHjg\" target=\"_blank\" rel=\"noopener noreferrer\">YouTube de NanoEduca<\/a><\/strong> hi ha v\u00eddeos amb experi\u00e8ncies<\/li>\n<li style=\"text-align: left;\">M\u00e9s not\u00edcies, materials, formaci\u00f3 i enlla\u00e7os al <a href=\"https:\/\/serveiseducatius.xtec.cat\/cesire\/prestec\/maleta-nanoexplora\/\" target=\"_blank\" rel=\"noopener\">nodes del CESIRE<\/a><\/li>\n<\/ul>","protected":false},"excerpt":{"rendered":"<p>CODI:\u00a0R102A qui s\u2019adre\u00e7a:Educaci\u00f3 Secund\u00e0ria Qu\u00e8 \u00e9s? Recurs did\u00e0ctic que forma part del Programa NanoEduca,\u00a0dissenyat per introduir la nanoci\u00e8ncia i la nanotecnologia a alumnes i professors de secund\u00e0ria i batxillerat. Els impulsors d\u2019aquesta iniciativa s\u00f3n la Universitat de Barcelona (UB), l\u2019Institut Catal\u00e0 de Nanoci\u00e8ncia i Nanotecnologia (ICN2), la Universitat Aut\u00f2noma de Barcelona (UAB) i el CESIRE [&hellip;]<\/p>\n","protected":false},"author":124,"featured_media":0,"parent":14114,"menu_order":110,"comment_status":"closed","ping_status":"closed","template":"page-templates\/side-menu.php","meta":{"_bbp_topic_count":0,"_bbp_reply_count":0,"_bbp_total_topic_count":0,"_bbp_total_reply_count":0,"_bbp_voice_count":0,"_bbp_anonymous_reply_count":0,"_bbp_topic_count_hidden":0,"_bbp_reply_count_hidden":0,"_bbp_forum_subforum_count":0,"site-sidebar-layout":"default","site-content-layout":"","ast-site-content-layout":"","site-content-style":"default","site-sidebar-style":"default","ast-global-header-display":"","ast-banner-title-visibility":"","ast-main-header-display":"","ast-hfb-above-header-display":"","ast-hfb-below-header-display":"","ast-hfb-mobile-header-display":"","site-post-title":"","ast-breadcrumbs-content":"","ast-featured-img":"","footer-sml-layout":"","theme-transparent-header-meta":"","adv-header-id-meta":"","stick-header-meta":"","header-above-stick-meta":"","header-main-stick-meta":"","header-below-stick-meta":"","astra-migrate-meta-layouts":"default","ast-page-background-enabled":"default","ast-page-background-meta":{"desktop":{"background-color":"var(--ast-global-color-4)","background-image":"","background-repeat":"repeat","background-position":"center center","background-size":"auto","background-attachment":"scroll","background-type":"","background-media":"","overlay-type":"","overlay-color":"","overlay-opacity":"","overlay-gradient":""},"tablet":{"background-color":"","background-image":"","background-repeat":"repeat","background-position":"center center","background-size":"auto","background-attachment":"scroll","background-type":"","background-media":"","overlay-type":"","overlay-color":"","overlay-opacity":"","overlay-gradient":""},"mobile":{"background-color":"","background-image":"","background-repeat":"repeat","background-position":"center center","background-size":"auto","background-attachment":"scroll","background-type":"","background-media":"","overlay-type":"","overlay-color":"","overlay-opacity":"","overlay-gradient":""}},"ast-content-background-meta":{"desktop":{"background-color":"var(--ast-global-color-5)","background-image":"","background-repeat":"repeat","background-position":"center center","background-size":"auto","background-attachment":"scroll","background-type":"","background-media":"","overlay-type":"","overlay-color":"","overlay-opacity":"","overlay-gradient":""},"tablet":{"background-color":"var(--ast-global-color-5)","background-image":"","background-repeat":"repeat","background-position":"center center","background-size":"auto","background-attachment":"scroll","background-type":"","background-media":"","overlay-type":"","overlay-color":"","overlay-opacity":"","overlay-gradient":""},"mobile":{"background-color":"var(--ast-global-color-5)","background-image":"","background-repeat":"repeat","background-position":"center center","background-size":"auto","background-attachment":"scroll","background-type":"","background-media":"","overlay-type":"","overlay-color":"","overlay-opacity":"","overlay-gradient":""}},"footnotes":""},"class_list":["post-5848","page","type-page","status-publish","hentry"],"post_mailing_queue_ids":[],"_links":{"self":[{"href":"https:\/\/serveiseducatius.xtec.cat\/baixcamp\/wp-json\/wp\/v2\/pages\/5848","targetHints":{"allow":["GET"]}}],"collection":[{"href":"https:\/\/serveiseducatius.xtec.cat\/baixcamp\/wp-json\/wp\/v2\/pages"}],"about":[{"href":"https:\/\/serveiseducatius.xtec.cat\/baixcamp\/wp-json\/wp\/v2\/types\/page"}],"author":[{"embeddable":true,"href":"https:\/\/serveiseducatius.xtec.cat\/baixcamp\/wp-json\/wp\/v2\/users\/124"}],"replies":[{"embeddable":true,"href":"https:\/\/serveiseducatius.xtec.cat\/baixcamp\/wp-json\/wp\/v2\/comments?post=5848"}],"version-history":[{"count":5,"href":"https:\/\/serveiseducatius.xtec.cat\/baixcamp\/wp-json\/wp\/v2\/pages\/5848\/revisions"}],"predecessor-version":[{"id":15479,"href":"https:\/\/serveiseducatius.xtec.cat\/baixcamp\/wp-json\/wp\/v2\/pages\/5848\/revisions\/15479"}],"up":[{"embeddable":true,"href":"https:\/\/serveiseducatius.xtec.cat\/baixcamp\/wp-json\/wp\/v2\/pages\/14114"}],"wp:attachment":[{"href":"https:\/\/serveiseducatius.xtec.cat\/baixcamp\/wp-json\/wp\/v2\/media?parent=5848"}],"curies":[{"name":"wp","href":"https:\/\/api.w.org\/{rel}","templated":true}]}}