{"id":5543,"date":"2017-05-08T17:41:09","date_gmt":"2017-05-08T15:41:09","guid":{"rendered":"http:\/\/serveiseducatius.xtec.cat\/baixcamp\/?page_id=5543"},"modified":"2022-07-06T10:40:46","modified_gmt":"2022-07-06T08:40:46","slug":"lectures","status":"publish","type":"page","link":"https:\/\/serveiseducatius.xtec.cat\/baixcamp\/dinamitzacions\/mostra-de-lectura-en-veu-alta\/lectures\/","title":{"rendered":"Lectures edicions anteriors"},"content":{"rendered":"<p><img loading=\"lazy\" decoding=\"async\" class=\"wp-image-5546 alignleft\" src=\"http:\/\/serveiseducatius.xtec.cat\/baixcamp\/wp-content\/uploads\/usu950\/2017\/05\/18057089_1274386065948051_172879492579628588_n-300x225.jpg\" alt=\"18057089_1274386065948051_172879492579628588_n\" width=\"96\" height=\"72\" \/><\/p>\n<p>En aquest espai podeu trobar les lectures emprades en la Mostra de Lectura en Veu Alta de Cicle Inicial i Educaci\u00f3 Especial des de la seva primera edici\u00f3.<\/p>\n<p>&nbsp;<\/p>\n<h5><\/h5>\n<h5><strong>Mostra Lectura en Veu Alta &#8211; edici\u00f3 2022<\/strong><\/h5>\n<ul>\n<li>Contes de la Pau. <a href=\"https:\/\/drive.google.com\/file\/d\/15pmegvAiy5Mj2m2es2aJns8RvmpVuCcX\/view?usp=sharing\">Dossier 2022<\/a><\/li>\n<\/ul>\n<h5><strong>Mostra Lectura en Veu Alta &#8211; edici\u00f3 2021<\/strong><\/h5>\n<ul>\n<li>Homenatge a Ma \u00c0ngels Oll\u00e9. <a href=\"https:\/\/drive.google.com\/file\/d\/1NiCZdYrbWm0m6q3mHG5JKzjECm2BdBZb\/view?usp=sharing\">Dossier 2021<\/a><\/li>\n<\/ul>\n<h5><strong>Mostra Lectura en Veu Alta &#8211; edici\u00f3 2019<\/strong><\/h5>\n<ul>\n<li>Els contes del m\u00f3n. <a href=\"https:\/\/docs.google.com\/document\/d\/1VWS_a2Y-0u72FVQu4wrKXOY1NxooZsJMdKwjFYk2Djs\/edit?usp=sharing\">Dossier 2019<\/a><\/li>\n<\/ul>\n<h5><strong>Mostra Lectura en Veu Alta &#8211; edici\u00f3 2018<\/strong><\/h5>\n<ul>\n<li>Les faules. <strong><a href=\"https:\/\/docs.google.com\/document\/d\/1h8V7xzKu-mC0pLTaQbASJlcrK9Mn933CBy3UMH6eUr0\/edit?usp=sharing\">Dossier lectures 2018<\/a><\/strong><\/li>\n<\/ul>\n<h5><strong>Mostra Lectura en Veu Alta &#8211; edici\u00f3 2017<\/strong><\/h5>\n<ul>\n<li>Cada centre participant va aportar dues lectures amb les que es van confegir els dossiers de cadascuna de les jornades. <a href=\"https:\/\/docs.google.com\/document\/d\/1yuo7F1_up9qIEX2fQvVSTav0ii08Hr_SyyXyvgsF1IM\/edit?usp=sharing\">Dossiers de les lectures<\/a>.<\/li>\n<\/ul>\n<h5><strong>Mostra Lectura en Veu Alta &#8211; edici\u00f3 2016<\/strong><\/h5>\n<ul>\n<li>Les emocions &#8211;<strong> <a href=\"https:\/\/drive.google.com\/file\/d\/0B3sOMXJM8paYd2lzd3JhY1J0aTUxdEF3emRTRnhLODRPdWdR\/view\">Dossier de 8 lectures<\/a><\/strong> realitzades del 9 al 20 de maig de 2016<\/li>\n<\/ul>\n<h5><strong>Mostra Lectura en Veu Alta &#8211; edici\u00f3 2015<\/strong><\/h5>\n<ul>\n<li>El di\u00e0leg &#8211;<strong> <a href=\"https:\/\/drive.google.com\/file\/d\/0B3sOMXJM8paYeHJJOEVCQ3pyS1k\/view\">Dossier de 10 lectures<\/a><\/strong> realitzades del 14 al 17 d&#8217;abril de 2015<\/li>\n<\/ul>\n<h5><strong>Mostra Lectura en Veu Alta &#8211; edici\u00f3 2014<\/strong><\/h5>\n<ul>\n<li>La poesia &#8211;<strong> <a href=\"https:\/\/drive.google.com\/file\/d\/0B3sOMXJM8paYbUQtMzZBenhlbWc\/view\">Dossier de 10 lectures<\/a><\/strong> realitzades del 7 al 24 d&#8217;abril de 2014<\/li>\n<\/ul>\n<h5><strong>Mostra Lectura en Veu Alta &#8211; edici\u00f3 2013<\/strong><\/h5>\n<ul>\n<li>\u00a0<strong><a href=\"https:\/\/drive.google.com\/file\/d\/0B3sOMXJM8paYZ0NFa0JaelRHR0k\/view\">Dossier de 6 lectures<\/a><\/strong> realitzades del 15 al 22 d&#8217;abril<\/li>\n<\/ul>\n<h5><strong>Mostra Lectura en Veu Alta &#8211; edici\u00f3 2012<\/strong><\/h5>\n<ul>\n<li><strong><a href=\"https:\/\/drive.google.com\/file\/d\/0B3sOMXJM8paYRVcxM0J0bzNXRFU\/view\">Dossier amb fragments recomanats<\/a><\/strong> de 15 llibres.<\/li>\n<\/ul>\n","protected":false},"excerpt":{"rendered":"<p>En aquest espai podeu trobar les lectures emprades en la Mostra de Lectura en Veu Alta de Cicle Inicial i Educaci\u00f3 Especial des de la seva primera edici\u00f3. &nbsp; Mostra Lectura en Veu Alta &#8211; edici\u00f3 2022 Contes de la Pau. Dossier 2022 Mostra Lectura en Veu Alta &#8211; edici\u00f3 2021 Homenatge a Ma \u00c0ngels [&hellip;]<\/p>\n","protected":false},"author":124,"featured_media":0,"parent":3957,"menu_order":35,"comment_status":"closed","ping_status":"closed","template":"page-templates\/side-menu.php","meta":{"_bbp_topic_count":0,"_bbp_reply_count":0,"_bbp_total_topic_count":0,"_bbp_total_reply_count":0,"_bbp_voice_count":0,"_bbp_anonymous_reply_count":0,"_bbp_topic_count_hidden":0,"_bbp_reply_count_hidden":0,"_bbp_forum_subforum_count":0,"site-sidebar-layout":"default","site-content-layout":"","ast-site-content-layout":"","site-content-style":"default","site-sidebar-style":"default","ast-global-header-display":"","ast-banner-title-visibility":"","ast-main-header-display":"","ast-hfb-above-header-display":"","ast-hfb-below-header-display":"","ast-hfb-mobile-header-display":"","site-post-title":"","ast-breadcrumbs-content":"","ast-featured-img":"","footer-sml-layout":"","theme-transparent-header-meta":"","adv-header-id-meta":"","stick-header-meta":"","header-above-stick-meta":"","header-main-stick-meta":"","header-below-stick-meta":"","astra-migrate-meta-layouts":"default","ast-page-background-enabled":"default","ast-page-background-meta":{"desktop":{"background-color":"var(--ast-global-color-4)","background-image":"","background-repeat":"repeat","background-position":"center center","background-size":"auto","background-attachment":"scroll","background-type":"","background-media":"","overlay-type":"","overlay-color":"","overlay-opacity":"","overlay-gradient":""},"tablet":{"background-color":"","background-image":"","background-repeat":"repeat","background-position":"center center","background-size":"auto","background-attachment":"scroll","background-type":"","background-media":"","overlay-type":"","overlay-color":"","overlay-opacity":"","overlay-gradient":""},"mobile":{"background-color":"","background-image":"","background-repeat":"repeat","background-position":"center center","background-size":"auto","background-attachment":"scroll","background-type":"","background-media":"","overlay-type":"","overlay-color":"","overlay-opacity":"","overlay-gradient":""}},"ast-content-background-meta":{"desktop":{"background-color":"var(--ast-global-color-5)","background-image":"","background-repeat":"repeat","background-position":"center center","background-size":"auto","background-attachment":"scroll","background-type":"","background-media":"","overlay-type":"","overlay-color":"","overlay-opacity":"","overlay-gradient":""},"tablet":{"background-color":"var(--ast-global-color-5)","background-image":"","background-repeat":"repeat","background-position":"center center","background-size":"auto","background-attachment":"scroll","background-type":"","background-media":"","overlay-type":"","overlay-color":"","overlay-opacity":"","overlay-gradient":""},"mobile":{"background-color":"var(--ast-global-color-5)","background-image":"","background-repeat":"repeat","background-position":"center center","background-size":"auto","background-attachment":"scroll","background-type":"","background-media":"","overlay-type":"","overlay-color":"","overlay-opacity":"","overlay-gradient":""}},"footnotes":""},"class_list":["post-5543","page","type-page","status-publish","hentry"],"post_mailing_queue_ids":[],"_links":{"self":[{"href":"https:\/\/serveiseducatius.xtec.cat\/baixcamp\/wp-json\/wp\/v2\/pages\/5543","targetHints":{"allow":["GET"]}}],"collection":[{"href":"https:\/\/serveiseducatius.xtec.cat\/baixcamp\/wp-json\/wp\/v2\/pages"}],"about":[{"href":"https:\/\/serveiseducatius.xtec.cat\/baixcamp\/wp-json\/wp\/v2\/types\/page"}],"author":[{"embeddable":true,"href":"https:\/\/serveiseducatius.xtec.cat\/baixcamp\/wp-json\/wp\/v2\/users\/124"}],"replies":[{"embeddable":true,"href":"https:\/\/serveiseducatius.xtec.cat\/baixcamp\/wp-json\/wp\/v2\/comments?post=5543"}],"version-history":[{"count":4,"href":"https:\/\/serveiseducatius.xtec.cat\/baixcamp\/wp-json\/wp\/v2\/pages\/5543\/revisions"}],"predecessor-version":[{"id":13960,"href":"https:\/\/serveiseducatius.xtec.cat\/baixcamp\/wp-json\/wp\/v2\/pages\/5543\/revisions\/13960"}],"up":[{"embeddable":true,"href":"https:\/\/serveiseducatius.xtec.cat\/baixcamp\/wp-json\/wp\/v2\/pages\/3957"}],"wp:attachment":[{"href":"https:\/\/serveiseducatius.xtec.cat\/baixcamp\/wp-json\/wp\/v2\/media?parent=5543"}],"curies":[{"name":"wp","href":"https:\/\/api.w.org\/{rel}","templated":true}]}}