{"id":548,"date":"2015-11-26T18:10:47","date_gmt":"2015-11-26T17:10:47","guid":{"rendered":"http:\/\/serveiseducatius.xtec.cat\/baixcamp\/?page_id=548"},"modified":"2024-10-21T11:38:56","modified_gmt":"2024-10-21T09:38:56","slug":"zona-formadors","status":"publish","type":"page","link":"https:\/\/serveiseducatius.xtec.cat\/baixcamp\/formacio\/pla-de-formacio-de-zona-pfz\/zona-formadors\/","title":{"rendered":"Zona formadors\/es"},"content":{"rendered":"<p>Primer de tot, us agra\u00efm la vostra col\u00b7laboraci\u00f3 i us desitgem que gaudiu de l&#8217;experi\u00e8ncia com a formadors\/es.<\/p>\n<h6><a href=\"https:\/\/aplicacions.gestioeducativa.gencat.cat\/pls\/gtaf\/inici\"><strong>Aplicatiu GTAF &#8211; Gesti\u00f3 Telem\u00e0tica Activitats Formaci\u00f3<\/strong><\/a><\/h6>\n<table style=\"border-color: #ffffff;\">\n<tbody>\n<tr>\n<td style=\"border-color: #ffffff;\"><a href=\"https:\/\/aplicacions.gestioeducativa.gencat.cat\/pls\/gtaf\/inici\"><img loading=\"lazy\" decoding=\"async\" class=\" wp-image-6486 alignnone\" src=\"http:\/\/serveiseducatius.xtec.cat\/baixcamp\/wp-content\/uploads\/usu950\/2015\/11\/gesti\u00f3-formadors-gtaf.jpg\" alt=\"\" width=\"466\" height=\"222\" srcset=\"https:\/\/serveiseducatius.xtec.cat\/baixcamp\/wp-content\/uploads\/usu950\/2015\/11\/gesti\u00f3-formadors-gtaf.jpg 624w, https:\/\/serveiseducatius.xtec.cat\/baixcamp\/wp-content\/uploads\/usu950\/2015\/11\/gesti\u00f3-formadors-gtaf-300x143.jpg 300w\" sizes=\"auto, (max-width: 466px) 100vw, 466px\" \/><\/a><\/td>\n<td style=\"border-color: #ffffff; background-color: #ebe6e6;\"><img loading=\"lazy\" decoding=\"async\" class=\"alignleft wp-image-4131\" src=\"http:\/\/serveiseducatius.xtec.cat\/baixcamp\/wp-content\/uploads\/usu950\/2016\/12\/s\u00edmbol-tic-e1485984144508.png\" alt=\"\" width=\"14\" height=\"14\" \/>Entreu a l&#8217;<strong><a href=\"https:\/\/aplicacions.gestioeducativa.gencat.cat\/pls\/gtaf\/inici\">aplicatiu GTAF<\/a><\/strong><img loading=\"lazy\" decoding=\"async\" class=\"alignleft wp-image-4131\" src=\"http:\/\/serveiseducatius.xtec.cat\/baixcamp\/wp-content\/uploads\/usu950\/2016\/12\/s\u00edmbol-tic-e1485984144508.png\" alt=\"\" width=\"14\" height=\"14\" \/>Aneu a <em>Formadors\/es, col\u00b7laboradors, suport<\/em><\/p>\n<p><img loading=\"lazy\" decoding=\"async\" class=\"alignleft wp-image-4131\" src=\"http:\/\/serveiseducatius.xtec.cat\/baixcamp\/wp-content\/uploads\/usu950\/2016\/12\/s\u00edmbol-tic-e1485984144508.png\" alt=\"\" width=\"14\" height=\"14\" \/>Valideu-vos amb el vostre <em>usuari<\/em> i <em>contrasenya<\/em> <strong>xtec<\/strong><\/p>\n<p><img loading=\"lazy\" decoding=\"async\" class=\"alignleft wp-image-6488\" src=\"http:\/\/serveiseducatius.xtec.cat\/baixcamp\/wp-content\/uploads\/usu950\/2015\/11\/autentificaci\u00f3-gtaf.jpg\" alt=\"\" width=\"224\" height=\"166\" srcset=\"https:\/\/serveiseducatius.xtec.cat\/baixcamp\/wp-content\/uploads\/usu950\/2015\/11\/autentificaci\u00f3-gtaf.jpg 384w, https:\/\/serveiseducatius.xtec.cat\/baixcamp\/wp-content\/uploads\/usu950\/2015\/11\/autentificaci\u00f3-gtaf-300x223.jpg 300w\" sizes=\"auto, (max-width: 224px) 100vw, 224px\" \/><\/p>\n<p><img loading=\"lazy\" decoding=\"async\" class=\"alignleft wp-image-4131\" src=\"http:\/\/serveiseducatius.xtec.cat\/baixcamp\/wp-content\/uploads\/usu950\/2016\/12\/s\u00edmbol-tic-e1485984144508.png\" alt=\"\" width=\"14\" height=\"14\" \/>Un cop validats, aneu a l&#8217;apartat<em> Llista d&#8217;activitats<\/em><\/td>\n<\/tr>\n<\/tbody>\n<\/table>\n<p>Despr\u00e9s d&#8217;identificar-vos com a <strong>formadors\/es<\/strong>, aneu a l&#8217;apartat <strong>Llista d&#8217;activitats<\/strong> i realitzeu les seg\u00fcents tasques:<\/p>\n<table style=\"border-color: #ffffff;\">\n<tbody>\n<tr>\n<td style=\"border-color: #ffffff;\"><img loading=\"lazy\" decoding=\"async\" class=\"alignleft size-full wp-image-6489\" src=\"http:\/\/serveiseducatius.xtec.cat\/baixcamp\/wp-content\/uploads\/usu950\/2015\/11\/llista-activitats-gtaf.jpg\" alt=\"\" width=\"264\" height=\"432\" srcset=\"https:\/\/serveiseducatius.xtec.cat\/baixcamp\/wp-content\/uploads\/usu950\/2015\/11\/llista-activitats-gtaf.jpg 264w, https:\/\/serveiseducatius.xtec.cat\/baixcamp\/wp-content\/uploads\/usu950\/2015\/11\/llista-activitats-gtaf-183x300.jpg 183w\" sizes=\"auto, (max-width: 264px) 100vw, 264px\" \/><\/td>\n<td style=\"border-color: #ffffff; background-color: #ebe6e6;\"><strong><span style=\"color: #a41159;\">Abans d&#8217;iniciar l&#8217;activitat:<\/span><\/strong><img loading=\"lazy\" decoding=\"async\" class=\"alignleft wp-image-4131\" src=\"http:\/\/serveiseducatius.xtec.cat\/baixcamp\/wp-content\/uploads\/usu950\/2016\/12\/s\u00edmbol-tic-e1485984144508.png\" alt=\"\" width=\"14\" height=\"14\" \/><\/p>\n<p>Imprimiu-vos el llistat de <strong>signatures<\/strong><em><br \/>\n<\/em><\/p>\n<p><span style=\"color: #a41159;\"><strong>Durant l&#8217;activitat<\/strong><\/span><\/p>\n<p><img loading=\"lazy\" decoding=\"async\" class=\"alignleft wp-image-4131\" src=\"http:\/\/serveiseducatius.xtec.cat\/baixcamp\/wp-content\/uploads\/usu950\/2016\/12\/s\u00edmbol-tic-e1485984144508.png\" alt=\"\" width=\"14\" height=\"14\" \/><\/p>\n<p>Feu el <strong>seguiment<\/strong> de l&#8217;assist\u00e8ncia presencial i del projecte (altres requisits) dels assistents dins l&#8217;aplicatiu<\/p>\n<p><img loading=\"lazy\" decoding=\"async\" class=\"alignleft wp-image-4131\" src=\"http:\/\/serveiseducatius.xtec.cat\/baixcamp\/wp-content\/uploads\/usu950\/2016\/12\/s\u00edmbol-tic-e1485984144508.png\" alt=\"\" width=\"14\" height=\"14\" \/>Comuniqueu als vostres <strong>assistents<\/strong> que en finalitzar l&#8217;activitat han de contestar el <strong>formulari de valoraci\u00f3 de l&#8217;activitat<\/strong> anant a les meves activitats de l&#8217;xtec<\/p>\n<p><span style=\"color: #a41159;\"><strong>En finalitzar l&#8217;activitat:<\/strong><\/span><\/p>\n<p><img loading=\"lazy\" decoding=\"async\" class=\"alignleft wp-image-4131\" src=\"http:\/\/serveiseducatius.xtec.cat\/baixcamp\/wp-content\/uploads\/usu950\/2016\/12\/s\u00edmbol-tic-e1485984144508.png\" alt=\"\" width=\"14\" height=\"14\" \/><\/p>\n<p><strong>Acrediteu la certificaci\u00f3<\/strong> de cada assistent<strong> i\/o<\/strong> indiqueu el <strong>motiu de la no certificaci\u00f3<\/strong> (baixa volunt\u00e0ria, abs\u00e8ncia, no assoliment, etc)<\/p>\n<p><img loading=\"lazy\" decoding=\"async\" class=\"alignleft wp-image-4131\" src=\"http:\/\/serveiseducatius.xtec.cat\/baixcamp\/wp-content\/uploads\/usu950\/2016\/12\/s\u00edmbol-tic-e1485984144508.png\" alt=\"\" width=\"14\" height=\"14\" \/> <strong>Imprimiu l&#8217;acta (Ctrl+P)<\/strong>,<a href=\"https:\/\/serveiseducatius.xtec.cat\/baixcamp\/?page_id=13978&amp;preview=true\"> <span style=\"color: #993366;\"><em><strong>signeu<\/strong>-la digitalment<\/em><\/span><\/a>, envieu per mail el PDF conjuntament amb el <strong>full de signatures<\/strong>, al CRP Baix Camp<\/p>\n<p><img loading=\"lazy\" decoding=\"async\" class=\"alignleft wp-image-4131\" src=\"http:\/\/serveiseducatius.xtec.cat\/baixcamp\/wp-content\/uploads\/usu950\/2016\/12\/s\u00edmbol-tic-e1485984144508.png\" alt=\"\" width=\"14\" height=\"14\" \/>Compartiu amb el CRP els <strong>documents<\/strong> generats en els diferents <strong>projectes<\/strong><\/p>\n<p><img loading=\"lazy\" decoding=\"async\" class=\"alignleft wp-image-4131\" src=\"http:\/\/serveiseducatius.xtec.cat\/baixcamp\/wp-content\/uploads\/usu950\/2016\/12\/s\u00edmbol-tic-e1485984144508.png\" alt=\"\" width=\"14\" height=\"14\" \/> Contesteu el <strong>formulari de valoraci\u00f3 de l&#8217;activitat<\/strong> anant a l&#8217;apartat <em>Q\u00fcestionaris<\/em> de l&#8217;aplicatiu<\/p>\n<p>*<span style=\"color: #993366;\">Per informaci\u00f3 m\u00e9s detallada podeu consultar les seg\u00fcents<\/span> <span style=\"text-decoration: underline;\"><strong><a href=\"https:\/\/docs.google.com\/document\/d\/17gglUwdcFZ6UOO4um_d2x1j7eQvcbFnxqqBv_-18-yc\/edit?usp=sharing\"><strong>instruccions<\/strong><\/a><\/strong><\/span>.<\/td>\n<\/tr>\n<\/tbody>\n<\/table>\n<h6><\/h6>\n<h4><span style=\"color: #000000;\">Nom\u00e9s podreu visualitzar les activitats <span style=\"color: #993366;\"><strong><span style=\"text-decoration: underline;\">7 dies abans del seu inici i fins a 30 dies despr\u00e9s<\/span> <\/strong><\/span>de la seva finalitzaci\u00f3.<\/span><\/h4>\n<h6><\/h6>\n<h6><strong>Observacions<\/strong><\/h6>\n<ul>\n<li>Podeu imprimir el <strong>llistat de signatures<\/strong> una setmana abans de la data d&#8217;inici de l&#8217;activitat.<\/li>\n<li>Cal que els assistents, en acabar la sessi\u00f3, <strong>signin el control d&#8217;assist\u00e8ncia<\/strong>.<\/li>\n<li><strong>Cal custodiar els fulls<\/strong> de signatures fins a la seg\u00fcent sessi\u00f3.<\/li>\n<li>Cal que comuniqueu, a l&#8217;adre\u00e7a e3990102@xtec.cat, aquells<strong> assistents que no estan al llistat de signatures<\/strong> degut a que no s&#8217;han inscrit dins el per\u00edode establert.<\/li>\n<li>Com a <strong>formadors\/es<\/strong> heu de disposar de <a href=\"https:\/\/serveiseducatius.xtec.cat\/baixcamp\/?page_id=13978&amp;preview=true\"><span style=\"text-decoration: underline;\"><strong>SIGNATURA DIGITAL AMB CERTIFICAT<\/strong><\/span><\/a><\/li>\n<li>Un cop finalitzada la formaci\u00f3, cal contestar el <strong>q\u00fcestionari de valoraci\u00f3 de l&#8217;activitat<\/strong>\u00a0 de formador\/a i assistents<strong> fins a 15 dies despr\u00e9s<\/strong> de la data final de la mateixa.<\/li>\n<li>Cal comunicar als asssistents i al CRP els <strong>incidents sobrevinguts<\/strong> que afectin a la realitzaci\u00f3 de l&#8217;activitat (canvi de data d&#8217;una sessi\u00f3, baixa del\/la formador\/a, etc)<\/li>\n<\/ul>\n<h6><strong>Banc de recursos de formaci\u00f3<\/strong><\/h6>\n<p>Al blog <a href=\"http:\/\/serveiseducatius.xtec.cat\/baixcamp\/categoria\/recursos-pfz\/\">Banc de recursos de formaci\u00f3<\/a> trobareu articles publicats pels formadors\/es de la <em>Xarxa de Formadors PFZ Baix Camp<\/em>.<\/p>\n<p>Tamb\u00e9 podeu consultar com <a href=\"https:\/\/serveiseducatius.xtec.cat\/baixcamp\/?page_id=13978&amp;preview=true\">signar digitalment un document.<\/a><\/p>\n","protected":false},"excerpt":{"rendered":"<p>Primer de tot, us agra\u00efm la vostra col\u00b7laboraci\u00f3 i us desitgem que gaudiu de l&#8217;experi\u00e8ncia com a formadors\/es. Aplicatiu GTAF &#8211; Gesti\u00f3 Telem\u00e0tica Activitats Formaci\u00f3 Entreu a l&#8217;aplicatiu GTAFAneu a Formadors\/es, col\u00b7laboradors, suport Valideu-vos amb el vostre usuari i contrasenya xtec Un cop validats, aneu a l&#8217;apartat Llista d&#8217;activitats Despr\u00e9s d&#8217;identificar-vos com a formadors\/es, aneu [&hellip;]<\/p>\n","protected":false},"author":1,"featured_media":0,"parent":414,"menu_order":65,"comment_status":"closed","ping_status":"closed","template":"page-templates\/side-menu.php","meta":{"_bbp_topic_count":0,"_bbp_reply_count":0,"_bbp_total_topic_count":0,"_bbp_total_reply_count":0,"_bbp_voice_count":0,"_bbp_anonymous_reply_count":0,"_bbp_topic_count_hidden":0,"_bbp_reply_count_hidden":0,"_bbp_forum_subforum_count":0,"site-sidebar-layout":"default","site-content-layout":"","ast-site-content-layout":"","site-content-style":"default","site-sidebar-style":"default","ast-global-header-display":"","ast-banner-title-visibility":"","ast-main-header-display":"","ast-hfb-above-header-display":"","ast-hfb-below-header-display":"","ast-hfb-mobile-header-display":"","site-post-title":"","ast-breadcrumbs-content":"","ast-featured-img":"","footer-sml-layout":"","theme-transparent-header-meta":"","adv-header-id-meta":"","stick-header-meta":"","header-above-stick-meta":"","header-main-stick-meta":"","header-below-stick-meta":"","astra-migrate-meta-layouts":"default","ast-page-background-enabled":"default","ast-page-background-meta":{"desktop":{"background-color":"var(--ast-global-color-4)","background-image":"","background-repeat":"repeat","background-position":"center center","background-size":"auto","background-attachment":"scroll","background-type":"","background-media":"","overlay-type":"","overlay-color":"","overlay-opacity":"","overlay-gradient":""},"tablet":{"background-color":"","background-image":"","background-repeat":"repeat","background-position":"center center","background-size":"auto","background-attachment":"scroll","background-type":"","background-media":"","overlay-type":"","overlay-color":"","overlay-opacity":"","overlay-gradient":""},"mobile":{"background-color":"","background-image":"","background-repeat":"repeat","background-position":"center center","background-size":"auto","background-attachment":"scroll","background-type":"","background-media":"","overlay-type":"","overlay-color":"","overlay-opacity":"","overlay-gradient":""}},"ast-content-background-meta":{"desktop":{"background-color":"var(--ast-global-color-5)","background-image":"","background-repeat":"repeat","background-position":"center center","background-size":"auto","background-attachment":"scroll","background-type":"","background-media":"","overlay-type":"","overlay-color":"","overlay-opacity":"","overlay-gradient":""},"tablet":{"background-color":"var(--ast-global-color-5)","background-image":"","background-repeat":"repeat","background-position":"center center","background-size":"auto","background-attachment":"scroll","background-type":"","background-media":"","overlay-type":"","overlay-color":"","overlay-opacity":"","overlay-gradient":""},"mobile":{"background-color":"var(--ast-global-color-5)","background-image":"","background-repeat":"repeat","background-position":"center center","background-size":"auto","background-attachment":"scroll","background-type":"","background-media":"","overlay-type":"","overlay-color":"","overlay-opacity":"","overlay-gradient":""}},"footnotes":""},"class_list":["post-548","page","type-page","status-publish","hentry"],"post_mailing_queue_ids":[],"_links":{"self":[{"href":"https:\/\/serveiseducatius.xtec.cat\/baixcamp\/wp-json\/wp\/v2\/pages\/548","targetHints":{"allow":["GET"]}}],"collection":[{"href":"https:\/\/serveiseducatius.xtec.cat\/baixcamp\/wp-json\/wp\/v2\/pages"}],"about":[{"href":"https:\/\/serveiseducatius.xtec.cat\/baixcamp\/wp-json\/wp\/v2\/types\/page"}],"author":[{"embeddable":true,"href":"https:\/\/serveiseducatius.xtec.cat\/baixcamp\/wp-json\/wp\/v2\/users\/1"}],"replies":[{"embeddable":true,"href":"https:\/\/serveiseducatius.xtec.cat\/baixcamp\/wp-json\/wp\/v2\/comments?post=548"}],"version-history":[{"count":8,"href":"https:\/\/serveiseducatius.xtec.cat\/baixcamp\/wp-json\/wp\/v2\/pages\/548\/revisions"}],"predecessor-version":[{"id":15153,"href":"https:\/\/serveiseducatius.xtec.cat\/baixcamp\/wp-json\/wp\/v2\/pages\/548\/revisions\/15153"}],"up":[{"embeddable":true,"href":"https:\/\/serveiseducatius.xtec.cat\/baixcamp\/wp-json\/wp\/v2\/pages\/414"}],"wp:attachment":[{"href":"https:\/\/serveiseducatius.xtec.cat\/baixcamp\/wp-json\/wp\/v2\/media?parent=548"}],"curies":[{"name":"wp","href":"https:\/\/api.w.org\/{rel}","templated":true}]}}