{"id":4603,"date":"2017-02-20T16:50:23","date_gmt":"2017-02-20T15:50:23","guid":{"rendered":"http:\/\/serveiseducatius.xtec.cat\/baixcamp\/?page_id=4603"},"modified":"2026-02-10T14:24:50","modified_gmt":"2026-02-10T13:24:50","slug":"biblioteques-escolars","status":"publish","type":"page","link":"https:\/\/serveiseducatius.xtec.cat\/baixcamp\/projectes\/biblioteques-escolars\/","title":{"rendered":"Biblioteques escolars"},"content":{"rendered":"<div class=\"textLayer\">\n<p style=\"text-align: justify;\"><img loading=\"lazy\" decoding=\"async\" class=\"alignleft size-large wp-image-16546\" src=\"https:\/\/serveiseducatius.xtec.cat\/baixcamp\/wp-content\/uploads\/usu950\/2026\/01\/NOVA_DATA_conferencia_PLEC-600x600.jpg\" alt=\"\" width=\"600\" height=\"600\" srcset=\"https:\/\/serveiseducatius.xtec.cat\/baixcamp\/wp-content\/uploads\/usu950\/2026\/01\/NOVA_DATA_conferencia_PLEC-600x600.jpg 600w, https:\/\/serveiseducatius.xtec.cat\/baixcamp\/wp-content\/uploads\/usu950\/2026\/01\/NOVA_DATA_conferencia_PLEC-300x300.jpg 300w, https:\/\/serveiseducatius.xtec.cat\/baixcamp\/wp-content\/uploads\/usu950\/2026\/01\/NOVA_DATA_conferencia_PLEC-150x150.jpg 150w, https:\/\/serveiseducatius.xtec.cat\/baixcamp\/wp-content\/uploads\/usu950\/2026\/01\/NOVA_DATA_conferencia_PLEC-768x768.jpg 768w, https:\/\/serveiseducatius.xtec.cat\/baixcamp\/wp-content\/uploads\/usu950\/2026\/01\/NOVA_DATA_conferencia_PLEC.jpg 1080w\" sizes=\"auto, (max-width: 600px) 100vw, 600px\" \/><span style=\"font-weight: 400;\"><strong>A<\/strong><\/span><b style=\"font-size: revert; background-color: rgba(0, 0, 0, 0);\">quest dijous 12 de febrer<\/b><span style=\"font-weight: 400;\">\u00a0tenim prevista\u00a0 la confer\u00e8ncia \u201cPla de lectura de centre (PLEC)\u201d, que anir\u00e0 a c\u00e0rrec de la M\u00f2nica Badia, coordinadora del programa Puntedu de biblioteques escolars.<\/span><\/p>\n<\/div>\n<p><span style=\"font-weight: 400;\">Aquesta confer\u00e8ncia \u00e9s una sessi\u00f3 en obert del Seminari de la Biblioteca escolar per tal de donar resposta a tothom que estigui interessat\/da a con\u00e8ixer el PLEC, el document de refer\u00e8ncia que defineix les l\u00ednies d\u2019actuaci\u00f3 que cada centre es proposa per assegurar la compet\u00e8ncia lectora de l\u2019alumnat.\u00a0<\/span><\/p>\n<p><b>Si encara no us hi heu inscrit,<\/b><span style=\"font-weight: 400;\"> podeu fer la reserva a trav\u00e9s del:<\/span><a href=\"https:\/\/forms.gle\/KXTZu28rbYB1z8rM8\"> <span style=\"font-weight: 400;\">Formulari d\u2019inscripci\u00f3<\/span><\/a><\/p>\n<p><span style=\"font-weight: 400;\">Data: <\/span><b>Dijous, 12 de febrer<\/b><\/p>\n<p><span style=\"font-weight: 400;\">Hora: 17.20-19.20 h<\/span><\/p>\n<p><span style=\"font-weight: 400;\">Lloc:<\/span><a href=\"https:\/\/www.google.com\/maps\/dir\/\/Carrer+de+Figueres,+2,+43206+Reus,+Tarragona\/@41.16333,1.0873645,12z\/data=!4m8!4m7!1m0!1m5!1m1!1s0x12a151a8f82425e9:0xd202ea5913ae72e7!2m2!1d1.0949307!2d41.162815?entry=ttu&amp;g_ep=EgoyMDI1MTAwMS4wIKXMDSoASAFQAw%3D%3D\"> <span style=\"font-weight: 400;\">Centre de Recursos Pedag\u00f2gics del Baix Camp<\/span><\/a><span style=\"font-weight: 400;\"> (C\/Figueres, 2, Reus)<\/span><\/p>\n<p>Si voleu con\u00e8ixer les novetats de lots que ens ofereix la Central de Pr\u00e9stec, podeu consultar la p\u00e0gina web:\u00a0<a href=\"https:\/\/biblioteques.gencat.cat\/ca\/professionals\/cepse\/index.html\">https:\/\/biblioteques.gencat.cat\/ca\/professionals\/cepse\/index.html<\/a><\/p>\n<p><img loading=\"lazy\" decoding=\"async\" class=\"size-large wp-image-16577 alignnone\" src=\"https:\/\/serveiseducatius.xtec.cat\/baixcamp\/wp-content\/uploads\/usu950\/2026\/02\/centre-prestec-600x387.png\" alt=\"\" width=\"600\" height=\"387\" srcset=\"https:\/\/serveiseducatius.xtec.cat\/baixcamp\/wp-content\/uploads\/usu950\/2026\/02\/centre-prestec-600x387.png 600w, https:\/\/serveiseducatius.xtec.cat\/baixcamp\/wp-content\/uploads\/usu950\/2026\/02\/centre-prestec-300x193.png 300w, https:\/\/serveiseducatius.xtec.cat\/baixcamp\/wp-content\/uploads\/usu950\/2026\/02\/centre-prestec-768x495.png 768w, https:\/\/serveiseducatius.xtec.cat\/baixcamp\/wp-content\/uploads\/usu950\/2026\/02\/centre-prestec.png 1259w\" sizes=\"auto, (max-width: 600px) 100vw, 600px\" \/><\/p>\n<p><a href=\"http:\/\/xtec.gencat.cat\/ca\/projectes\/biblioteca\/\" target=\"_blank\" rel=\"noopener\"><img loading=\"lazy\" decoding=\"async\" class=\"alignleft wp-image-7523 size-full\" src=\"https:\/\/serveiseducatius.xtec.cat\/baixcamp\/wp-content\/uploads\/usu950\/2018\/01\/BOT\u00d3-PE.png\" alt=\"\" width=\"154\" height=\"74\" \/><\/a><\/p>\n<p>El <a href=\"http:\/\/xtec.gencat.cat\/ca\/projectes\/biblioteca\/puntedu\/\" target=\"_blank\" rel=\"noopener noreferrer\">Programa biblioteca escolar \u201cpuntedu\u201d<\/a> s\u2019inicia el curs 2004-2005 dins del marc dels Programes d\u2019Innovaci\u00f3 Educativa amb l\u2019objectiu de potenciar la biblioteca escolar dels centres educatius de Catalunya.<\/p>\n<p>Els objectius inicials del Programa, tot i que encara s\u00f3n vigents, s\u2019han anat adequant a l\u2019actualitat, marcada per l\u2019inici de l\u2019era digital. En el moment de transformaci\u00f3 educativa actual es vol iniciar un proc\u00e9s col\u00b7lectiu de reflexi\u00f3 i d\u2019intercanvi al voltant de la biblioteca escolar, tot fent emergir bons models de biblioteques de centres educatius que donin resposta a les necessitats del segle XXI.<\/p>\n<p>Enlla\u00e7os d&#8217;inter\u00e8s:<\/p>\n<ul>\n<li><a href=\"https:\/\/projectes.xtec.cat\/bescat\/mapabe\/\">Mapa de biblioteques escolars de Catalunya<\/a>: amb enlla\u00e7os al seu espai de consulta eP\u00e8rgam i al seu espai digital.<\/li>\n<li><a href=\"https:\/\/projectes.xtec.cat\/bescat\/nodes\/\">Comunitat:<\/a> Diferents NODES per participar i compartir reflexions al voltant de la biblioteca escolar.<\/li>\n<li><a href=\"https:\/\/projectes.xtec.cat\/bescat\/categoria\/noticies\/\">Nous reptes<\/a>: espai dedicat a la nova FIC de biblioteques escolars.<\/li>\n<li><a href=\"https:\/\/projectes.xtec.cat\/bescat\/segellbonespractiques\/\">Bones pr\u00e0ctiques de biblioteca:<\/a> organitzades segons cinc eixos diferents.<\/li>\n<li>NODES de la <a href=\"https:\/\/projectes.xtec.cat\/bescat\/\">Xarxa de Biblioteques Escolars<\/a><\/li>\n<\/ul>\n<h4><span style=\"color: #f72aa9;\"><strong>Actuacions entorn les Biblioteques Escolars curs 2025-2026<\/strong><\/span><\/h4>\n<p><a href=\"https:\/\/serveiseducatius.xtec.cat\/baixcamp\/wp-content\/uploads\/usu950\/2025\/12\/calendari_seminari_biblioteca.pdf\">calendari_seminari_biblioteca<\/a><\/p>\n<p>Formaci\u00f3 2n torn: <a href=\"https:\/\/projectes.xtec.cat\/bescat\/general\/2n-torn-de-formacio-de-biblioteques-escolars-4\/\">https:\/\/projectes.xtec.cat\/bescat\/general\/2n-torn-de-formacio-de-biblioteques-escolars-4\/<\/a><\/p>\n<h4><span style=\"color: #f72aa9;\"><strong>Actuacions entorn les Biblioteques Escolars curs 2023\/2024<\/strong><\/span><\/h4>\n<p>L\u2019equip de Portals Educatius de l\u2019\u00c0rea de Cultura digital ha elaborat l\u2019interactiu \u201c<a href=\"https:\/\/edu365.cat\/workshop\/joc\/bibliotecapp\/index.html\" target=\"_blank\" rel=\"noopener\"><strong>La Bibliotecapp. Aventures liter\u00e0ries a un clic<\/strong><\/a>\u201d per promoure el foment de la lectura.<\/p>\n<div><img loading=\"lazy\" decoding=\"async\" class=\"size-large aligncenter\" src=\"https:\/\/projectes.xtec.cat\/bescat\/wp-content\/uploads\/usu793\/2023\/09\/Biblioapp-edu365-300x168.png\" width=\"300\" height=\"168\" \/><\/div>\n<p>A la Bibliotecapp l\u2019alumnat (l\u2019interactiu est\u00e0 orientat a l\u2019alumnat de secund\u00e0ria obligat\u00f2ria i tamb\u00e9 per als dos \u00faltims cursos de prim\u00e0ria) podr\u00e0 gaudir de 8 aventures liter\u00e0ries diferents.<\/p>\n<p>Totes les aventures estan estructurades en 3 apartats.<\/p>\n<p>En el primer apartat, que t\u00e9 el nom d\u2019\u201dAbans de la lectura\u201d, trobar\u00e0 un exercici autocorrectiu que l\u2019ajudar\u00e0 a comprendre millor el text que llegir\u00e0 despr\u00e9s.<\/p>\n<p>Despr\u00e9s de resoldre l\u2019exercici, trobar\u00e0 la lectura, que va acompanyada d\u2019un \u00e0udio perqu\u00e8 tamb\u00e9 la pugui escoltar.<\/p>\n<p>Finalment, a l\u2019apartat \u201cDespr\u00e9s de la lectura\u201d caldr\u00e0 que resolgui quatre exercicis autocorrectius per practicar algunes q\u00fcestions ortogr\u00e0fiques i gramaticals relacionades amb el text de la lectura.<\/p>\n<div class=\"textLayer\">\n<h4><span style=\"color: #f72aa9;\"><strong>Actuacions entorn les Biblioteques Escolars curs 2022\/2023<\/strong><\/span><\/h4>\n<\/div>\n<table style=\"border-color: #ffffff; height: 226px; width: 100%;\">\n<tbody>\n<tr style=\"height: 88px;\">\n<td style=\"height: 88px; border-color: #ffffff; width: 4.84277%;\"><img loading=\"lazy\" decoding=\"async\" class=\"size-full wp-image-4131 alignleft\" src=\"http:\/\/serveiseducatius.xtec.cat\/baixcamp\/wp-content\/uploads\/usu950\/2016\/12\/s\u00edmbol-tic-e1485984144508.png\" alt=\"simbol-tic\" width=\"30\" height=\"30\" \/><\/td>\n<td style=\"height: 88px; border-color: #ffffff; width: 94.7799%;\">\n<h5 style=\"padding-left: 30px;\">Tallers &#8220;El Gust per la Lectura&#8221;<\/h5>\n<h5 style=\"padding-left: 30px;\"><img loading=\"lazy\" decoding=\"async\" class=\" wp-image-14023 alignleft\" src=\"https:\/\/serveiseducatius.xtec.cat\/baixcamp\/wp-content\/uploads\/usu950\/2022\/09\/2223Tallers-GxL_PRI_page-0001-240x600.jpg\" alt=\"\" width=\"300\" height=\"750\" srcset=\"https:\/\/serveiseducatius.xtec.cat\/baixcamp\/wp-content\/uploads\/usu950\/2022\/09\/2223Tallers-GxL_PRI_page-0001-240x600.jpg 240w, https:\/\/serveiseducatius.xtec.cat\/baixcamp\/wp-content\/uploads\/usu950\/2022\/09\/2223Tallers-GxL_PRI_page-0001-120x300.jpg 120w, https:\/\/serveiseducatius.xtec.cat\/baixcamp\/wp-content\/uploads\/usu950\/2022\/09\/2223Tallers-GxL_PRI_page-0001-768x1920.jpg 768w, https:\/\/serveiseducatius.xtec.cat\/baixcamp\/wp-content\/uploads\/usu950\/2022\/09\/2223Tallers-GxL_PRI_page-0001-614x1536.jpg 614w, https:\/\/serveiseducatius.xtec.cat\/baixcamp\/wp-content\/uploads\/usu950\/2022\/09\/2223Tallers-GxL_PRI_page-0001-819x2048.jpg 819w, https:\/\/serveiseducatius.xtec.cat\/baixcamp\/wp-content\/uploads\/usu950\/2022\/09\/2223Tallers-GxL_PRI_page-0001-scaled.jpg 1024w\" sizes=\"auto, (max-width: 300px) 100vw, 300px\" \/><img loading=\"lazy\" decoding=\"async\" class=\" wp-image-14022 alignleft\" src=\"https:\/\/serveiseducatius.xtec.cat\/baixcamp\/wp-content\/uploads\/usu950\/2022\/09\/2223-Tallers-GUST-SB_page-0001-240x600.jpg\" alt=\"\" width=\"300\" height=\"750\" srcset=\"https:\/\/serveiseducatius.xtec.cat\/baixcamp\/wp-content\/uploads\/usu950\/2022\/09\/2223-Tallers-GUST-SB_page-0001-240x600.jpg 240w, https:\/\/serveiseducatius.xtec.cat\/baixcamp\/wp-content\/uploads\/usu950\/2022\/09\/2223-Tallers-GUST-SB_page-0001-120x300.jpg 120w, https:\/\/serveiseducatius.xtec.cat\/baixcamp\/wp-content\/uploads\/usu950\/2022\/09\/2223-Tallers-GUST-SB_page-0001-768x1920.jpg 768w, https:\/\/serveiseducatius.xtec.cat\/baixcamp\/wp-content\/uploads\/usu950\/2022\/09\/2223-Tallers-GUST-SB_page-0001-614x1536.jpg 614w, https:\/\/serveiseducatius.xtec.cat\/baixcamp\/wp-content\/uploads\/usu950\/2022\/09\/2223-Tallers-GUST-SB_page-0001-819x2048.jpg 819w, https:\/\/serveiseducatius.xtec.cat\/baixcamp\/wp-content\/uploads\/usu950\/2022\/09\/2223-Tallers-GUST-SB_page-0001-scaled.jpg 1024w\" sizes=\"auto, (max-width: 300px) 100vw, 300px\" \/><\/h5>\n<\/td>\n<\/tr>\n<tr style=\"height: 88px;\">\n<td style=\"height: 88px; border-color: #ffffff; width: 4.84277%;\"><img loading=\"lazy\" decoding=\"async\" class=\"size-full wp-image-4131 alignleft\" src=\"http:\/\/serveiseducatius.xtec.cat\/baixcamp\/wp-content\/uploads\/usu950\/2016\/12\/s\u00edmbol-tic-e1485984144508.png\" alt=\"simbol-tic\" width=\"30\" height=\"30\" \/><\/td>\n<td style=\"height: 88px; border-color: #ffffff; width: 94.7799%;\">\n<h5><a href=\"https:\/\/aplicacions.gestioeducativa.gencat.cat\/pls\/soloas\/pk_for_mod_ins.p_for_cons_activitats\">7020011702 C 2022-2023 Cocreaci\u00f3 de projectes literaris (20h)<\/a><\/h5>\n<p>Seminari. CRP del Baix Camp (Reus). Del dijous 20\/10\/2022 al 15\/6\/2023 de 18:00h a 20:00h<br \/>\nEn aquest grup treballarem de manera col\u00b7laborativa per tal que la biblioteca i la literatura esdevinguin una eina educativa m\u00e9s dins la vida del centre a partir de la suma dels diferents projectes que es desenvolupen al llarg del curs ( Big Draw, Sant Jordi, Poetry Slam&#8230;)<\/p>\n<h5><a href=\"https:\/\/aplicacions.gestioeducativa.gencat.cat\/pls\/soloas\/pk_for_mod_ins.p_for_cons_activitats\">7021921702 C Club de lectura per professorat de Secund\u00e0ria (20h)<\/a><\/h5>\n<p>Aquesta activitat t\u00e9 com a objectiu fer recomanacions actualitzades de lectures per treballar a l&#8217;aula.<br \/>\nLes dates i l&#8217;horari s\u00f3n provisionals.<\/p>\n<p>Aquestes dues primeres activitats aniran a c\u00e0rrec de Santiago Jim\u00e9nez Ferreiro, expert en novetats liter\u00e0ries infantils i juvenils.<\/td>\n<\/tr>\n<tr style=\"height: 50px;\">\n<td style=\"border-color: #ffffff; width: 4.84277%; height: 50px;\"><img loading=\"lazy\" decoding=\"async\" class=\"size-full wp-image-4131 alignnone\" src=\"http:\/\/serveiseducatius.xtec.cat\/baixcamp\/wp-content\/uploads\/usu950\/2016\/12\/s\u00edmbol-tic-e1485984144508.png\" alt=\"simbol-tic\" width=\"30\" height=\"30\" \/><\/td>\n<td style=\"border-color: #ffffff; width: 94.7799%; height: 50px;\">\n<h5><a href=\"https:\/\/aplicacions.gestioeducativa.gencat.cat\/pls\/soloas\/pk_for_mod_ins.p_for_cons_activitats\">7021931702 C Poetry Slam per professorat (5h)<\/a><\/h5>\n<p>Els conceptes d&#8217;slam poetry o slam es refereixen a l&#8217;escenificaci\u00f3 de poesia realitzada pel mateix autor d\u2019un text davant del p\u00fablic. La uni\u00f3 del text amb la seva presentaci\u00f3 art\u00edstica caracteritzen aquest nou g\u00e8nere literari.<br \/>\nFarem un tast per tal d&#8217;iniciar-nos en la seva aplicaci\u00f3 a l&#8217;aula.<br \/>\nLes dates i l&#8217;horari s\u00f3n provisionals.<\/p>\n<p>Aquesta activitat anir\u00e0 a c\u00e0rrec de Salvador Sol\u00e9, poeta i autor, pioner en la creaci\u00f3 d&#8217;aquest g\u00e8nere literari.<\/td>\n<\/tr>\n<tr>\n<td style=\"border-color: #ffffff; width: 4.84277%;\"><img loading=\"lazy\" decoding=\"async\" class=\"size-full wp-image-4131 alignnone\" src=\"http:\/\/serveiseducatius.xtec.cat\/baixcamp\/wp-content\/uploads\/usu950\/2016\/12\/s\u00edmbol-tic-e1485984144508.png\" alt=\"simbol-tic\" width=\"30\" height=\"30\" \/><\/td>\n<td style=\"border-color: #ffffff; width: 94.7799%;\">\n<h5 class=\"textLayer\" style=\"padding-left: 30px;\">Jornades SEIEM? <a href=\"https:\/\/biblioteques.reus.cat\/agenda\/jornada-seiem-2021\">2021-2022<\/a><\/h5>\n<\/td>\n<\/tr>\n<\/tbody>\n<\/table>\n<p>Continguts de les jornades <strong>SEIEM<\/strong> d&#8217;altres edicions:<\/p>\n<p><a href=\"https:\/\/biblioteques.reus.cat\/continguts-seiem\"><img loading=\"lazy\" decoding=\"async\" class=\"size-large wp-image-11753 aligncenter\" src=\"https:\/\/serveiseducatius.xtec.cat\/baixcamp\/wp-content\/uploads\/usu950\/2020\/10\/continguts_seiem-600x421.jpg\" alt=\"\" width=\"600\" height=\"421\" srcset=\"https:\/\/serveiseducatius.xtec.cat\/baixcamp\/wp-content\/uploads\/usu950\/2020\/10\/continguts_seiem-600x421.jpg 600w, https:\/\/serveiseducatius.xtec.cat\/baixcamp\/wp-content\/uploads\/usu950\/2020\/10\/continguts_seiem-300x211.jpg 300w, https:\/\/serveiseducatius.xtec.cat\/baixcamp\/wp-content\/uploads\/usu950\/2020\/10\/continguts_seiem-768x539.jpg 768w, https:\/\/serveiseducatius.xtec.cat\/baixcamp\/wp-content\/uploads\/usu950\/2020\/10\/continguts_seiem.jpg 819w\" sizes=\"auto, (max-width: 600px) 100vw, 600px\" \/><\/a><\/p>\n<p>En aquest <a href=\"https:\/\/biblioteques.reus.cat\/continguts-seiem\">enlla\u00e7<\/a> podreu veure i descarregar-vos la documentaci\u00f3 de la Jornada Seiem connectats-JEP 2020 del passat 9 d&#8217;octubre.<\/p>\n<h4><span style=\"color: #000000;\"><strong>Enlla\u00e7os d&#8217;inter\u00e8s:<\/strong><\/span><\/h4>\n<p><a href=\"https:\/\/biblioteques.reus.cat\/\">Biblioteques Municipals de Reus<\/a><span style=\"color: #0000ff; font-family: sans-serif; font-size: small;\"><u><br \/>\n<\/u><\/span><\/p>\n","protected":false},"excerpt":{"rendered":"<p>Aquest dijous 12 de febrer\u00a0tenim prevista\u00a0 la confer\u00e8ncia \u201cPla de lectura de centre (PLEC)\u201d, que anir\u00e0 a c\u00e0rrec de la M\u00f2nica Badia, coordinadora del programa Puntedu de biblioteques escolars. Aquesta confer\u00e8ncia \u00e9s una sessi\u00f3 en obert del Seminari de la Biblioteca escolar per tal de donar resposta a tothom que estigui interessat\/da a con\u00e8ixer el [&hellip;]<\/p>\n","protected":false},"author":1,"featured_media":0,"parent":13463,"menu_order":0,"comment_status":"closed","ping_status":"closed","template":"page-templates\/side-menu.php","meta":{"_bbp_topic_count":0,"_bbp_reply_count":0,"_bbp_total_topic_count":0,"_bbp_total_reply_count":0,"_bbp_voice_count":0,"_bbp_anonymous_reply_count":0,"_bbp_topic_count_hidden":0,"_bbp_reply_count_hidden":0,"_bbp_forum_subforum_count":0,"site-sidebar-layout":"default","site-content-layout":"","ast-site-content-layout":"default","site-content-style":"default","site-sidebar-style":"default","ast-global-header-display":"","ast-banner-title-visibility":"","ast-main-header-display":"","ast-hfb-above-header-display":"","ast-hfb-below-header-display":"","ast-hfb-mobile-header-display":"","site-post-title":"","ast-breadcrumbs-content":"","ast-featured-img":"","footer-sml-layout":"","theme-transparent-header-meta":"","adv-header-id-meta":"","stick-header-meta":"","header-above-stick-meta":"","header-main-stick-meta":"","header-below-stick-meta":"","astra-migrate-meta-layouts":"set","ast-page-background-enabled":"default","ast-page-background-meta":{"desktop":{"background-color":"var(--ast-global-color-4)","background-image":"","background-repeat":"repeat","background-position":"center center","background-size":"auto","background-attachment":"scroll","background-type":"","background-media":"","overlay-type":"","overlay-color":"","overlay-opacity":"","overlay-gradient":""},"tablet":{"background-color":"","background-image":"","background-repeat":"repeat","background-position":"center center","background-size":"auto","background-attachment":"scroll","background-type":"","background-media":"","overlay-type":"","overlay-color":"","overlay-opacity":"","overlay-gradient":""},"mobile":{"background-color":"","background-image":"","background-repeat":"repeat","background-position":"center center","background-size":"auto","background-attachment":"scroll","background-type":"","background-media":"","overlay-type":"","overlay-color":"","overlay-opacity":"","overlay-gradient":""}},"ast-content-background-meta":{"desktop":{"background-color":"var(--ast-global-color-5)","background-image":"","background-repeat":"repeat","background-position":"center center","background-size":"auto","background-attachment":"scroll","background-type":"","background-media":"","overlay-type":"","overlay-color":"","overlay-opacity":"","overlay-gradient":""},"tablet":{"background-color":"var(--ast-global-color-5)","background-image":"","background-repeat":"repeat","background-position":"center center","background-size":"auto","background-attachment":"scroll","background-type":"","background-media":"","overlay-type":"","overlay-color":"","overlay-opacity":"","overlay-gradient":""},"mobile":{"background-color":"var(--ast-global-color-5)","background-image":"","background-repeat":"repeat","background-position":"center center","background-size":"auto","background-attachment":"scroll","background-type":"","background-media":"","overlay-type":"","overlay-color":"","overlay-opacity":"","overlay-gradient":""}},"footnotes":""},"class_list":["post-4603","page","type-page","status-publish","hentry"],"post_mailing_queue_ids":[],"_links":{"self":[{"href":"https:\/\/serveiseducatius.xtec.cat\/baixcamp\/wp-json\/wp\/v2\/pages\/4603","targetHints":{"allow":["GET"]}}],"collection":[{"href":"https:\/\/serveiseducatius.xtec.cat\/baixcamp\/wp-json\/wp\/v2\/pages"}],"about":[{"href":"https:\/\/serveiseducatius.xtec.cat\/baixcamp\/wp-json\/wp\/v2\/types\/page"}],"author":[{"embeddable":true,"href":"https:\/\/serveiseducatius.xtec.cat\/baixcamp\/wp-json\/wp\/v2\/users\/1"}],"replies":[{"embeddable":true,"href":"https:\/\/serveiseducatius.xtec.cat\/baixcamp\/wp-json\/wp\/v2\/comments?post=4603"}],"version-history":[{"count":8,"href":"https:\/\/serveiseducatius.xtec.cat\/baixcamp\/wp-json\/wp\/v2\/pages\/4603\/revisions"}],"predecessor-version":[{"id":16631,"href":"https:\/\/serveiseducatius.xtec.cat\/baixcamp\/wp-json\/wp\/v2\/pages\/4603\/revisions\/16631"}],"up":[{"embeddable":true,"href":"https:\/\/serveiseducatius.xtec.cat\/baixcamp\/wp-json\/wp\/v2\/pages\/13463"}],"wp:attachment":[{"href":"https:\/\/serveiseducatius.xtec.cat\/baixcamp\/wp-json\/wp\/v2\/media?parent=4603"}],"curies":[{"name":"wp","href":"https:\/\/api.w.org\/{rel}","templated":true}]}}