{"id":4593,"date":"2017-02-20T14:40:06","date_gmt":"2017-02-20T13:40:06","guid":{"rendered":"http:\/\/serveiseducatius.xtec.cat\/baixcamp\/?page_id=4593"},"modified":"2026-03-17T14:14:44","modified_gmt":"2026-03-17T13:14:44","slug":"participants","status":"publish","type":"page","link":"https:\/\/serveiseducatius.xtec.cat\/baixcamp\/dinamitzacions\/mostra-de-teatre\/participants\/","title":{"rendered":"Participants"},"content":{"rendered":"\n<div class=\"wp-block-columns is-layout-flex wp-container-core-columns-is-layout-1 wp-block-columns-is-layout-flex\">\n<div class=\"wp-block-column is-layout-flow wp-block-column-is-layout-flow\" style=\"flex-basis:20%\">\n<figure class=\"wp-block-image alignleft is-resized\"><img loading=\"lazy\" decoding=\"async\" width=\"933\" height=\"564\" src=\"http:\/\/serveiseducatius.xtec.cat\/baixcamp\/wp-content\/uploads\/usu950\/2016\/11\/logo_principal-1.png\" alt=\"logo_principal\" class=\"wp-image-2272\" style=\"width:135px\"\/><\/figure>\n<\/div>\n\n\n\n<div class=\"wp-block-column is-layout-flow wp-block-column-is-layout-flow\" style=\"flex-basis:80%\">\n<h2 class=\"wp-block-heading\">XLIV Mostra de Teatre de Reus i Baix Camp<\/h2>\n<\/div>\n<\/div>\n\n\n\n<figure class=\"wp-block-table is-style-stripes\">\n<table class=\"has-fixed-layout\" style=\"width: 100%; height: 460px;\">\n<thead>\n<tr style=\"background-color: #a41159;\">\n<th style=\"text-align: left; height: 23px; width: 33.3333%;\"><span style=\"color: #ffffff;\"><strong>Centre<\/strong><\/span><\/th>\n<th style=\"text-align: left; height: 23px; width: 33.3333%;\"><span style=\"color: #ffffff;\"><strong>Etapa<\/strong><\/span><\/th>\n<th style=\"text-align: left; height: 23px; width: 33.3333%;\"><span style=\"color: #ffffff;\"><strong>Obra<\/strong><\/span><\/th>\n<\/tr>\n<\/thead>\n<tbody>\n<tr style=\"height: 23px;\">\n<td style=\"height: 23px; width: 33.3333%;\">ESC Joan Rebull<\/td>\n<td style=\"height: 23px; width: 33.3333%;\">PRIM\u00c0RIA<\/td>\n<td style=\"height: 23px; width: 33.3333%;\">GaudiR<\/td>\n<\/tr>\n<tr style=\"height: 23px;\">\n<td style=\"height: 23px; width: 33.3333%;\">ESC Mari\u00e0 Fortuny<\/td>\n<td style=\"height: 23px; width: 33.3333%;\">E. INFANTIL<\/td>\n<td style=\"height: 23px; width: 33.3333%;\">L&#8217;\u00e0via Pepa<\/td>\n<\/tr>\n<tr style=\"height: 23px;\">\n<td style=\"height: 23px; width: 33.3333%;\">COL Sant Josep<\/td>\n<td style=\"height: 23px; width: 33.3333%;\">PRIM\u00c0RIA<\/td>\n<td style=\"height: 23px; width: 33.3333%;\">GAUDIm amb Peter Pan<\/td>\n<\/tr>\n<tr style=\"height: 23px;\">\n<td style=\"height: 23px; width: 33.3333%;\">ESC Isabel Besora<\/td>\n<td style=\"height: 23px; width: 33.3333%;\">PRIM\u00c0RIA<\/td>\n<td style=\"height: 23px; width: 33.3333%;\">\u00a0<\/td>\n<\/tr>\n<tr style=\"height: 23px;\">\n<td style=\"height: 23px; width: 33.3333%;\">COL Pare Manyanet<\/td>\n<td style=\"height: 23px; width: 33.3333%;\">PRIM\u00c0RIA<\/td>\n<td style=\"height: 23px; width: 33.3333%;\">La melodia compartida<\/td>\n<\/tr>\n<tr style=\"height: 23px;\">\n<td style=\"height: 23px; width: 33.3333%;\">ESC Mare de D\u00e9u del Roser<\/td>\n<td style=\"height: 23px; width: 33.3333%;\">PRIM\u00c0RIA<\/td>\n<td style=\"height: 23px; width: 33.3333%;\">GUAPA<\/td>\n<\/tr>\n<tr style=\"height: 23px;\">\n<td style=\"height: 23px; width: 33.3333%;\">COL Sant Rafael<\/td>\n<td style=\"height: 23px; width: 33.3333%;\">PRIM\u00c0RIA<\/td>\n<td style=\"height: 23px; width: 33.3333%;\">A la meva escola hi ha monstres<\/td>\n<\/tr>\n<tr style=\"height: 23px;\">\n<td style=\"height: 23px; width: 33.3333%;\">COL Puigcerver<\/td>\n<td style=\"height: 23px; width: 33.3333%;\">PRIM\u00c0RIA<\/td>\n<td style=\"height: 23px; width: 33.3333%;\">Toy Story. El musical<\/td>\n<\/tr>\n<tr style=\"height: 23px;\">\n<td style=\"height: 23px; width: 33.3333%;\">COL Maria Cortina<\/td>\n<td style=\"height: 23px; width: 33.3333%;\">PRIM\u00c0RIA<\/td>\n<td style=\"height: 23px; width: 33.3333%;\">Ja en tinc prou<\/td>\n<\/tr>\n<tr style=\"height: 23px;\">\n<td style=\"height: 23px; width: 33.3333%;\">INS Gabriel Ferrater<\/td>\n<td style=\"height: 23px; width: 33.3333%;\">SECUND\u00c0RIA<\/td>\n<td style=\"height: 23px; width: 33.3333%;\">I tu, qu\u00e8 n&#8217;opines?<\/td>\n<\/tr>\n<tr style=\"height: 23px;\">\n<td style=\"height: 23px; width: 33.3333%;\">INS Berenguer d&#8217;Enten\u00e7a<\/td>\n<td style=\"height: 23px; width: 33.3333%;\">SECUND\u00c0RIA<\/td>\n<td style=\"height: 23px; width: 33.3333%;\">Grease<\/td>\n<\/tr>\n<tr style=\"height: 23px;\">\n<td style=\"height: 23px; width: 33.3333%;\">COL Maria Rosa Molas<\/td>\n<td style=\"height: 23px; width: 33.3333%;\">PRIM\u00c0RIA<\/td>\n<td style=\"height: 23px; width: 33.3333%;\">El Petit Pr\u00edncep<\/td>\n<\/tr>\n<tr style=\"height: 23px;\">\n<td style=\"height: 23px; width: 33.3333%;\">ESC Rubi\u00f3 i Ors<\/td>\n<td style=\"height: 23px; width: 33.3333%;\">PRIM\u00c0RIA<\/td>\n<td style=\"height: 23px; width: 33.3333%;\"><span data-sheets-root=\"1\">Tots els camins porten al RiO<\/span><\/td>\n<\/tr>\n<tr style=\"height: 23px;\">\n<td style=\"height: 23px; width: 33.3333%;\">COL La Salle Reus<\/td>\n<td style=\"height: 23px; width: 33.3333%;\">PRIM\u00c0RIA<\/td>\n<td style=\"height: 23px; width: 33.3333%;\">T&#8217;he enxampat, Caputxeta<\/td>\n<\/tr>\n<tr style=\"height: 23px;\">\n<td style=\"height: 23px; width: 33.3333%;\">INS Miami<\/td>\n<td style=\"height: 23px; width: 33.3333%;\">SECUND\u00c0RIA<\/td>\n<td style=\"height: 23px; width: 33.3333%;\">Costumisme nostrat<\/td>\n<\/tr>\n<tr style=\"height: 23px;\">\n<td style=\"height: 23px; width: 33.3333%;\">ESC Eduard Toda<\/td>\n<td style=\"height: 23px; width: 33.3333%;\">PRIM\u00c0RIA<\/td>\n<td style=\"height: 23px; width: 33.3333%;\">Bon profit&#8230; si t&#8217;atreveixes<\/td>\n<\/tr>\n<tr style=\"height: 23px;\">\n<td style=\"height: 23px; width: 33.3333%;\">ESC Josep Fust\u00e9<\/td>\n<td style=\"height: 23px; width: 33.3333%;\">PRIM\u00c0RIA<\/td>\n<td style=\"height: 23px; width: 33.3333%;\"><em>Les armes de Bagatel\u00b7la<\/em> de Joaquim Carb\u00f3<\/td>\n<\/tr>\n<tr style=\"height: 23px;\">\n<td style=\"height: 23px; width: 33.3333%;\">CEE Ntra. Senyora del Mar<\/td>\n<td style=\"height: 23px; width: 33.3333%;\">PRIM\u00c0RIA<\/td>\n<td style=\"height: 23px; width: 33.3333%;\">Super SAAC, una superhero\u00efna a l&#8217;escola<\/td>\n<\/tr>\n<tr style=\"height: 23px;\">\n<td style=\"height: 23px; width: 33.3333%;\">IE Pi del Burgar<\/td>\n<td style=\"height: 23px; width: 33.3333%;\">PRIM\u00c0RIA<\/td>\n<td style=\"height: 23px; width: 33.3333%;\">\u00a0<\/td>\n<\/tr>\n<tr>\n<td style=\"width: 33.3333%;\">INS Josep Tapir\u00f3<\/td>\n<td style=\"width: 33.3333%;\">SECUND\u00c0RIA<\/td>\n<td style=\"width: 33.3333%;\">Titelles de Vilaencanteri<\/td>\n<\/tr>\n<tr>\n<td style=\"width: 33.3333%;\">ESC Pompeu Fabra<\/td>\n<td style=\"width: 33.3333%;\">PRIM\u00c0RIA<\/td>\n<td style=\"width: 33.3333%;\">Hem inventat el motor d&#8217;aigua!<\/td>\n<\/tr>\n<\/tbody>\n<\/table>\n<\/figure>\n","protected":false},"excerpt":{"rendered":"<p>XLIV Mostra de Teatre de Reus i Baix Camp Centre Etapa Obra ESC Joan Rebull PRIM\u00c0RIA GaudiR ESC Mari\u00e0 Fortuny E. INFANTIL L&#8217;\u00e0via Pepa COL Sant Josep PRIM\u00c0RIA GAUDIm amb Peter Pan ESC Isabel Besora PRIM\u00c0RIA \u00a0 COL Pare Manyanet PRIM\u00c0RIA La melodia compartida ESC Mare de D\u00e9u del Roser PRIM\u00c0RIA GUAPA COL Sant Rafael [&hellip;]<\/p>\n","protected":false},"author":1,"featured_media":0,"parent":1795,"menu_order":50,"comment_status":"closed","ping_status":"closed","template":"page-templates\/side-menu.php","meta":{"_bbp_topic_count":0,"_bbp_reply_count":0,"_bbp_total_topic_count":0,"_bbp_total_reply_count":0,"_bbp_voice_count":0,"_bbp_anonymous_reply_count":0,"_bbp_topic_count_hidden":0,"_bbp_reply_count_hidden":0,"_bbp_forum_subforum_count":0,"site-sidebar-layout":"default","site-content-layout":"","ast-site-content-layout":"default","site-content-style":"default","site-sidebar-style":"default","ast-global-header-display":"","ast-banner-title-visibility":"","ast-main-header-display":"","ast-hfb-above-header-display":"","ast-hfb-below-header-display":"","ast-hfb-mobile-header-display":"","site-post-title":"","ast-breadcrumbs-content":"","ast-featured-img":"","footer-sml-layout":"","theme-transparent-header-meta":"","adv-header-id-meta":"","stick-header-meta":"","header-above-stick-meta":"","header-main-stick-meta":"","header-below-stick-meta":"","astra-migrate-meta-layouts":"set","ast-page-background-enabled":"default","ast-page-background-meta":{"desktop":{"background-color":"var(--ast-global-color-4)","background-image":"","background-repeat":"repeat","background-position":"center center","background-size":"auto","background-attachment":"scroll","background-type":"","background-media":"","overlay-type":"","overlay-color":"","overlay-opacity":"","overlay-gradient":""},"tablet":{"background-color":"","background-image":"","background-repeat":"repeat","background-position":"center center","background-size":"auto","background-attachment":"scroll","background-type":"","background-media":"","overlay-type":"","overlay-color":"","overlay-opacity":"","overlay-gradient":""},"mobile":{"background-color":"","background-image":"","background-repeat":"repeat","background-position":"center center","background-size":"auto","background-attachment":"scroll","background-type":"","background-media":"","overlay-type":"","overlay-color":"","overlay-opacity":"","overlay-gradient":""}},"ast-content-background-meta":{"desktop":{"background-color":"var(--ast-global-color-5)","background-image":"","background-repeat":"repeat","background-position":"center center","background-size":"auto","background-attachment":"scroll","background-type":"","background-media":"","overlay-type":"","overlay-color":"","overlay-opacity":"","overlay-gradient":""},"tablet":{"background-color":"var(--ast-global-color-5)","background-image":"","background-repeat":"repeat","background-position":"center center","background-size":"auto","background-attachment":"scroll","background-type":"","background-media":"","overlay-type":"","overlay-color":"","overlay-opacity":"","overlay-gradient":""},"mobile":{"background-color":"var(--ast-global-color-5)","background-image":"","background-repeat":"repeat","background-position":"center center","background-size":"auto","background-attachment":"scroll","background-type":"","background-media":"","overlay-type":"","overlay-color":"","overlay-opacity":"","overlay-gradient":""}},"footnotes":""},"class_list":["post-4593","page","type-page","status-publish","hentry"],"post_mailing_queue_ids":[],"_links":{"self":[{"href":"https:\/\/serveiseducatius.xtec.cat\/baixcamp\/wp-json\/wp\/v2\/pages\/4593","targetHints":{"allow":["GET"]}}],"collection":[{"href":"https:\/\/serveiseducatius.xtec.cat\/baixcamp\/wp-json\/wp\/v2\/pages"}],"about":[{"href":"https:\/\/serveiseducatius.xtec.cat\/baixcamp\/wp-json\/wp\/v2\/types\/page"}],"author":[{"embeddable":true,"href":"https:\/\/serveiseducatius.xtec.cat\/baixcamp\/wp-json\/wp\/v2\/users\/1"}],"replies":[{"embeddable":true,"href":"https:\/\/serveiseducatius.xtec.cat\/baixcamp\/wp-json\/wp\/v2\/comments?post=4593"}],"version-history":[{"count":6,"href":"https:\/\/serveiseducatius.xtec.cat\/baixcamp\/wp-json\/wp\/v2\/pages\/4593\/revisions"}],"predecessor-version":[{"id":16766,"href":"https:\/\/serveiseducatius.xtec.cat\/baixcamp\/wp-json\/wp\/v2\/pages\/4593\/revisions\/16766"}],"up":[{"embeddable":true,"href":"https:\/\/serveiseducatius.xtec.cat\/baixcamp\/wp-json\/wp\/v2\/pages\/1795"}],"wp:attachment":[{"href":"https:\/\/serveiseducatius.xtec.cat\/baixcamp\/wp-json\/wp\/v2\/media?parent=4593"}],"curies":[{"name":"wp","href":"https:\/\/api.w.org\/{rel}","templated":true}]}}