{"id":416,"date":"2015-11-25T15:58:53","date_gmt":"2015-11-25T14:58:53","guid":{"rendered":"http:\/\/serveiseducatius.xtec.cat\/baixcamp\/?page_id=416"},"modified":"2024-11-29T11:55:06","modified_gmt":"2024-11-29T10:55:06","slug":"pla-de-formacio-de-zonamodalitats","status":"publish","type":"page","link":"https:\/\/serveiseducatius.xtec.cat\/baixcamp\/formacio\/pla-de-formacio-de-zona-pfz\/pla-de-formacio-de-zonamodalitats\/","title":{"rendered":"Modalitats"},"content":{"rendered":"<p>El Pla de Formaci\u00f3 de Zona (PFZ) disposa de diverses modalitats de formaci\u00f3 permanent docent.<\/p>\n<p>Les <strong>modalitats<\/strong> per al curs <strong>2024-2025<\/strong>\u00a0s\u00f3n les seg\u00fcents:<\/p>\n<table style=\"border-color: #fafafa;\">\n<tbody>\n<tr>\n<td style=\"background-color: #e8dfdf; border-color: #fafafa; width: 590px;\"><img loading=\"lazy\" decoding=\"async\" class=\"alignnone wp-image-12599 \" src=\"https:\/\/serveiseducatius.xtec.cat\/baixcamp\/wp-content\/uploads\/usu950\/2021\/04\/modalitats.png\" alt=\"\" width=\"554\" height=\"308\" srcset=\"https:\/\/serveiseducatius.xtec.cat\/baixcamp\/wp-content\/uploads\/usu950\/2021\/04\/modalitats.png 516w, https:\/\/serveiseducatius.xtec.cat\/baixcamp\/wp-content\/uploads\/usu950\/2021\/04\/modalitats-300x167.png 300w\" sizes=\"auto, (max-width: 554px) 100vw, 554px\" \/><\/td>\n<td style=\"background-color: #e8dfdf; border-color: #fafafa; width: 198px;\">\n<p style=\"text-align: left;\"><strong><a href=\"https:\/\/docs.google.com\/document\/d\/1A4gXpCjfc9RUQ7PjdeDIHqsegTJG1M1ehBeQFTNVhSU\/edit?tab=t.0#heading=h.667lee8sxqn5\">Per saber-ne m\u00e9s<\/a><br \/>\n<\/strong><\/p>\n<ul>\n<li style=\"text-align: left;\">\n<h6><span style=\"color: #000000;\">Formaci\u00f3 en centre<\/span><\/h6>\n<ul>\n<li>\n<h6><span style=\"color: #000000;\">FIC<\/span><\/h6>\n<\/li>\n<li>\n<h6><span style=\"color: #993366;\"><a style=\"color: #993366;\" href=\"https:\/\/ateneu.xtec.cat\/wikiform\/wikiexport\/materials\/vfac\/index\">Visita formativa<\/a><\/span><\/h6>\n<\/li>\n<\/ul>\n<\/li>\n<li style=\"text-align: left;\">\n<h6><span style=\"color: #000000;\">Formaci\u00f3 per a centres<\/span><\/h6>\n<\/li>\n<li>\n<h6 style=\"text-align: left;\"><span style=\"color: #000000;\">Formaci\u00f3 individual<\/span><\/h6>\n<\/li>\n<\/ul>\n<\/td>\n<td style=\"background-color: #e8dfdf; border-color: #fafafa; width: 198px;\">\n<h4><\/h4>\n<h4><\/h4>\n<h4 style=\"text-align: center;\"><a href=\"https:\/\/forms.gle\/9yERfSRwgumyh7W88\"><strong>Sol\u00b7licitud<\/strong><\/a><\/h4>\n<h4 style=\"text-align: center;\"><span style=\"color: #000000;\">demanda a centre<\/span><\/h4>\n<h4 style=\"text-align: center;\"><\/h4>\n<p style=\"text-align: left;\"><strong>\u00a0<\/strong><\/p>\n<\/td>\n<\/tr>\n<\/tbody>\n<\/table>\n<h6><strong>La Formaci\u00f3 Interna de Centre (FIC)<\/strong><\/h6>\n<p><a href=\"http:\/\/serveiseducatius.xtec.cat\/baixcamp\/wp-content\/uploads\/usu950\/2015\/11\/fic1.png\"><img loading=\"lazy\" decoding=\"async\" class=\" wp-image-574 alignleft\" src=\"http:\/\/serveiseducatius.xtec.cat\/baixcamp\/wp-content\/uploads\/usu950\/2015\/11\/fic1.png\" alt=\"fic\" width=\"76\" height=\"72\" \/><\/a>En el cas de la FIC, modalitat formativa en centre, s&#8217;ha de tenir en compte que es tracta d&#8217;una formaci\u00f3 que s\u2019adre\u00e7a a la majoria del claustre o a un col\u00b7lectiu d\u2019un centre.<\/p>\n<p>\u00c9s liderada i dinamitzada per un equip de coordinaci\u00f3 format per tres persones del centre entre les quals almenys una \u00e9s de l\u2019equip directiu. No hi ha un formador extern.<\/p>\n<p>Podeu consultar els materials i recursos per a la formaci\u00f3 de l&#8217;<a href=\"http:\/\/ateneu.xtec.cat\/wikiform\/wikiexport\/fic\/dir\/index\" target=\"_blank\" rel=\"noopener noreferrer\">ATENEU<\/a>.\u00a0Si voleu engegar una formaci\u00f3 interna al vostre centre, poseu-vos en contacte amb nosaltres <strong>e3990102@xtec.cat<\/strong><\/p>\n<h6><\/h6>\n<p><strong>Formats de formaci\u00f3<\/strong><\/p>\n<p><img loading=\"lazy\" decoding=\"async\" class=\"alignnone wp-image-12608\" src=\"https:\/\/serveiseducatius.xtec.cat\/baixcamp\/wp-content\/uploads\/usu950\/2021\/04\/presnopres.png\" alt=\"\" width=\"598\" height=\"154\" srcset=\"https:\/\/serveiseducatius.xtec.cat\/baixcamp\/wp-content\/uploads\/usu950\/2021\/04\/presnopres.png 505w, https:\/\/serveiseducatius.xtec.cat\/baixcamp\/wp-content\/uploads\/usu950\/2021\/04\/presnopres-300x77.png 300w\" sizes=\"auto, (max-width: 598px) 100vw, 598px\" \/><\/p>\n","protected":false},"excerpt":{"rendered":"<p>El Pla de Formaci\u00f3 de Zona (PFZ) disposa de diverses modalitats de formaci\u00f3 permanent docent. Les modalitats per al curs 2024-2025\u00a0s\u00f3n les seg\u00fcents: Per saber-ne m\u00e9s Formaci\u00f3 en centre FIC Visita formativa Formaci\u00f3 per a centres Formaci\u00f3 individual Sol\u00b7licitud demanda a centre \u00a0 La Formaci\u00f3 Interna de Centre (FIC) En el cas de la FIC, [&hellip;]<\/p>\n","protected":false},"author":1,"featured_media":0,"parent":414,"menu_order":10,"comment_status":"closed","ping_status":"closed","template":"page-templates\/side-menu.php","meta":{"_bbp_topic_count":0,"_bbp_reply_count":0,"_bbp_total_topic_count":0,"_bbp_total_reply_count":0,"_bbp_voice_count":0,"_bbp_anonymous_reply_count":0,"_bbp_topic_count_hidden":0,"_bbp_reply_count_hidden":0,"_bbp_forum_subforum_count":0,"site-sidebar-layout":"default","site-content-layout":"","ast-site-content-layout":"","site-content-style":"default","site-sidebar-style":"default","ast-global-header-display":"","ast-banner-title-visibility":"","ast-main-header-display":"","ast-hfb-above-header-display":"","ast-hfb-below-header-display":"","ast-hfb-mobile-header-display":"","site-post-title":"","ast-breadcrumbs-content":"","ast-featured-img":"","footer-sml-layout":"","theme-transparent-header-meta":"","adv-header-id-meta":"","stick-header-meta":"","header-above-stick-meta":"","header-main-stick-meta":"","header-below-stick-meta":"","astra-migrate-meta-layouts":"default","ast-page-background-enabled":"default","ast-page-background-meta":{"desktop":{"background-color":"var(--ast-global-color-4)","background-image":"","background-repeat":"repeat","background-position":"center center","background-size":"auto","background-attachment":"scroll","background-type":"","background-media":"","overlay-type":"","overlay-color":"","overlay-opacity":"","overlay-gradient":""},"tablet":{"background-color":"","background-image":"","background-repeat":"repeat","background-position":"center center","background-size":"auto","background-attachment":"scroll","background-type":"","background-media":"","overlay-type":"","overlay-color":"","overlay-opacity":"","overlay-gradient":""},"mobile":{"background-color":"","background-image":"","background-repeat":"repeat","background-position":"center center","background-size":"auto","background-attachment":"scroll","background-type":"","background-media":"","overlay-type":"","overlay-color":"","overlay-opacity":"","overlay-gradient":""}},"ast-content-background-meta":{"desktop":{"background-color":"var(--ast-global-color-5)","background-image":"","background-repeat":"repeat","background-position":"center center","background-size":"auto","background-attachment":"scroll","background-type":"","background-media":"","overlay-type":"","overlay-color":"","overlay-opacity":"","overlay-gradient":""},"tablet":{"background-color":"var(--ast-global-color-5)","background-image":"","background-repeat":"repeat","background-position":"center center","background-size":"auto","background-attachment":"scroll","background-type":"","background-media":"","overlay-type":"","overlay-color":"","overlay-opacity":"","overlay-gradient":""},"mobile":{"background-color":"var(--ast-global-color-5)","background-image":"","background-repeat":"repeat","background-position":"center center","background-size":"auto","background-attachment":"scroll","background-type":"","background-media":"","overlay-type":"","overlay-color":"","overlay-opacity":"","overlay-gradient":""}},"footnotes":""},"class_list":["post-416","page","type-page","status-publish","hentry"],"post_mailing_queue_ids":[],"_links":{"self":[{"href":"https:\/\/serveiseducatius.xtec.cat\/baixcamp\/wp-json\/wp\/v2\/pages\/416","targetHints":{"allow":["GET"]}}],"collection":[{"href":"https:\/\/serveiseducatius.xtec.cat\/baixcamp\/wp-json\/wp\/v2\/pages"}],"about":[{"href":"https:\/\/serveiseducatius.xtec.cat\/baixcamp\/wp-json\/wp\/v2\/types\/page"}],"author":[{"embeddable":true,"href":"https:\/\/serveiseducatius.xtec.cat\/baixcamp\/wp-json\/wp\/v2\/users\/1"}],"replies":[{"embeddable":true,"href":"https:\/\/serveiseducatius.xtec.cat\/baixcamp\/wp-json\/wp\/v2\/comments?post=416"}],"version-history":[{"count":4,"href":"https:\/\/serveiseducatius.xtec.cat\/baixcamp\/wp-json\/wp\/v2\/pages\/416\/revisions"}],"predecessor-version":[{"id":15285,"href":"https:\/\/serveiseducatius.xtec.cat\/baixcamp\/wp-json\/wp\/v2\/pages\/416\/revisions\/15285"}],"up":[{"embeddable":true,"href":"https:\/\/serveiseducatius.xtec.cat\/baixcamp\/wp-json\/wp\/v2\/pages\/414"}],"wp:attachment":[{"href":"https:\/\/serveiseducatius.xtec.cat\/baixcamp\/wp-json\/wp\/v2\/media?parent=416"}],"curies":[{"name":"wp","href":"https:\/\/api.w.org\/{rel}","templated":true}]}}