{"id":414,"date":"2015-11-25T15:58:37","date_gmt":"2015-11-25T14:58:37","guid":{"rendered":"http:\/\/serveiseducatius.xtec.cat\/baixcamp\/?page_id=414"},"modified":"2024-10-21T12:24:39","modified_gmt":"2024-10-21T10:24:39","slug":"pla-de-formacio-de-zona-pfz","status":"publish","type":"page","link":"https:\/\/serveiseducatius.xtec.cat\/baixcamp\/formacio\/pla-de-formacio-de-zona-pfz\/","title":{"rendered":"Pla de formaci\u00f3 de zona (PFZ)"},"content":{"rendered":"<p style=\"text-align: justify;\"><img loading=\"lazy\" decoding=\"async\" class=\"aire wp-image-422 alignleft\" src=\"http:\/\/serveiseducatius.xtec.cat\/baixcamp\/wp-content\/uploads\/usu950\/2015\/11\/pfz.jpg\" alt=\"pfz\" width=\"59\" height=\"45\" srcset=\"https:\/\/serveiseducatius.xtec.cat\/baixcamp\/wp-content\/uploads\/usu950\/2015\/11\/pfz.jpg 258w, https:\/\/serveiseducatius.xtec.cat\/baixcamp\/wp-content\/uploads\/usu950\/2015\/11\/pfz-200x150.jpg 200w\" sizes=\"auto, (max-width: 59px) 100vw, 59px\" \/><\/p>\n<p style=\"text-align: justify;\"><strong>El Pla de Formaci\u00f3 de Zona del Baix Camp<\/strong> \u00e9s la planificaci\u00f3 a escala comarcal de la formaci\u00f3 permanent del professorat, la qual incorpora les activitats de formaci\u00f3 en centre i altres activitats adre\u00e7ades a tot el professorat de la comarca. El professorat hi participa a trav\u00e9s del proc\u00e9s de detecci\u00f3 de necessitats\u00a0 i mitjan\u00e7ant la seva representaci\u00f3 en la comissi\u00f3 del PFZ del Baix Camp.<\/p>\n<p style=\"text-align: justify;\">El document de \u201c<a href=\"https:\/\/docs.google.com\/document\/d\/1A4gXpCjfc9RUQ7PjdeDIHqsegTJG1M1ehBeQFTNVhSU\/edit#heading=h.gjdgxs\">Criteris, instruccions i orientacions per a la formaci\u00f3 permanent del professorat 2024-2025<\/a>\u201d \u00e9s un document executiu per a la planificaci\u00f3 i la gesti\u00f3 de les propostes formatives de totes les unitats del Departament d\u2019Educaci\u00f3 implicades en la formaci\u00f3 i el desenvolupament professional docent. Tamb\u00e9 podeu consultar l'&#8221;<a href=\"https:\/\/xtec.gencat.cat\/ca\/formacio\/info-general\/oferta-formativa\/\">Oferta formativa<\/a>&#8220;.<\/p>\n<h6><strong style=\"color: revert; font-size: revert;\">Inscripcions 2024-2025<\/strong><\/h6>\n<table class=\"table\" style=\"height: 122px; width: 100%;\" width=\"100%\">\n<tbody>\n<tr style=\"height: 33px;\">\n<td style=\"height: 33px; background-color: #a41159;\"><span style=\"color: #ffffff;\"><strong>Per\u00edodes d&#8217;inscripci\u00f3<\/strong><\/span><\/td>\n<td style=\"height: 33px; background-color: #a41159;\"><span style=\"color: #ffffff;\"><strong>Sol\u00b7licitud de pla\u00e7a<\/strong><\/span><\/td>\n<td style=\"height: 33px; background-color: #a41159;\"><span style=\"color: #ffffff;\"><strong>Consulta d\u2019assignacions<\/strong><\/span><\/td>\n<td style=\"height: 33px; background-color: #a41159;\"><span style=\"color: #ffffff;\"><strong>Inici de les activitats<\/strong><\/span><\/td>\n<\/tr>\n<tr style=\"height: 33px;\">\n<td style=\"height: 33px;\">Primer torn<\/td>\n<td style=\"height: 33px;\"><span style=\"font-weight: 400;\">del 6 al 22 de setembre<\/span><\/td>\n<td style=\"height: 33px;\">7 d\u2019octubre<\/td>\n<td style=\"height: 33px;\">a partir del 14 d&#8217;octubre<\/td>\n<\/tr>\n<tr style=\"height: 33px;\">\n<td style=\"height: 33px;\">Segon torn<\/td>\n<td style=\"height: 33px;\">del 7 al 15 de gener<\/td>\n<td style=\"height: 33px;\">31 de gener<\/td>\n<td style=\"height: 33px;\">a partir del 5 de febrer<\/td>\n<\/tr>\n<tr style=\"height: 23px;\">\n<td style=\"height: 23px;\">Torn d&#8217;estiu<\/td>\n<td style=\"height: 23px;\">del 15 al 29 de maig<\/td>\n<td style=\"height: 23px;\">17 de juny<\/td>\n<td style=\"height: 23px;\">a partir de l&#8217;1 de juliol<\/td>\n<\/tr>\n<\/tbody>\n<\/table>\n<h3>Consulta d&#8217;adjudicacions<\/h3>\n<p>Un cop finalitzat el proc\u00e9s<span style=\"font-weight: 400;\">, <\/span><b>\u00e9s responsabilitat de la docent<\/b><span style=\"font-weight: 400;\"> comprovar la inscripci\u00f3 i la posterior adjudicaci\u00f3 del curs a <\/span><a href=\"http:\/\/xtec.gencat.cat\/ca\/formacio\/la-meva-formacio\/les-meves-activitats\/\"><span style=\"font-weight: 400;\">les meves activitats<\/span><\/a><span style=\"font-weight: 400;\"> de l&#8217;apartat de\u00a0<\/span><a href=\"http:\/\/xtec.gencat.cat\/ca\/formacio\/la-meva-formacio\/\"><span style=\"font-weight: 400;\">La Meva Formaci\u00f3 de l&#8217;XTEC<\/span><\/a>.<\/p>\n<p><span style=\"font-weight: 400;\">Si no es poden consultar aquestes dades a l&#8217;aplicatiu del GTAF caldr\u00e0 que es posi en contacte amb el SAU per resoldre-ho.<\/span><\/p>\n","protected":false},"excerpt":{"rendered":"<p>El Pla de Formaci\u00f3 de Zona del Baix Camp \u00e9s la planificaci\u00f3 a escala comarcal de la formaci\u00f3 permanent del professorat, la qual incorpora les activitats de formaci\u00f3 en centre i altres activitats adre\u00e7ades a tot el professorat de la comarca. El professorat hi participa a trav\u00e9s del proc\u00e9s de detecci\u00f3 de necessitats\u00a0 i mitjan\u00e7ant [&hellip;]<\/p>\n","protected":false},"author":1,"featured_media":0,"parent":13533,"menu_order":10,"comment_status":"closed","ping_status":"closed","template":"page-templates\/side-menu.php","meta":{"_bbp_topic_count":0,"_bbp_reply_count":0,"_bbp_total_topic_count":0,"_bbp_total_reply_count":0,"_bbp_voice_count":0,"_bbp_anonymous_reply_count":0,"_bbp_topic_count_hidden":0,"_bbp_reply_count_hidden":0,"_bbp_forum_subforum_count":0,"site-sidebar-layout":"default","site-content-layout":"","ast-site-content-layout":"","site-content-style":"default","site-sidebar-style":"default","ast-global-header-display":"","ast-banner-title-visibility":"","ast-main-header-display":"","ast-hfb-above-header-display":"","ast-hfb-below-header-display":"","ast-hfb-mobile-header-display":"","site-post-title":"","ast-breadcrumbs-content":"","ast-featured-img":"","footer-sml-layout":"","theme-transparent-header-meta":"","adv-header-id-meta":"","stick-header-meta":"","header-above-stick-meta":"","header-main-stick-meta":"","header-below-stick-meta":"","astra-migrate-meta-layouts":"default","ast-page-background-enabled":"default","ast-page-background-meta":{"desktop":{"background-color":"var(--ast-global-color-4)","background-image":"","background-repeat":"repeat","background-position":"center center","background-size":"auto","background-attachment":"scroll","background-type":"","background-media":"","overlay-type":"","overlay-color":"","overlay-opacity":"","overlay-gradient":""},"tablet":{"background-color":"","background-image":"","background-repeat":"repeat","background-position":"center center","background-size":"auto","background-attachment":"scroll","background-type":"","background-media":"","overlay-type":"","overlay-color":"","overlay-opacity":"","overlay-gradient":""},"mobile":{"background-color":"","background-image":"","background-repeat":"repeat","background-position":"center center","background-size":"auto","background-attachment":"scroll","background-type":"","background-media":"","overlay-type":"","overlay-color":"","overlay-opacity":"","overlay-gradient":""}},"ast-content-background-meta":{"desktop":{"background-color":"var(--ast-global-color-5)","background-image":"","background-repeat":"repeat","background-position":"center center","background-size":"auto","background-attachment":"scroll","background-type":"","background-media":"","overlay-type":"","overlay-color":"","overlay-opacity":"","overlay-gradient":""},"tablet":{"background-color":"var(--ast-global-color-5)","background-image":"","background-repeat":"repeat","background-position":"center center","background-size":"auto","background-attachment":"scroll","background-type":"","background-media":"","overlay-type":"","overlay-color":"","overlay-opacity":"","overlay-gradient":""},"mobile":{"background-color":"var(--ast-global-color-5)","background-image":"","background-repeat":"repeat","background-position":"center center","background-size":"auto","background-attachment":"scroll","background-type":"","background-media":"","overlay-type":"","overlay-color":"","overlay-opacity":"","overlay-gradient":""}},"footnotes":""},"class_list":["post-414","page","type-page","status-publish","hentry"],"post_mailing_queue_ids":[],"_links":{"self":[{"href":"https:\/\/serveiseducatius.xtec.cat\/baixcamp\/wp-json\/wp\/v2\/pages\/414","targetHints":{"allow":["GET"]}}],"collection":[{"href":"https:\/\/serveiseducatius.xtec.cat\/baixcamp\/wp-json\/wp\/v2\/pages"}],"about":[{"href":"https:\/\/serveiseducatius.xtec.cat\/baixcamp\/wp-json\/wp\/v2\/types\/page"}],"author":[{"embeddable":true,"href":"https:\/\/serveiseducatius.xtec.cat\/baixcamp\/wp-json\/wp\/v2\/users\/1"}],"replies":[{"embeddable":true,"href":"https:\/\/serveiseducatius.xtec.cat\/baixcamp\/wp-json\/wp\/v2\/comments?post=414"}],"version-history":[{"count":4,"href":"https:\/\/serveiseducatius.xtec.cat\/baixcamp\/wp-json\/wp\/v2\/pages\/414\/revisions"}],"predecessor-version":[{"id":15156,"href":"https:\/\/serveiseducatius.xtec.cat\/baixcamp\/wp-json\/wp\/v2\/pages\/414\/revisions\/15156"}],"up":[{"embeddable":true,"href":"https:\/\/serveiseducatius.xtec.cat\/baixcamp\/wp-json\/wp\/v2\/pages\/13533"}],"wp:attachment":[{"href":"https:\/\/serveiseducatius.xtec.cat\/baixcamp\/wp-json\/wp\/v2\/media?parent=414"}],"curies":[{"name":"wp","href":"https:\/\/api.w.org\/{rel}","templated":true}]}}