{"id":4040,"date":"2017-01-31T08:20:56","date_gmt":"2017-01-31T07:20:56","guid":{"rendered":"http:\/\/serveiseducatius.xtec.cat\/baixcamp\/?page_id=4040"},"modified":"2026-03-12T18:09:46","modified_gmt":"2026-03-12T17:09:46","slug":"bases-mlv","status":"publish","type":"page","link":"https:\/\/serveiseducatius.xtec.cat\/baixcamp\/dinamitzacions\/mostra-de-lectura-en-veu-alta\/bases-mlv\/","title":{"rendered":"Bases Mostra Faristols Menuts"},"content":{"rendered":"<p>La Mostra est\u00e0 adre\u00e7ada als<strong> nens i nenes <\/strong>de<strong> CI de Prim\u00e0ria i d\u2019Ed Especial<\/strong> del centres de la demarcaci\u00f3 del Baix Camp.<\/p>\n<p><span style=\"background-color: rgba(0, 0, 0, 0); font-size: 1rem; font-weight: inherit;\">El proc\u00e9s d\u2019inscripci\u00f3 es realitzar\u00e0 mitjan\u00e7ant un formulari Google Drive. El centre podr\u00e0 informar de les prefer\u00e8ncies de calendari que s\u2019ajustaran a les dates de representaci\u00f3 en funci\u00f3 de la disponibilitat i aforament de la <strong>sala Emili Argilaga del Centre de Lectura de Reus, <\/strong>seu de la<strong> Mostra de Faristols Menuts<\/strong>.<\/span><\/p>\n<ol>\n<li aria-level=\"1\">Les dates de la\u00a0<b>XIV Mostra de Faristols Menuts<\/b>\u00a0seran del\u00a0<b>13 al 20 d&#8217;abril de 2026<\/b>.<\/li>\n<li aria-level=\"1\">Cada centre educatiu podr\u00e0 inscriure un m\u00e0xim de<strong> 2 alumnes per classe<\/strong> de cada nivell<strong><sub>1<\/sub><\/strong><\/li>\n<li aria-level=\"1\">Es programaran un m\u00e0xim de <strong>30 lectures di\u00e0ries<\/strong> per assegurar complir amb l\u2019horari lectiu de l\u2019alumnat participant.<\/li>\n<li aria-level=\"1\">L\u2019horari d\u2019inici de les sessions de lectura ser\u00e0 a les<b> 10.00 h.\u00a0<\/b><\/li>\n<li aria-level=\"1\">La titularitat dels centres educatius podr\u00e0 ser\u00a0<b>p\u00fablica, concertada o privada.<\/b><\/li>\n<li aria-level=\"1\">La tipologia i la mida de la lletra de les lectures, es podr\u00e0 adaptar a les necessitats individuals de l&#8217;alumnat.<\/li>\n<li aria-level=\"1\"><span style=\"font-weight: 400;\">Per tal de garantir que <\/span><b>tot l\u2019alumnat pugui participar en el certamen de lectura<\/b><span style=\"font-weight: 400;\">, ajustant la proposta a les seves necessitats, i promovent una experi\u00e8ncia positiva, accessible i inclusiva, l<\/span>&#8216;alumnat inscrit en la<strong> modalitat d&#8217;EE<\/strong> podr\u00e0 adaptar i utilitzar qualsevol suport augmentatiu o alternatiu de la comunicaci\u00f3 davant la proposta de lectures de la Mostra de Faristols Menuts.<\/li>\n<li aria-level=\"1\">Extensi\u00f3 m\u00e0xima de les lectures 140 paraules<strong><sub>2<\/sub><\/strong><\/li>\n<li aria-level=\"1\">Les lectures seguiran<strong>\u00a0un eix tem\u00e0tic o efem\u00e8ride<\/strong>, que ser\u00e0 debatut i escollit en la reuni\u00f3 de la comissi\u00f3 de selecci\u00f3 de lectures per la Mostra Faristols Menuts.<\/li>\n<li aria-level=\"1\">Els centres participants rebran les lectures amb un mes d&#8217;antelaci\u00f3 per la seva preparaci\u00f3.<\/li>\n<li aria-level=\"1\">Els acompanyants i referents de cada centre s\u2019encarregaran de mantenir el bon comportament de l&#8217;alumnat durant les sessions, garantint el respecte pels oradors I oradores durant el seu temps de lectura.<\/li>\n<li aria-level=\"1\">Les docents acompanyants han de mostrar una actitud activa i evitar l\u2019\u00fas dels tel\u00e8fons m\u00f2bils durant les sessions.\u00a0<strong>Us recordem que els dispositius m\u00f2bils no estan permesos a tota l\u2019etapa d\u2019educaci\u00f3 obligat\u00f2ria, ni a les aules ni a la resta d\u2019espais dels centres o activitats pedag\u00f2giques com \u00e9s la Mostra de Faristols Menuts.<\/strong>\u00a0 Aquesta \u00e9s una de les principals mesures per al curs 2025-2026, i que s\u2019emmarca en el\u00a0Pla de digitalitzaci\u00f3 responsable.<\/li>\n<li aria-level=\"1\">Les informacions de la Mostra de Teatre s\u2019enviaran per duplicat al\u00a0<b>correu XTEC\u00a0<\/b>dels centres i a l\u2019adre\u00e7a corporativa de la persona responsable designada.<\/li>\n<li aria-level=\"1\">\u00a0La Comissi\u00f3 Organitzadora de la Mostra de Faristols Menuts, si ho creu convenient, pot modificar aquestes bases.<\/li>\n<li aria-level=\"1\">El Centre de Recursos Pedag\u00f2gics far\u00e0 difusi\u00f3 de la gesti\u00f3 i organitzaci\u00f3 de la Mostra de Faristols Menuts mitjan\u00e7ant la seva web corporativa del Servei Educatiu Baix Camp: <a href=\"https:\/\/serveiseducatius.xtec.cat\/baixcamp\/dinamitzacions\/mostra-de-lectura-en-veu-alta\/\">http:\/\/serveiseducatius.xtec.cat<\/a><\/li>\n<\/ol>\n<p>\u00a0<\/p>\n<p><b><sup>1 <\/sup>Els centres d&#8217;Educaci\u00f3 Especial podran portar un m\u00e0xim de 10 alumnes en total<\/b><\/p>\n<figure style=\"width: 573px\" class=\"wp-caption alignleft\"><img loading=\"lazy\" decoding=\"async\" class=\"wp-image-16711\" src=\"https:\/\/serveiseducatius.xtec.cat\/baixcamp\/wp-content\/uploads\/usu950\/2026\/03\/paraules-minut-300x56.png\" alt=\"\" width=\"573\" height=\"107\" srcset=\"https:\/\/serveiseducatius.xtec.cat\/baixcamp\/wp-content\/uploads\/usu950\/2026\/03\/paraules-minut-300x56.png 300w, https:\/\/serveiseducatius.xtec.cat\/baixcamp\/wp-content\/uploads\/usu950\/2026\/03\/paraules-minut-600x112.png 600w, https:\/\/serveiseducatius.xtec.cat\/baixcamp\/wp-content\/uploads\/usu950\/2026\/03\/paraules-minut.png 719w\" sizes=\"auto, (max-width: 573px) 100vw, 573px\" \/><figcaption class=\"wp-caption-text\"><strong><sup>2<\/sup>Aquestes s\u00f3n algunes dades de velocitat lectora (en paraules per minut) que proposen alguns autors<\/strong><\/figcaption><\/figure><br \/>\nMALLART, J. (1994): \u201cExercitaci\u00f3 i avaluaci\u00f3 de la lectura, a la manera d\u2019Alexandre Gal\u00ed\u201d. Escola Catalana, n\u00fam.315.\n<br \/>\nGAL\u00cd, A. La mesura objectiva del treball escolar. Barcelona: Eumo Editorial\/ Diputaci\u00f3 de Barcelona, 1984.\n\n<h6>\u00a0<\/h6>\n<h3><span style=\"color: #993366;\"><em><strong><span style=\"color: #333333;\">Participaci\u00f3<\/span><\/strong><\/em><\/span><\/h3>\n<h6>Categoria ordin\u00e0ria<\/h6>\n<p><span style=\"font-weight: 400;\">Poden participar en aquesta categoria els infants escolaritzats a <\/span><b>1r o 2n de prim\u00e0ria dels centres de titularitat p\u00fablica, concertada i privada.<\/b><\/p>\n<h6>Categoria NESE\/NEE<\/h6>\n<p><span style=\"font-weight: 400;\">Poden participar en aquesta categoria els infants escolaritzats a <\/span><b>1r o 2n de prim\u00e0ria<\/b><span style=\"font-weight: 400;\"> que presentin <\/span><b>dificultats significatives i persistents en la descodificaci\u00f3 del proc\u00e9s lector<\/b><span style=\"font-weight: 400;\">, sempre que aquestes dificultats <\/span><b>interfereixin de manera clara en l\u2019acc\u00e9s a la lectura funcional<\/b><span style=\"font-weight: 400;\">, d\u2019acord amb el seu moment evolutiu i amb les exig\u00e8ncies del cicle inicial.<\/span><\/p>\n<p><span style=\"font-weight: 400;\">Aquesta categoria s\u2019adre\u00e7a a alumnat que, segons la valoraci\u00f3 del centre educatiu, <\/span><b>requereix suports espec\u00edfics<\/b><span style=\"font-weight: 400;\"> per accedir als aprenentatges vinculats a la lectura, d\u2019acord amb el que estableix el <\/span><i><span style=\"font-weight: 400;\">Decret 150\/2017, de 17 d\u2019octubre, de l\u2019atenci\u00f3 educativa a l\u2019alumnat en el marc d\u2019un sistema educatiu inclusiu.<\/span><\/i><\/p>\n<p>\u00a0<\/p>\n\n\n<p><\/p>\n","protected":false},"excerpt":{"rendered":"<p>La Mostra est\u00e0 adre\u00e7ada als nens i nenes de CI de Prim\u00e0ria i d\u2019Ed Especial del centres de la demarcaci\u00f3 del Baix Camp. El proc\u00e9s d\u2019inscripci\u00f3 es realitzar\u00e0 mitjan\u00e7ant un formulari Google Drive. El centre podr\u00e0 informar de les prefer\u00e8ncies de calendari que s\u2019ajustaran a les dates de representaci\u00f3 en funci\u00f3 de la disponibilitat i [&hellip;]<\/p>\n","protected":false},"author":1,"featured_media":0,"parent":3957,"menu_order":20,"comment_status":"closed","ping_status":"closed","template":"page-templates\/side-menu.php","meta":{"_bbp_topic_count":0,"_bbp_reply_count":0,"_bbp_total_topic_count":0,"_bbp_total_reply_count":0,"_bbp_voice_count":0,"_bbp_anonymous_reply_count":0,"_bbp_topic_count_hidden":0,"_bbp_reply_count_hidden":0,"_bbp_forum_subforum_count":0,"site-sidebar-layout":"default","site-content-layout":"","ast-site-content-layout":"default","site-content-style":"default","site-sidebar-style":"default","ast-global-header-display":"","ast-banner-title-visibility":"","ast-main-header-display":"","ast-hfb-above-header-display":"","ast-hfb-below-header-display":"","ast-hfb-mobile-header-display":"","site-post-title":"","ast-breadcrumbs-content":"","ast-featured-img":"","footer-sml-layout":"","theme-transparent-header-meta":"","adv-header-id-meta":"","stick-header-meta":"","header-above-stick-meta":"","header-main-stick-meta":"","header-below-stick-meta":"","astra-migrate-meta-layouts":"set","ast-page-background-enabled":"default","ast-page-background-meta":{"desktop":{"background-color":"var(--ast-global-color-4)","background-image":"","background-repeat":"repeat","background-position":"center center","background-size":"auto","background-attachment":"scroll","background-type":"","background-media":"","overlay-type":"","overlay-color":"","overlay-opacity":"","overlay-gradient":""},"tablet":{"background-color":"","background-image":"","background-repeat":"repeat","background-position":"center center","background-size":"auto","background-attachment":"scroll","background-type":"","background-media":"","overlay-type":"","overlay-color":"","overlay-opacity":"","overlay-gradient":""},"mobile":{"background-color":"","background-image":"","background-repeat":"repeat","background-position":"center center","background-size":"auto","background-attachment":"scroll","background-type":"","background-media":"","overlay-type":"","overlay-color":"","overlay-opacity":"","overlay-gradient":""}},"ast-content-background-meta":{"desktop":{"background-color":"var(--ast-global-color-5)","background-image":"","background-repeat":"repeat","background-position":"center center","background-size":"auto","background-attachment":"scroll","background-type":"","background-media":"","overlay-type":"","overlay-color":"","overlay-opacity":"","overlay-gradient":""},"tablet":{"background-color":"var(--ast-global-color-5)","background-image":"","background-repeat":"repeat","background-position":"center center","background-size":"auto","background-attachment":"scroll","background-type":"","background-media":"","overlay-type":"","overlay-color":"","overlay-opacity":"","overlay-gradient":""},"mobile":{"background-color":"var(--ast-global-color-5)","background-image":"","background-repeat":"repeat","background-position":"center center","background-size":"auto","background-attachment":"scroll","background-type":"","background-media":"","overlay-type":"","overlay-color":"","overlay-opacity":"","overlay-gradient":""}},"footnotes":""},"class_list":["post-4040","page","type-page","status-publish","hentry"],"post_mailing_queue_ids":[],"_links":{"self":[{"href":"https:\/\/serveiseducatius.xtec.cat\/baixcamp\/wp-json\/wp\/v2\/pages\/4040","targetHints":{"allow":["GET"]}}],"collection":[{"href":"https:\/\/serveiseducatius.xtec.cat\/baixcamp\/wp-json\/wp\/v2\/pages"}],"about":[{"href":"https:\/\/serveiseducatius.xtec.cat\/baixcamp\/wp-json\/wp\/v2\/types\/page"}],"author":[{"embeddable":true,"href":"https:\/\/serveiseducatius.xtec.cat\/baixcamp\/wp-json\/wp\/v2\/users\/1"}],"replies":[{"embeddable":true,"href":"https:\/\/serveiseducatius.xtec.cat\/baixcamp\/wp-json\/wp\/v2\/comments?post=4040"}],"version-history":[{"count":7,"href":"https:\/\/serveiseducatius.xtec.cat\/baixcamp\/wp-json\/wp\/v2\/pages\/4040\/revisions"}],"predecessor-version":[{"id":16726,"href":"https:\/\/serveiseducatius.xtec.cat\/baixcamp\/wp-json\/wp\/v2\/pages\/4040\/revisions\/16726"}],"up":[{"embeddable":true,"href":"https:\/\/serveiseducatius.xtec.cat\/baixcamp\/wp-json\/wp\/v2\/pages\/3957"}],"wp:attachment":[{"href":"https:\/\/serveiseducatius.xtec.cat\/baixcamp\/wp-json\/wp\/v2\/media?parent=4040"}],"curies":[{"name":"wp","href":"https:\/\/api.w.org\/{rel}","templated":true}]}}