{"id":3882,"date":"2017-01-23T15:38:12","date_gmt":"2017-01-23T14:38:12","guid":{"rendered":"http:\/\/serveiseducatius.xtec.cat\/baixcamp\/?page_id=3882"},"modified":"2025-01-27T18:12:34","modified_gmt":"2025-01-27T17:12:34","slug":"maleta-bossa-de-lletres","status":"publish","type":"page","link":"https:\/\/serveiseducatius.xtec.cat\/baixcamp\/cataleg-servei-prestec\/maleta-bossa-de-lletres\/","title":{"rendered":"Maleta Bossa de lletres"},"content":{"rendered":"<h6><strong>Qu\u00e8 \u00e9s?<\/strong><\/h6>\n<p>Es tracta d\u2019un projecte, emmarcat dins del <strong>PEE <\/strong>(Pla Educatiu d&#8217;Entorn) de Reus, per fomentar la lectura.<\/p>\n<h6><strong> A qui s&#8217;adre\u00e7a?<\/strong><\/h6>\n<p>A alumnat del CS de l\u2019educaci\u00f3 prim\u00e0ria.<\/p>\n<h6><strong>On s&#8217;emmarca?<\/strong><\/h6>\n<p>Dins l&#8217;eix <em>llegir per gust.<\/em><\/p>\n<h6><strong>Qu\u00e8 cont\u00e9 la maleta?<br \/>\n<\/strong><\/h6>\n<table style=\"border-color: #ffffff;\">\n<tbody>\n<tr>\n<td style=\"border-color: #ffffff;\"><img loading=\"lazy\" decoding=\"async\" class=\"size-full wp-image-3811 alignnone\" src=\"http:\/\/serveiseducatius.xtec.cat\/baixcamp\/wp-content\/uploads\/usu950\/2017\/01\/maleta-petita.jpg\" alt=\"maleta-petita\" width=\"112\" height=\"175\" \/><\/td>\n<td style=\"border-color: #ffffff;\"><img loading=\"lazy\" decoding=\"async\" class=\"alignleft size-full wp-image-9625\" src=\"https:\/\/serveiseducatius.xtec.cat\/baixcamp\/wp-content\/uploads\/usu950\/2018\/12\/bosses-maleta.jpg\" alt=\"\" width=\"260\" height=\"169\" \/><\/td>\n<td style=\"border-color: #ffffff;\"><img loading=\"lazy\" decoding=\"async\" class=\"alignleft size-full wp-image-3876\" src=\"http:\/\/serveiseducatius.xtec.cat\/baixcamp\/wp-content\/uploads\/usu950\/2017\/01\/bossa-vermella.jpg\" alt=\"bossa-vermella\" width=\"131\" height=\"175\" \/><\/td>\n<\/tr>\n<\/tbody>\n<\/table>\n<p style=\"text-align: left;\">La maleta cont\u00e9 31 bosses de lletres amb 2-3 llibres agrupats per tem\u00e0tiques: misteri, esports, aventures, amistat&#8230;<br \/>\nUn inventari dels llibres: <a href=\"https:\/\/drive.google.com\/file\/d\/0B3sOMXJM8paYeE0zaWtuV0o5Z2NpM3o4VHFzQ2ZJeWxhZUhN\/view?usp=sharing\" target=\"_blank\" rel=\"noopener\">maleta 1<\/a> i <a href=\"https:\/\/drive.google.com\/file\/d\/0B3sOMXJM8paYRUNIWjVicTJIYURPbzNvT0s0blp5OEw1amhR\/view?usp=sharing\" target=\"_blank\" rel=\"noopener\">maleta 2<\/a>.<br \/>\nLes instruccions d&#8217;\u00fas.<br \/>\nLa taula de control fotocopiable.<\/p>\n<h6 style=\"text-align: left;\"><strong>Qu\u00e8 cont\u00e9 cada bossa de lletres?<\/strong><\/h6>\n<p style=\"text-align: left;\"><img loading=\"lazy\" decoding=\"async\" class=\"size-full wp-image-3877 alignnone\" src=\"http:\/\/serveiseducatius.xtec.cat\/baixcamp\/wp-content\/uploads\/usu950\/2017\/01\/llibres.jpg\" alt=\"llibres\" width=\"300\" height=\"160\" \/><\/p>\n<p>Els llibres, agrupats per tem\u00e0tiques i nivell (2 o 3)<br \/>\nUna fitxa amb els t\u00edtols de llibres, autor, editorial&#8230;<br \/>\nUna fitxa amb les orientacions perqu\u00e8 l\u2019alumnat tri\u00ef el llibre.<\/p>\n<h6 style=\"text-align: left;\"><strong>Metodologia de treball<\/strong><\/h6>\n<p style=\"text-align: left;\">El\/la tutor\/a del curs corresponent (de CS, preferentment de 6\u00e8) ha de recollir les bosses (agrupades en una maleta) al CRP de Reus.<br \/>\nL\u2019alumnat, un cop t\u00e9 la maleta al centre, ha de triar una bossa i, segons unes pautes, seleccionar i llegir un dels llibres que cont\u00e9.<br \/>\nUn cop feta la lectura, l&#8217;alumnat pot fer recomanacions\u00a0a la resta de companys\/es de classe (cartellera, mural, valoraci\u00f3 oral&#8230;).<br \/>\nEl\/la docent-tutor\/a porta el control de quina bossa t\u00e9 cada alumne. Dins la maleta hi ha la taula per poder fer aquest control.<br \/>\nL&#8217;alumnat t\u00e9 15 dies per fer la lectura.<br \/>\nEl\/la docent-tutor\/a es responsabilitza de trobar dins l\u2019horari un espai perqu\u00e8 l\u2019alumnat comenti a la resta de companys\/es algun aspecte del llibre que ha llegit, el recomani&#8230; i en fa el seguiment.<\/p>\n<h6><strong>Durada del pr\u00e9stec<\/strong><\/h6>\n<p><strong>Centres 1 l\u00ednia<\/strong>: 1 mes (l\u2019alumnat pot llegir un o m\u00e9s llibres de bosses diferents i fer les recomanacions entre una bossa i l\u2019altra).<br \/>\n<strong>Centres de 2 l\u00ednies<\/strong>: 2 mesos (30 dies grup A fa la lectura i fa recomanacions al grup B, que triar\u00e0 bosses i les tindr\u00e0 els 30 dies seg\u00fcents per llegir).<br \/>\n<strong>Centres de 3 l\u00ednies<\/strong>: 3 mesos (30 dies grup A fa la lectura i fa recomanacions al grup B, que triar\u00e0 bosses i les tindr\u00e0 els 30 dies seg\u00fcents per llegir. El grup B fa recomanacions al C, que triar\u00e0 bosses i les tindr\u00e0 els 30 \u00faltims dies per llegir).<\/p>\n<p>Si es malmet o perd algun exemplar, el centre receptor l&#8217;haur\u00e0 de reposar.<\/p>\n<h6><strong>Contacte<\/strong><\/h6>\n<p>Per sol\u00b7licitar el pr\u00e9stec contacteu amb l&#8217;<strong>Equip ELIC &#8211; Tel\u00e8fon 977 31 27 04 &#8211; Extensi\u00f3 3<\/strong><br \/>\n<em>*Material elaborat per un grup de treball, format per membres del CRP i de l\u2019ELIC<\/em><\/p>\n","protected":false},"excerpt":{"rendered":"<p>Qu\u00e8 \u00e9s? Es tracta d\u2019un projecte, emmarcat dins del PEE (Pla Educatiu d&#8217;Entorn) de Reus, per fomentar la lectura. A qui s&#8217;adre\u00e7a? A alumnat del CS de l\u2019educaci\u00f3 prim\u00e0ria. On s&#8217;emmarca? Dins l&#8217;eix llegir per gust. Qu\u00e8 cont\u00e9 la maleta? La maleta cont\u00e9 31 bosses de lletres amb 2-3 llibres agrupats per tem\u00e0tiques: misteri, esports, [&hellip;]<\/p>\n","protected":false},"author":1,"featured_media":0,"parent":2968,"menu_order":10,"comment_status":"closed","ping_status":"closed","template":"page-templates\/side-menu.php","meta":{"_bbp_topic_count":0,"_bbp_reply_count":0,"_bbp_total_topic_count":0,"_bbp_total_reply_count":0,"_bbp_voice_count":0,"_bbp_anonymous_reply_count":0,"_bbp_topic_count_hidden":0,"_bbp_reply_count_hidden":0,"_bbp_forum_subforum_count":0,"site-sidebar-layout":"default","site-content-layout":"","ast-site-content-layout":"","site-content-style":"default","site-sidebar-style":"default","ast-global-header-display":"","ast-banner-title-visibility":"","ast-main-header-display":"","ast-hfb-above-header-display":"","ast-hfb-below-header-display":"","ast-hfb-mobile-header-display":"","site-post-title":"","ast-breadcrumbs-content":"","ast-featured-img":"","footer-sml-layout":"","theme-transparent-header-meta":"","adv-header-id-meta":"","stick-header-meta":"","header-above-stick-meta":"","header-main-stick-meta":"","header-below-stick-meta":"","astra-migrate-meta-layouts":"default","ast-page-background-enabled":"default","ast-page-background-meta":{"desktop":{"background-color":"var(--ast-global-color-4)","background-image":"","background-repeat":"repeat","background-position":"center center","background-size":"auto","background-attachment":"scroll","background-type":"","background-media":"","overlay-type":"","overlay-color":"","overlay-opacity":"","overlay-gradient":""},"tablet":{"background-color":"","background-image":"","background-repeat":"repeat","background-position":"center center","background-size":"auto","background-attachment":"scroll","background-type":"","background-media":"","overlay-type":"","overlay-color":"","overlay-opacity":"","overlay-gradient":""},"mobile":{"background-color":"","background-image":"","background-repeat":"repeat","background-position":"center center","background-size":"auto","background-attachment":"scroll","background-type":"","background-media":"","overlay-type":"","overlay-color":"","overlay-opacity":"","overlay-gradient":""}},"ast-content-background-meta":{"desktop":{"background-color":"var(--ast-global-color-5)","background-image":"","background-repeat":"repeat","background-position":"center center","background-size":"auto","background-attachment":"scroll","background-type":"","background-media":"","overlay-type":"","overlay-color":"","overlay-opacity":"","overlay-gradient":""},"tablet":{"background-color":"var(--ast-global-color-5)","background-image":"","background-repeat":"repeat","background-position":"center center","background-size":"auto","background-attachment":"scroll","background-type":"","background-media":"","overlay-type":"","overlay-color":"","overlay-opacity":"","overlay-gradient":""},"mobile":{"background-color":"var(--ast-global-color-5)","background-image":"","background-repeat":"repeat","background-position":"center center","background-size":"auto","background-attachment":"scroll","background-type":"","background-media":"","overlay-type":"","overlay-color":"","overlay-opacity":"","overlay-gradient":""}},"footnotes":""},"class_list":["post-3882","page","type-page","status-publish","hentry"],"post_mailing_queue_ids":[],"_links":{"self":[{"href":"https:\/\/serveiseducatius.xtec.cat\/baixcamp\/wp-json\/wp\/v2\/pages\/3882","targetHints":{"allow":["GET"]}}],"collection":[{"href":"https:\/\/serveiseducatius.xtec.cat\/baixcamp\/wp-json\/wp\/v2\/pages"}],"about":[{"href":"https:\/\/serveiseducatius.xtec.cat\/baixcamp\/wp-json\/wp\/v2\/types\/page"}],"author":[{"embeddable":true,"href":"https:\/\/serveiseducatius.xtec.cat\/baixcamp\/wp-json\/wp\/v2\/users\/1"}],"replies":[{"embeddable":true,"href":"https:\/\/serveiseducatius.xtec.cat\/baixcamp\/wp-json\/wp\/v2\/comments?post=3882"}],"version-history":[{"count":4,"href":"https:\/\/serveiseducatius.xtec.cat\/baixcamp\/wp-json\/wp\/v2\/pages\/3882\/revisions"}],"predecessor-version":[{"id":15519,"href":"https:\/\/serveiseducatius.xtec.cat\/baixcamp\/wp-json\/wp\/v2\/pages\/3882\/revisions\/15519"}],"up":[{"embeddable":true,"href":"https:\/\/serveiseducatius.xtec.cat\/baixcamp\/wp-json\/wp\/v2\/pages\/2968"}],"wp:attachment":[{"href":"https:\/\/serveiseducatius.xtec.cat\/baixcamp\/wp-json\/wp\/v2\/media?parent=3882"}],"curies":[{"name":"wp","href":"https:\/\/api.w.org\/{rel}","templated":true}]}}