{"id":3657,"date":"2017-01-14T13:29:08","date_gmt":"2017-01-14T12:29:08","guid":{"rendered":"http:\/\/serveiseducatius.xtec.cat\/baixcamp\/?page_id=3657"},"modified":"2025-01-27T17:42:54","modified_gmt":"2025-01-27T16:42:54","slug":"maleta-expressart","status":"publish","type":"page","link":"https:\/\/serveiseducatius.xtec.cat\/baixcamp\/recursos-2\/ambit-artistic-i-matematic\/maleta-expressart\/","title":{"rendered":"Maleta ExpressArt"},"content":{"rendered":"<h6 style=\"text-align: justify;\"><strong>Qu\u00e8 \u00e9s?<\/strong><\/h6>\n<p>Recurs que fomenta la creativitat i l&#8217;expressi\u00f3 oral.<br \/>\nBasat en l&#8217;art contemporani com a generador inesgotable d&#8217;aprenentatges.<br \/>\nEls materials poden estar vinculats a totes les \u00e0rees de coneixement i edats.<br \/>\nGenerador d&#8217;\u00e8xit per a tothom.<br \/>\nProfessorat i alumnat aprenen alhora.<\/p>\n<h6><strong>Qu\u00e8 cont\u00e9 la maleta?<\/strong><\/h6>\n<p><img loading=\"lazy\" decoding=\"async\" class=\" wp-image-4214 alignleft\" src=\"http:\/\/serveiseducatius.xtec.cat\/baixcamp\/wp-content\/uploads\/usu950\/2017\/01\/maleta-expressart-300x207.jpg\" alt=\"maleta-expressart\" width=\"265\" height=\"183\" srcset=\"https:\/\/serveiseducatius.xtec.cat\/baixcamp\/wp-content\/uploads\/usu950\/2017\/01\/maleta-expressart-300x207.jpg 300w, https:\/\/serveiseducatius.xtec.cat\/baixcamp\/wp-content\/uploads\/usu950\/2017\/01\/maleta-expressart.jpg 353w\" sizes=\"auto, (max-width: 265px) 100vw, 265px\" \/>Maleta de fusta amb rodes, f\u00e0cilment transportable.<\/p>\n<p>A l&#8217;interior de cada maleta hi ha tres calaixos que contenen figures relacionades amb obres d\u2019art del MACBA, cubs de diferents materials i mides i un saquet amb bales.<br \/>\nTamb\u00e9 cont\u00e9 una guia did\u00e0ctica i un <a href=\"https:\/\/drive.google.com\/drive\/folders\/11IHgMAU1FsuSLXq85XGH62ZaJlhnZrT7?usp=sharing\" target=\"_blank\" rel=\"noopener\">CD-ROM interactiu<\/a>.<\/p>\n<p>Tenim 2 maletes.<\/p>\n<p>Trobareu tutorials i exemples d\u2019experi\u00e8ncies al lloc<a href=\"https:\/\/www.macba.cat\/ca\/exposicions-activitats\/activitats\/expressart-museu-portatil-10\" target=\"_blank\" rel=\"noopener\"> <strong>Expressart del Macba<\/strong><\/a><\/p>\n<div class=\"ast-oembed-container \" style=\"height: 100%;\"><iframe loading=\"lazy\" title=\"EXPRESSART. MUSEU PORT\u00c0TIL\" width=\"500\" height=\"281\" src=\"https:\/\/www.youtube.com\/embed\/hT76QZINBs8?feature=oembed\" frameborder=\"0\" allow=\"accelerometer; autoplay; clipboard-write; encrypted-media; gyroscope; picture-in-picture; web-share\" referrerpolicy=\"strict-origin-when-cross-origin\" allowfullscreen><\/iframe><\/div>\n<h6><strong>Tutorial<\/strong><\/h6>\n<h6><strong>Per saber-ne m\u00e9s<\/strong><\/h6>\n<p>Podeu visitar la <a href=\"https:\/\/www.macba.cat\/ca\/exposicions-activitats\/activitats\/expressart-museu-portatil-10\" target=\"_blank\" rel=\"noopener\">p\u00e0gina del MACBA<\/a> que disposa d&#8217;informaci\u00f3 m\u00e9s complerta.<\/p>\n<h6><strong>Condicions del pr\u00e8stec<\/strong><\/h6>\n<p>Els centres i\/o persones interessades poden consultar el calendari d&#8217;ocupaci\u00f3 del recurs i sol\u00b7licitar la maleta Expressart al seg\u00fcent formulari.<\/p>\n<table style=\"width: 100%;\" border=\"1\">\n<tbody>\n<tr>\n<td style=\"width: 49.7969%; padding-left: 30px; border-color: #ffffff;\"><iframe loading=\"lazy\" style=\"border: 0;\" src=\"https:\/\/calendar.google.com\/calendar\/embed?src=xtec.cat_ve03p4172rhjmvqijfdjrp9od4%40group.calendar.google.com&amp;ctz=Europe%2FParis\" width=\"600\" height=\"400\" frameborder=\"0\" scrolling=\"no\"><span data-mce-type=\"bookmark\" style=\"display: inline-block; width: 0px; overflow: hidden; line-height: 0;\" class=\"mce_SELRES_start\">\ufeff<\/span><\/iframe><\/td>\n<td style=\"width: 11.0226%;\"><a href=\"https:\/\/docs.google.com\/forms\/d\/e\/1FAIpQLSfD1XA3KeD0--ApEUN5rL-Ds785LcTcdnGxoBCoLuYQ4n1tKw\/viewform?usp=sf_link\"><img loading=\"lazy\" decoding=\"async\" class=\"alignright wp-image-8976\" src=\"https:\/\/serveiseducatius.xtec.cat\/baixcamp\/wp-content\/uploads\/usu950\/2018\/10\/sol%C2%B7licitud-pr%C3%A9stec.png\" alt=\"\" width=\"157\" height=\"77\" \/><\/a><\/td>\n<td style=\"width: 99.2027%;\"><strong>Durada:<\/strong> 2 setmanes aproximadament.Si teniu algun dubte altres sobre per\u00edodes de pr\u00e9stec o disponibilitat, podeu contactar telefonant al <strong>977 31 27 04<\/strong> o per correu a <a href=\"mailto:e3990102@xtec.cat\">e3990102@xtec.cat<\/a><\/p>\n<p><strong>Recollida i retorn del pr\u00e9stec:<\/strong>\u00a0de dilluns a divendres d\u201911:00h a 14:00h i de 16:00h a 18:00h<\/td>\n<\/tr>\n<\/tbody>\n<\/table>\n<h6><\/h6>\n","protected":false},"excerpt":{"rendered":"<p>Qu\u00e8 \u00e9s? Recurs que fomenta la creativitat i l&#8217;expressi\u00f3 oral. Basat en l&#8217;art contemporani com a generador inesgotable d&#8217;aprenentatges. Els materials poden estar vinculats a totes les \u00e0rees de coneixement i edats. Generador d&#8217;\u00e8xit per a tothom. Professorat i alumnat aprenen alhora. Qu\u00e8 cont\u00e9 la maleta? Maleta de fusta amb rodes, f\u00e0cilment transportable. A l&#8217;interior [&hellip;]<\/p>\n","protected":false},"author":1,"featured_media":0,"parent":14121,"menu_order":140,"comment_status":"closed","ping_status":"closed","template":"page-templates\/side-menu.php","meta":{"_bbp_topic_count":0,"_bbp_reply_count":0,"_bbp_total_topic_count":0,"_bbp_total_reply_count":0,"_bbp_voice_count":0,"_bbp_anonymous_reply_count":0,"_bbp_topic_count_hidden":0,"_bbp_reply_count_hidden":0,"_bbp_forum_subforum_count":0,"site-sidebar-layout":"default","site-content-layout":"","ast-site-content-layout":"","site-content-style":"default","site-sidebar-style":"default","ast-global-header-display":"","ast-banner-title-visibility":"","ast-main-header-display":"","ast-hfb-above-header-display":"","ast-hfb-below-header-display":"","ast-hfb-mobile-header-display":"","site-post-title":"","ast-breadcrumbs-content":"","ast-featured-img":"","footer-sml-layout":"","theme-transparent-header-meta":"","adv-header-id-meta":"","stick-header-meta":"","header-above-stick-meta":"","header-main-stick-meta":"","header-below-stick-meta":"","astra-migrate-meta-layouts":"default","ast-page-background-enabled":"default","ast-page-background-meta":{"desktop":{"background-color":"var(--ast-global-color-4)","background-image":"","background-repeat":"repeat","background-position":"center center","background-size":"auto","background-attachment":"scroll","background-type":"","background-media":"","overlay-type":"","overlay-color":"","overlay-opacity":"","overlay-gradient":""},"tablet":{"background-color":"","background-image":"","background-repeat":"repeat","background-position":"center center","background-size":"auto","background-attachment":"scroll","background-type":"","background-media":"","overlay-type":"","overlay-color":"","overlay-opacity":"","overlay-gradient":""},"mobile":{"background-color":"","background-image":"","background-repeat":"repeat","background-position":"center center","background-size":"auto","background-attachment":"scroll","background-type":"","background-media":"","overlay-type":"","overlay-color":"","overlay-opacity":"","overlay-gradient":""}},"ast-content-background-meta":{"desktop":{"background-color":"var(--ast-global-color-5)","background-image":"","background-repeat":"repeat","background-position":"center center","background-size":"auto","background-attachment":"scroll","background-type":"","background-media":"","overlay-type":"","overlay-color":"","overlay-opacity":"","overlay-gradient":""},"tablet":{"background-color":"var(--ast-global-color-5)","background-image":"","background-repeat":"repeat","background-position":"center center","background-size":"auto","background-attachment":"scroll","background-type":"","background-media":"","overlay-type":"","overlay-color":"","overlay-opacity":"","overlay-gradient":""},"mobile":{"background-color":"var(--ast-global-color-5)","background-image":"","background-repeat":"repeat","background-position":"center center","background-size":"auto","background-attachment":"scroll","background-type":"","background-media":"","overlay-type":"","overlay-color":"","overlay-opacity":"","overlay-gradient":""}},"footnotes":""},"class_list":["post-3657","page","type-page","status-publish","hentry"],"post_mailing_queue_ids":[],"_links":{"self":[{"href":"https:\/\/serveiseducatius.xtec.cat\/baixcamp\/wp-json\/wp\/v2\/pages\/3657","targetHints":{"allow":["GET"]}}],"collection":[{"href":"https:\/\/serveiseducatius.xtec.cat\/baixcamp\/wp-json\/wp\/v2\/pages"}],"about":[{"href":"https:\/\/serveiseducatius.xtec.cat\/baixcamp\/wp-json\/wp\/v2\/types\/page"}],"author":[{"embeddable":true,"href":"https:\/\/serveiseducatius.xtec.cat\/baixcamp\/wp-json\/wp\/v2\/users\/1"}],"replies":[{"embeddable":true,"href":"https:\/\/serveiseducatius.xtec.cat\/baixcamp\/wp-json\/wp\/v2\/comments?post=3657"}],"version-history":[{"count":4,"href":"https:\/\/serveiseducatius.xtec.cat\/baixcamp\/wp-json\/wp\/v2\/pages\/3657\/revisions"}],"predecessor-version":[{"id":15501,"href":"https:\/\/serveiseducatius.xtec.cat\/baixcamp\/wp-json\/wp\/v2\/pages\/3657\/revisions\/15501"}],"up":[{"embeddable":true,"href":"https:\/\/serveiseducatius.xtec.cat\/baixcamp\/wp-json\/wp\/v2\/pages\/14121"}],"wp:attachment":[{"href":"https:\/\/serveiseducatius.xtec.cat\/baixcamp\/wp-json\/wp\/v2\/media?parent=3657"}],"curies":[{"name":"wp","href":"https:\/\/api.w.org\/{rel}","templated":true}]}}