{"id":343,"date":"2015-11-24T18:43:38","date_gmt":"2015-11-24T17:43:38","guid":{"rendered":"http:\/\/serveiseducatius.xtec.cat\/baixcamp\/?page_id=343"},"modified":"2018-11-14T18:19:55","modified_gmt":"2018-11-14T17:19:55","slug":"institucions-i-entitats","status":"publish","type":"page","link":"https:\/\/serveiseducatius.xtec.cat\/baixcamp\/institucions-i-entitats\/","title":{"rendered":"Institucions i entitats"},"content":{"rendered":"<p>El Servei Educatiu del Baix Camp col\u00b7labora amb les seg\u00fcents entitats, institucions, organitzacions, etc per tal de donar suport, dinamitzar i assessorar projectes, activitats i iniciatives de centres educatius p\u00fablics i privats concertats de nivells educatius no universitaris de la nostra comarca:<\/p>\n<table style=\"border-color: #ffffff; width: 100%;\" width=\"100%\">\n<tbody>\n<tr style=\"height: 33px;\">\n<td style=\"height: 33px; border-color: #ffffff;\" width=\"236\"><a href=\"http:\/\/www.reus.cat\/\">Ajuntament de Reus<\/a><\/td>\n<\/tr>\n<tr style=\"height: 33px;\">\n<td style=\"height: 33px; border-color: #ffffff;\" width=\"236\"><a href=\"https:\/\/biblioteques.reus.cat\/\">Biblioteques municipals de Reus<\/a> &#8211;\u00a0Biblioteca Central Xavier Amor\u00f3s<\/td>\n<\/tr>\n<tr style=\"height: 33px;\">\n<td style=\"height: 33px; border-color: #ffffff;\" width=\"236\"><a href=\"https:\/\/www.centrelectura.cat\/cdlweb\/\">Centre de Lectura de Reus<\/a> &#8211;\u00a0Biblioteca Centre de Lectura<\/td>\n<\/tr>\n<tr style=\"height: 33px;\">\n<td style=\"height: 33px; border-color: #ffffff;\" width=\"236\"><a href=\"https:\/\/agora.xtec.cat\/cesire\/\">Centre de Recursos Pedag\u00f2gics Espec\u00edfics de Suport a la Innovaci\u00f3 i la Recerca Educativa<\/a>, CESIRE<\/td>\n<\/tr>\n<tr style=\"height: 33px;\">\n<td style=\"height: 33px; border-color: #ffffff;\" width=\"236\"><a href=\"http:\/\/www.baixcamp.cat\/\">Consell Comarcal del Baix Camp<\/a><\/td>\n<\/tr>\n<tr style=\"height: 33px;\">\n<td style=\"height: 33px; border-color: #ffffff;\" width=\"236\"><a href=\"http:\/\/www.dipta.cat\/\">Diputaci\u00f3 de Tarragona<\/a><\/td>\n<\/tr>\n<tr style=\"height: 33px;\">\n<td style=\"height: 33px; border-color: #ffffff;\" width=\"236\"><a href=\"https:\/\/www.barcanova.cat\/\">Editorial Barcanova<\/a><\/td>\n<\/tr>\n<tr style=\"height: 33px;\">\n<td style=\"height: 33px; border-color: #ffffff;\" width=\"236\"><a href=\"http:\/\/www.fundacioreddis.org\/\">Fundaci\u00f3 Privada Reddis<\/a><\/td>\n<\/tr>\n<tr style=\"height: 33px;\">\n<td style=\"border-color: #ffffff; height: 33px;\"><a href=\"http:\/\/www.lafiracentrecomercial.com\/\">La Fira Centre Comercial<\/a><\/td>\n<\/tr>\n<tr>\n<td style=\"border-color: #ffffff;\"><a href=\"https:\/\/www.museudereus.cat\/\">Museu de Reus<\/a><\/td>\n<\/tr>\n<tr style=\"height: 33px;\">\n<td style=\"height: 33px; border-color: #ffffff;\" width=\"236\"><a href=\"https:\/\/salasantallucia.es.tl\/\">Sala Auditori Santa Ll\u00facia<\/a><\/td>\n<\/tr>\n<tr style=\"height: 33px;\">\n<td style=\"height: 33px; border-color: #ffffff;\" width=\"236\"><a href=\"http:\/\/www.reus.lasalle.cat\/\">Teatre<\/a> <a href=\"http:\/\/www.reus.lasalle.cat\/\">Col\u00b7legi La Salle<\/a><\/td>\n<\/tr>\n<tr style=\"height: 33px;\">\n<td style=\"height: 33px; border-color: #ffffff;\" width=\"236\"><a href=\"http:\/\/www.mariarosamolas.org\/\">Teatre Col\u00b7legi Maria Rosa Molas<\/a><\/td>\n<\/tr>\n<tr style=\"height: 33px;\">\n<td style=\"height: 33px; border-color: #ffffff;\" width=\"236\"><a href=\"http:\/\/www.urv.cat\/ca\/\">Universitat Rovira i Virgili<\/a><\/td>\n<\/tr>\n<\/tbody>\n<\/table>\n","protected":false},"excerpt":{"rendered":"<p>El Servei Educatiu del Baix Camp col\u00b7labora amb les seg\u00fcents entitats, institucions, organitzacions, etc per tal de donar suport, dinamitzar i assessorar projectes, activitats i iniciatives de centres educatius p\u00fablics i privats concertats de nivells educatius no universitaris de la nostra comarca: Ajuntament de Reus Biblioteques municipals de Reus &#8211;\u00a0Biblioteca Central Xavier Amor\u00f3s Centre de [&hellip;]<\/p>\n","protected":false},"author":1,"featured_media":0,"parent":0,"menu_order":50,"comment_status":"closed","ping_status":"closed","template":"page-templates\/side-menu.php","meta":{"_bbp_topic_count":0,"_bbp_reply_count":0,"_bbp_total_topic_count":0,"_bbp_total_reply_count":0,"_bbp_voice_count":0,"_bbp_anonymous_reply_count":0,"_bbp_topic_count_hidden":0,"_bbp_reply_count_hidden":0,"_bbp_forum_subforum_count":0,"site-sidebar-layout":"default","site-content-layout":"","ast-site-content-layout":"","site-content-style":"default","site-sidebar-style":"default","ast-global-header-display":"","ast-banner-title-visibility":"","ast-main-header-display":"","ast-hfb-above-header-display":"","ast-hfb-below-header-display":"","ast-hfb-mobile-header-display":"","site-post-title":"","ast-breadcrumbs-content":"","ast-featured-img":"","footer-sml-layout":"","theme-transparent-header-meta":"","adv-header-id-meta":"","stick-header-meta":"","header-above-stick-meta":"","header-main-stick-meta":"","header-below-stick-meta":"","astra-migrate-meta-layouts":"default","ast-page-background-enabled":"default","ast-page-background-meta":{"desktop":{"background-color":"var(--ast-global-color-4)","background-image":"","background-repeat":"repeat","background-position":"center center","background-size":"auto","background-attachment":"scroll","background-type":"","background-media":"","overlay-type":"","overlay-color":"","overlay-opacity":"","overlay-gradient":""},"tablet":{"background-color":"","background-image":"","background-repeat":"repeat","background-position":"center center","background-size":"auto","background-attachment":"scroll","background-type":"","background-media":"","overlay-type":"","overlay-color":"","overlay-opacity":"","overlay-gradient":""},"mobile":{"background-color":"","background-image":"","background-repeat":"repeat","background-position":"center center","background-size":"auto","background-attachment":"scroll","background-type":"","background-media":"","overlay-type":"","overlay-color":"","overlay-opacity":"","overlay-gradient":""}},"ast-content-background-meta":{"desktop":{"background-color":"var(--ast-global-color-5)","background-image":"","background-repeat":"repeat","background-position":"center center","background-size":"auto","background-attachment":"scroll","background-type":"","background-media":"","overlay-type":"","overlay-color":"","overlay-opacity":"","overlay-gradient":""},"tablet":{"background-color":"var(--ast-global-color-5)","background-image":"","background-repeat":"repeat","background-position":"center center","background-size":"auto","background-attachment":"scroll","background-type":"","background-media":"","overlay-type":"","overlay-color":"","overlay-opacity":"","overlay-gradient":""},"mobile":{"background-color":"var(--ast-global-color-5)","background-image":"","background-repeat":"repeat","background-position":"center center","background-size":"auto","background-attachment":"scroll","background-type":"","background-media":"","overlay-type":"","overlay-color":"","overlay-opacity":"","overlay-gradient":""}},"footnotes":""},"class_list":["post-343","page","type-page","status-publish","hentry"],"post_mailing_queue_ids":[],"_links":{"self":[{"href":"https:\/\/serveiseducatius.xtec.cat\/baixcamp\/wp-json\/wp\/v2\/pages\/343","targetHints":{"allow":["GET"]}}],"collection":[{"href":"https:\/\/serveiseducatius.xtec.cat\/baixcamp\/wp-json\/wp\/v2\/pages"}],"about":[{"href":"https:\/\/serveiseducatius.xtec.cat\/baixcamp\/wp-json\/wp\/v2\/types\/page"}],"author":[{"embeddable":true,"href":"https:\/\/serveiseducatius.xtec.cat\/baixcamp\/wp-json\/wp\/v2\/users\/1"}],"replies":[{"embeddable":true,"href":"https:\/\/serveiseducatius.xtec.cat\/baixcamp\/wp-json\/wp\/v2\/comments?post=343"}],"version-history":[{"count":5,"href":"https:\/\/serveiseducatius.xtec.cat\/baixcamp\/wp-json\/wp\/v2\/pages\/343\/revisions"}],"predecessor-version":[{"id":13518,"href":"https:\/\/serveiseducatius.xtec.cat\/baixcamp\/wp-json\/wp\/v2\/pages\/343\/revisions\/13518"}],"wp:attachment":[{"href":"https:\/\/serveiseducatius.xtec.cat\/baixcamp\/wp-json\/wp\/v2\/media?parent=343"}],"curies":[{"name":"wp","href":"https:\/\/api.w.org\/{rel}","templated":true}]}}