{"id":338,"date":"2015-11-24T18:40:49","date_gmt":"2015-11-24T17:40:49","guid":{"rendered":"http:\/\/serveiseducatius.xtec.cat\/baixcamp\/?page_id=338"},"modified":"2018-11-26T18:04:37","modified_gmt":"2018-11-26T17:04:37","slug":"centres-educatius","status":"publish","type":"page","link":"https:\/\/serveiseducatius.xtec.cat\/baixcamp\/centres-educatius\/","title":{"rendered":"Centres educatius"},"content":{"rendered":"<p style=\"text-align: justify;\">Al Baix Camp hi ha 29 llars d&#8217;infants p\u00fabliques, 3 llars d&#8217;infants privades, 49 escoles p\u00fabliques d\u2019educaci\u00f3 infantil i prim\u00e0ria, 14 centres privats-concertats d\u2019educaci\u00f3 prim\u00e0ria i secund\u00e0ria, 18 centres p\u00fablics d\u2019educaci\u00f3 secund\u00e0ria, batxillerat i formaci\u00f3 professional i 3 centres d\u2019educaci\u00f3 especial.<\/p>\n<p>Consulteu el mapa dels <a href=\"http:\/\/www.instamaps.cat\/geocatweb\/visor.html?businessid=e7286dd3e05779aa99ce5f0627d88fd8&amp;amp;id=53331914&amp;amp;title=Centres%20Educatius%20Baix%20Camp&amp;amp;3D=false&amp;amp;embed=1&quot; width=\">centres de la nostra comarca<\/a><\/p>\n","protected":false},"excerpt":{"rendered":"<p>Al Baix Camp hi ha 29 llars d&#8217;infants p\u00fabliques, 3 llars d&#8217;infants privades, 49 escoles p\u00fabliques d\u2019educaci\u00f3 infantil i prim\u00e0ria, 14 centres privats-concertats d\u2019educaci\u00f3 prim\u00e0ria i secund\u00e0ria, 18 centres p\u00fablics d\u2019educaci\u00f3 secund\u00e0ria, batxillerat i formaci\u00f3 professional i 3 centres d\u2019educaci\u00f3 especial. Consulteu el mapa dels centres de la nostra comarca<\/p>\n","protected":false},"author":1,"featured_media":0,"parent":0,"menu_order":10,"comment_status":"closed","ping_status":"closed","template":"page-templates\/side-menu.php","meta":{"_bbp_topic_count":0,"_bbp_reply_count":0,"_bbp_total_topic_count":0,"_bbp_total_reply_count":0,"_bbp_voice_count":0,"_bbp_anonymous_reply_count":0,"_bbp_topic_count_hidden":0,"_bbp_reply_count_hidden":0,"_bbp_forum_subforum_count":0,"site-sidebar-layout":"default","site-content-layout":"","ast-site-content-layout":"","site-content-style":"default","site-sidebar-style":"default","ast-global-header-display":"","ast-banner-title-visibility":"","ast-main-header-display":"","ast-hfb-above-header-display":"","ast-hfb-below-header-display":"","ast-hfb-mobile-header-display":"","site-post-title":"","ast-breadcrumbs-content":"","ast-featured-img":"","footer-sml-layout":"","theme-transparent-header-meta":"","adv-header-id-meta":"","stick-header-meta":"","header-above-stick-meta":"","header-main-stick-meta":"","header-below-stick-meta":"","astra-migrate-meta-layouts":"default","ast-page-background-enabled":"default","ast-page-background-meta":{"desktop":{"background-color":"var(--ast-global-color-4)","background-image":"","background-repeat":"repeat","background-position":"center center","background-size":"auto","background-attachment":"scroll","background-type":"","background-media":"","overlay-type":"","overlay-color":"","overlay-opacity":"","overlay-gradient":""},"tablet":{"background-color":"","background-image":"","background-repeat":"repeat","background-position":"center center","background-size":"auto","background-attachment":"scroll","background-type":"","background-media":"","overlay-type":"","overlay-color":"","overlay-opacity":"","overlay-gradient":""},"mobile":{"background-color":"","background-image":"","background-repeat":"repeat","background-position":"center center","background-size":"auto","background-attachment":"scroll","background-type":"","background-media":"","overlay-type":"","overlay-color":"","overlay-opacity":"","overlay-gradient":""}},"ast-content-background-meta":{"desktop":{"background-color":"var(--ast-global-color-5)","background-image":"","background-repeat":"repeat","background-position":"center center","background-size":"auto","background-attachment":"scroll","background-type":"","background-media":"","overlay-type":"","overlay-color":"","overlay-opacity":"","overlay-gradient":""},"tablet":{"background-color":"var(--ast-global-color-5)","background-image":"","background-repeat":"repeat","background-position":"center center","background-size":"auto","background-attachment":"scroll","background-type":"","background-media":"","overlay-type":"","overlay-color":"","overlay-opacity":"","overlay-gradient":""},"mobile":{"background-color":"var(--ast-global-color-5)","background-image":"","background-repeat":"repeat","background-position":"center center","background-size":"auto","background-attachment":"scroll","background-type":"","background-media":"","overlay-type":"","overlay-color":"","overlay-opacity":"","overlay-gradient":""}},"footnotes":""},"class_list":["post-338","page","type-page","status-publish","hentry"],"post_mailing_queue_ids":[],"_links":{"self":[{"href":"https:\/\/serveiseducatius.xtec.cat\/baixcamp\/wp-json\/wp\/v2\/pages\/338","targetHints":{"allow":["GET"]}}],"collection":[{"href":"https:\/\/serveiseducatius.xtec.cat\/baixcamp\/wp-json\/wp\/v2\/pages"}],"about":[{"href":"https:\/\/serveiseducatius.xtec.cat\/baixcamp\/wp-json\/wp\/v2\/types\/page"}],"author":[{"embeddable":true,"href":"https:\/\/serveiseducatius.xtec.cat\/baixcamp\/wp-json\/wp\/v2\/users\/1"}],"replies":[{"embeddable":true,"href":"https:\/\/serveiseducatius.xtec.cat\/baixcamp\/wp-json\/wp\/v2\/comments?post=338"}],"version-history":[{"count":3,"href":"https:\/\/serveiseducatius.xtec.cat\/baixcamp\/wp-json\/wp\/v2\/pages\/338\/revisions"}],"predecessor-version":[{"id":9352,"href":"https:\/\/serveiseducatius.xtec.cat\/baixcamp\/wp-json\/wp\/v2\/pages\/338\/revisions\/9352"}],"wp:attachment":[{"href":"https:\/\/serveiseducatius.xtec.cat\/baixcamp\/wp-json\/wp\/v2\/media?parent=338"}],"curies":[{"name":"wp","href":"https:\/\/api.w.org\/{rel}","templated":true}]}}